{"id":727,"date":"2022-11-25T08:34:20","date_gmt":"2022-11-25T07:34:20","guid":{"rendered":"https:\/\/ziolazycia.com\/nowa\/?post_type=product&#038;p=727"},"modified":"2025-11-26T15:58:14","modified_gmt":"2025-11-26T14:58:14","slug":"olejek-eteryczny-doterra-grapefruit-grejfrut-15-ml","status":"publish","type":"product","link":"https:\/\/ziolazycia.com\/nowa\/product\/olejek-eteryczny-doterra-grapefruit-grejfrut-15-ml\/","title":{"rendered":"doTERRA Olejek eteryczny GRAPEFRUIT (Olejek grejpfrutowy) 15 ml\u00a0"},"content":{"rendered":"<div class=\"_5pbx userContent _3576\" data-testid=\"post_message\" data-ft=\"{&quot;tn&quot;:&quot;K&quot;}\">\n<div class=\"text_exposed_root text_exposed\">\n<p><strong>Sk\u0142adniki: <\/strong>d &#8211; limonen.<\/p>\n<p><strong>Aromat: <\/strong>cytrusowy, kwiatowy, owocowy.<\/p>\n<h2>Korzy\u015bci stosowania olejku doTERRA Grapefruit:<\/h2>\n<ul>\n<li>Dodaj do p\u0142yn\u00f3w oczyszczaj\u0105cych twarz nastolatka, aby zmniejszy\u0107 ilo\u015b\u0107 wyprysk\u00f3w (do\u0142\u00f3\u017c olejek Melaluca).<\/li>\n<li>Poprawia metabolizm. Dodaj go do olejku frakcjonowanego, masuj brzuch i miejsca dotkni\u0119te cellulitem na ramionach i udach<\/li>\n<li>Dzi\u0119ki swoim mocnym, cytrusowym w\u0142a\u015bciwo\u015bciom nadaje potrawom i napojom wyj\u0105tkowy, podnosz\u0105cy na duchu aromat i smak.<\/li>\n<li>Jest popularny ze wzgl\u0119du na kwa\u015bny, cierpki smak, kt\u00f3ry w po\u0142\u0105czeniu z innymi olejkami cytrusowymi podkre\u015bla ich aromat.<\/li>\n<li>Orze\u017awiaj\u0105cy cytrusowy aromat korzystnie pobudza zmys\u0142y.<\/li>\n<\/ul>\n<h2>Spos\u00f3b u\u017cycia olejku doTERRA Grapefruit:<strong><br \/>\n<\/strong><\/h2>\n<p>Dyfuzja: u\u017cyj od trzech do czterech kropel w wybranym dyfuzorze.<br \/>\nJako dodatek do \u017cywno\u015bci: rozcie\u0144cz jedn\u0105 kropl\u0119 w 125 ml p\u0142ynu.<br \/>\nZastosowanie miejscowe: do masa\u017cu wymieszaj 5 kropli z 10 ml olejku no\u015bnikowego.<br \/>\nDo k\u0105pieli wymieszaj 5 kropli z 5 ml olejku no\u015bnikowego.<br \/>\nPerfumowanie: wymieszaj 1 kropl\u0119 z 10 kroplami olejku no\u015bnikowego.<\/p>\n<p><strong>\u015arodki ostro\u017cno\u015bci: <\/strong>Mo\u017cliwa wra\u017cliwo\u015b\u0107 sk\u00f3ry. Trzyma\u0107 poza zasi\u0119giem dzieci. Je\u017celi\u00a0jeste\u015b w ci\u0105\u017cy, karmisz piersi\u0105 lub jeste\u015b pod opiek\u0105 lekarza, skonsultuj si\u0119 z nim.\u00a0Unikaj kontaktu z oczami, uszami wewn\u0119trznymi i\u00a0wra\u017cliwe obszary. Unikaj promieni s\u0142onecznych lub promieni UV do 12 godzin.<\/p>\n<p><strong>UWAGA:<\/strong><\/p>\n<div id=\"box_description\" class=\"box tab\">\n<div class=\"innerbox\">\n<div class=\"resetcss\">\n<p><span style=\"font-size: 8pt;\">Opis i w\u0142a\u015bciwo\u015bci olejk\u00f3w opisane na stronie maj\u0105 wy\u0142\u0105cznie charakter informacyjny. W razie choroby lub problem\u00f3w ze zdrowiem skontaktuj si\u0119 z lekarzem i zastosuj si\u0119 do jego zalece\u0144 i wskaz\u00f3wek. W \u017cadnym wypadku kuracje olejkami nie zast\u0119puj\u0105 leczenia prowadzonego przez lekarza. Olejki nie s\u0105 lekami, suplementami diety ani \u017cywno\u015bci\u0105 specjalnego przeznaczenia! Zastosowanie produkt\u00f3w, olejk\u00f3w le\u017c\u0105 wy\u0142\u0105cznie w gestii, inwencji kupuj\u0105cego. Olejki doTERRA posiadaj\u0105 certyfikat doTERRA CPTG Certified Pure Tested Grade\u00ae. Olejki te s\u0105 czystymi, naturalnymi aromatycznymi zwi\u0105zkami starannie wyekstrahowanymi z ro\u015blin. Nie zawieraj\u0105 sztucznych sk\u0142adnik\u00f3w ani wype\u0142niaczy, kt\u00f3re os\u0142abi\u0142yby ich czynne w\u0142a\u015bciwo\u015bci oraz nie zawieraj\u0105 zanieczyszcze\u0144 i innych pozosta\u0142o\u015bci chemicznych. Certyfikat ten oznacza, \u017ce olejek zosta\u0142 poddany rygorystycznym procesom testowym, kt\u00f3re oceniaj\u0105 czysto\u015b\u0107 i moc olejk\u00f3w eterycznych. Je\u015bli oleje zostan\u0105 przetestowane w systemie CPTG i oka\u017c\u0105 si\u0119 czyste i mocne, s\u0105 one nast\u0119pnie sprzedawane jako pojedyncze oleje lub stosowane w mieszankach olejk\u00f3w eterycznych, takich jak mieszanka doTERRA Purify.<\/span><\/p>\n<p><strong>Producent:<\/strong> doTERRA.<\/p>\n<\/div>\n<\/div>\n<\/div>\n<\/div>\n<\/div>\n","protected":false},"excerpt":{"rendered":"<p>Okre\u015blany jako \u201ezakazany owoc\u201d i jeden z \u201eSiedmiu cud\u00f3w Barbadosu. Pierwsze wzmianki o grejpfrucie odnosz\u0105 si\u0119 do roku 1750 (walijski ksi\u0105dz Griffith Hughes). Nazw\u0119 \u201egrejpfrut\u201d przypisuje si\u0119 owocom rosn\u0105cym w klastrach przypominaj\u0105cych winogrona. Grejpfrut, powszechnie znany z kwa\u015bnego i pikantnego smaku, jest rotundowym, \u017c\u00f3\u0142to-pomara\u0144czowym owocem wiecznie zielonego drzewa cytrusowego. Olejek eteryczny z grejpfruta pochodzi ze sk\u00f3rki tego owocu i jest ceniony ze wzgl\u0119du na wiele zastosowa\u0144 i korzy\u015bci, a tak\u017ce za sw\u00f3j od\u015bwie\u017caj\u0105cy aromat i wyrazisty smak.<\/p>\n","protected":false},"featured_media":9359,"comment_status":"closed","ping_status":"closed","template":"","meta":[],"product_brand":[],"product_cat":[69,125,67,119],"product_tag":[],"class_list":{"0":"post-727","1":"product","2":"type-product","3":"status-publish","4":"has-post-thumbnail","6":"product_cat-doterra-olejki-eteryczne-pojedyncze","7":"product_cat-doterra-oe-poj","8":"product_cat-produkty-doterra","9":"product_cat-doterra-produkty","11":"first","12":"instock","13":"sale","14":"taxable","15":"shipping-taxable","16":"purchasable","17":"product-type-simple"},"_links":{"self":[{"href":"https:\/\/ziolazycia.com\/nowa\/wp-json\/wp\/v2\/product\/727","targetHints":{"allow":["GET"]}}],"collection":[{"href":"https:\/\/ziolazycia.com\/nowa\/wp-json\/wp\/v2\/product"}],"about":[{"href":"https:\/\/ziolazycia.com\/nowa\/wp-json\/wp\/v2\/types\/product"}],"replies":[{"embeddable":true,"href":"https:\/\/ziolazycia.com\/nowa\/wp-json\/wp\/v2\/comments?post=727"}],"wp:featuredmedia":[{"embeddable":true,"href":"https:\/\/ziolazycia.com\/nowa\/wp-json\/wp\/v2\/media\/9359"}],"wp:attachment":[{"href":"https:\/\/ziolazycia.com\/nowa\/wp-json\/wp\/v2\/media?parent=727"}],"wp:term":[{"taxonomy":"product_brand","embeddable":true,"href":"https:\/\/ziolazycia.com\/nowa\/wp-json\/wp\/v2\/product_brand?post=727"},{"taxonomy":"product_cat","embeddable":true,"href":"https:\/\/ziolazycia.com\/nowa\/wp-json\/wp\/v2\/product_cat?post=727"},{"taxonomy":"product_tag","embeddable":true,"href":"https:\/\/ziolazycia.com\/nowa\/wp-json\/wp\/v2\/product_tag?post=727"}],"curies":[{"name":"wp","href":"https:\/\/api.w.org\/{rel}","templated":true}]}}