{"id":7268,"date":"2024-02-14T15:25:24","date_gmt":"2024-02-14T14:25:24","guid":{"rendered":"https:\/\/ziolazycia.com\/nowa\/?post_type=product&#038;p=7268"},"modified":"2025-11-26T15:59:03","modified_gmt":"2025-11-26T14:59:03","slug":"kamien-do-masazu-twarzy-kol-rozowy","status":"publish","type":"product","link":"https:\/\/ziolazycia.com\/nowa\/product\/kamien-do-masazu-twarzy-kol-rozowy\/","title":{"rendered":"Jadeitowy kamie\u0144 Gua Sha do masa\u017cu twarzy &#8211; tr\u00f3jk\u0105t"},"content":{"rendered":"<p data-sourcepos=\"9:1-9:116\">Jadeit to twardy kamie\u0144, kt\u00f3ry jest g\u0142adki i ch\u0142odny w dotyku. Uwa\u017ca si\u0119, \u017ce ma w\u0142a\u015bciwo\u015bci lecznicze i relaksuj\u0105ce.<\/p>\n<p data-sourcepos=\"11:1-11:204\">Oto kilka korzy\u015bci p\u0142yn\u0105cych ze stosowania jadeitowego kamienia Gua Sha:<\/p>\n<ul data-sourcepos=\"13:1-19:0\">\n<li data-sourcepos=\"13:1-13:137\">Poprawia kr\u0105\u017cenie: Masa\u017c Gua Sha pomaga zwi\u0119kszy\u0107 przep\u0142yw krwi, co mo\u017ce pom\u00f3c w dostarczeniu tlenu i sk\u0142adnik\u00f3w od\u017cywczych do kom\u00f3rek.<\/li>\n<li data-sourcepos=\"14:1-14:100\">Zmniejsza obrz\u0119ki: Gua Sha mo\u017ce pom\u00f3c w odprowadzeniu limfy, co mo\u017ce zmniejszy\u0107 obrz\u0119ki i zastoje.<\/li>\n<li data-sourcepos=\"15:1-15:95\">Uwalnia napi\u0119cie mi\u0119\u015bni: Masa\u017c Gua Sha mo\u017ce pom\u00f3c rozlu\u017ani\u0107 napi\u0119te mi\u0119\u015bnie i zmniejszy\u0107 b\u00f3l.<\/li>\n<li data-sourcepos=\"16:1-16:119\">Poprawia elastyczno\u015b\u0107 sk\u00f3ry: Gua Sha mo\u017ce pom\u00f3c w stymulacji produkcji kolagenu, co mo\u017ce poprawi\u0107 elastyczno\u015b\u0107 sk\u00f3ry.<\/li>\n<li data-sourcepos=\"17:1-17:85\">Zmniejsza zmarszczki: Gua Sha mo\u017ce pom\u00f3c w wyg\u0142adzeniu drobnych linii i zmarszczek.<\/li>\n<li data-sourcepos=\"18:1-19:0\">Pomaga si\u0119 zrelaksowa\u0107: Masa\u017c Gua Sha mo\u017ce sprzyja\u0107 zmniejszeniu stresu i zrelaksowaniu si\u0119.<\/li>\n<li data-sourcepos=\"18:1-19:0\">Rozgrzewa organizm i mo\u017ce pobudza\u0107 uk\u0142ad odporno\u015bciowy.<\/li>\n<\/ul>\n<p><strong>Wymiary<\/strong><\/p>\n<p>P\u0142ytka jadeitowa ma d\u0142ugo\u015b\u0107 ok.10,2 cm oraz szeroko\u015b\u0107 ok. 5 cm. P\u0142ytka dost\u0119pna w kolorze jasnozielonym i ciemnozielonym. \u00a0Ze wzgl\u0119du na naturalne pochodzenia kamienia, poszczeg\u00f3lne egzemplarze mog\u0105 r\u00f3\u017cni\u0107 si\u0119 stopniem wybarwienia i wzorem.<\/p>\n<p>&nbsp;<\/p>\n<div id=\"cmsmasters_row_s2h2tf483\" class=\"cmsmasters_row cmsmasters_color_scheme_default cmsmasters_row_top_default cmsmasters_row_bot_default cmsmasters_row_boxed\">\n<div class=\"cmsmasters_row_outer_parent\">\n<div class=\"cmsmasters_row_outer\">\n<div class=\"cmsmasters_row_inner\">\n<div class=\"cmsmasters_row_margin cmsmasters_11\">\n<div id=\"cmsmasters_column_z5wah277t\" class=\"cmsmasters_column one_first\">\n<div class=\"cmsmasters_column_inner\">\n<div id=\"cmsmasters_heading_bc1v2u9jxl\" class=\"cmsmasters_heading_wrap cmsmasters_heading_align_left\"><\/div>\n<\/div>\n<\/div>\n<\/div>\n<\/div>\n<\/div>\n<\/div>\n<\/div>\n<div id=\"cmsmasters_row_ca2ggadrhu\" class=\"cmsmasters_row cmsmasters_color_scheme_default cmsmasters_row_top_default cmsmasters_row_bot_default cmsmasters_row_boxed\">\n<div class=\"cmsmasters_row_outer_parent\">\n<div class=\"cmsmasters_row_outer\">\n<div class=\"cmsmasters_row_inner\">\n<div class=\"cmsmasters_row_margin cmsmasters_11\">\n<div id=\"cmsmasters_column_0j549kkpdc\" class=\"cmsmasters_column one_first\">\n<div class=\"cmsmasters_column_inner\">\n<div class=\"cmsmasters_text\">\n<h2>Tr\u00f3jk\u0105tny jadeitowy kamie\u0144 Gua Sha &#8211; spos\u00f3b u\u017cycia:<\/h2>\n<\/div>\n<\/div>\n<\/div>\n<\/div>\n<\/div>\n<\/div>\n<\/div>\n<\/div>\n<div id=\"cmsmasters_row_6taciqzs5g\" class=\"cmsmasters_row cmsmasters_color_scheme_default cmsmasters_row_top_default cmsmasters_row_bot_default cmsmasters_row_boxed\">\n<div class=\"cmsmasters_row_outer_parent\">\n<div class=\"cmsmasters_row_outer\">\n<div class=\"cmsmasters_row_inner\">\n<div class=\"cmsmasters_row_margin cmsmasters_11\">\n<div id=\"cmsmasters_column_xn7el8fyue\" class=\"cmsmasters_column one_first\">\n<div class=\"cmsmasters_column_inner\">\n<div class=\"cmsmasters_text\">\n<p>Tr\u00f3jk\u0105tny kszta\u0142t tego kamienia Gua Sha czyni go wszechstronnym narz\u0119dziem do stosowania na r\u00f3\u017cnych obszarach cia\u0142a. Wi\u0119ksza strona tr\u00f3jk\u0105ta mo\u017ce by\u0107 u\u017cywana do masa\u017cu du\u017cych obszar\u00f3w, takich jak plecy lub nogi, podczas gdy mniejsza strona mo\u017ce by\u0107 u\u017cywana do masa\u017cu mniejszych obszar\u00f3w, takich jak twarz lub szyja. Masa\u017c p\u0142ytk\u0105 odbywa si\u0119 poprzez szybkie i energiczne pocieranie sk\u00f3ry plec\u00f3w. Zabieg nale\u017cy wykonywa\u0107 uwzgl\u0119dniaj\u0105c kierunki przep\u0142ywu energii Qi wzd\u0142u\u017c meridian, w celu pobudzenia jej przep\u0142ywu i udro\u017cnienia kana\u0142\u00f3w energetycznych.<\/p>\n<h2>Masa\u017c cia\u0142a tr\u00f3jk\u0105tnym jadeitowym kamieniem Gua Sha:<\/h2>\n<p>Zanim przyst\u0105pisz do masa\u017cu cia\u0142a czyst\u0105 sk\u00f3r\u0119 nale\u017cy naoliwi\u0107 i rozgrza\u0107 przy pomocy klasycznego masa\u017cu manualnego. Masa\u017c p\u0142ytk\u0105 opiera si\u0119 na szybkim i energicznym pocieraniu wybranego obszaru sk\u00f3ry. Zabieg nale\u017cy wykonywa\u0107 ruchem jednokierunkowym w stron\u0119 serca. Masa\u017c ca\u0142ego cia\u0142a powinien trwa\u0107 pomi\u0119dzy 20 a 30 minut.<\/p>\n<h2>Masa\u017c twarzy tr\u00f3jk\u0105tnym jadeitowym kamieniem Gua Sha:<\/h2>\n<p>Przed przyst\u0105pieniem do masa\u017cu twarzy wykonaj dok\u0142adny demakija\u017c, aby pozby\u0107 si\u0119 resztek makija\u017cu i zanieczyszcze\u0144. Nast\u0119pnie na\u0142\u00f3\u017c na sk\u00f3r\u0119 niewielk\u0105 ilo\u015b\u0107 olejku (np. ze s\u0142odkich migda\u0142\u00f3w) lub serum olejowe. Masuj twarz p\u0142ytk\u0105 jednokierunkowymi ruchami, od wewn\u0105trz do zewn\u0105trz. Instrukcja krok po kroku na poni\u017cszych zdj\u0119ciach.<\/p>\n<p>W celu uzyskania dodatkowego dzia\u0142ania \u0142agodz\u0105cego obrz\u0119k, ka\u017cdorazowo przed przyst\u0105pieniem do masa\u017cu twarzy mo\u017cesz sch\u0142odzi\u0107 kamie\u0144 wk\u0142adaj\u0105c go do lod\u00f3wki na 5-10 minut.<\/p>\n<\/div>\n<\/div>\n<\/div>\n<\/div>\n<\/div>\n<\/div>\n<\/div>\n<\/div>\n<div id=\"cmsmasters_row_bybsadw32\" class=\"cmsmasters_row cmsmasters_color_scheme_default cmsmasters_row_top_default cmsmasters_row_bot_default cmsmasters_row_boxed\">\n<div class=\"cmsmasters_row_outer_parent\">\n<div class=\"cmsmasters_row_outer\">\n<div class=\"cmsmasters_row_inner\">\n<div class=\"cmsmasters_row_margin cmsmasters_11\">\n<div id=\"cmsmasters_column_lz521icd0i\" class=\"cmsmasters_column one_first\">\n<div class=\"cmsmasters_column_inner\">\n<div class=\"cmsmasters_content_slider_wrap\">\n<div id=\"cmsmasters_slider_kzhiccq2u4\" class=\"cmsmasters_owl_slider owl-carousel cmsmasters_content_slider owl-theme\" data-auto-play=\"7000\" data-stop-on-hover=\"true\" data-rewind-nav=\"true\" data-slide-speed=\"600\" data-pagination-speed=\"600\" data-rewind-speed=\"1000\" data-transition-style=\"false\" data-pagination=\"true\" data-navigation=\"true\">\n<div class=\"owl-wrapper-outer autoHeight\">\n<div class=\"owl-wrapper\">\n<div class=\"owl-item\">\n<div class=\"cmsmasters_owl_slider_item cmsmasters_content_slider_item\"><img fetchpriority=\"high\" decoding=\"async\" class=\"attachment-full \" src=\"https:\/\/cudwschod.pl\/wp-content\/uploads\/2018\/12\/Gua-sha-1-3-v2-2.jpg\" sizes=\"(max-width: 766px) 100vw, 766px\" srcset=\"https:\/\/cudwschod.pl\/wp-content\/uploads\/2018\/12\/Gua-sha-1-3-v2-2.jpg 766w, https:\/\/cudwschod.pl\/wp-content\/uploads\/2018\/12\/Gua-sha-1-3-v2-2-600x755.jpg 600w, https:\/\/cudwschod.pl\/wp-content\/uploads\/2018\/12\/Gua-sha-1-3-v2-2-238x300.jpg 238w, https:\/\/cudwschod.pl\/wp-content\/uploads\/2018\/12\/Gua-sha-1-3-v2-2-580x730.jpg 580w\" alt=\"Instrukcja masa\u017cu - grzybek Gua Sha\" width=\"448\" height=\"564\" \/><\/div>\n<\/div>\n<div class=\"owl-item\">\n<div class=\"cmsmasters_owl_slider_item cmsmasters_content_slider_item\"><img decoding=\"async\" class=\"attachment-full \" src=\"https:\/\/cudwschod.pl\/wp-content\/uploads\/2018\/12\/Gua-sha-4-9-v2.jpg\" sizes=\"(max-width: 766px) 100vw, 766px\" srcset=\"https:\/\/cudwschod.pl\/wp-content\/uploads\/2018\/12\/Gua-sha-4-9-v2.jpg 766w, https:\/\/cudwschod.pl\/wp-content\/uploads\/2018\/12\/Gua-sha-4-9-v2-600x755.jpg 600w, https:\/\/cudwschod.pl\/wp-content\/uploads\/2018\/12\/Gua-sha-4-9-v2-238x300.jpg 238w, https:\/\/cudwschod.pl\/wp-content\/uploads\/2018\/12\/Gua-sha-4-9-v2-580x730.jpg 580w\" alt=\"Instrukcja masa\u017cu Gua sha\" width=\"446\" height=\"561\" \/><\/div>\n<\/div>\n<div class=\"owl-item\">\n<div class=\"cmsmasters_owl_slider_item cmsmasters_content_slider_item\"><img decoding=\"async\" class=\"attachment-full \" src=\"https:\/\/cudwschod.pl\/wp-content\/uploads\/2018\/12\/Gua-sha-10-11-v2.jpg\" sizes=\"(max-width: 766px) 100vw, 766px\" srcset=\"https:\/\/cudwschod.pl\/wp-content\/uploads\/2018\/12\/Gua-sha-10-11-v2.jpg 766w, https:\/\/cudwschod.pl\/wp-content\/uploads\/2018\/12\/Gua-sha-10-11-v2-600x755.jpg 600w, https:\/\/cudwschod.pl\/wp-content\/uploads\/2018\/12\/Gua-sha-10-11-v2-238x300.jpg 238w, https:\/\/cudwschod.pl\/wp-content\/uploads\/2018\/12\/Gua-sha-10-11-v2-580x730.jpg 580w\" alt=\"Instrukcja masa\u017cu -jadeitowy grzybek\" width=\"444\" height=\"559\" \/><\/div>\n<\/div>\n<div class=\"owl-item\">\n<div class=\"cmsmasters_owl_slider_item cmsmasters_content_slider_item\"><img loading=\"lazy\" decoding=\"async\" class=\"attachment-full \" src=\"https:\/\/cudwschod.pl\/wp-content\/uploads\/2018\/12\/Gua-sha-12-15-v2.jpg\" sizes=\"(max-width: 766px) 100vw, 766px\" srcset=\"https:\/\/cudwschod.pl\/wp-content\/uploads\/2018\/12\/Gua-sha-12-15-v2.jpg 766w, https:\/\/cudwschod.pl\/wp-content\/uploads\/2018\/12\/Gua-sha-12-15-v2-600x755.jpg 600w, https:\/\/cudwschod.pl\/wp-content\/uploads\/2018\/12\/Gua-sha-12-15-v2-238x300.jpg 238w, https:\/\/cudwschod.pl\/wp-content\/uploads\/2018\/12\/Gua-sha-12-15-v2-580x730.jpg 580w\" alt=\"Instrukcja masa\u017cu 4\" width=\"441\" height=\"555\" \/><\/div>\n<\/div>\n<div class=\"owl-item\">\n<div class=\"cmsmasters_owl_slider_item cmsmasters_content_slider_item\"><img loading=\"lazy\" decoding=\"async\" class=\"attachment-full \" src=\"https:\/\/cudwschod.pl\/wp-content\/uploads\/2018\/12\/Gua-sha-16-17-v2.jpg\" sizes=\"(max-width: 766px) 100vw, 766px\" srcset=\"https:\/\/cudwschod.pl\/wp-content\/uploads\/2018\/12\/Gua-sha-16-17-v2.jpg 766w, https:\/\/cudwschod.pl\/wp-content\/uploads\/2018\/12\/Gua-sha-16-17-v2-600x755.jpg 600w, https:\/\/cudwschod.pl\/wp-content\/uploads\/2018\/12\/Gua-sha-16-17-v2-238x300.jpg 238w, https:\/\/cudwschod.pl\/wp-content\/uploads\/2018\/12\/Gua-sha-16-17-v2-580x730.jpg 580w\" alt=\"Instrukcja masa\u017cu - kamie\u0144 Gua Sha\" width=\"438\" height=\"551\" \/><\/div>\n<\/div>\n<div class=\"owl-item\">\n<div class=\"cmsmasters_owl_slider_item cmsmasters_content_slider_item\"><strong><img loading=\"lazy\" decoding=\"async\" class=\"attachment-full \" src=\"https:\/\/cudwschod.pl\/wp-content\/uploads\/2018\/12\/Gua-sha-18-19-v2.jpg\" sizes=\"(max-width: 766px) 100vw, 766px\" srcset=\"https:\/\/cudwschod.pl\/wp-content\/uploads\/2018\/12\/Gua-sha-18-19-v2.jpg 766w, https:\/\/cudwschod.pl\/wp-content\/uploads\/2018\/12\/Gua-sha-18-19-v2-600x755.jpg 600w, https:\/\/cudwschod.pl\/wp-content\/uploads\/2018\/12\/Gua-sha-18-19-v2-238x300.jpg 238w, https:\/\/cudwschod.pl\/wp-content\/uploads\/2018\/12\/Gua-sha-18-19-v2-580x730.jpg 580w\" alt=\"Instrukcja masa\u017cu 6\" width=\"435\" height=\"547\" \/><\/strong><\/div>\n<\/div>\n<div class=\"owl-item active\">\n<div class=\"cmsmasters_owl_slider_item cmsmasters_content_slider_item\"><img loading=\"lazy\" decoding=\"async\" class=\"attachment-full \" src=\"https:\/\/cudwschod.pl\/wp-content\/uploads\/2018\/12\/Gua-sha-20-v2.jpg\" sizes=\"(max-width: 766px) 100vw, 766px\" srcset=\"https:\/\/cudwschod.pl\/wp-content\/uploads\/2018\/12\/Gua-sha-20-v2.jpg 766w, https:\/\/cudwschod.pl\/wp-content\/uploads\/2018\/12\/Gua-sha-20-v2-600x755.jpg 600w, https:\/\/cudwschod.pl\/wp-content\/uploads\/2018\/12\/Gua-sha-20-v2-238x300.jpg 238w, https:\/\/cudwschod.pl\/wp-content\/uploads\/2018\/12\/Gua-sha-20-v2-580x730.jpg 580w\" alt=\"Instrukcja masa\u017cu - grzybek Gua sha\" width=\"432\" height=\"544\" \/><\/div>\n<\/div>\n<\/div>\n<\/div>\n<\/div>\n<\/div>\n<\/div>\n<\/div>\n<\/div>\n<\/div>\n<\/div>\n<\/div>\n<\/div>\n<div id=\"cmsmasters_row_8jlt1ryfyd\" class=\"cmsmasters_row cmsmasters_color_scheme_default cmsmasters_row_top_default cmsmasters_row_bot_default cmsmasters_row_boxed\">\n<div class=\"cmsmasters_row_outer_parent\">\n<div class=\"cmsmasters_row_outer\">\n<div class=\"cmsmasters_row_inner\">\n<div class=\"cmsmasters_row_margin cmsmasters_11\">\n<div id=\"cmsmasters_column_6gsqk4cd3f\" class=\"cmsmasters_column one_first\">\n<div class=\"cmsmasters_column_inner\">\n<div class=\"cmsmasters_text\">\n<p>&nbsp;<\/p>\n<p><strong>Przeciwskazania<\/strong><br \/>\nNie nale\u017cy stosowa\u0107 masa\u017cu p\u0142ytk\u0105 Gua Sha w przypadku uszkodzonej sk\u00f3ry, uszkodzenia \u017cy\u0142y, pieprzyk\u00f3w, przeci\u0119\u0107, siniak\u00f3w, rozleg\u0142ych zmian tr\u0105dzikowych, tr\u0105dziku r\u00f3\u017cowatego Rezultaty zabieg\u00f3w s\u0105 zale\u017cne od wieku, konstytucji, typu sk\u00f3ry i przebytych chor\u00f3b. Pod \u017cadnym wzgl\u0119dem zabieg nie powinien sprawia\u0107 b\u00f3lu. Zabieg nale\u017cy zaczyna\u0107 delikatnie, obserwuj\u0105c zachowanie sk\u00f3ry. Je\u015bli masz jakiekolwiek w\u0105tpliwo\u015bci skonsultuj si\u0119 z lekarzem\/terapeut\u0105.<\/p>\n<p><strong>Podmiot odpowiedzialny:<\/strong><br \/>\nTCM Brand Sp. z o.o.<br \/>\nul. Winnicka 52<br \/>\n30-394 Krak\u00f3w<\/p>\n<\/div>\n<\/div>\n<\/div>\n<\/div>\n<\/div>\n<\/div>\n<\/div>\n<\/div>\n","protected":false},"excerpt":{"rendered":"<h2>Je\u015bli szukasz naturalnego i skutecznego sposobu na popraw\u0119 zdrowia i wygl\u0105du sk\u00f3ry, tr\u00f3jk\u0105tny jadeitowy kamie\u0144 Gua Sha jest \u015bwietn\u0105 opcj\u0105.<\/h2>\n<p><strong>Gua Sha<\/strong> to nie tylko nazwa narz\u0119dzia, ale to tak\u017ce specyficzna forma <strong>tradycyjnego chi\u0144skiego masa\u017cu leczniczego<\/strong>, polegaj\u0105c\u0105 na skrobaniu sk\u00f3ry przy pomocy twardych p\u0142ytek lub rog\u00f3w, a\u017c do wywo\u0142ania na niej zaczerwienie\u0144 lub siniak\u00f3w. Masa\u017c Gua Sha rozszerza naczynia krwiono\u015bne i pomaga likwidowa\u0107 skrzepy<strong>.<\/strong> St\u0105d jego nazwa<strong>: Gua<\/strong> oznacza <strong>pocieranie<\/strong>, <strong>Sha<\/strong> natomiast to <strong>czerwona wysypka<\/strong>.<\/p>\n","protected":false},"featured_media":9767,"comment_status":"open","ping_status":"closed","template":"","meta":[],"product_brand":[],"product_cat":[73,74],"product_tag":[],"class_list":{"0":"post-7268","1":"product","2":"type-product","3":"status-publish","4":"has-post-thumbnail","6":"product_cat-akcesoria-do-twarzy-i-ciala","7":"product_cat-masaz-twarzy","9":"first","10":"instock","11":"sale","12":"taxable","13":"shipping-taxable","14":"purchasable","15":"product-type-simple"},"_links":{"self":[{"href":"https:\/\/ziolazycia.com\/nowa\/wp-json\/wp\/v2\/product\/7268","targetHints":{"allow":["GET"]}}],"collection":[{"href":"https:\/\/ziolazycia.com\/nowa\/wp-json\/wp\/v2\/product"}],"about":[{"href":"https:\/\/ziolazycia.com\/nowa\/wp-json\/wp\/v2\/types\/product"}],"replies":[{"embeddable":true,"href":"https:\/\/ziolazycia.com\/nowa\/wp-json\/wp\/v2\/comments?post=7268"}],"wp:featuredmedia":[{"embeddable":true,"href":"https:\/\/ziolazycia.com\/nowa\/wp-json\/wp\/v2\/media\/9767"}],"wp:attachment":[{"href":"https:\/\/ziolazycia.com\/nowa\/wp-json\/wp\/v2\/media?parent=7268"}],"wp:term":[{"taxonomy":"product_brand","embeddable":true,"href":"https:\/\/ziolazycia.com\/nowa\/wp-json\/wp\/v2\/product_brand?post=7268"},{"taxonomy":"product_cat","embeddable":true,"href":"https:\/\/ziolazycia.com\/nowa\/wp-json\/wp\/v2\/product_cat?post=7268"},{"taxonomy":"product_tag","embeddable":true,"href":"https:\/\/ziolazycia.com\/nowa\/wp-json\/wp\/v2\/product_tag?post=7268"}],"curies":[{"name":"wp","href":"https:\/\/api.w.org\/{rel}","templated":true}]}}