{"id":7266,"date":"2024-02-14T15:23:28","date_gmt":"2024-02-14T14:23:28","guid":{"rendered":"https:\/\/ziolazycia.com\/nowa\/?post_type=product&#038;p=7266"},"modified":"2025-11-26T15:59:03","modified_gmt":"2025-11-26T14:59:03","slug":"kamien-do-masazu-twarzy-kol-czarny","status":"publish","type":"product","link":"https:\/\/ziolazycia.com\/nowa\/product\/kamien-do-masazu-twarzy-kol-czarny\/","title":{"rendered":"Kamie\u0144 Gua Sha BIAN do masa\u017cu twarzy &#8211; tr\u00f3jk\u0105t"},"content":{"rendered":"<div class=\"cmsmasters_text\">\n<p>M\u00f3wi si\u0119, \u017ce kamienie te pojawi\u0142y si\u0119 na Ziemi 65 milion\u00f3w lat temu, kiedy w Ziemi\u0119 uderzy\u0142 meteoryt. Kamienie zawieraj\u0105 do 40 \u015bladowych minera\u0142\u00f3w, kt\u00f3re wytwarzaj\u0105 jony ujemne i maj\u0105 zdolno\u015b\u0107 do magazynowania ciep\u0142a. Pocieraj\u0105c kamie\u0144 powodujemy to, \u017ce wytwarza on ultrad\u017awi\u0119ki, kt\u00f3re pozytywnie wp\u0142ywaj\u0105 na mikrokr\u0105\u017cenie pobudzaj\u0105c sk\u00f3r\u0119 do regeneracji.<\/p>\n<p>P\u0142ytka wykonana jest z naturalnego kamienia wulkanicznego, wi\u0119c poszczeg\u00f3lne egzemplarze mog\u0105 nieznacznie r\u00f3\u017cni\u0107 si\u0119 od siebie kolorem i wymiarami.<\/p>\n<\/div>\n<h2 data-sourcepos=\"9:1-9:58\">Masa\u017c kamieniem Bian mo\u017ce zapewni\u0107 szereg korzy\u015bci, w tym:<\/h2>\n<ul data-sourcepos=\"11:1-16:0\">\n<li data-sourcepos=\"11:1-11:160\">Poprawi\u0107 kr\u0105\u017cenie: Masa\u017c kamieniem Bian pomaga zwi\u0119kszy\u0107 przep\u0142yw krwi do twarzy, co mo\u017ce pom\u00f3c w dostarczeniu tlenu i sk\u0142adnik\u00f3w od\u017cywczych do kom\u00f3rek sk\u00f3ry.<\/li>\n<li data-sourcepos=\"12:1-12:122\">Zmniejszy\u0107 obrz\u0119ki: Masa\u017c kamieniem Bian mo\u017ce pom\u00f3c w odprowadzeniu limfy z twarzy, co z kolei mo\u017ce zmniejszy\u0107 obrz\u0119ki i zastoje.<\/li>\n<li data-sourcepos=\"13:1-13:132\">Uwolni\u0107 napi\u0119cie mi\u0119\u015bni: Masa\u017c kamieniem Bian mo\u017ce pom\u00f3c rozlu\u017ani\u0107 napi\u0119te mi\u0119\u015bnie twarzy, co z kolei mo\u017ce sprzyja\u0107 zmniejszeniu zmarszczek i bruzd.<\/li>\n<li data-sourcepos=\"14:1-14:132\">Poprawi\u0107 elastyczno\u015b\u0107 sk\u00f3ry: Masa\u017c kamieniem Bian mo\u017ce pom\u00f3c w stymulacji produkcji kolagenu, co mo\u017ce poprawi\u0107 elastyczno\u015b\u0107 sk\u00f3ry.<\/li>\n<li data-sourcepos=\"15:1-16:0\">Zmniejsza\u0107 stres: Masa\u017c kamieniem Bian mo\u017ce pom\u00f3c w zmniejszeniu stresu i osi\u0105gni\u0119ciu stanu zrelaksowania.<\/li>\n<\/ul>\n<h2 data-sourcepos=\"17:1-17:125\">Tr\u00f3jk\u0105tny kamie\u0144 Bian do masa\u017cu twarzy &#8211; spos\u00f3b u\u017cycia:<\/h2>\n<p>Nieregularny kszta\u0142t tr\u00f3jk\u0105tnej p\u0142ytki p\u0142ytki dobrze dopasowuje si\u0119 do d\u0142oni, a zaokr\u0105glone kraw\u0119dzie i wypustki o r\u00f3\u017cnym wygi\u0119ciu sprawdzaj\u0105 si\u0119 w masa\u017cu r\u00f3\u017cnych partii twarzy. Natomiast falowany brzeg p\u0142ytki dobrze sprawdzi si\u0119 do masa\u017cu okolic oczu i ust.<\/p>\n<ol data-sourcepos=\"21:1-27:0\">\n<li data-sourcepos=\"21:1-21:62\">Oczy\u015b\u0107 twarz ciep\u0142\u0105 wod\u0105 i delikatnym \u015brodkiem czyszcz\u0105cym.<\/li>\n<li data-sourcepos=\"22:1-22:35\">Na\u0142\u00f3\u017c na twarz olejek lub serum.<\/li>\n<li data-sourcepos=\"23:1-23:75\">Trzymaj\u0105c kamie\u0144 bian p\u0142asko w d\u0142oni, delikatnie przesuwaj go po twarzy.<\/li>\n<li data-sourcepos=\"24:1-24:75\">U\u017cyj r\u00f3\u017cnych ruch\u00f3w, takich jak przesuwanie, okr\u0119\u017cne ruchy i ugniatanie.<\/li>\n<li data-sourcepos=\"25:1-25:75\">Skoncentruj si\u0119 na obszarach, kt\u00f3re s\u0105 napi\u0119te, bolesne lub obrz\u0119kni\u0119te.<\/li>\n<li data-sourcepos=\"25:1-25:75\">Masuj przez 5-10 minut.<\/li>\n<\/ol>\n<p>Masa\u017c przy u\u017cyciu kamienia Bian opiera si\u0119 na sekwencji ruch\u00f3w. Na pocz\u0105tku wykonujemy delikatne ruchy, kt\u00f3re pomog\u0105 zniwelowa\u0107 stan napi\u0119cia mi\u0119\u015bni twarzy, grzbietu i karku. W kolejnych etapach stosujemy mocniejsze ruchy, oddzia\u0142uj\u0105c w ten spos\u00f3b tak\u017ce na mi\u0119\u015bnie g\u0142\u0119bokie oraz mocniej spi\u0119te mi\u0119\u015bnie. Ca\u0142y masa\u017c mo\u017cna wzbogaci\u0107 o relaksuj\u0105c\u0105 muzyk\u0105 oraz aromatyczne olejkami eterycznymi uzyskuj\u0105c w ten spos\u00f3b jeszcze g\u0142\u0119bszy stan zrelaksowania.<\/p>\n<p data-sourcepos=\"28:1-28:72\">Po zako\u0144czeniu masa\u017cu sp\u0142ucz twarz ciep\u0142\u0105 wod\u0105 i na\u0142\u00f3\u017c nawil\u017caj\u0105cy krem. Pij du\u017co wody, aby pom\u00f3c w wyp\u0142ukaniu toksyn z organizmu.<\/p>\n<p data-sourcepos=\"30:1-30:82\">Mo\u017cesz u\u017cywa\u0107 kamienia Bian do masa\u017cu twarzy codziennie lub kilka razy w tygodniu.<\/p>\n<p data-sourcepos=\"30:1-30:82\"><strong>Przeciwwskazania:<\/strong><\/p>\n<p data-sourcepos=\"30:1-30:82\">Kamienie Bian do masa\u017cu twarzy s\u0105 bezpieczne do stosowania przez wi\u0119kszo\u015b\u0107 ludzi. Nale\u017cy jednak unika\u0107 ich stosowania, je\u015bli masz jakiekolwiek otwarte rany lub skaleczenia na twarzy.<\/p>\n<p><strong>Marka:<\/strong> WSCH\u00d3D<br \/>\n<strong>Podmiot odpowiedzialny:<\/strong><br \/>\nTCM Brand Sp. z o.o.<br \/>\nUl. Winnicka 52<br \/>\n30-394 Krak\u00f3w<\/p>\n","protected":false},"excerpt":{"rendered":"<h2 data-sourcepos=\"5:1-5:177\">Je\u015bli szukasz naturalnego sposobu na popraw\u0119 wygl\u0105du sk\u00f3ry i uzyskanie dobrego samopoczucia, masa\u017c kamieniem BIAN mo\u017ce by\u0107 dobrym rozwi\u0105zaniem.<\/h2>\n<div class=\"cmsmasters_text\">\n<p><strong>Bian <\/strong>to naturalny kamie\u0144 wulkaniczny, od wiek\u00f3w znany w Azji ze swoich niezwyk\u0142ych w\u0142a\u015bciwo\u015bci uj\u0119drniaj\u0105cych i odm\u0142adzaj\u0105cych. Jeszcze zanim rozpowszechni\u0142o si\u0119 u\u017cycie igie\u0142, to w\u0142a\u015bnie kamienie Bian by\u0142y przed wiekami wykorzystywane w medycynie chi\u0144skiej do akupunktury. W staro\u017cytnych ruinach odkryto kamienie Bian pochodz\u0105ce z 1000 roku p.n.e.<\/p>\n<\/div>\n","protected":false},"featured_media":9766,"comment_status":"open","ping_status":"closed","template":"","meta":[],"product_brand":[],"product_cat":[73,74],"product_tag":[],"class_list":{"0":"post-7266","1":"product","2":"type-product","3":"status-publish","4":"has-post-thumbnail","6":"product_cat-akcesoria-do-twarzy-i-ciala","7":"product_cat-masaz-twarzy","9":"first","10":"instock","11":"sale","12":"taxable","13":"shipping-taxable","14":"purchasable","15":"product-type-simple"},"_links":{"self":[{"href":"https:\/\/ziolazycia.com\/nowa\/wp-json\/wp\/v2\/product\/7266","targetHints":{"allow":["GET"]}}],"collection":[{"href":"https:\/\/ziolazycia.com\/nowa\/wp-json\/wp\/v2\/product"}],"about":[{"href":"https:\/\/ziolazycia.com\/nowa\/wp-json\/wp\/v2\/types\/product"}],"replies":[{"embeddable":true,"href":"https:\/\/ziolazycia.com\/nowa\/wp-json\/wp\/v2\/comments?post=7266"}],"wp:featuredmedia":[{"embeddable":true,"href":"https:\/\/ziolazycia.com\/nowa\/wp-json\/wp\/v2\/media\/9766"}],"wp:attachment":[{"href":"https:\/\/ziolazycia.com\/nowa\/wp-json\/wp\/v2\/media?parent=7266"}],"wp:term":[{"taxonomy":"product_brand","embeddable":true,"href":"https:\/\/ziolazycia.com\/nowa\/wp-json\/wp\/v2\/product_brand?post=7266"},{"taxonomy":"product_cat","embeddable":true,"href":"https:\/\/ziolazycia.com\/nowa\/wp-json\/wp\/v2\/product_cat?post=7266"},{"taxonomy":"product_tag","embeddable":true,"href":"https:\/\/ziolazycia.com\/nowa\/wp-json\/wp\/v2\/product_tag?post=7266"}],"curies":[{"name":"wp","href":"https:\/\/api.w.org\/{rel}","templated":true}]}}