{"id":7260,"date":"2024-02-14T15:19:59","date_gmt":"2024-02-14T14:19:59","guid":{"rendered":"https:\/\/ziolazycia.com\/nowa\/?post_type=product&#038;p=7260"},"modified":"2025-11-26T15:59:03","modified_gmt":"2025-11-26T14:59:03","slug":"zestaw-startowy-olejkow-eterycznych-doterra-introductory-kit","status":"publish","type":"product","link":"https:\/\/ziolazycia.com\/nowa\/product\/zestaw-startowy-olejkow-eterycznych-doterra-introductory-kit\/","title":{"rendered":"doTERRA INTRODUCTORY KIT (Zestaw startowy olejk\u00f3w eterycznych) 3x5ml"},"content":{"rendered":"<p><strong>Sk\u0142ad zestawu: <\/strong>3 buteleczki z ciemnego szk\u0142a o pojemno\u015bci 5ml ka\u017cda<strong>.<br \/>\n<\/strong><\/p>\n<p>1. <strong>Olejek lawendowy: <\/strong>u\u0142atwia zasypianie, relaksuje i odpr\u0119\u017ca. Sprzyja \u0142agodzeniu emocji. Ze wzgl\u0119du na du\u017c\u0105 zawarto\u015b\u0107 polifenoli ma korzystny wp\u0142yw na sk\u00f3r\u0119.<\/p>\n<p>2. <strong>Olejek cytrynowy<\/strong>: wprowadza w dobry nastr\u00f3j, podnosi na duchu, energetyzuje i od\u015bwie\u017ca powietrze w pomieszczeniach.<\/p>\n<p>3. <strong>Olejek z mi\u0119ty pieprzowej: <\/strong>energetyzuje, pobudza, wspiera drogi oddechowe. Ze wzgl\u0119du na du\u017c\u0105 zawarto\u015b\u0107 mentolu wykazuje dzia\u0142anie oczyszczaj\u0105ce. Korzystnie wp\u0142ywa na \u0142agodzenie dolegliwo\u015bci uk\u0142adu trawiennego.<\/p>\n<h2>Spos\u00f3b u\u017cycia olejk\u00f3w z zestawu Introductory Kit:<\/h2>\n<p>Ka\u017cdy olejek znajduj\u0105cy si\u0119 w zestawie jest zaopatrzony w indywidualn\u0105 instrukcj\u0119 stosowania.<br \/>\nOlejki przeznaczone do stosowania miejscowego i w dyfuzorach zgodnie z instrukcj\u0105.<\/p>\n<p><strong>Wymiary opakowania:<\/strong> 13 cmx7cmx4cm<\/p>\n<p><strong>UWAGA:<\/strong><\/p>\n<p>Opis i w\u0142a\u015bciwo\u015bci olejk\u00f3w opisane na stronie maj\u0105 wy\u0142\u0105cznie charakter informacyjny. W razie choroby lub problem\u00f3w ze zdrowiem skontaktuj si\u0119 z lekarzem i zastosuj si\u0119 do jego zalece\u0144 i wskaz\u00f3wek. W \u017cadnym wypadku kuracje olejkami nie zast\u0119puj\u0105 leczenia prowadzonego przez lekarza. Olejki nie s\u0105 lekami, suplementami diety ani \u017cywno\u015bci\u0105 specjalnego przeznaczenia! Zastosowanie produkt\u00f3w, olejk\u00f3w le\u017c\u0105 wy\u0142\u0105cznie w gestii, inwencji kupuj\u0105cego. Olejki doTERRA posiadaj\u0105 certyfikat doTERRA CPTG Certified Pure Tested Grade\u00ae. Olejki te s\u0105 czystymi, naturalnymi aromatycznymi zwi\u0105zkami starannie wyekstrahowanymi z ro\u015blin. Nie zawieraj\u0105 sztucznych sk\u0142adnik\u00f3w ani wype\u0142niaczy, kt\u00f3re os\u0142abi\u0142yby ich czynne w\u0142a\u015bciwo\u015bci oraz nie zawieraj\u0105 zanieczyszcze\u0144 i innych pozosta\u0142o\u015bci chemicznych. Certyfikat ten oznacza, \u017ce olejek zosta\u0142 poddany rygorystycznym procesom testowym, kt\u00f3re oceniaj\u0105 czysto\u015b\u0107 i moc olejk\u00f3w eterycznych. Je\u015bli oleje zostan\u0105 przetestowane w systemie CPTG i oka\u017c\u0105 si\u0119 czyste i mocne, s\u0105 one nast\u0119pnie sprzedawane jako pojedyncze oleje lub stosowane w mieszankach olejk\u00f3w eterycznych, takich jak mieszanka doTERRA Purify.<\/p>\n<p><strong>Producent<\/strong>: doTERRA.<\/p>\n","protected":false},"excerpt":{"rendered":"<p>Zestaw startowy doTERRA Introductory Kit to doskona\u0142\u0105 propozycja dla os\u00f3b rozpoczynaj\u0105cych swoj\u0105 przygod\u0119 z olejkami eterycznymi lub chc\u0105 zapozna\u0107 si\u0119 z asortymentem firmy doTERRA. Zestaw zawiera trio najpopularniejszych olejk\u00f3w doTERRA czyli olejek z lawendy, cytryny i mi\u0119ty pieprzowej zapakowanych w estetyczne pude\u0142ko. Do zestawu do\u0142\u0105czona jest te\u017c informacja o tych olejkach i ich zastosowaniach.<\/p>\n","protected":false},"featured_media":9764,"comment_status":"open","ping_status":"closed","template":"","meta":[],"product_brand":[],"product_cat":[71,126,67,119],"product_tag":[],"class_list":{"0":"post-7260","1":"product","2":"type-product","3":"status-publish","4":"has-post-thumbnail","6":"product_cat-doterra-zestawy","7":"product_cat-doterra-zest","8":"product_cat-produkty-doterra","9":"product_cat-doterra-produkty","11":"first","12":"instock","13":"sale","14":"taxable","15":"shipping-taxable","16":"purchasable","17":"product-type-simple"},"_links":{"self":[{"href":"https:\/\/ziolazycia.com\/nowa\/wp-json\/wp\/v2\/product\/7260","targetHints":{"allow":["GET"]}}],"collection":[{"href":"https:\/\/ziolazycia.com\/nowa\/wp-json\/wp\/v2\/product"}],"about":[{"href":"https:\/\/ziolazycia.com\/nowa\/wp-json\/wp\/v2\/types\/product"}],"replies":[{"embeddable":true,"href":"https:\/\/ziolazycia.com\/nowa\/wp-json\/wp\/v2\/comments?post=7260"}],"wp:featuredmedia":[{"embeddable":true,"href":"https:\/\/ziolazycia.com\/nowa\/wp-json\/wp\/v2\/media\/9764"}],"wp:attachment":[{"href":"https:\/\/ziolazycia.com\/nowa\/wp-json\/wp\/v2\/media?parent=7260"}],"wp:term":[{"taxonomy":"product_brand","embeddable":true,"href":"https:\/\/ziolazycia.com\/nowa\/wp-json\/wp\/v2\/product_brand?post=7260"},{"taxonomy":"product_cat","embeddable":true,"href":"https:\/\/ziolazycia.com\/nowa\/wp-json\/wp\/v2\/product_cat?post=7260"},{"taxonomy":"product_tag","embeddable":true,"href":"https:\/\/ziolazycia.com\/nowa\/wp-json\/wp\/v2\/product_tag?post=7260"}],"curies":[{"name":"wp","href":"https:\/\/api.w.org\/{rel}","templated":true}]}}