{"id":725,"date":"2022-11-25T08:32:52","date_gmt":"2022-11-25T07:32:52","guid":{"rendered":"https:\/\/ziolazycia.com\/nowa\/?post_type=product&#038;p=725"},"modified":"2025-11-26T15:58:14","modified_gmt":"2025-11-26T14:58:14","slug":"mieszanka-olejkow-eterycznych-doterra-adaptiv-calming-blend-relaks-i-uspokojenie-15-ml","status":"publish","type":"product","link":"https:\/\/ziolazycia.com\/nowa\/product\/mieszanka-olejkow-eterycznych-doterra-adaptiv-calming-blend-relaks-i-uspokojenie-15-ml\/","title":{"rendered":"doTERRA Mieszanka olejk\u00f3w eterycznych ADAPTIV Calming Blend (Mieszanka Wyciszaj\u0105ca)\u00a015 ml \u00a0"},"content":{"rendered":"<div class=\"_5pbx userContent _3576\" data-testid=\"post_message\" data-ft=\"{&quot;tn&quot;:&quot;K&quot;}\">\n<div class=\"text_exposed_root text_exposed\">\n<h2 class=\"spotlight__foot-block-title\">Podstawowe korzy\u015bci stosowania mieszanki doTerra Adaptiv:<\/h2>\n<div class=\"spotlight__foot-block-content\">\n<ul class=\"spotlight__list-custom custom-list\">\n<li>Pomaga poprawi\u0107 nastr\u00f3j.<\/li>\n<li>Sprzyja efektywnej pracy i nauce.<\/li>\n<li>Zmniejsza stres.<\/li>\n<li>Zwi\u0119ksza uczucie spokoju.<\/li>\n<li>Zmniejsza uczucie zm\u0119czenia.<\/li>\n<li>\u0141agodzi i podnosi na duchu.<\/li>\n<li>Koj\u0105cy i relaksuj\u0105cy aromat.<\/li>\n<li>W bezsenno\u015bci &#8211; wycisza przed snem.<\/li>\n<li>Pomocniczo w ADD\/ADHD.<\/li>\n<\/ul>\n<\/div>\n<\/div>\n<h2>G\u0142\u00f3wne sk\u0142adniki mieszanki doTERRA Adaptiv:<\/h2>\n<div class=\"text_exposed_root text_exposed\">\n<ul>\n<li><span style=\"color: #000000;\"><a style=\"color: #000000;\" href=\"https:\/\/planetstory.pl\/produkt\/olejek-eteryczny-wild-orange-citrus-sinensis-dzika-pomarancza-doterra-15-ml\/\" target=\"_blank\" rel=\"noopener noreferrer\"><strong>Dzika Pomara\u0144cza<\/strong><\/a>\u00a0\u2013 udowodniono, \u017ce olejek pomara\u0144czowy pomaga obni\u017ca\u0107 niepok\u00f3j w stresuj\u0105cych sytuacjach, ma uspokajaj\u0105ce w\u0142a\u015bciwo\u015bci.<\/span><\/li>\n<li><span style=\"color: #000000;\"><a style=\"color: #000000;\" href=\"https:\/\/planetstory.pl\/produkt\/olejek-eteryczny-lavender-lavandula-angustifolia-lawenda-doterra-15-ml\/\" target=\"_blank\" rel=\"noopener noreferrer\"><strong>Lawenda<\/strong><\/a>\u00a0\u2013 jest znana ze swoich w\u0142a\u015bciwo\u015bci relaksuj\u0105cych, cz\u0119sto jest stosowana, aby obni\u017cy\u0107 uczucie stresu i przynie\u015b\u0107 spokojny sen.<\/span><\/li>\n<li><span style=\"color: #000000;\"><a style=\"color: #000000;\" href=\"https:\/\/planetstory.pl\/produkt\/olejek-eteryczny-copaiba-copaifera-drzewo-copaiba-doterra-15-ml\/\" target=\"_blank\" rel=\"noopener noreferrer\"><strong>Copaiba<\/strong><\/a>\u00a0\u2013 badania dowiod\u0142y, \u017ce pomaga redukowa\u0107 niepok\u00f3j, zmniejsza stany zapalne oraz b\u00f3l.<\/span><\/li>\n<li><span style=\"color: #000000;\"><a style=\"color: #000000;\" href=\"https:\/\/planetstory.pl\/produkt\/olejek-eteryczny-spearmint-mentha-spicata-mieta-zielona-doterra-15-ml\/\" target=\"_blank\" rel=\"noopener noreferrer\"><strong>Zielona mi\u0119ta<\/strong><\/a>\u00a0\u2013 poprawia humor i podnosi nastr\u00f3j przy zm\u0119czeniu psychicznym, dzia\u0142a antydepresyjnie i podnosi na duchu.<\/span><\/li>\n<li><span style=\"color: #000000;\"><a style=\"color: #000000;\" href=\"https:\/\/planetstory.pl\/produkt\/olejek-eteryczny-neroli-touch-citrus-x-aurantium-kwiat-pomaranczy-doterra-10-ml\/\" target=\"_blank\" rel=\"noopener noreferrer\"><strong>Neroli<\/strong><\/a>\u2013 olejek z kwiatu pomara\u0144czy cz\u0119sto jest stosowany, by z\u0142agodzi\u0107 stres i niepok\u00f3j oraz zrelaksowa\u0107 cia\u0142o i umys\u0142.<\/span><\/li>\n<li><span style=\"color: #000000;\"><a style=\"color: #000000;\" href=\"https:\/\/planetstory.pl\/produkt\/olejek-eteryczny-magnolia-touch-doterra-10-ml\/\" target=\"_blank\" rel=\"noopener noreferrer\"><strong>Magnolia<\/strong><\/a>\u00a0\u2013 sprzyja wyciszeniu i odpr\u0119\u017ceniu.<\/span><\/li>\n<li><span style=\"color: #000000;\"><a style=\"color: #000000;\" href=\"https:\/\/planetstory.pl\/produkt\/olejek-eteryczny-rosemary-rosmarinus-officinalis-rozmaryn-doterra-15-ml\/\" target=\"_blank\" rel=\"noopener noreferrer\"><strong>Rozmaryn<\/strong><\/a>\u00a0\u2013 pomaga zredukowa\u0107 nerwowe napi\u0119cia i os\u0142abienie.<\/span><\/li>\n<li><span style=\"color: #000000;\"><strong>Sweetgum \u2013<\/strong>\u00a0ma pikantny aromat, kt\u00f3ry pomaga redukowa\u0107 stres i niepok\u00f3j, aby umo\u017cliwi\u0107 relaks oraz za\u015bni\u0119cie.<\/span><\/li>\n<\/ul>\n<p><span style=\"color: #000000;\">Kiedy poczujesz potrzeb\u0119 uspokojenia emocji, Adaptiv jest idealnym rozwi\u0105zaniem. Miej Adaptiv pod r\u0119k\u0105, aby <strong>poprawi\u0107 sobie humor<\/strong>\u00a0w nowym otoczeniu lub sytuacjach. Lawenda, Magnolia, Neroli i Sweetgum\u00a0<strong>dzia\u0142aj\u0105 uspokajaj\u0105co,<\/strong>\u00a0a Dzika Pomara\u0144cza i Mi\u0119ta Zielona\u00a0<strong>energetyzuj\u0105 i poprawiaj\u0105 samopoczucie.<\/strong> Dodatkowo Copaiba i Rosemary pomagaj\u0105 w \u0142agodzeniu nadmiernych emocji. Niezale\u017cnie od tego, czy czujesz si\u0119 zm\u0119czony, niespokojny, niezdecydowany czy poirytowany, Adaptiv mo\u017ce <strong>pom\u00f3c cia\u0142u i umys\u0142owi zachowa\u0107 r\u00f3wnowag\u0119<\/strong>. U\u017cyj Adaptiv w po\u0142\u0105czeniu z\u00a0<a style=\"color: #000000;\" href=\"https:\/\/planetstory.pl\/produkt\/mieszanka-olejkow-eterycznych-doterra-adaptiv-touch-mieszanka-uspokajajaca-doterra-10-ml\/\" target=\"_blank\" rel=\"noopener noreferrer\"><strong>Adaptiv Touch<\/strong><\/a>, aby uzyska\u0107 synergiczne rezultaty.<\/span><\/p>\n<p><strong>Sk\u0142adniki<\/strong>: Olej ze sk\u00f3rki Citrus aurantium dulcis (pomara\u0144cza), olejek z Lavandula angustifolia (lawenda), olejek z \u017cywicy drzewa Copaifera Coriacea\/Langsdorffii\/Officinalis\/Reticulata, olejek z kwiat\u00f3w\/li\u015bci\/\u0142odygi Mentha Spicata, olejek z kwiat\u00f3w Michelia Alba, olej z li\u015bci\/\u0142odygi Rosmarinus Officinalis (rozmaryn), olej z kwiat\u00f3w Citrus Aurantium Amara (gorzka pomara\u0144cza), olejek z \u017cywicy Liquidambar Acalycina\/Formosana.G\u0142\u00f3wne sk\u0142adniki: Limonen*, linalol**Naturalnie wyst\u0119puj\u0105ce zwi\u0105zki olejowe.<\/p>\n<p><strong>Aromat:<\/strong> S\u0142odki, cytrusowy, kwiatowy.<\/p>\n<h2><span style=\"color: #000000;\">Spos\u00f3b u\u017cycia mieszanki doTERRA Adaptiv:<strong><br \/>\n<\/strong><\/span><\/h2>\n<ul>\n<li><span style=\"color: #000000;\"><strong>wziewnie:\u00a0<\/strong>u\u017cywaj z dyfuzorem lub wdychaj aromat bezpo\u015brednio z butelki.<\/span><\/li>\n<li><span style=\"color: #000000;\"><strong>miejscowo na sk\u00f3r\u0119<\/strong>: mo\u017cna stosowa\u0107 na sk\u00f3r\u0119 bez rozcie\u0144czenia. <\/span><span style=\"color: #000000;\"><strong>Do masa\u017cu<\/strong> wymieszaj 5 kropli z 10 ml oleju no\u015bnikowego. <strong>Do<\/strong> <strong>k\u0105pieli<\/strong> wymieszaj 5 kropli z 5 ml oleju no\u015bnikowego. <strong>Do perfumowania<\/strong> zmieszaj 1 kropl\u0119 z 10 kroplami oleju no\u015bnikowego. <\/span><\/li>\n<\/ul>\n<p><strong>\u015arodki ostro\u017cno\u015bci: <\/strong>Mo\u017cliwa wra\u017cliwo\u015b\u0107 sk\u00f3ry. Trzymaj poza zasi\u0119giem dzieci. Skonsultuj si\u0119 z lekarzem w przypadku ci\u0105\u017cy lub w trakcie leczenia. Unikaj oczu, uszu wewn\u0119trznych i wra\u017cliwych obszar\u00f3w. Unikaj \u015bwiat\u0142a s\u0142onecznego lub promieni UV przez co najmniej 12 godzin po na\u0142o\u017ceniu.<\/p>\n<p><strong>Pojemno\u015b\u0107<\/strong>: 15 ml (buteleczka z ciemnego szk\u0142a).<\/p>\n<p><strong>UWAGA:<\/strong><\/p>\n<div id=\"box_description\" class=\"box tab\">\n<div class=\"innerbox\">\n<div class=\"resetcss\">\n<p><span style=\"font-size: 8pt;\">Opis i w\u0142a\u015bciwo\u015bci olejk\u00f3w opisane na stronie maj\u0105 wy\u0142\u0105cznie charakter informacyjny. W razie choroby lub problem\u00f3w ze zdrowiem skontaktuj si\u0119 z lekarzem i zastosuj si\u0119 do jego zalece\u0144 i wskaz\u00f3wek. W \u017cadnym wypadku kuracje olejkami nie zast\u0119puj\u0105 leczenia prowadzonego przez lekarza. Olejki nie s\u0105 lekami, suplementami diety ani \u017cywno\u015bci\u0105 specjalnego przeznaczenia! Zastosowanie produkt\u00f3w, olejk\u00f3w le\u017c\u0105 wy\u0142\u0105cznie w gestii, inwencji kupuj\u0105cego. Olejki doTERRA posiadaj\u0105 certyfikat doTERRA CPTG Certified Pure Tested Grade\u00ae. Olejki te s\u0105 czystymi, naturalnymi aromatycznymi zwi\u0105zkami starannie wyekstrahowanymi z ro\u015blin. Nie zawieraj\u0105 sztucznych sk\u0142adnik\u00f3w ani wype\u0142niaczy, kt\u00f3re os\u0142abi\u0142yby ich czynne w\u0142a\u015bciwo\u015bci oraz nie zawieraj\u0105 zanieczyszcze\u0144 i innych pozosta\u0142o\u015bci chemicznych. Certyfikat ten oznacza, \u017ce olejek zosta\u0142 poddany rygorystycznym procesom testowym, kt\u00f3re oceniaj\u0105 czysto\u015b\u0107 i moc olejk\u00f3w eterycznych. Je\u015bli oleje zostan\u0105 przetestowane w systemie CPTG i oka\u017c\u0105 si\u0119 czyste i mocne, s\u0105 one nast\u0119pnie sprzedawane jako pojedyncze oleje lub stosowane w mieszankach olejk\u00f3w eterycznych, takich jak mieszanka doTERRA Purify.<\/span><\/p>\n<p><strong>Producent<\/strong>: doTERRA.<\/p>\n<\/div>\n<\/div>\n<\/div>\n<\/div>\n<\/div>\n","protected":false},"excerpt":{"rendered":"<div id=\"js_5ym\" class=\"_5pbx userContent _3576\" data-testid=\"post_message\" data-ft=\"{&quot;tn&quot;:&quot;K&quot;}\">\n<div id=\"id_5d3c579dcca249362386394\" class=\"text_exposed_root text_exposed\">\n<p class=\"spotlight__head-latin-title\">Mieszanka wyciszaj\u0105ca<\/p>\n<p class=\"spotlight__head-latin-title\">Kiedy czujesz, \u017ce musisz ukoi\u0107 nerwy, wybierz Adaptiv. Adaptiv jest zastrze\u017con\u0105 mieszank\u0105 olejk\u00f3w eterycznych z dzikiej pomara\u0144czy, lawendy, drzewa copaiba, mi\u0119ty zielonej, magnolii, rozmarynu, neroli i ambrowca balsamicznego. Lawenda ma w\u0142a\u015bciwo\u015bci uspokajaj\u0105ce, a dzika pomara\u0144cza poprawia nastr\u00f3j. Mieszanka u\u0142atwia zasypianie i zapewnia regeneruj\u0105cy sen, redukuje stres i niepok\u00f3j, poprawia humor i dodaje. energii.<\/p>\n<\/div>\n<p>&nbsp;<\/p>\n<\/div>\n","protected":false},"featured_media":9358,"comment_status":"closed","ping_status":"closed","template":"","meta":[],"product_brand":[],"product_cat":[70,122,67,119],"product_tag":[],"class_list":{"0":"post-725","1":"product","2":"type-product","3":"status-publish","4":"has-post-thumbnail","6":"product_cat-doterra-mieszanki-olejkow-eterycznych","7":"product_cat-doterra-miesz-oe","8":"product_cat-produkty-doterra","9":"product_cat-doterra-produkty","11":"first","12":"instock","13":"taxable","14":"shipping-taxable","15":"purchasable","16":"product-type-simple"},"_links":{"self":[{"href":"https:\/\/ziolazycia.com\/nowa\/wp-json\/wp\/v2\/product\/725","targetHints":{"allow":["GET"]}}],"collection":[{"href":"https:\/\/ziolazycia.com\/nowa\/wp-json\/wp\/v2\/product"}],"about":[{"href":"https:\/\/ziolazycia.com\/nowa\/wp-json\/wp\/v2\/types\/product"}],"replies":[{"embeddable":true,"href":"https:\/\/ziolazycia.com\/nowa\/wp-json\/wp\/v2\/comments?post=725"}],"wp:featuredmedia":[{"embeddable":true,"href":"https:\/\/ziolazycia.com\/nowa\/wp-json\/wp\/v2\/media\/9358"}],"wp:attachment":[{"href":"https:\/\/ziolazycia.com\/nowa\/wp-json\/wp\/v2\/media?parent=725"}],"wp:term":[{"taxonomy":"product_brand","embeddable":true,"href":"https:\/\/ziolazycia.com\/nowa\/wp-json\/wp\/v2\/product_brand?post=725"},{"taxonomy":"product_cat","embeddable":true,"href":"https:\/\/ziolazycia.com\/nowa\/wp-json\/wp\/v2\/product_cat?post=725"},{"taxonomy":"product_tag","embeddable":true,"href":"https:\/\/ziolazycia.com\/nowa\/wp-json\/wp\/v2\/product_tag?post=725"}],"curies":[{"name":"wp","href":"https:\/\/api.w.org\/{rel}","templated":true}]}}