{"id":7249,"date":"2024-02-14T15:09:20","date_gmt":"2024-02-14T14:09:20","guid":{"rendered":"https:\/\/ziolazycia.com\/nowa\/?post_type=product&#038;p=7249"},"modified":"2025-11-26T15:59:03","modified_gmt":"2025-11-26T14:59:03","slug":"hashimoto-autor-mark-ryan","status":"publish","type":"product","link":"https:\/\/ziolazycia.com\/nowa\/product\/hashimoto-autor-mark-ryan\/","title":{"rendered":"Jak leczy\u0107 chorob\u0119 Hashimoto. Autor: Mark Ryan"},"content":{"rendered":"<div class=\"markdown markdown-main-panel ui-v2-enabled\" dir=\"ltr\">\n<p data-sourcepos=\"5:1-5:54\"><strong>Ryan podkre\u015bla, \u017ce choroba Hashimoto to nie tylko problem z tarczyc\u0105, ale ca\u0142o\u015bciowe zaburzenie. Dlatego te\u017c proponuje holistyczne podej\u015bcie do tego tematu, kt\u00f3re obejmuje 5 filar\u00f3w holistycznego leczenia:<\/strong><\/p>\n<ol data-sourcepos=\"7:1-12:0\">\n<li data-sourcepos=\"7:1-7:155\"><strong>Diet\u0119:<\/strong> Autor zaleca diet\u0119 eliminacyjn\u0105 opart\u0105 na warzywach i owocach, kt\u00f3ra pomaga zmniejszy\u0107 stan zapalny i zidentyfikowa\u0107 nietolerancje pokarmowe.<\/li>\n<li data-sourcepos=\"8:1-8:118\"><strong>Styl \u017cycia:<\/strong> Ksi\u0105\u017cka zawiera wskaz\u00f3wki dotycz\u0105ce snu, \u0107wicze\u0144 fizycznych, zarz\u0105dzania stresem i redukcji toksyn.<\/li>\n<li data-sourcepos=\"9:1-9:137\"><strong>Suplementacj\u0119:<\/strong> w ksi\u0105\u017cce jest mowa o naturalnych suplementach, kt\u00f3re mog\u0105 pom\u00f3c wzmocni\u0107 uk\u0142ad odporno\u015bciowy i poprawi\u0107 funkcjonowanie tarczycy.<\/li>\n<li data-sourcepos=\"10:1-10:156\"><strong>Terapi\u0119 hormonaln\u0105:<\/strong> Autor omawia r\u00f3\u017cne opcje leczenia hormonalnego i pomaga pacjentom we wsp\u00f3\u0142pracy z lekarzami w celu dobrania odpowiedniej terapii.<\/li>\n<li data-sourcepos=\"11:1-12:0\"><strong>Medycyna naturalna:<\/strong> Ksi\u0105\u017cka zawiera informacje o zio\u0142olecznictwie, akupunkturze i innych holistycznych metodach leczenia.<\/li>\n<\/ol>\n<p data-sourcepos=\"13:1-13:222\"><strong>Autor podkre\u015bla znaczenie indywidualnego podej\u015bcia do leczenia i zach\u0119ca pacjent\u00f3w do aktywnego udzia\u0142u w procesie zdrowienia.<\/strong> Ksi\u0105\u017cka zawiera liczne przyk\u0142ady historii pacjent\u00f3w, praktyczne wskaz\u00f3wki i plany dzia\u0142ania.<\/p>\n<h2 data-sourcepos=\"12:1-12:99\"><strong>Ksi\u0105\u017cka &#8222;Jak leczy\u0107 chorob\u0119 Hashimoto&#8221; zawiera r\u00f3wnie\u017c wiele przydatnych informacji na temat:<\/strong><\/h2>\n<ul data-sourcepos=\"14:1-20:0\">\n<li data-sourcepos=\"14:1-14:31\">Objaw\u00f3w choroby Hashimoto<\/li>\n<li data-sourcepos=\"15:1-15:32\">Przyczyn choroby Hashimoto<\/li>\n<li data-sourcepos=\"16:1-16:35\">Diagnostyki choroby Hashimoto<\/li>\n<li data-sourcepos=\"17:1-17:55\">Konwencjonalnych metod leczenia choroby Hashimoto<\/li>\n<li data-sourcepos=\"18:1-18:55\">Wp\u0142ywu choroby Hashimoto na inne narz\u0105dy i uk\u0142ady<\/li>\n<li data-sourcepos=\"19:1-20:0\">Zapobiegania chorobie Hashimoto<\/li>\n<\/ul>\n<p data-sourcepos=\"9:1-9:28\"><strong>Dodatkowo w ksi\u0105\u017cce &#8222;Jak leczy\u0107 chorob\u0119 Hashimoto&#8221; znajdziecie:<\/strong><\/p>\n<ul data-sourcepos=\"11:1-14:0\">\n<li data-sourcepos=\"11:1-11:159\"><strong>Przyk\u0142ady historii pacjent\u00f3w:<\/strong> Ryan dzieli si\u0119 historiami os\u00f3b, kt\u00f3re z powodzeniem wyleczy\u0142y si\u0119 z choroby Hashimoto stosuj\u0105c jego holistyczne podej\u015bcie.<\/li>\n<li data-sourcepos=\"12:1-12:101\"><strong>Przepisy kulinarne:<\/strong> Ksi\u0105\u017cka zawiera 75 prostych i pysznych przepis\u00f3w zgodnych z zalecan\u0105 diet\u0105.<\/li>\n<li data-sourcepos=\"13:1-14:0\"><strong>Plan 30-dniowego detoksu:<\/strong> Ryan oferuje plan detoksu, kt\u00f3ry pomaga oczy\u015bci\u0107 organizm i zredukowa\u0107 stany zapalne.<\/li>\n<\/ul>\n<p data-sourcepos=\"21:1-21:268\">Tre\u015b\u0107 ksi\u0105\u017cki jest przedstawiona prostym i zrozumia\u0142ym j\u0119zykiem, a autor dzieli si\u0119 w niej r\u00f3wnie\u017c swoj\u0105 osobist\u0105 histori\u0105 walki z chorob\u0105 Hashimoto. To sprawia, \u017ce ksi\u0105\u017cka jest nie tylko cennym \u017ar\u00f3d\u0142em informacji, ale r\u00f3wnie\u017c \u017ar\u00f3d\u0142em wsparcia dla os\u00f3b zmagaj\u0105cych si\u0119 z t\u0105 chorob\u0105.<\/p>\n<p data-sourcepos=\"21:1-21:268\"><strong>Informacja dodatkowa:<\/strong><\/p>\n<ul data-sourcepos=\"35:1-37:0\">\n<li data-sourcepos=\"35:1-35:177\">Na stronie internetowej autora <a class=\"traceable-link\" href=\"https:\/\/marcryan.com\/\" target=\"_blank\" rel=\"noopener noreferrer\">https:\/\/marcryan.com\/<\/a> mo\u017cna znale\u017a\u0107 wi\u0119cej informacji o ksi\u0105\u017cce i holistycznym podej\u015bciu do leczenia choroby Hashimoto.<\/li>\n<li data-sourcepos=\"36:1-37:0\">Istnieje r\u00f3wnie\u017c grupa na Facebooku po\u015bwi\u0119cona ksi\u0105\u017cce &#8222;Jak wyleczy\u0107 chorob\u0119 Hashimoto&#8221; &#8211; <a class=\"traceable-link\" href=\"https:\/\/autoimmune.org\/disease-information\/hashimotos-thyroiditis\/\" target=\"_blank\" rel=\"noopener noreferrer\">https:\/\/autoimmune.org\/disease-information\/hashimotos-thyroiditis\/<\/a><\/li>\n<\/ul>\n<h2 data-sourcepos=\"15:1-15:201\"><strong>&#8222;Jak leczy\u0107 chorob\u0119 Hashimoto&#8221; to cenna pozycja dla ka\u017cdego, kto szuka holistycznego podej\u015bcia do leczenia tej choroby.<\/strong><\/h2>\n<p data-sourcepos=\"15:1-15:201\">Ksi\u0105\u017cka mo\u017ce pom\u00f3c pacjentom w odzyskaniu zdrowia i poprawie jako\u015bci \u017cycia.<\/p>\n<p data-sourcepos=\"35:1-35:10\"><strong>Uwaga:<\/strong><\/p>\n<ul data-sourcepos=\"37:1-38:99\">\n<li data-sourcepos=\"37:1-37:68\">Informacje zawarte w ksi\u0105\u017cce nie zast\u0119puj\u0105 konsultacji z lekarzem.<\/li>\n<li data-sourcepos=\"38:1-38:99\">W przypadku pyta\u0144 lub w\u0105tpliwo\u015bci dotycz\u0105cych leczenia nale\u017cy zawsze skonsultowa\u0107 si\u0119 z lekarzem.<\/li>\n<\/ul>\n<\/div>\n<div class=\"response-footer gap complete\">\n<div class=\"sources-list-container\"><strong>Wydawnictwo<\/strong>: Purana<\/div>\n<div><strong>Rok wydania<\/strong>: 2017<\/div>\n<div><strong>Oprawa<\/strong>: mi\u0119kka<\/div>\n<div><strong>Ilo\u015b\u0107 stron<\/strong>: 406<\/div>\n<div><\/div>\n<\/div>\n","protected":false},"excerpt":{"rendered":"<h2><strong>Ksi\u0105\u017cka &#8222;Jak leczy\u0107 chorob\u0119 Hashimoto&#8221; autorstwa Marca Ryana to holistyczny przewodnik po leczeniu tej autoimmunologicznej choroby tarczycy.<\/strong><\/h2>\n<p>Autor nie tylko opisuje objawy i przyczyny Hashimoto, ale przede wszystkim przedstawia plan dzia\u0142ania, kt\u00f3ry ma na celu przywr\u00f3cenie zdrowia i r\u00f3wnowagi organizmowi.<\/p>\n","protected":false},"featured_media":9762,"comment_status":"open","ping_status":"closed","template":"","meta":[],"product_brand":[],"product_cat":[66],"product_tag":[],"class_list":{"0":"post-7249","1":"product","2":"type-product","3":"status-publish","4":"has-post-thumbnail","6":"product_cat-ksiazki","8":"first","9":"outofstock","10":"taxable","11":"shipping-taxable","12":"purchasable","13":"product-type-simple"},"_links":{"self":[{"href":"https:\/\/ziolazycia.com\/nowa\/wp-json\/wp\/v2\/product\/7249","targetHints":{"allow":["GET"]}}],"collection":[{"href":"https:\/\/ziolazycia.com\/nowa\/wp-json\/wp\/v2\/product"}],"about":[{"href":"https:\/\/ziolazycia.com\/nowa\/wp-json\/wp\/v2\/types\/product"}],"replies":[{"embeddable":true,"href":"https:\/\/ziolazycia.com\/nowa\/wp-json\/wp\/v2\/comments?post=7249"}],"wp:featuredmedia":[{"embeddable":true,"href":"https:\/\/ziolazycia.com\/nowa\/wp-json\/wp\/v2\/media\/9762"}],"wp:attachment":[{"href":"https:\/\/ziolazycia.com\/nowa\/wp-json\/wp\/v2\/media?parent=7249"}],"wp:term":[{"taxonomy":"product_brand","embeddable":true,"href":"https:\/\/ziolazycia.com\/nowa\/wp-json\/wp\/v2\/product_brand?post=7249"},{"taxonomy":"product_cat","embeddable":true,"href":"https:\/\/ziolazycia.com\/nowa\/wp-json\/wp\/v2\/product_cat?post=7249"},{"taxonomy":"product_tag","embeddable":true,"href":"https:\/\/ziolazycia.com\/nowa\/wp-json\/wp\/v2\/product_tag?post=7249"}],"curies":[{"name":"wp","href":"https:\/\/api.w.org\/{rel}","templated":true}]}}