{"id":7244,"date":"2024-02-14T15:06:53","date_gmt":"2024-02-14T14:06:53","guid":{"rendered":"https:\/\/ziolazycia.com\/nowa\/?post_type=product&#038;p=7244"},"modified":"2025-11-26T15:59:03","modified_gmt":"2025-11-26T14:59:03","slug":"kwiatowa-ekologiczna-herbatka-na-patyku-dary-natury","status":"publish","type":"product","link":"https:\/\/ziolazycia.com\/nowa\/product\/kwiatowa-ekologiczna-herbatka-na-patyku-dary-natury\/","title":{"rendered":"Herbatka na patyku Kwiatowa EKO 8 szt. Dary Natury"},"content":{"rendered":"<p>Herbatka na patyku Kwiatowa EKO wykonana zosta\u0142a r\u0119cznie z ekologicznych sk\u0142adnik\u00f3w pozyskanych ze stanu naturalnego lub ogrodu botanicznego. Ro\u015bliny zebrano wed\u0142ug kalendarza biodynamicznego.<\/p>\n<div class=\"presented-response-container ng-tns-c3623575842-47\">\n<div class=\"response-container-content ng-tns-c3623575842-47\">\n<div class=\"response-content ng-tns-c3623575842-47 ng-animate-disabled\">\n<div class=\"markdown markdown-main-panel ui-v2-enabled\" dir=\"ltr\">\n<h2 data-sourcepos=\"30:1-30:111\">Je\u015bli szukasz zdrowej i smacznej herbaty, herbatka na patyku Kwiatowa EKO Dary Natury jest doskona\u0142ym wyborem.<\/h2>\n<\/div>\n<\/div>\n<\/div>\n<\/div>\n<div class=\"menu-button-wrapper ng-star-inserted\"><\/div>\n<p><strong>Sk\u0142ad: <\/strong><strong>\u015alaz<\/strong> wp\u0142ywa koj\u0105co na drogi oddechowe. <strong>Nagietek<\/strong> przyspiesza regeneracj\u0119 organizmu. <strong>Lawenda<\/strong> pomaga si\u0119 zrelaksowa\u0107.<strong>Krwawnik<\/strong> usprawnia trawienie.<\/p>\n<p><strong>Sk\u0142adniki<\/strong>: \u015blaz kwiat*, nagietek kwiat*, b\u0142awatek kwiat*, lawenda kwiat*, krwawnik kwiatostan*, kocanka kwiatostan*, pysznog\u0142\u00f3wka kwiat*.<br \/>\n*produkt rolnictwa ekologicznego.<\/p>\n<h2><strong>Herbatka na patyku Kwiatowa EKO &#8211; spos\u00f3b u\u017cycia:<\/strong><\/h2>\n<p>Jedn\u0105 wi\u0105zk\u0119 herbatki zala\u0107 wrz\u0105tkiem (0,3 \u2013 0,5 l) i pozostawi\u0107 do zaparzenia na oko\u0142o 10-15 minut.<\/p>\n<p><strong>Przechowywanie<\/strong>: Przechowywa\u0107 w suchym i ch\u0142odnym miejscu, w szczelnie zamkni\u0119tym opakowaniu.<\/p>\n<p><strong>Zawarto\u015b\u0107 opakowania<\/strong>: 8 szt. x 5,12 g<\/p>\n<p><strong>Producent:<\/strong><br \/>\nDary Natury Sp. z o. o.<br \/>\nKoryciny 73,<br \/>\n17-315 Grodzisk<\/p>\n<p>&nbsp;<\/p>\n","protected":false},"excerpt":{"rendered":"<p><strong>Herbatka na patyku Kwiatowa EKO Dary Natury<\/strong> to mieszanka suszonych kwiat\u00f3w i zi\u00f3\u0142 o delikatnym, kwiatowym smaku i aromacie kojarz\u0105cym si\u0119 z letnim ogrodem. Jest naturalnie bezkofeinowa i bogata w antyoksydanty.<\/p>\n<p>Zio\u0142a wchodz\u0105ce w sk\u0142ad bukietu delikatnie odpr\u0119\u017caj\u0105 i wp\u0142ywaj\u0105 korzystnie na uk\u0142ad pokarmowy.<\/p>\n","protected":false},"featured_media":9759,"comment_status":"open","ping_status":"closed","template":"","meta":[],"product_brand":[],"product_cat":[79],"product_tag":[],"class_list":{"0":"post-7244","1":"product","2":"type-product","3":"status-publish","4":"has-post-thumbnail","6":"product_cat-ziola-i-herbatki-ziolowe","8":"first","9":"outofstock","10":"sale","11":"taxable","12":"shipping-taxable","13":"purchasable","14":"product-type-simple"},"_links":{"self":[{"href":"https:\/\/ziolazycia.com\/nowa\/wp-json\/wp\/v2\/product\/7244","targetHints":{"allow":["GET"]}}],"collection":[{"href":"https:\/\/ziolazycia.com\/nowa\/wp-json\/wp\/v2\/product"}],"about":[{"href":"https:\/\/ziolazycia.com\/nowa\/wp-json\/wp\/v2\/types\/product"}],"replies":[{"embeddable":true,"href":"https:\/\/ziolazycia.com\/nowa\/wp-json\/wp\/v2\/comments?post=7244"}],"wp:featuredmedia":[{"embeddable":true,"href":"https:\/\/ziolazycia.com\/nowa\/wp-json\/wp\/v2\/media\/9759"}],"wp:attachment":[{"href":"https:\/\/ziolazycia.com\/nowa\/wp-json\/wp\/v2\/media?parent=7244"}],"wp:term":[{"taxonomy":"product_brand","embeddable":true,"href":"https:\/\/ziolazycia.com\/nowa\/wp-json\/wp\/v2\/product_brand?post=7244"},{"taxonomy":"product_cat","embeddable":true,"href":"https:\/\/ziolazycia.com\/nowa\/wp-json\/wp\/v2\/product_cat?post=7244"},{"taxonomy":"product_tag","embeddable":true,"href":"https:\/\/ziolazycia.com\/nowa\/wp-json\/wp\/v2\/product_tag?post=7244"}],"curies":[{"name":"wp","href":"https:\/\/api.w.org\/{rel}","templated":true}]}}