{"id":7235,"date":"2024-02-14T14:42:21","date_gmt":"2024-02-14T13:42:21","guid":{"rendered":"https:\/\/ziolazycia.com\/nowa\/?post_type=product&#038;p=7235"},"modified":"2025-11-26T15:59:03","modified_gmt":"2025-11-26T14:59:03","slug":"witamina-d3-forte-witamina-slonca-d3-forte-w-kroplach-30-ml","status":"publish","type":"product","link":"https:\/\/ziolazycia.com\/nowa\/product\/witamina-d3-forte-witamina-slonca-d3-forte-w-kroplach-30-ml\/","title":{"rendered":"Witamina s\u0142o\u0144ca D3 Forte w kroplach 20 ml"},"content":{"rendered":"<p><strong>Witamina D:<\/strong><\/p>\n<p>-pomaga w prawid\u0142owym funkcjonowaniu\u00a0uk\u0142adu odporno\u015bciowego<\/p>\n<p>-pomaga w prawid\u0142owym\u00a0wch\u0142anianiu\/wykorzystywaniu wapnia i fosforu<\/p>\n<p>-pomaga w utrzymaniu\u00a0rozwoju ko\u015b\u0107ca i uz\u0119bienia<\/p>\n<p>-pomaga w prawid\u0142owym\u00a0funkcjonowaniu i regeneracji mi\u0119\u015bni<\/p>\n<p>-bierze udzia\u0142 w\u00a0procesie podzia\u0142u kom\u00f3rek<\/p>\n<p><strong>Witamina D3 wyst\u0119puj\u0105cej w tym suplemencie:<\/strong><\/p>\n<p>&#8211; pozyskiwana jest z lanoliny z we\u0142ny owczej (ekstrahowana za pomoc\u0105 na\u015bwietlania promieniami UV).<\/p>\n<p>&#8211; zosta\u0142a rozpuszczona w oleju MCT,<\/p>\n<p>&#8211; niweluje niedob\u00f3r witaminy w organizmie oraz korzystnie wp\u0142ywa na samopoczucie.<\/p>\n<p><strong>Zawarto\u015b\u0107 opakowania<\/strong>:\u00a020 ml<\/p>\n<p><strong>Dzienne spo\u017cycie<\/strong>:\u00a01 kropla<\/p>\n<p><strong>Sk\u0142adniki aktywne:<\/strong><\/p>\n<table width=\"100%\">\n<thead>\n<tr>\n<td><\/td>\n<td width=\"23%\">1 kropla<\/td>\n<td width=\"1%\"><\/td>\n<\/tr>\n<\/thead>\n<tbody>\n<tr>\n<td>\n<table>\n<tbody>\n<tr>\n<td width=\"398\">Witamina D3<\/td>\n<td width=\"1\"><\/td>\n<\/tr>\n<tr>\n<td width=\"398\"><\/td>\n<td width=\"1\"><\/td>\n<\/tr>\n<\/tbody>\n<\/table>\n<\/td>\n<td width=\"23%\">2000 j.m.<\/p>\n<p>&nbsp;<\/p>\n<p>&nbsp;<\/td>\n<td width=\"1%\"><\/td>\n<\/tr>\n<\/tbody>\n<\/table>\n<p><strong>Sk\u0142adniki:<\/strong> Olej MCT (z kokosa, 95%), przeciwutleniacz: tokoferol (naturalna\u00a0witamina E), cholekalcyferol (witamina D3).<\/p>\n<h2>Witamina s\u0142o\u0144ca D3 Forte &#8211; spos\u00f3b u\u017cycia:<\/h2>\n<p>1 kropla dziennie na \u0142y\u017ceczce lub bezpo\u015brednio do ust.<\/p>\n<p>Nie przekracza\u0107 zalecanej porcji do spo\u017cycia w ci\u0105gu dnia. Produkt nie mo\u017ce by\u0107 stosowany jako substytut zr\u00f3\u017cnicowanej diety. Wa\u017cne jest stosowanie zr\u00f3\u017cnicowanej i zbilansowanej diety oraz prowadzenie zdrowego trybu \u017cycia.<\/p>\n<p><strong>Przechowywanie:<\/strong><br \/>\nPo otwarciu przechowywa\u0107 w suchym i ciemnym miejscu, z dala od ma\u0142ych dzieci.<\/p>\n<p><strong>Producent<\/strong><br \/>\nDr. Jacob&#8217;s Medical GmbH, Niemcy.<\/p>\n<p>&nbsp;<\/p>\n<p>&nbsp;<\/p>\n","protected":false},"excerpt":{"rendered":"<p><strong>Suplement diety<\/strong><\/p>\n<p>G\u0142\u00f3wnym sk\u0142adnikiem suplementu diety Witamina s\u0142o\u0144ca D3 Forte &#8211; 20 ml jest jest witamina D rozpuszczalna w t\u0142uszczach (w tym przypadku jest to olej MCT).<\/p>\n","protected":false},"featured_media":9756,"comment_status":"open","ping_status":"closed","template":"","meta":[],"product_brand":[],"product_cat":[72],"product_tag":[],"class_list":{"0":"post-7235","1":"product","2":"type-product","3":"status-publish","4":"has-post-thumbnail","6":"product_cat-suplementy-diety","8":"first","9":"instock","10":"sale","11":"taxable","12":"shipping-taxable","13":"purchasable","14":"product-type-simple"},"_links":{"self":[{"href":"https:\/\/ziolazycia.com\/nowa\/wp-json\/wp\/v2\/product\/7235","targetHints":{"allow":["GET"]}}],"collection":[{"href":"https:\/\/ziolazycia.com\/nowa\/wp-json\/wp\/v2\/product"}],"about":[{"href":"https:\/\/ziolazycia.com\/nowa\/wp-json\/wp\/v2\/types\/product"}],"replies":[{"embeddable":true,"href":"https:\/\/ziolazycia.com\/nowa\/wp-json\/wp\/v2\/comments?post=7235"}],"wp:featuredmedia":[{"embeddable":true,"href":"https:\/\/ziolazycia.com\/nowa\/wp-json\/wp\/v2\/media\/9756"}],"wp:attachment":[{"href":"https:\/\/ziolazycia.com\/nowa\/wp-json\/wp\/v2\/media?parent=7235"}],"wp:term":[{"taxonomy":"product_brand","embeddable":true,"href":"https:\/\/ziolazycia.com\/nowa\/wp-json\/wp\/v2\/product_brand?post=7235"},{"taxonomy":"product_cat","embeddable":true,"href":"https:\/\/ziolazycia.com\/nowa\/wp-json\/wp\/v2\/product_cat?post=7235"},{"taxonomy":"product_tag","embeddable":true,"href":"https:\/\/ziolazycia.com\/nowa\/wp-json\/wp\/v2\/product_tag?post=7235"}],"curies":[{"name":"wp","href":"https:\/\/api.w.org\/{rel}","templated":true}]}}