{"id":7232,"date":"2024-02-14T14:39:46","date_gmt":"2024-02-14T13:39:46","guid":{"rendered":"https:\/\/ziolazycia.com\/nowa\/?post_type=product&#038;p=7232"},"modified":"2025-11-26T15:59:02","modified_gmt":"2025-11-26T14:59:02","slug":"cukrzyca-u-dzieci-autor-rechel-besser","status":"publish","type":"product","link":"https:\/\/ziolazycia.com\/nowa\/product\/cukrzyca-u-dzieci-autor-rechel-besser\/","title":{"rendered":"Cukrzyca u dzieci. Po drugiej stronie lustra Autor: Rachel Besser"},"content":{"rendered":"<h2 data-sourcepos=\"5:1-5:20\"><strong>W ksi\u0105\u017cce Rachel Besser &#8222;Cukrzyca u dzieci&#8221; znajdziemy:<br \/>\n<\/strong><\/h2>\n<ul data-sourcepos=\"7:1-11:0\">\n<li data-sourcepos=\"7:1-7:141\"><strong>Informacje o cukrzycy typu 1:<\/strong> Autorka wyja\u015bnia czym jest cukrzyca typu 1. Jakie s\u0105 jej objawy i przyczyny, jak j\u0105 diagnozowa\u0107 i leczy\u0107.<\/li>\n<li data-sourcepos=\"8:1-8:216\"><strong>Porady dotycz\u0105ce codziennej opieki nad dzieckiem z cukrzyc\u0105:<\/strong> Besser opisuje, jak monitorowa\u0107 poziom cukru we krwi oraz jak podawa\u0107 insulin\u0119. Dodatkowo przekazuje tak\u017ce zalecenia jak komponowa\u0107 codzienne posi\u0142ki i jak radzi\u0107 sobie z hipoglikemi\u0105 oraz hiperglikemi\u0105.<\/li>\n<li data-sourcepos=\"9:1-9:253\"><strong>Wsparcie psychologiczne:<\/strong> Rachel Besser porusza kwestie emocjonalne zwi\u0105zane z cukrzyc\u0105, takie jak l\u0119k, depresja i poczucie wyobcowania. Oferuje wskaz\u00f3wki, jak pom\u00f3c dziecku poradzi\u0107 sobie z chorob\u0105 i jak budowa\u0107 pozytywn\u0105 relacj\u0119 z personelem medycznym.<\/li>\n<li data-sourcepos=\"10:1-11:0\"><strong>Historie innych rodzin:<\/strong> Ksi\u0105\u017cka zawiera historie innych rodzin, kt\u00f3re zmagaj\u0105 si\u0119 z cukrzyc\u0105 u dzieci. Te historie mog\u0105 pom\u00f3c rodzicom i opiekunom poczu\u0107 si\u0119 mniej osamotnionymi i znale\u017a\u0107 inspiracj\u0119.<\/li>\n<\/ul>\n<h2 data-sourcepos=\"12:1-12:81\"><strong>Przewodnik &#8222;Cukrzyca u dzieci. Po drugiej stronie lustra&#8221; jest przeznaczony dla:<\/strong><\/h2>\n<ul data-sourcepos=\"14:1-17:0\">\n<li data-sourcepos=\"14:1-14:171\"><strong>Rodzic\u00f3w i opiekun\u00f3w dzieci z cukrzyc\u0105 typu 1:<\/strong> Ksi\u0105\u017cka oferuje rzetelne informacje i praktyczne wskaz\u00f3wki, kt\u00f3re pomog\u0105 w codziennej opiece nad dzieckiem z cukrzyc\u0105.<\/li>\n<li data-sourcepos=\"15:1-15:132\"><strong>Dzieci i m\u0142odzie\u017cy z cukrzyc\u0105 typu 1:<\/strong> Ksi\u0105\u017cka mo\u017ce pom\u00f3c dzieciom i m\u0142odzie\u017cy zrozumie\u0107 swoj\u0105 chorob\u0119 i nauczy\u0107 si\u0119 z ni\u0105 \u017cy\u0107.<\/li>\n<li data-sourcepos=\"16:1-17:0\"><strong>Personelu medycznego:<\/strong> Publikacja mo\u017ce by\u0107 cennym \u017ar\u00f3d\u0142em informacji dla lekarzy, piel\u0119gniarek i innych os\u00f3b zajmuj\u0105cych si\u0119 leczeniem dzieci z cukrzyc\u0105.<\/li>\n<\/ul>\n<p data-sourcepos=\"33:1-33:10\"><strong>Uwaga: <\/strong>Pami\u0119taj, \u017ce przed rozpocz\u0119ciem jakiegokolwiek leczenia, w tym stosowania holistycznych metod, nale\u017cy skonsultowa\u0107 si\u0119 z lekarzem.<\/p>\n<p><strong>Wydawnictwo<\/strong>: Mada<br \/>\n<strong>Rok wydania<\/strong>: 2013<br \/>\n<strong>Ok\u0142adka:<\/strong> mi\u0119kka<br \/>\n<strong>Ilo\u015b\u0107 stron: <\/strong>307<br \/>\n<strong>Format [mm]: <\/strong>145 x 202<strong><br \/>\n<\/strong><\/p>\n","protected":false},"excerpt":{"rendered":"<h2><strong>Ksi\u0105\u017cka &#8222;Cukrzyca u dzieci. Po drugiej stronie lustra&#8221; autorstwa Rachel Besser to przewodnik dla rodzic\u00f3w i opiekun\u00f3w dzieci z cukrzyc\u0105 typu 1.<\/strong><\/h2>\n<p>&nbsp;<\/p>\n<p>&nbsp;<\/p>\n<p>&nbsp;<\/p>\n<p>Autorka, kt\u00f3ra sama jest pediatr\u0105 i cukrzykiem od dzieci\u0144stwa, dzieli si\u0119 swoj\u0105 wiedz\u0105 i do\u015bwiadczeniem, aby pom\u00f3c rodzinom w radzeniu sobie z t\u0105 chorob\u0105.<\/p>\n","protected":false},"featured_media":9754,"comment_status":"open","ping_status":"closed","template":"","meta":[],"product_brand":[],"product_cat":[66],"product_tag":[],"class_list":{"0":"post-7232","1":"product","2":"type-product","3":"status-publish","4":"has-post-thumbnail","6":"product_cat-ksiazki","8":"first","9":"outofstock","10":"taxable","11":"shipping-taxable","12":"purchasable","13":"product-type-simple"},"_links":{"self":[{"href":"https:\/\/ziolazycia.com\/nowa\/wp-json\/wp\/v2\/product\/7232","targetHints":{"allow":["GET"]}}],"collection":[{"href":"https:\/\/ziolazycia.com\/nowa\/wp-json\/wp\/v2\/product"}],"about":[{"href":"https:\/\/ziolazycia.com\/nowa\/wp-json\/wp\/v2\/types\/product"}],"replies":[{"embeddable":true,"href":"https:\/\/ziolazycia.com\/nowa\/wp-json\/wp\/v2\/comments?post=7232"}],"wp:featuredmedia":[{"embeddable":true,"href":"https:\/\/ziolazycia.com\/nowa\/wp-json\/wp\/v2\/media\/9754"}],"wp:attachment":[{"href":"https:\/\/ziolazycia.com\/nowa\/wp-json\/wp\/v2\/media?parent=7232"}],"wp:term":[{"taxonomy":"product_brand","embeddable":true,"href":"https:\/\/ziolazycia.com\/nowa\/wp-json\/wp\/v2\/product_brand?post=7232"},{"taxonomy":"product_cat","embeddable":true,"href":"https:\/\/ziolazycia.com\/nowa\/wp-json\/wp\/v2\/product_cat?post=7232"},{"taxonomy":"product_tag","embeddable":true,"href":"https:\/\/ziolazycia.com\/nowa\/wp-json\/wp\/v2\/product_tag?post=7232"}],"curies":[{"name":"wp","href":"https:\/\/api.w.org\/{rel}","templated":true}]}}