{"id":723,"date":"2022-11-25T08:31:03","date_gmt":"2022-11-25T07:31:03","guid":{"rendered":"https:\/\/ziolazycia.com\/nowa\/?post_type=product&#038;p=723"},"modified":"2025-11-26T15:58:14","modified_gmt":"2025-11-26T14:58:14","slug":"olejek-eteryczny-doterra-cedarwood-cedr-15-ml","status":"publish","type":"product","link":"https:\/\/ziolazycia.com\/nowa\/product\/olejek-eteryczny-doterra-cedarwood-cedr-15-ml\/","title":{"rendered":"doTERRA Olejek eteryczny CEDARWOOD (Olejek z drzewa cedrowego) 15 ml\u00a0"},"content":{"rendered":"<div class=\"_5pbx userContent _3576\" data-testid=\"post_message\" data-ft=\"{&quot;tn&quot;:&quot;K&quot;}\">\n<div class=\"text_exposed_root text_exposed\">\n<p><strong>Sk\u0142adniki: <\/strong>cx cedrene, cedrol, tujosenne.<\/p>\n<p><strong>Aromat: <\/strong>zielny, kamforowy, ciep\u0142y,<\/p>\n<h2>Zastosowania olejku doTERRA Cedarwood:<strong><br \/>\n<\/strong><\/h2>\n<ul>\n<li>do masa\u017cu &#8211; dzia\u0142a koj\u0105co, relaksuj\u0105co i dezynfekuj\u0105co na sk\u00f3r\u0119, masa\u017c g\u0142owy nie tylko odpr\u0119\u017cy ale tak\u017ce poprawi jako\u015b\u0107 w\u0142os\u00f3w,<\/li>\n<li>podczas zabiegu na twarz dodaj od jednej do dw\u00f3ch kropli i stw\u00f3rz tonik do twarzy lub krem nawil\u017caj\u0105cy w celu utrzymania czystej, zdrowej sk\u00f3ry,<\/li>\n<li>dodanie olejku cedrowego do ulubionych balsam\u00f3w i produkt\u00f3w do piel\u0119gnacji sk\u00f3ry poprawi cer\u0119, zmniejszy zmarszczki, od\u015bwie\u017cy; mo\u017cesz r\u00f3wnie\u017c doda\u0107 kilka kropel do szamponu i od\u017cywki a efekty b\u0119d\u0105 szybko widoczne,<\/li>\n<li>na\u0142\u00f3\u017c jedn\u0105 kropl\u0119 np. na chusteczk\u0119 i pozostaw w szafie zapewniaj\u0105c od\u015bwie\u017caj\u0105cy zapach w jej wn\u0119trzu,<\/li>\n<li>dodaj olejek z drzewa cedrowego do k\u0105pieli, a uzyskasz relaksuj\u0105ce spa,<\/li>\n<li>zastosuj do dyfuzora,<\/li>\n<li>zastosowanie miejscowe: Do masa\u017cu wymieszaj 5 kropli z 10 ml no\u015bnika olejku frakcjonowanego\u00a0 Do k\u0105pieli wymieszaj 5 kropli z 5 ml olejku no\u015bnikowego. Jako perfumy lub aromat do \u0142azienki: wymieszaj 1 kropl\u0119 z 10 kroplami olejku no\u015bnikowego.<\/li>\n<\/ul>\n<p><strong>\u015arodki ostro\u017cno\u015bci: <\/strong>Mo\u017cliwa wra\u017cliwo\u015b\u0107 sk\u00f3ry. Trzyma\u0107 poza zasi\u0119giem dzieci. Gdy jeste\u015b w ci\u0105\u017cy, karmisz piersi\u0105 lub jeste\u015b pod opiek\u0105 lekarza skonsultuj si\u0119 z lekarzem. Unikaj kontaktu z oczami wewn\u0119trznymi cz\u0119\u015bciami uszu i wra\u017cliwymi obszarami cia\u0142a.<\/p>\n<p><strong>Pojemno\u015b\u0107<\/strong>: 15 ml (buteleczka z ciemnego szk\u0142a).<\/p>\n<p><strong>UWAGA:<\/strong><\/p>\n<div id=\"box_description\" class=\"box tab\">\n<div class=\"innerbox\">\n<div class=\"resetcss\">\n<p><span style=\"font-size: 8pt;\">Opis i w\u0142a\u015bciwo\u015bci olejk\u00f3w opisane na stronie maj\u0105 wy\u0142\u0105cznie charakter informacyjny. W razie choroby lub problem\u00f3w ze zdrowiem skontaktuj si\u0119 z lekarzem i zastosuj si\u0119 do jego zalece\u0144 i wskaz\u00f3wek. W \u017cadnym wypadku kuracje olejkami nie zast\u0119puj\u0105 leczenia prowadzonego przez lekarza. Olejki nie s\u0105 lekami, suplementami diety ani \u017cywno\u015bci\u0105 specjalnego przeznaczenia! Zastosowanie produkt\u00f3w, olejk\u00f3w le\u017c\u0105 wy\u0142\u0105cznie w gestii, inwencji kupuj\u0105cego. Olejki doTERRA posiadaj\u0105 certyfikat doTERRA CPTG Certified Pure Tested Grade\u00ae. Olejki te s\u0105 czystymi, naturalnymi aromatycznymi zwi\u0105zkami starannie wyekstrahowanymi z ro\u015blin. Nie zawieraj\u0105 sztucznych sk\u0142adnik\u00f3w ani wype\u0142niaczy, kt\u00f3re os\u0142abi\u0142yby ich czynne w\u0142a\u015bciwo\u015bci oraz nie zawieraj\u0105 zanieczyszcze\u0144 i innych pozosta\u0142o\u015bci chemicznych. Certyfikat ten oznacza, \u017ce olejek zosta\u0142 poddany rygorystycznym procesom testowym, kt\u00f3re oceniaj\u0105 czysto\u015b\u0107 i moc olejk\u00f3w eterycznych. Je\u015bli oleje zostan\u0105 przetestowane w systemie CPTG i oka\u017c\u0105 si\u0119 czyste i mocne, s\u0105 one nast\u0119pnie sprzedawane jako pojedyncze oleje lub stosowane w mieszankach olejk\u00f3w eterycznych, takich jak mieszanka doTERRA Purify.<\/span><\/p>\n<p><strong>Producent:<\/strong> doTERRA.<\/p>\n<\/div>\n<\/div>\n<\/div>\n<\/div>\n<\/div>\n","protected":false},"excerpt":{"rendered":"<div id=\"js_5ym\" class=\"_5pbx userContent _3576\" data-testid=\"post_message\" data-ft=\"{&quot;tn&quot;:&quot;K&quot;}\">\n<div id=\"id_5d3c579dcca249362386394\" class=\"text_exposed_root text_exposed\">\n<p>Olejek cedrowy znany jest z najstarszych dokument\u00f3w, szczeg\u00f3lnie babilo\u0144skich i egipskich. Z drewna cedrowego budowano \u015bwi\u0105tynie. Charakteryzuj\u0105cy si\u0119 bogat\u0105 nut\u0105 i przyjemnym, le\u015bnym zapachem olejek eteryczny z drzewa cedrowego zapewnia niezliczone korzy\u015bci naszej sk\u00f3rze. Ponadto olejek eteryczny z drzewa cedrowego jest ceniony za dzia\u0142anie przywracaj\u0105ce r\u00f3wnowag\u0119 emocjonaln\u0105. Pomaga te\u017c stworzy\u0107 odpr\u0119\u017caj\u0105c\u0105 atmosfer\u0119 na koniec d\u0142ugiego dnia. Olejek doTERRA Cedarwood zapewnia dobre samopoczucie i odpr\u0119\u017cenie.<\/p>\n<\/div>\n<p>&nbsp;<\/p>\n<\/div>\n","protected":false},"featured_media":9357,"comment_status":"closed","ping_status":"closed","template":"","meta":[],"product_brand":[],"product_cat":[69,125,67,119],"product_tag":[],"class_list":{"0":"post-723","1":"product","2":"type-product","3":"status-publish","4":"has-post-thumbnail","6":"product_cat-doterra-olejki-eteryczne-pojedyncze","7":"product_cat-doterra-oe-poj","8":"product_cat-produkty-doterra","9":"product_cat-doterra-produkty","11":"first","12":"instock","13":"sale","14":"taxable","15":"shipping-taxable","16":"purchasable","17":"product-type-simple"},"_links":{"self":[{"href":"https:\/\/ziolazycia.com\/nowa\/wp-json\/wp\/v2\/product\/723","targetHints":{"allow":["GET"]}}],"collection":[{"href":"https:\/\/ziolazycia.com\/nowa\/wp-json\/wp\/v2\/product"}],"about":[{"href":"https:\/\/ziolazycia.com\/nowa\/wp-json\/wp\/v2\/types\/product"}],"replies":[{"embeddable":true,"href":"https:\/\/ziolazycia.com\/nowa\/wp-json\/wp\/v2\/comments?post=723"}],"wp:featuredmedia":[{"embeddable":true,"href":"https:\/\/ziolazycia.com\/nowa\/wp-json\/wp\/v2\/media\/9357"}],"wp:attachment":[{"href":"https:\/\/ziolazycia.com\/nowa\/wp-json\/wp\/v2\/media?parent=723"}],"wp:term":[{"taxonomy":"product_brand","embeddable":true,"href":"https:\/\/ziolazycia.com\/nowa\/wp-json\/wp\/v2\/product_brand?post=723"},{"taxonomy":"product_cat","embeddable":true,"href":"https:\/\/ziolazycia.com\/nowa\/wp-json\/wp\/v2\/product_cat?post=723"},{"taxonomy":"product_tag","embeddable":true,"href":"https:\/\/ziolazycia.com\/nowa\/wp-json\/wp\/v2\/product_tag?post=723"}],"curies":[{"name":"wp","href":"https:\/\/api.w.org\/{rel}","templated":true}]}}