{"id":7229,"date":"2024-02-14T14:37:50","date_gmt":"2024-02-14T13:37:50","guid":{"rendered":"https:\/\/ziolazycia.com\/nowa\/?post_type=product&#038;p=7229"},"modified":"2025-11-26T15:59:01","modified_gmt":"2025-11-26T14:59:01","slug":"cordyceps-proszek-100g","status":"publish","type":"product","link":"https:\/\/ziolazycia.com\/nowa\/product\/cordyceps-proszek-100g\/","title":{"rendered":"BIO Cordyceps w proszku 100g"},"content":{"rendered":"<p>Mo\u017cna powiedzie\u0107, \u017ce to brat bli\u017cniak Cordycepsu sinensis &#8211; posiada on bowiem te same substancje aktywne. Identyczny jest te\u017c spos\u00f3b u\u017cycia.<\/p>\n<p>Grzyb Cordyceps stosowany jest w celu wspierania witalno\u015bci, szczeg\u00f3lnie w przypadku os\u00f3b nara\u017conych na du\u017ce zm\u0119czenie, wyczerpanych czy te\u017c sportowc\u00f3w wydatkuj\u0105cych du\u017ce ilo\u015bci energii. Mo\u017ce tak\u017ce korzystnie wp\u0142ywa\u0107 na prawid\u0142owo\u015b\u0107 funkcjonowanie uk\u0142adu odporno\u015bciowego.<\/p>\n<p><strong>Zawarto\u015b\u0107 opakowania<\/strong>:\u00a0100g proszek<\/p>\n<p><strong>Dzienne spo\u017cycie<\/strong>:\u00a02g<\/p>\n<p><strong>Sk\u0142adniki<\/strong>: BIO proszek z owocnik\u00f3w Cordyceps militaris (biomasa\/powder). Proszek zawiera oko\u0142o 0,5 &#8211; 3% polisacharyd\u00f3w.<\/p>\n<h2>BIO Cordyceps w proszku 100g &#8211; spos\u00f3b u\u017cycia:<\/h2>\n<p>1 &#8211; 3 g dziennie, co najmniej p\u00f3\u0142 godziny przed posi\u0142kiem, wymiesza\u0107 w oko\u0142o 100 ml wody i wypi\u0107 (1 r\u00f3wna \u0142y\u017ceczka = 2 g proszku).<\/p>\n<p>Stosowa\u0107 w systemie 5\/2<\/p>\n<p>Podczas stosowania grzyb\u00f3w leczniczych zaleca si\u0119 zwi\u0119kszenie spo\u017cycia witaminy C, kt\u00f3ra zwi\u0119ksza wch\u0142anianie substancji czynnych zawartych w Cordycepsie.<\/p>\n<p>Ostrze\u017cenie:Produkt nie jest przeznaczony dla dzieci poni\u017cej 3 lat, dla kobiet w ci\u0105\u017cy i\u00a0karmi\u0105cych piersi\u0105.<\/p>\n<p>Nie przekracza\u0107 zalecanej porcji do spo\u017cycia w ci\u0105gu dnia. Produkt nie mo\u017ce by\u0107 stosowany jako substytut zr\u00f3\u017cnicowanej diety. Wa\u017cne jest stosowanie zr\u00f3\u017cnicowanej i zbilansowanej diety oraz prowadzenie zdrowego trybu \u017cycia.<\/p>\n<p><strong>Przechowywanie:<\/strong><br \/>\nPo otwarciu przechowywa\u0107 w suchym i ciemnym miejscu, z dala od ma\u0142ych dzieci.<\/p>\n<p><strong>Producent:<\/strong><br \/>\nTCM Brand Sp. z\u00a0o. o<br \/>\nul. Winnicka 52<br \/>\n30-394 Krak\u00f3w<\/p>\n","protected":false},"excerpt":{"rendered":"<p><strong>Suplement diety<\/strong><\/p>\n<p>G\u0142\u00f3wnym sk\u0142adnikiem suplementu diety <strong>BIO Cordyceps w proszku 100g\u00a0<\/strong> jest Cordyceps militaris (maczu\u017cnik bojowy, kordyceps). Jest\u00a0 on jednym z najcenniejszych grzyb\u00f3w u\u017cywanych do harmonizowania zar\u00f3wno duszy, jak i cia\u0142a. Ten paso\u017cytniczy grzyb jest bogatym \u017ar\u00f3d\u0142em betaglukan\u00f3w, minera\u0142\u00f3w, pierwiastk\u00f3w \u015bladowych i witamin.<\/p>\n","protected":false},"featured_media":9752,"comment_status":"open","ping_status":"closed","template":"","meta":[],"product_brand":[],"product_cat":[72],"product_tag":[],"class_list":{"0":"post-7229","1":"product","2":"type-product","3":"status-publish","4":"has-post-thumbnail","6":"product_cat-suplementy-diety","8":"first","9":"instock","10":"sale","11":"taxable","12":"shipping-taxable","13":"purchasable","14":"product-type-simple"},"_links":{"self":[{"href":"https:\/\/ziolazycia.com\/nowa\/wp-json\/wp\/v2\/product\/7229","targetHints":{"allow":["GET"]}}],"collection":[{"href":"https:\/\/ziolazycia.com\/nowa\/wp-json\/wp\/v2\/product"}],"about":[{"href":"https:\/\/ziolazycia.com\/nowa\/wp-json\/wp\/v2\/types\/product"}],"replies":[{"embeddable":true,"href":"https:\/\/ziolazycia.com\/nowa\/wp-json\/wp\/v2\/comments?post=7229"}],"wp:featuredmedia":[{"embeddable":true,"href":"https:\/\/ziolazycia.com\/nowa\/wp-json\/wp\/v2\/media\/9752"}],"wp:attachment":[{"href":"https:\/\/ziolazycia.com\/nowa\/wp-json\/wp\/v2\/media?parent=7229"}],"wp:term":[{"taxonomy":"product_brand","embeddable":true,"href":"https:\/\/ziolazycia.com\/nowa\/wp-json\/wp\/v2\/product_brand?post=7229"},{"taxonomy":"product_cat","embeddable":true,"href":"https:\/\/ziolazycia.com\/nowa\/wp-json\/wp\/v2\/product_cat?post=7229"},{"taxonomy":"product_tag","embeddable":true,"href":"https:\/\/ziolazycia.com\/nowa\/wp-json\/wp\/v2\/product_tag?post=7229"}],"curies":[{"name":"wp","href":"https:\/\/api.w.org\/{rel}","templated":true}]}}