{"id":7226,"date":"2024-02-14T14:36:18","date_gmt":"2024-02-14T13:36:18","guid":{"rendered":"https:\/\/ziolazycia.com\/nowa\/?post_type=product&#038;p=7226"},"modified":"2025-11-26T15:59:01","modified_gmt":"2025-11-26T14:59:01","slug":"larens-concealer-liquid-colour-glow-01-10-ml","status":"publish","type":"product","link":"https:\/\/ziolazycia.com\/nowa\/product\/larens-concealer-liquid-colour-glow-01-10-ml\/","title":{"rendered":"Larens Colour Liquid Concealer Glow 01 &#8211; Roz\u015bwietlaj\u0105cy korektor w p\u0142ynie jasny 01 10 ml"},"content":{"rendered":"<p>Zawiera kombinacj\u0119 sk\u0142adnik\u00f3w aktywnych o dzia\u0142aniu nawil\u017caj\u0105cym, przeciwstarzeniowym oraz niweluj\u0105cym opuchlizn\u0119 pod oczami, a tak\u017ce koj\u0105cym podra\u017cnienia.<\/p>\n<h2>O wyj\u0105tkowo\u015bci Larens Colour Liquid Concealer \u015bwiadcz\u0105 zawarte w kosmetyku cenne sk\u0142adniki aktywne.<\/h2>\n<p>W\u015br\u00f3d nich mo\u017cemy wymieni\u0107: Phytodermina H Lifting\u2122, kolagen liposomalny (Liposomal Collagen Complex), kwas hialuronowy liposomalny oraz kwas hialuronowy wysoko i niskocz\u0105steczkowy. W korektorze roz\u015bwietlaj\u0105cym Larens znajdziemy tak\u017ce ekstrakt z w\u0105kroty azjatyckiej, ekstrakt z korzenia \u017ce\u0144-szenia, woda kokosowa, ekstrakt z arniki, ekstrakt z ruszczyku kolczastego, ekstrakt z zielonej herbaty, wyci\u0105g z algi z\u0142otej Laminaria ochroleuca, d-panthenol, estry mas\u0142a shea, olej jojoba i naturalne filtry UV.<\/p>\n<p><strong>Zawarto\u015b\u0107 opakowania:<\/strong>\u00a0 10 ml<\/p>\n<p><strong>Sk\u0142ad:<\/strong> Aqua, Titanium Dioxide, Simmondsia Chinensis Seed Oil, Pentylene Glycol, Coconut Alkanes, Propanediol, Caprylic\/Capric Triglyceride, Hexyl Laurate, Polyglyceryl-4 Isostearate, Cetyl PEG\/PPG-10\/1 Dimethicone, Lauroyl Lysine, Isododecane, Hydrogenated Polycyclopentadiene, Dimethicone, Boron Nitride, Glycerin, Mica, Isoamyl p-Methoxycinnamate, Phosphatidylcholine, Collagen, Elastin, Collagen Amino Acids, Elastin Amino Acids, Arginine\/Lysine Polypeptide, Palmitoyl Oligopeptide, Sodium Hyaluronate, Shea Butter Ethyl Esters, Panax Ginseng Root Extract, Laminaria Ochroleuca Extract, Centella Asiatica Leaf Extract, Arnica Montana Flower Extract, Ruscus Aculeatus Root Extract, Camellia Sinensis Leaf Extract, Cocos Nucifera Water, Panthenol, Tocopherol, Tocopheryl Acetate, Propylene Glycol, Butylene Glycol, Polyglyceryl-6 Polyricinoleate, Sodium Chloride, Lactic Acid, Hydrogenated Vegetable Oil, Glycine Soja Oil, Paraffin, Cera Microcristallina, Jojoba Esters, Silica, Trimethylsiloxysilicate, Sodium Benzoate, Potassium Sorbate, Dehydroacetic Acid, Benzyl Alcohol, Tapioca Starch, Citric Acid, Parfum, +\/- CI 77499, CI 77492, CI 77491.<\/p>\n<h2><strong>Spos\u00f3b u\u017cycia\u00a0 Larens Colour Liquid Concealer:<\/strong><\/h2>\n<p>Nanie\u015b za pomoc\u0105 do\u0142\u0105czonego aplikatora na niedoskona\u0142o\u015bci sk\u00f3ry oraz na sk\u00f3r\u0119 pod oczami. Delikatnie wklep palcami lub Beauty Blenderem, dok\u0142adnie rozmyj kolor na brzegach, a\u017c do uzyskania po\u017c\u0105danego efektu krycia.<\/p>\n<p><strong>Przechowywanie: <\/strong>Przechowywa\u0107 w spos\u00f3b niedost\u0119pny dla ma\u0142ych dzieci.<\/p>\n<p><strong>Producent:<\/strong><br \/>\nWell4U<\/p>\n","protected":false},"excerpt":{"rendered":"<h2>Roz\u015bwietlaj\u0105cy korektor w p\u0142ynie Larens Colour Liquid Concealer zosta\u0142 stworzony do tuszowania niedoskona\u0142o\u015bci cery.<\/h2>\n<p>Jest niezawodny w wyr\u00f3wnywaniu kolorytu. Pozostawia sk\u00f3r\u0119 g\u0142adk\u0105 z efektem subtelnego \u015bwietlistego wyko\u0144czenia.<\/p>\n","protected":false},"featured_media":9750,"comment_status":"open","ping_status":"closed","template":"","meta":[],"product_brand":[],"product_cat":[82,83,128],"product_tag":[],"class_list":{"0":"post-7226","1":"product","2":"type-product","3":"status-publish","4":"has-post-thumbnail","6":"product_cat-kosmetyki-naturalne","7":"product_cat-larens","8":"product_cat-kosmetyki-naturalne-larens","10":"first","11":"instock","12":"taxable","13":"shipping-taxable","14":"purchasable","15":"product-type-simple"},"_links":{"self":[{"href":"https:\/\/ziolazycia.com\/nowa\/wp-json\/wp\/v2\/product\/7226","targetHints":{"allow":["GET"]}}],"collection":[{"href":"https:\/\/ziolazycia.com\/nowa\/wp-json\/wp\/v2\/product"}],"about":[{"href":"https:\/\/ziolazycia.com\/nowa\/wp-json\/wp\/v2\/types\/product"}],"replies":[{"embeddable":true,"href":"https:\/\/ziolazycia.com\/nowa\/wp-json\/wp\/v2\/comments?post=7226"}],"wp:featuredmedia":[{"embeddable":true,"href":"https:\/\/ziolazycia.com\/nowa\/wp-json\/wp\/v2\/media\/9750"}],"wp:attachment":[{"href":"https:\/\/ziolazycia.com\/nowa\/wp-json\/wp\/v2\/media?parent=7226"}],"wp:term":[{"taxonomy":"product_brand","embeddable":true,"href":"https:\/\/ziolazycia.com\/nowa\/wp-json\/wp\/v2\/product_brand?post=7226"},{"taxonomy":"product_cat","embeddable":true,"href":"https:\/\/ziolazycia.com\/nowa\/wp-json\/wp\/v2\/product_cat?post=7226"},{"taxonomy":"product_tag","embeddable":true,"href":"https:\/\/ziolazycia.com\/nowa\/wp-json\/wp\/v2\/product_tag?post=7226"}],"curies":[{"name":"wp","href":"https:\/\/api.w.org\/{rel}","templated":true}]}}