{"id":7222,"date":"2024-02-14T14:32:40","date_gmt":"2024-02-14T13:32:40","guid":{"rendered":"https:\/\/ziolazycia.com\/nowa\/?post_type=product&#038;p=7222"},"modified":"2025-11-26T15:59:01","modified_gmt":"2025-11-26T14:59:01","slug":"larens-collagen-peptide-face-body-wash","status":"publish","type":"product","link":"https:\/\/ziolazycia.com\/nowa\/product\/larens-collagen-peptide-face-body-wash\/","title":{"rendered":"Larens Collagen Peptide Face &#038; Body Wash &#8211; \u017bel do mycia sk\u00f3ry twarzy i cia\u0142a 210 ml"},"content":{"rendered":"<h2>Dlaczego warto si\u0119gn\u0105\u0107 w\u0142a\u015bnie po Larens Collagen Peptide Face &amp; Body Wash?<\/h2>\n<p>Na pewno ze wzgl\u0119du na wyj\u0105tkowy sk\u0142ad tego kosmoceutyku, w kt\u00f3rym znajdziemy:<\/p>\n<p>&#8211; <strong>Biopeptide Complex:<\/strong> kompleks oligo i polipeptyd\u00f3w kolagenu rybiego, nawil\u017caj\u0105cy i poprawiaj\u0105cy elastyczno\u015b\u0107 sk\u00f3ry.<\/p>\n<p>&#8211; <strong>Kolagen<\/strong>: wzmacniaj\u0105cy w\u0142osy i paznokcie, chroni\u0105cy sk\u00f3r\u0119 przed utrat\u0105 nawil\u017cenia.<\/p>\n<p>&#8211; <strong>Witamina C<\/strong>: redukuj\u0105c\u0105 zmarszczki, od\u017cywiaj\u0105c\u0105 i rozja\u015bniaj\u0105c\u0105 sk\u00f3r\u0119.<\/p>\n<p>&#8211; <strong>Biotyna<\/strong>: wzmacnia i od\u017cywia sk\u00f3r\u0119, w\u0142osy i paznokcie.<\/p>\n<p>&#8211; <strong>Kwas Mlekowy<\/strong>: pobudzaj\u0105cy produkcj\u0119 kolagenu, wyg\u0142adzaj\u0105cy sk\u00f3r\u0119.<\/p>\n<p><strong>Zawarto\u015b\u0107 opakowania:<\/strong>\u00a0200 ml<\/p>\n<p><strong>Sk\u0142ad<\/strong> Aqua, Collagen, Elastin, Collagen Amino Acids, Elastin Amino Acids, Arginine\/Lysine Polypeptide, Palmitoyl Oligopeptide, Sorbitan Caprylate, Biotin, Urea, Disodium Phosphate, Citrus Limon Fruit Extract, Glycerin, Lactic Acid, Potassium Sorbate, Sodium Benzoate, Citric Acid.<\/p>\n<h2><strong>Spos\u00f3b u\u017cycia Larens Collagen Peptide Face &amp; Body Wash:<br \/>\n<\/strong><\/h2>\n<p>Na sk\u00f3r\u0119:\u00a0Nanie\u015b\u0107 na oczyszczon\u0105 sk\u00f3r\u0119 i delikatnie wklepa\u0107.<br \/>\nNa w\u0142osy:\u00a0Rozprowadzi\u0107 wzd\u0142u\u017c w\u0142os\u00f3w lub stosowa\u0107 jako p\u0142ukank\u0119.<br \/>\nNa paznokcie: Wciera\u0107 w p\u0142ytk\u0119 paznokcia i nask\u00f3rek.<\/p>\n<p><strong>Przechowywanie: <\/strong>Przechowywa\u0107 w spos\u00f3b niedost\u0119pny dla ma\u0142ych dzieci.<\/p>\n<p><strong>Producent:<\/strong><br \/>\nWell4U<br \/>\n<strong>\u00a0<\/strong><\/p>\n","protected":false},"excerpt":{"rendered":"<h2>\u017bel kolagenowo-peptydowy do cia\u0142a Larens Collagen Peptide Face &amp; Body Repair Gel to wielofunkcyjny kosmeceutyk, \u0142\u0105cz\u0105cy innowacyjn\u0105 formu\u0142\u0119 Biopeptide Complex z wod\u0105 Nutrivi.<\/h2>\n<p>Jego sk\u0142ad wzbogacono o kompleks naturalnych peptyd\u00f3w kolagenu rybiego, kwas mlekowy, biotyn\u0119 i witamin\u0119 C. \u017bel przeznaczony jest do piel\u0119gnacji cia\u0142a, w\u0142os\u00f3w i paznokci, szczeg\u00f3lnie w przypadkach problem\u00f3w sk\u00f3rnych takich jak AZS, \u0142uszczyca, podra\u017cnienia, przesuszenie.<\/p>\n","protected":false},"featured_media":9748,"comment_status":"open","ping_status":"closed","template":"","meta":[],"product_brand":[84],"product_cat":[82,83,128],"product_tag":[],"class_list":{"0":"post-7222","1":"product","2":"type-product","3":"status-publish","4":"has-post-thumbnail","6":"product_brand-larens","7":"product_cat-kosmetyki-naturalne","8":"product_cat-larens","9":"product_cat-kosmetyki-naturalne-larens","11":"first","12":"instock","13":"taxable","14":"shipping-taxable","15":"purchasable","16":"product-type-simple"},"_links":{"self":[{"href":"https:\/\/ziolazycia.com\/nowa\/wp-json\/wp\/v2\/product\/7222","targetHints":{"allow":["GET"]}}],"collection":[{"href":"https:\/\/ziolazycia.com\/nowa\/wp-json\/wp\/v2\/product"}],"about":[{"href":"https:\/\/ziolazycia.com\/nowa\/wp-json\/wp\/v2\/types\/product"}],"replies":[{"embeddable":true,"href":"https:\/\/ziolazycia.com\/nowa\/wp-json\/wp\/v2\/comments?post=7222"}],"wp:featuredmedia":[{"embeddable":true,"href":"https:\/\/ziolazycia.com\/nowa\/wp-json\/wp\/v2\/media\/9748"}],"wp:attachment":[{"href":"https:\/\/ziolazycia.com\/nowa\/wp-json\/wp\/v2\/media?parent=7222"}],"wp:term":[{"taxonomy":"product_brand","embeddable":true,"href":"https:\/\/ziolazycia.com\/nowa\/wp-json\/wp\/v2\/product_brand?post=7222"},{"taxonomy":"product_cat","embeddable":true,"href":"https:\/\/ziolazycia.com\/nowa\/wp-json\/wp\/v2\/product_cat?post=7222"},{"taxonomy":"product_tag","embeddable":true,"href":"https:\/\/ziolazycia.com\/nowa\/wp-json\/wp\/v2\/product_tag?post=7222"}],"curies":[{"name":"wp","href":"https:\/\/api.w.org\/{rel}","templated":true}]}}