{"id":7215,"date":"2024-02-14T14:05:06","date_gmt":"2024-02-14T13:05:06","guid":{"rendered":"https:\/\/ziolazycia.com\/nowa\/?post_type=product&#038;p=7215"},"modified":"2025-11-26T15:59:01","modified_gmt":"2025-11-26T14:59:01","slug":"candida-nie-daj-sie-zjesc-grzybom-andrzej-janus","status":"publish","type":"product","link":"https:\/\/ziolazycia.com\/nowa\/product\/candida-nie-daj-sie-zjesc-grzybom-andrzej-janus\/","title":{"rendered":"Candida. Nie daj si\u0119 zje\u015b\u0107 grzybom. Autor: Andrzej Janus,"},"content":{"rendered":"<p>Ksi\u0105\u017cka <strong>\u201eCandida. Nie daj si\u0119 zje\u015b\u0107 grzybom\u201d<\/strong> zawiera informacje na temat przyczyn, objaw\u00f3w i skutk\u00f3w zaka\u017cenia Candid\u0105, a tak\u017ce sposoby zapobiegania i leczenia tej choroby. Autor proponuje r\u00f3wnie\u017c diet\u0119 antygrzybiczn\u0105, kt\u00f3ra ma na celu przywr\u00f3cenie r\u00f3wnowagi mikroflory jelitowej i wzmocnienie uk\u0142adu odporno\u015bciowego. Ksi\u0105\u017cka jest przeznaczona dla wszystkich os\u00f3b, kt\u00f3re chc\u0105 zadba\u0107 o swoje zdrowie i zapobiec powa\u017cnym komplikacjom zdrowotnym wynikaj\u0105cym z nadmiaru grzyb\u00f3w w organizmie.<\/p>\n<p><strong>Spis rozdzia\u0142\u00f3w:<\/strong><br \/>\n1. Kr\u00f3lestwo grzyb\u00f3w<br \/>\n2. Dro\u017cd\u017caki i grzyby Candida<br \/>\n3. Dro\u017cd\u017cyca jelita grubego<br \/>\n4. Grzybica og\u00f3lnoustrojowa<br \/>\n5. Leczenie grzybicy og\u00f3lnoustrojowej<br \/>\n6. Grzybice uk\u0142adu pokarmowego<br \/>\n7. Grzybice uk\u0142adu oddechowego<br \/>\n8. Grzybicze schorzenia laryngologiczne<br \/>\n9. Grzybica o\u015brodkowego uk\u0142adu nerwowego (m\u00f3zgu i rdzenia kr\u0119gowego)<br \/>\n10. Nadci\u015bnienie t\u0119tnicze<br \/>\n11. Grzybica tkanki \u0142\u0105cznej narz\u0105du ruchu<br \/>\n12. Grzybice uk\u0142adu moczowego<br \/>\n13. Grzybica narz\u0105du rodnego kobiet<br \/>\n14. Grzybica narz\u0105d\u00f3w p\u0142ciowych m\u0119\u017cczyzn<br \/>\n15. Grzybice u dzieci<br \/>\n16. Autyzm u dzieci<br \/>\n17. Grzybice jamy ustnej<br \/>\n18. Grzybice sk\u00f3ry<br \/>\n19. Grzybice przydatk\u00f3w sk\u00f3ry<br \/>\n20. Grzybice przyczyn\u0105 chor\u00f3b z autoagresji<br \/>\n21. Klimakterium. Zaburzenia hormonalne u kobiet<br \/>\n22. Jaskra<br \/>\n23. \u0141uszczyca<br \/>\n24. Astma oskrzelowa<br \/>\n25. Objawy towarzysz\u0105ce kuracji przeciwgrzybiczej<br \/>\n26. Dieta przeciwgrzybicza<br \/>\n27. Dieta ma\u0142ego dziecka w leczeniu grzybicy<br \/>\n28. Leczenie grzybicy u kobiety ci\u0119\u017carnej<br \/>\n29. Dieta przeciwgrzybicza u kobiety ci\u0119\u017carnej i matki karmi\u0105cej<br \/>\n30. Diagnostyka laboratoryjna grzybicy, test \u015blinowy<br \/>\n31. Jak nie da\u0107 si\u0119 zje\u015b\u0107 grzybom Candida<br \/>\n32. Dieta podczas leczenia grzybicy: przepisy kulinarne<\/p>\n<p><strong>Wydawnictwo<\/strong>: Szara Godzina<br \/>\n<strong>Rok wydania<\/strong>: 2022<br \/>\n<strong>Ok\u0142adka<\/strong>: mi\u0119kka<br \/>\n<strong>Ilo\u015b\u0107 stron<\/strong>: 336<\/p>\n","protected":false},"excerpt":{"rendered":"<p><strong>\u201eCandida. Nie daj si\u0119 zje\u015b\u0107 grzybom\u201d<\/strong> to poradnik napisany przez Andrzeja Janusa, lekarza specjalizuj\u0105cego si\u0119 w medycynie naturalnej i holistycznej. Autor przedstawia w niej problem nadmiernego rozwoju grzyb\u00f3w z rodzaju Candida w organizmie cz\u0142owieka. Mo\u017ce to skutkowa\u0107 rozwojem wielu chor\u00f3b i dolegliwo\u015bci.<\/p>\n","protected":false},"featured_media":9744,"comment_status":"open","ping_status":"closed","template":"","meta":[],"product_brand":[],"product_cat":[66],"product_tag":[],"class_list":{"0":"post-7215","1":"product","2":"type-product","3":"status-publish","4":"has-post-thumbnail","6":"product_cat-ksiazki","8":"first","9":"instock","10":"taxable","11":"shipping-taxable","12":"purchasable","13":"product-type-simple"},"_links":{"self":[{"href":"https:\/\/ziolazycia.com\/nowa\/wp-json\/wp\/v2\/product\/7215","targetHints":{"allow":["GET"]}}],"collection":[{"href":"https:\/\/ziolazycia.com\/nowa\/wp-json\/wp\/v2\/product"}],"about":[{"href":"https:\/\/ziolazycia.com\/nowa\/wp-json\/wp\/v2\/types\/product"}],"replies":[{"embeddable":true,"href":"https:\/\/ziolazycia.com\/nowa\/wp-json\/wp\/v2\/comments?post=7215"}],"wp:featuredmedia":[{"embeddable":true,"href":"https:\/\/ziolazycia.com\/nowa\/wp-json\/wp\/v2\/media\/9744"}],"wp:attachment":[{"href":"https:\/\/ziolazycia.com\/nowa\/wp-json\/wp\/v2\/media?parent=7215"}],"wp:term":[{"taxonomy":"product_brand","embeddable":true,"href":"https:\/\/ziolazycia.com\/nowa\/wp-json\/wp\/v2\/product_brand?post=7215"},{"taxonomy":"product_cat","embeddable":true,"href":"https:\/\/ziolazycia.com\/nowa\/wp-json\/wp\/v2\/product_cat?post=7215"},{"taxonomy":"product_tag","embeddable":true,"href":"https:\/\/ziolazycia.com\/nowa\/wp-json\/wp\/v2\/product_tag?post=7215"}],"curies":[{"name":"wp","href":"https:\/\/api.w.org\/{rel}","templated":true}]}}