{"id":7206,"date":"2024-02-14T13:55:04","date_gmt":"2024-02-14T12:55:04","guid":{"rendered":"https:\/\/ziolazycia.com\/nowa\/?post_type=product&#038;p=7206"},"modified":"2025-11-26T15:59:00","modified_gmt":"2025-11-26T14:59:00","slug":"larens-bb-cream-spf-15-col-01-50ml","status":"publish","type":"product","link":"https:\/\/ziolazycia.com\/nowa\/product\/larens-bb-cream-spf-15-col-01-50ml\/","title":{"rendered":"Larens Colour BB Cream Light 01 SPF &#8211; Lekki krem BB kol. 01 (jasny) 50ml"},"content":{"rendered":"<p>O wyj\u0105tkowo\u015bci Larens Colour BB Cream SPF 15 decyduje autorska formu\u0142a Liposomal Collagen Complex oraz zawarto\u015b\u0107 algi z\u0142otej, ekstraktu z lawendy morskiej czy kwiatu ja\u015bminu.<\/p>\n<h2><strong>Nieocenione w\u0142a\u015bciwo\u015bci Colour BB Cream SPF 15:<br \/>\n<\/strong><\/h2>\n<p>&#8211; wyr\u00f3wnuje, od\u015bwie\u017ca koloryt,<br \/>\n&#8211; w naturalny spos\u00f3b udoskonala wygl\u0105d sk\u00f3ry na co dzie\u0144, nie obci\u0105\u017caj\u0105c jej,<br \/>\n&#8211; idealny do delikatnego, subtelnego makija\u017cu,<br \/>\n&#8211; nawil\u017ca, rewitalizuje, od\u017cywia sk\u00f3r\u0119,<br \/>\n&#8211; dzia\u0142a koj\u0105co na podra\u017cnienia, niweluje ich widoczno\u015b\u0107,<br \/>\n&#8211; ponad 94% sk\u0142adnik\u00f3w BB Cream to substancje naturalne,<br \/>\n&#8211; zawiera naturalne filtry przeciws\u0142oneczne,<br \/>\n&#8211; pozwala sk\u00f3rze oddycha\u0107, nie zatyka por\u00f3w.<\/p>\n<h2>Ponad 20 sk\u0142adnik\u00f3w aktywnych w Larens Colour BB Cream zapewnia wyj\u0105tkowy efekt piel\u0119gnacyjny:<\/h2>\n<p>&#8211; <strong>kwas hialuronowy liposomalny<\/strong> oraz <strong>kwas hialuronowy wysoko i niskocz\u0105steczkowy<\/strong>, <strong>mas\u0142o shea, ekstrakty z w\u0105kroty azjatyckiej<\/strong> oraz z <strong>kwiatu ja\u015bminu<\/strong>, kt\u00f3ry dzia\u0142a r\u00f3wnie\u017c koj\u0105co &#8211; zapewniaj\u0105 dzia\u0142anie nawil\u017caj\u0105ce,<\/p>\n<p>&#8211; <strong>phytodermina H lifting, karagenian, ekstrakt z listownicy cukrowej<\/strong>, kt\u00f3ry tworzy wyg\u0142adzaj\u0105cy film &#8211; zapewniaj\u0105 dzia\u0142anie uj\u0119drniaj\u0105ce i wyg\u0142adzaj\u0105ce,<\/p>\n<p>&#8211; <strong>kolagen liposomalny w Liposomal Collagen Complex, Beauplex VH<\/strong> &#8211; kompleks witamin z grupy B: B3, B5, B6, witaminy E i C oraz <strong>z\u0142ota alga Laminaria ochroleuca <\/strong>&#8211; zapewniaj\u0105 dzia\u0142anie regeneracyjne i odm\u0142adzaj\u0105ce,<\/p>\n<p>&#8211; <strong>woda kokosowa, oleje: jojoba i z pestek winogron, skwalan, ekstrakt z gujawy, kolagen liposomalny z Liposomal Collagen Complex<\/strong>&#8211; zapewniaj\u0105 dzia\u0142anie od\u017cywczy i ochronny<\/p>\n<p>&#8211; <strong>ekstrakt z zielonej herbaty, d-panthenol, kwas mlekowy, ekstrakty z ruszczyka kolczastego, arniki, korzenia \u017ce\u0144-szenia oraz lawendy morskie<\/strong>j &#8211; zapewnia dzia\u0142anie koj\u0105ce i niweluj\u0105ce stany zapalne i podra\u017cnienia, dzia\u0142a r\u00f3wnie\u017c przeciwobrz\u0119kowo,<\/p>\n<p>&#8211; <strong>P-metoksycynamonian izoamylu, tlenek cynku oraz tlenek tytanu<\/strong> zapewniaj\u0105 wsparcie codziennej ochrony przeciw promieniowaniu UVA I UVB &#8211; dzia\u0142aj\u0105ce jak naturalne filtry.<\/p>\n<p><strong>Zawarto\u015b\u0107 opakowania:<\/strong>\u00a050 ml<\/p>\n<p><strong>Sk\u0142ad:<\/strong> Aqua, Titanium Dioxide, Simmondsia Chinensis Seed Oil, Pentylene Glycol, Dimethicone, Caprylic\/Capric Triglyceride, Isoamyl p-Methoxycinnamate, Propanediol, Glycerin, Propylene Glycol, Glyceryl Stearate Citrate, Vitis Vinifera Seed Oil, Arachidyl Alcohol, Hydrogenated Polycyclopentadiene, Hydroxypropyl Cyclodextrin, Phosphatidylcholine, Collagen, Elastin, Collagen Amino Acids, Elastin Amino Acids, Arginine\/Lysine Polypeptide, Palmitoyl Oligopeptide, Sodium Hyaluronate, Butyrospermum Parkii Butter, Squalane, Centella Asiatica Leaf Extract, Panax Ginseng Root Extract, Cocos Nucifera Water, Laminaria Saccharina Extract, Laminaria Ochroleuca Extract, Limonium Narbonense Flower\/Leaf\/Stem Extract, Ruscus Aculeatus Root Extract, Jasminum Officinale Flower Extract, Arnica Montana Flower Extract, Psidium Guajava Fruit Extract, Camellia Sinensis Leaf Extract, Lauroyl Lysine, Niacinamide, Calcium Pantothenate, Sodium Ascorbyl Phosphate, Tocopheryl Acetate, Behenyl Alcohol, Arachidyl Glucoside, Butylene Glycol, Panthenol, Jojoba Esters, Carrageenan, Tocopherol, Cetearyl Alcohol, Glycine Soja Oil, Tapioca Starch, Cellulose, Silica, Mica, Citric Acid, Lactic Acid, Barium Sulfate, Pyridoxine HCl, Maltodextrin, Sodium Starch Octenylsuccinate, Polyglyceryl-6 Polyricinoleate, Disodium Phosphate, Sodium Benzoate, Potassium Sorbate, Sodium Phosphate, Dehydroacetic Acid, Benzyl Alcohol, Parfum, +\/-CI 77499, +\/-CI 77492, +\/-CI 77491<\/p>\n<h2><strong>Colour BB Cream SPF 15 Larens &#8211; spos\u00f3b u\u017cycia:<\/strong><\/h2>\n<p>Na\u0142\u00f3\u017c krem d\u0142o\u0144mi lub zwil\u017conym wod\u0105 Beauty Blenderem. Wmasowuj a\u017c do uzyskania po\u017c\u0105danego efektu \u201cstopienia si\u0119&#8221; ze sk\u00f3r\u0105 i jedwabistej g\u0142adko\u015bci. Mo\u017cesz r\u00f3wnie\u017c odrobin\u0119 kremu rozetrze\u0107 w d\u0142oniach, a nast\u0119pnie zaaplikowa\u0107 na twarz.<\/p>\n<p><strong>Przechowywanie<\/strong><br \/>\nPrzechowywa\u0107 w spos\u00f3b niedost\u0119pny dla ma\u0142ych dzieci.<\/p>\n<p><strong>Producent:<\/strong><br \/>\nWell4U<\/p>\n","protected":false},"excerpt":{"rendered":"<h2>Lekki aksamitny krem upi\u0119kszaj\u0105cy typu Beauty Balm (BB).<\/h2>\n<p>\u0141\u0105czy w sobie wyj\u0105tkow\u0105 piel\u0119gnacj\u0119 Larens z efektem subtelnej koloryzacji. W naturalny spos\u00f3b wyr\u00f3wnuje koloryt sk\u00f3ry, zapewnia r\u00f3wnomiern\u0105, promienn\u0105 cer\u0119 przez ca\u0142y dzie\u0144.<br \/>\nDzi\u0119ki bogactwu naturalnych sk\u0142adnik\u00f3w aktywnych nawil\u017ca, dzia\u0142a przeciwzmarszczkowo, uj\u0119drniaj\u0105co. Ponadto, dzi\u0119ki zawarto\u015bci minera\u0142\u00f3w, od\u017cywia sk\u00f3r\u0119.<\/p>\n","protected":false},"featured_media":9742,"comment_status":"open","ping_status":"closed","template":"","meta":[],"product_brand":[],"product_cat":[82,83,128],"product_tag":[],"class_list":{"0":"post-7206","1":"product","2":"type-product","3":"status-publish","4":"has-post-thumbnail","6":"product_cat-kosmetyki-naturalne","7":"product_cat-larens","8":"product_cat-kosmetyki-naturalne-larens","10":"first","11":"outofstock","12":"taxable","13":"shipping-taxable","14":"purchasable","15":"product-type-simple"},"_links":{"self":[{"href":"https:\/\/ziolazycia.com\/nowa\/wp-json\/wp\/v2\/product\/7206","targetHints":{"allow":["GET"]}}],"collection":[{"href":"https:\/\/ziolazycia.com\/nowa\/wp-json\/wp\/v2\/product"}],"about":[{"href":"https:\/\/ziolazycia.com\/nowa\/wp-json\/wp\/v2\/types\/product"}],"replies":[{"embeddable":true,"href":"https:\/\/ziolazycia.com\/nowa\/wp-json\/wp\/v2\/comments?post=7206"}],"wp:featuredmedia":[{"embeddable":true,"href":"https:\/\/ziolazycia.com\/nowa\/wp-json\/wp\/v2\/media\/9742"}],"wp:attachment":[{"href":"https:\/\/ziolazycia.com\/nowa\/wp-json\/wp\/v2\/media?parent=7206"}],"wp:term":[{"taxonomy":"product_brand","embeddable":true,"href":"https:\/\/ziolazycia.com\/nowa\/wp-json\/wp\/v2\/product_brand?post=7206"},{"taxonomy":"product_cat","embeddable":true,"href":"https:\/\/ziolazycia.com\/nowa\/wp-json\/wp\/v2\/product_cat?post=7206"},{"taxonomy":"product_tag","embeddable":true,"href":"https:\/\/ziolazycia.com\/nowa\/wp-json\/wp\/v2\/product_tag?post=7206"}],"curies":[{"name":"wp","href":"https:\/\/api.w.org\/{rel}","templated":true}]}}