{"id":719,"date":"2022-11-25T08:26:18","date_gmt":"2022-11-25T07:26:18","guid":{"rendered":"https:\/\/ziolazycia.com\/nowa\/?post_type=product&#038;p=719"},"modified":"2025-11-26T15:58:14","modified_gmt":"2025-11-26T14:58:14","slug":"cukierki-na-gardlo-z-mieszanki-olejkow-eterycznych-on-guard-120-g","status":"publish","type":"product","link":"https:\/\/ziolazycia.com\/nowa\/product\/cukierki-na-gardlo-z-mieszanki-olejkow-eterycznych-on-guard-120-g\/","title":{"rendered":"doTERRA Cukierki na gard\u0142o z mieszank\u0105 olejk\u00f3w eterycznych ON GUARD THROAT DROPS 30 pastylek (120 g)"},"content":{"rendered":"<p>Mieszanka doTERRA On Guard Throat Drops z certyfikowanych olejk\u00f3w eterycznych klasy CPTG takich jak:<\/p>\n<ul>\n<li>Wild Orange &#8211; dzika pomara\u0144cza<\/li>\n<li>Clove &#8211; gozdziki<\/li>\n<li>Cynamon<\/li>\n<li>Eucalyptus<\/li>\n<li>Rosemary &#8211; rozmaryn<\/li>\n<li>Mirra<\/li>\n<li>organiczny cukier trzcinowy<\/li>\n<li>organiczny syrop z br\u0105zowego ry\u017cu<\/li>\n<\/ul>\n<p>Cukierki nie zawieraj\u0105 konserwant\u00f3w i sztucznych barwnik\u00f3w, s\u0105 bardzo smaczne i mog\u0105 zast\u0105pi\u0107 s\u0142odycze, jednocze\u015bnie wspieraj\u0105c og\u00f3lny stan zdrowia i prawid\u0142owe funkcjonowanie uk\u0142adu odporno\u015bciowego. DoTERRA On Guard Protecting Throat Drops mog\u0105 by\u0107 niezb\u0119dnym dodatkiem ochronnym przed sezonowym i \u015brodowiskowym zagro\u017ceniom lub w podr\u00f3\u017cy.<\/p>\n<p><strong>Spos\u00f3b u\u017cycia: <\/strong>Jednego pastylka OnGuard doTERRA na os\u0142on\u0119 gard\u0142a, w razie potrzeby mo\u017cna zastosowa\u0107 wi\u0119cej drops\u00f3w.<\/p>\n<p><strong>UWAGA:<\/strong><br \/>\n<span style=\"font-size: 8pt;\">Opis i w\u0142a\u015bciwo\u015bci olejk\u00f3w opisane na stronie maj\u0105 wy\u0142\u0105cznie charakter informacyjny. W razie choroby lub problem\u00f3w ze zdrowiem skontaktuj si\u0119 z lekarzem i zastosuj si\u0119 do jego zalece\u0144 i wskaz\u00f3wek. W \u017cadnym wypadku kuracje olejkami nie zast\u0119puj\u0105 leczenia prowadzonego przez lekarza. Olejki nie s\u0105 lekami, suplementami diety ani \u017cywno\u015bci\u0105 specjalnego przeznaczenia! Zastosowanie produkt\u00f3w, olejk\u00f3w le\u017c\u0105 wy\u0142\u0105cznie w gestii, inwencji kupuj\u0105cego. Olejki doTERRA posiadaj\u0105 certyfikat doTERRA CPTG Certified Pure Tested Grade\u00ae. Olejki te s\u0105 czystymi, naturalnymi aromatycznymi zwi\u0105zkami starannie wyekstrahowanymi z ro\u015blin. Nie zawieraj\u0105 sztucznych sk\u0142adnik\u00f3w ani wype\u0142niaczy, kt\u00f3re os\u0142abi\u0142yby ich czynne w\u0142a\u015bciwo\u015bci oraz nie zawieraj\u0105 zanieczyszcze\u0144 i innych pozosta\u0142o\u015bci chemicznych. Certyfikat ten oznacza, \u017ce olejek zosta\u0142 poddany rygorystycznym procesom testowym, kt\u00f3re oceniaj\u0105 czysto\u015b\u0107 i moc olejk\u00f3w eterycznych. Je\u015bli oleje zostan\u0105 przetestowane w systemie CPTG i oka\u017c\u0105 si\u0119 czyste i mocne, s\u0105 one nast\u0119pnie sprzedawane jako pojedyncze oleje lub stosowane w mieszankach olejk\u00f3w eterycznych, takich jak mieszanka doTERRA Purify.<\/span><\/p>\n<p><strong>Producent<\/strong>: doTERRA.<\/p>\n","protected":false},"excerpt":{"rendered":"<p>Cukierki doTERRA <strong>On Guard Throat Drop<\/strong> pomagaj\u0105 uspokoi\u0107 i ukoi\u0107 suche, drapi\u0105ce gard\u0142o. Poszczeg\u00f3lne sk\u0142adniki cukierk\u00f3w wspomagaj\u0105 zdrowa odpowied\u017a immunologiczn\u0105 organizmu i wzmacniaj\u0105 go.<\/p>\n","protected":false},"featured_media":9355,"comment_status":"closed","ping_status":"closed","template":"","meta":[],"product_brand":[],"product_cat":[67,119],"product_tag":[],"class_list":{"0":"post-719","1":"product","2":"type-product","3":"status-publish","4":"has-post-thumbnail","6":"product_cat-produkty-doterra","7":"product_cat-doterra-produkty","9":"first","10":"instock","11":"taxable","12":"shipping-taxable","13":"purchasable","14":"product-type-simple"},"_links":{"self":[{"href":"https:\/\/ziolazycia.com\/nowa\/wp-json\/wp\/v2\/product\/719","targetHints":{"allow":["GET"]}}],"collection":[{"href":"https:\/\/ziolazycia.com\/nowa\/wp-json\/wp\/v2\/product"}],"about":[{"href":"https:\/\/ziolazycia.com\/nowa\/wp-json\/wp\/v2\/types\/product"}],"replies":[{"embeddable":true,"href":"https:\/\/ziolazycia.com\/nowa\/wp-json\/wp\/v2\/comments?post=719"}],"wp:featuredmedia":[{"embeddable":true,"href":"https:\/\/ziolazycia.com\/nowa\/wp-json\/wp\/v2\/media\/9355"}],"wp:attachment":[{"href":"https:\/\/ziolazycia.com\/nowa\/wp-json\/wp\/v2\/media?parent=719"}],"wp:term":[{"taxonomy":"product_brand","embeddable":true,"href":"https:\/\/ziolazycia.com\/nowa\/wp-json\/wp\/v2\/product_brand?post=719"},{"taxonomy":"product_cat","embeddable":true,"href":"https:\/\/ziolazycia.com\/nowa\/wp-json\/wp\/v2\/product_cat?post=719"},{"taxonomy":"product_tag","embeddable":true,"href":"https:\/\/ziolazycia.com\/nowa\/wp-json\/wp\/v2\/product_tag?post=719"}],"curies":[{"name":"wp","href":"https:\/\/api.w.org\/{rel}","templated":true}]}}