{"id":711,"date":"2022-11-25T08:18:10","date_gmt":"2022-11-25T07:18:10","guid":{"rendered":"https:\/\/ziolazycia.com\/nowa\/?post_type=product&#038;p=711"},"modified":"2025-11-26T15:58:13","modified_gmt":"2025-11-26T14:58:13","slug":"olejek-eteryczny-doterra-pepermint-mieta-pieprzowa-15-ml","status":"publish","type":"product","link":"https:\/\/ziolazycia.com\/nowa\/product\/olejek-eteryczny-doterra-pepermint-mieta-pieprzowa-15-ml\/","title":{"rendered":"doTERRA Olejek eteryczny PEPPERMINT (Mi\u0119ta pieprzowa) 15 ml \u00a0"},"content":{"rendered":"<div class=\"_5pbx userContent _3576\" data-testid=\"post_message\" data-ft=\"{&quot;tn&quot;:&quot;K&quot;}\">\n<div class=\"text_exposed_root text_exposed\">\n<h2>W\u0142a\u015bciwo\u015bci olejku eterycznego doTERRA PEPPERMINT:<strong><br \/>\n<\/strong><\/h2>\n<ul>\n<li>antybakteryjne, antyseptyczne, przeciwzapalne, przeciwpaso\u017cytnicze, przeciwnowotworowe, przeciwwirusowe,<\/li>\n<li>przeciwb\u00f3lowe: \u0142agodzi b\u00f3le brzucha, wspomaga przy wzd\u0119ciach, bardzo pomocny przy b\u00f3lach g\u0142owy, migrenach, b\u00f3lach mi\u0119\u015bni, chorobie lokomocyjnej, nudno\u015bciach, zgagach, biegunkach, problemach z nadwag\u0105,<\/li>\n<li>oczyszcza drogi oddechowe, jest du\u017cym wsparciem przy astmie, zapaleniu oskrzeli, gard\u0142a, infekcjach dr\u00f3g oddechowych, przezi\u0119bieniach i grypie, gor\u0105czce,<\/li>\n<li>orze\u017awia i od\u015bwie\u017ca, dodaje energii, a w gor\u0105ce dni ch\u0142odzi, poprawia koncentracj\u0119,<\/li>\n<li>dotlenia kom\u00f3rki i zwi\u0119ksza wydajno\u015b\u0107 organizmu &#8211; wa\u017cne dla sportowc\u00f3w.<\/li>\n<li>odstrasza mr\u00f3wki i paj\u0105ki,<\/li>\n<li>\u0142agodzi stres,<\/li>\n<li>pomocny przy zapaleniach sk\u00f3ry, sw\u0119dzeniu, uk\u0105szeniach owad\u00f3w, pomocny przy egzemie, \u0142uszczycy, opryszczce,<\/li>\n<li>jest r\u00f3wnie\u017c doskona\u0142ym afrodyzjakiem.<\/li>\n<\/ul>\n<h2>Zastosowania olejku eterycznego doTERRA PEPPERMINT:<\/h2>\n<ul>\n<li>na orze\u017awienie, zamiast porannej kawy wcieramy w skronie (jak najdalej od oczu), mo\u017cemy mi\u0119t\u0119 zmiesza\u0107 z kropelk\u0105 olejku z dzikiej pomara\u0144czy i kadzid\u0142owca dla jeszcze lepszego efektu.<\/li>\n<li>Dla od\u015bwie\u017cenia oddechu &#8211; dos\u0142ownie 1 kropelka pod j\u0119zyk.<\/li>\n<li>Dodajemy do dyfuzora kilka kropelek, gdy czujemy, \u017ce brak nam energii, witalno\u015bci. Pi\u0119knie pachnie po\u0142\u0105czony z olejkami: z dzikiej pomara\u0144czy, lawendy, cytryny, eukaliptusa, drzewka herbacianego, oregano, majeranku, rozmarynu.<\/li>\n<li>W przypadku b\u00f3lu g\u0142owy &#8211; wmasowujemy olejek w skronie (jak najdalej od oczu), czo\u0142o i kark, za uszami.<\/li>\n<li>W przypadku dolegliwo\u015bci \u017co\u0142\u0105dkowych, problemach z trawieniem (rozwolnienie, zatwardzenie, gazy, zgaga), chorobie lokomocyjnej \u2013 1-2 kropelki dodajemy do nieca\u0142ej szklanki letniej wody, miodu, jogurtu. Podobnie 1-2 krople \u0142\u0105czymy z trzema kroplami oleju bazowego w okolicy brzucha (mo\u017cna stosowa\u0107 bez rozcie\u0144czania w zale\u017cno\u015bci od wra\u017cliwo\u015bci sk\u00f3ry). Najcz\u0119\u015bciej poprawa jest natychmiastowa.<\/li>\n<li>W przypadku st\u0142ucze\u0144, siniak\u00f3w, uk\u0105sze\u0144 owad\u00f3w, sw\u0119dzenia \u2013 1-2 krople miejscowo (mo\u017cna po\u0142\u0105czy\u0107 z olejkiem z lawendy lub drzewka herbacianego).<\/li>\n<li>Dla poprawy koncentracji, pami\u0119ci, podczas nauki \u2013 2-3 krople do dyfuzora.<\/li>\n<li>W przypadku gor\u0105czki rozsmarowa\u0107 olejek na karku, plecach wzd\u0142u\u017c kr\u0119gos\u0142upa i na podeszwach st\u00f3p \u0142\u0105cz\u0105c z olejkiem oregano (rozcie\u0144czaj\u0105c olejem bazowym).<\/li>\n<li>dla sch\u0142odzenia podczas upa\u0142\u00f3w \u2013 z uwagi na wysok\u0105 zawarto\u015b\u0107 mentolu, olejek eteryczny z mi\u0119ty pieprzowej daje cudowne uczucie ch\u0142odzenia &#8211; do butelki ze spryskiwaczem wlej zimnej wody i dodaj 1 lub 2 krople olejku mi\u0119ty pieprzowej. Okresowo polewaj ni\u0105 kark, klatk\u0119 piersiow\u0105, r\u0119ce, nogi, g\u0142ow\u0119, itp. Pami\u0119taj aby unika\u0107 okolice twarzy i oczu.<\/li>\n<\/ul>\n<p>Inne mo\u017cliwe zastosowania olejku z mi\u0119ty pieprzowej: zatrucia pokarmowe, depresja, reumatyzm, b\u00f3l z\u0119ba, uczucie z\u0142o\u015bci.<\/p>\n<p><strong>Skladniki:<\/strong> Menthol, menthone, eucalyptol.<\/p>\n<p><strong>Uwaga.\u00a0Pami\u0119taj, \u017ceby ten olejek rozcie\u0144czy\u0107<\/strong><\/p>\n<p>Nazwa \u201eMentha\u201d pochodzi z greckiego mitu o pi\u0119knej Minte adorowanej przez boga Hadesa.<\/p>\n<p><strong>Wszystkie olejki firmy doTERRA s\u0105 czyste i bezpieczne.\u00a0<\/strong>Posiadaj\u0105 certyfikat \u2013<strong>\u00a0CPTG (Certified Pure Therapeutic Grade\u00ae \u2013 Testowana Czysta Klasa Terapeutyczna).<\/strong>\u00a0Mo\u017cna je bezpiecznie stosowa\u0107 doustnie, stosowa\u0107 do masa\u017cy, a tak\u017ce w dyfuzorach.<\/p>\n<\/div>\n<p><strong>\u015arodki ostro\u017cno\u015bc<\/strong>i: U\u017cywa\u0107 tylko po rozcie\u0144czeniu. Za\u017cywa\u0107 nie wi\u0119cej ni\u017c jedn\u0105 kropl\u0119 dziennie. Przechowywa\u0107 poza zasi\u0119giem dzieci. Je\u015bli jeste\u015b w ci\u0105\u017cy lub jeste\u015b pod opiek\u0105 lekarsk\u0105, skonsultuj si\u0119 ze swoim lekarzem. Unika\u0107 kontaktu z oczami, uchem wewn\u0119trznym, twarz\u0105, wra\u017cliwymi obszarami i b\u0142onami \u015bluzowymi.<\/p>\n<p><strong>Pojemno\u015b\u0107:<\/strong> 15 ml (buteleczka z ciemnego szk\u0142a).<\/p>\n<div class=\"text_exposed_root text_exposed\">\n<p><strong>UWAGA:<\/strong><\/p>\n<div id=\"box_description\" class=\"box tab\">\n<div class=\"innerbox\">\n<div class=\"resetcss\">\n<p><span style=\"font-size: 8pt;\">Opis i w\u0142a\u015bciwo\u015bci olejk\u00f3w opisane na stronie maj\u0105 wy\u0142\u0105cznie charakter informacyjny. W razie choroby lub problem\u00f3w ze zdrowiem skontaktuj si\u0119 z lekarzem i zastosuj si\u0119 do jego zalece\u0144 i wskaz\u00f3wek. W \u017cadnym wypadku kuracje olejkami nie zast\u0119puj\u0105 leczenia prowadzonego przez lekarza. Olejki nie s\u0105 lekami, suplementami diety ani \u017cywno\u015bci\u0105 specjalnego przeznaczenia! Zastosowanie produkt\u00f3w, olejk\u00f3w le\u017c\u0105 wy\u0142\u0105cznie w gestii, inwencji kupuj\u0105cego. Olejki doTERRA posiadaj\u0105 certyfikat doTERRA CPTG Certified Pure Tested Grade\u00ae. Olejki te s\u0105 czystymi, naturalnymi aromatycznymi zwi\u0105zkami starannie wyekstrahowanymi z ro\u015blin. Nie zawieraj\u0105 sztucznych sk\u0142adnik\u00f3w ani wype\u0142niaczy, kt\u00f3re os\u0142abi\u0142yby ich czynne w\u0142a\u015bciwo\u015bci oraz nie zawieraj\u0105 zanieczyszcze\u0144 i innych pozosta\u0142o\u015bci chemicznych. Certyfikat ten oznacza, \u017ce olejek zosta\u0142 poddany rygorystycznym procesom testowym, kt\u00f3re oceniaj\u0105 czysto\u015b\u0107 i moc olejk\u00f3w eterycznych. Je\u015bli oleje zostan\u0105 przetestowane w systemie CPTG i oka\u017c\u0105 si\u0119 czyste i mocne, s\u0105 one nast\u0119pnie sprzedawane jako pojedyncze oleje lub stosowane w mieszankach olejk\u00f3w eterycznych, takich jak mieszanka doTERRA Purify..<\/span><\/p>\n<p><strong>Producent:<\/strong> doTERRA<\/p>\n<\/div>\n<\/div>\n<\/div>\n<\/div>\n<\/div>\n","protected":false},"excerpt":{"rendered":"<div id=\"js_5ym\" class=\"_5pbx userContent _3576\" data-testid=\"post_message\" data-ft=\"{&quot;tn&quot;:&quot;K&quot;}\">\n<p>Jeden z najbardziej znanych olejk\u00f3w eterycznych \u015bwiata. <strong>Mi\u0119ta to zio\u0142o u\u017cywane ju\u017c w czasach staro\u017cytnych.<\/strong> Pierwsze \u015blady stosowania tej ro\u015bliny odkryto 1000 lat p.n.e., kiedy to znaleziono suszone li\u015bcie mi\u0119ty pieprzowej w staro\u017cytnych egipskich piramidach. Przez ca\u0142e stulecia zio\u0142o to by\u0142o cenione jako ro\u015blina wielofunkcyjna oraz cudowny olejek eteryczny. Olejek z mi\u0119ty pieprzowej to kr\u00f3l koncentracji i zdrowego brzucha, ale jego zastosowanie jest oczywi\u015bcie o wiele szersze.<\/p>\n<div class=\"spotlight__head-copy\">\n<p>Wysoka zawarto\u015b\u0107 mentolu, kt\u00f3ra wyst\u0119puje w olejku eterycznym z mi\u0119ty pieprzowej <em>(Mentha piperita)<\/em> odr\u00f3\u017cnia ten doskona\u0142ej jako\u015bci olejek doTERRA od innych produkt\u00f3w. Olejek z mi\u0119ty pieprzowej jest r\u00f3wnie\u017c cz\u0119sto dodawany do pasty do z\u0119b\u00f3w i gumy do \u017cucia, wspomagaj\u0105c piel\u0119gnacj\u0119 jamy ustnej.<\/p>\n<\/div>\n<div class=\"spotlight__head-icons\"><\/div>\n<p>&nbsp;<\/p>\n<\/div>\n","protected":false},"featured_media":9353,"comment_status":"closed","ping_status":"closed","template":"","meta":[],"product_brand":[],"product_cat":[69,125,67,119],"product_tag":[],"class_list":{"0":"post-711","1":"product","2":"type-product","3":"status-publish","4":"has-post-thumbnail","6":"product_cat-doterra-olejki-eteryczne-pojedyncze","7":"product_cat-doterra-oe-poj","8":"product_cat-produkty-doterra","9":"product_cat-doterra-produkty","11":"first","12":"instock","13":"taxable","14":"shipping-taxable","15":"purchasable","16":"product-type-simple"},"_links":{"self":[{"href":"https:\/\/ziolazycia.com\/nowa\/wp-json\/wp\/v2\/product\/711","targetHints":{"allow":["GET"]}}],"collection":[{"href":"https:\/\/ziolazycia.com\/nowa\/wp-json\/wp\/v2\/product"}],"about":[{"href":"https:\/\/ziolazycia.com\/nowa\/wp-json\/wp\/v2\/types\/product"}],"replies":[{"embeddable":true,"href":"https:\/\/ziolazycia.com\/nowa\/wp-json\/wp\/v2\/comments?post=711"}],"wp:featuredmedia":[{"embeddable":true,"href":"https:\/\/ziolazycia.com\/nowa\/wp-json\/wp\/v2\/media\/9353"}],"wp:attachment":[{"href":"https:\/\/ziolazycia.com\/nowa\/wp-json\/wp\/v2\/media?parent=711"}],"wp:term":[{"taxonomy":"product_brand","embeddable":true,"href":"https:\/\/ziolazycia.com\/nowa\/wp-json\/wp\/v2\/product_brand?post=711"},{"taxonomy":"product_cat","embeddable":true,"href":"https:\/\/ziolazycia.com\/nowa\/wp-json\/wp\/v2\/product_cat?post=711"},{"taxonomy":"product_tag","embeddable":true,"href":"https:\/\/ziolazycia.com\/nowa\/wp-json\/wp\/v2\/product_tag?post=711"}],"curies":[{"name":"wp","href":"https:\/\/api.w.org\/{rel}","templated":true}]}}