{"id":709,"date":"2022-11-25T08:15:34","date_gmt":"2022-11-25T07:15:34","guid":{"rendered":"https:\/\/ziolazycia.com\/nowa\/?post_type=product&#038;p=709"},"modified":"2025-11-26T15:58:13","modified_gmt":"2025-11-26T14:58:13","slug":"mieszanka-olejkow-eterycznych-doterra-serenity-15-ml","status":"publish","type":"product","link":"https:\/\/ziolazycia.com\/nowa\/product\/mieszanka-olejkow-eterycznych-doterra-serenity-15-ml\/","title":{"rendered":"doTERRA Mieszanka olejk\u00f3w eterycznych SERENITY\u00a0(Mieszanka Odpr\u0119\u017caj\u0105ca) 15 ml"},"content":{"rendered":"<div class=\"_5pbx userContent _3576\" data-testid=\"post_message\" data-ft=\"{&quot;tn&quot;:&quot;K&quot;}\">\n<div class=\"text_exposed_root text_exposed\">\n<h2>Olejki wchodz\u0105ce w sk\u0142ad tej mieszanki to doTERRA SERENITY to:<\/h2>\n<ul>\n<li><strong>LAWENDA<\/strong>: ma w\u0142a\u015bciwo\u015bci uspokajaj\u0105ce. Mo\u017ce pom\u00f3c znie\u015b\u0107 uczucie depresji i l\u0119ku.<\/li>\n<li><strong>HO WOOD<\/strong>: dzia\u0142a koj\u0105co na sk\u00f3r\u0119, uspokajaj\u0105co na umys\u0142, odpr\u0119\u017caj\u0105co na cia\u0142o daj\u0105c uczucie spokoju i harmonii.<\/li>\n<li><strong>CEDR<\/strong>: dzia\u0142a uspokajaj\u0105co i \u0142agodzi napi\u0119cie nerwowe.<\/li>\n<li><strong>YLANG YLANG<\/strong>: ma w\u0142a\u015bciwo\u015bci uspokajaj\u0105ce i harmonizuj\u0105ce. Przynosi uczucie mi\u0142o\u015bci do siebie, rado\u015bci i spokoju, dodaje pewno\u015bci siebie.<\/li>\n<li><strong>S\u0141ODKI MAJERANEK<\/strong>: mo\u017ce pom\u00f3c zrelaksowa\u0107 i wyciszy\u0107 cia\u0142o i umys\u0142, a tak\u017ce przyczyni\u0107 si\u0119 do osi\u0105gni\u0119cia spokoju.<\/li>\n<li><strong>RUMIANEK RZYMSKI<\/strong>: dzia\u0142a uspokajaj\u0105co i relaksuj\u0105co. Pomaga z\u0142agodzi\u0107 napi\u0119cie mi\u0119\u015bni, a tak\u017ce uspokoi\u0107 nerwy i ukoi\u0107 emocje.<\/li>\n<li><strong>ABSOLUT VANILLA BEAN<\/strong>: dzia\u0142a uspokajaj\u0105co i pomaga z\u0142agodzi\u0107 napi\u0119cie.<\/li>\n<li><strong>WETIWERIA<\/strong>: ma w\u0142a\u015bciwo\u015bci uspokajaj\u0105ce, r\u00f3wnowa\u017c\u0105ce. Jest cz\u0119sto u\u017cywana do uspokajania nerw\u00f3w. Mo\u017ce r\u00f3wnie\u017c pom\u00f3c w \u0142agodzeniu niespokojnych, stresuj\u0105cych sytuacji, w chwilach zmartwie\u0144. Zapewnia spokojny sen.<\/li>\n<li><strong>HAWAJSKIE DRZEWO SANDA\u0141OWE<\/strong>: dzia\u0142a uspokajaj\u0105co. Pomaga zr\u00f3wnowa\u017cy\u0107 i zharmonizowa\u0107 emocje oraz mo\u017ce pom\u00f3c z\u0142agodzi\u0107 napi\u0119cie nerwowe.<\/li>\n<\/ul>\n<p><strong>Wp\u0142yw olejku doTERRA SERENITY na cia\u0142o:<br \/>\n<\/strong><\/p>\n<p>Olejki zawarte w tej mieszance mog\u0105 pom\u00f3c w radzeniu sobie z r\u00f3\u017cnymi problemami zwi\u0105zanymi z uk\u0142adem nerwowym i zachowaniem r\u00f3wnowagi emocjonalnej.<\/p>\n<p><strong>Dzia\u0142anie aromatyczne:<br \/>\n<\/strong><\/p>\n<p>Ta mieszanka olejk\u00f3w jest idealna do uspokojenia nerw\u00f3w i emocji na koniec d\u0142ugiego dnia lub w chwilach stresu. Gdy cia\u0142o jest w stanie si\u0119 zrelaksowa\u0107, wi\u0119cej krwi dociera do m\u00f3zgu.<\/p>\n<p><strong>Sk\u0142adniki:<\/strong> Olejek z lawendy (Lavandula angustifolia), olejek z ja\u0142owca wirginijskiego (Juniperus virginiana), olejek z li\u015bci cynamonowca kamforowego (Cinnamomum camphora linaloolifera), olejek zkwiat\u00f3w jagodlinu wonnego (Cananga odorata), olejek z li\u015bci majeranku (Origanum majorana), olejek z kwiat\u00f3w rumianku rzymskiego (Anthemis nobilis), olejek z korzeni wetiwerii (Vetiveria zizanoides), ekstrakt z owoc\u00f3w wanilii (Vanilla planifolia), olejek z drzewa sanda\u0142owego (Santalum paniculatum), benzoesan benzylu, salicylan benzylu, limonen, linalol.<\/p>\n<h2>Zastosowania mieszanki olejk\u00f3w doTERRA SERENITY:<strong><br \/>\n<\/strong><\/h2>\n<ul>\n<li>ADD\/ADHD,<\/li>\n<li>na\u0142ogi,<\/li>\n<li>z\u0142o\u015b\u0107,<\/li>\n<li>l\u0119k,<\/li>\n<li>nadpobudliwo\u015b\u0107,<\/li>\n<li>bezsenno\u015b\u0107,<\/li>\n<li>zm\u0119czenie psychiczne,<\/li>\n<li>wahania nastroju,<\/li>\n<li>zgrzytanie z\u0119bami,<\/li>\n<li>napi\u0119cie<\/li>\n<\/ul>\n<h2>Spos\u00f3b u\u017cycia mieszanki olejk\u00f3w doTERRA SERENITY:<strong><br \/>\n<\/strong><\/h2>\n<p>1 -2 krople rozsmaruj pod nosem oraz na plecach, stopach i karku. Dodaj do k\u0105pieli. U\u017cywaj jako perfum lub wody kolo\u0144skiej. Rozpyl w dyfuzorze lub wdychaj olejek bezpo\u015brednio z buteleczki.<\/p>\n<p><strong>\u015arodki ostro\u017cno\u015bci: <\/strong>Mo\u017ce powodowa\u0107 podra\u017cnienia sk\u00f3ry. Przechowywa\u0107 poza zasi\u0119giem dzieci. Je\u015bli jeste\u015b w ci\u0105\u017cy, karmisz piersi\u0105 lub jeste\u015b pod opiek\u0105 lekarsk\u0105, skonsultuj si\u0119 ze swoim lekarzem. Unika\u0107 kontaktu z oczami, wewn\u0119trzn\u0105 cz\u0119\u015bci\u0105 uszu i innymi wra\u017cliwymi obszarami.<\/p>\n<p><strong>Pojemno\u015b\u0107<\/strong>: 15 ml (buteleczka z ciemnego szk\u0142a).<\/p>\n<div id=\"box_description\" class=\"box tab\">\n<div class=\"innerbox\">\n<div class=\"resetcss\">\n<p><span style=\"font-size: 8pt;\">Opis i w\u0142a\u015bciwo\u015bci olejk\u00f3w opisane na stronie maj\u0105 wy\u0142\u0105cznie charakter informacyjny. W razie choroby lub problem\u00f3w ze zdrowiem skontaktuj si\u0119 z lekarzem i zastosuj si\u0119 do jego zalece\u0144 i wskaz\u00f3wek. W \u017cadnym wypadku kuracje olejkami nie zast\u0119puj\u0105 leczenia prowadzonego przez lekarza. Olejki nie s\u0105 lekami, suplementami diety ani \u017cywno\u015bci\u0105 specjalnego przeznaczenia! Zastosowanie produkt\u00f3w, olejk\u00f3w le\u017c\u0105 wy\u0142\u0105cznie w gestii, inwencji kupuj\u0105cego. Olejki doTERRA posiadaj\u0105 certyfikat doTERRA CPTG Certified Pure Tested Grade\u00ae. Olejki te s\u0105 czystymi, naturalnymi aromatycznymi zwi\u0105zkami starannie wyekstrahowanymi z ro\u015blin. Nie zawieraj\u0105 sztucznych sk\u0142adnik\u00f3w ani wype\u0142niaczy, kt\u00f3re os\u0142abi\u0142yby ich czynne w\u0142a\u015bciwo\u015bci oraz nie zawieraj\u0105 zanieczyszcze\u0144 i innych pozosta\u0142o\u015bci chemicznych. Certyfikat ten oznacza, \u017ce olejek zosta\u0142 poddany rygorystycznym procesom testowym, kt\u00f3re oceniaj\u0105 czysto\u015b\u0107 i moc olejk\u00f3w eterycznych. Je\u015bli oleje zostan\u0105 przetestowane w systemie CPTG i oka\u017c\u0105 si\u0119 czyste i mocne, s\u0105 one nast\u0119pnie sprzedawane jako pojedyncze oleje lub stosowane w mieszankach olejk\u00f3w eterycznych, takich jak mieszanka doTERRA Purify.<\/span><\/p>\n<p><strong>Producent<\/strong>: doTERRA<\/p>\n<\/div>\n<\/div>\n<\/div>\n<\/div>\n<\/div>\n","protected":false},"excerpt":{"rendered":"<div id=\"js_5ym\" class=\"_5pbx userContent _3576\" data-testid=\"post_message\" data-ft=\"{&quot;tn&quot;:&quot;K&quot;}\">\n<div class=\"spotlight__head-copy\">\n<p>d\u014dTERRA SERENITY to koj\u0105ca mieszanka olejk\u00f3w eterycznych, kt\u00f3ra sprzyja wyciszeniu i odpr\u0119\u017ceniu. Efekty tej \u0142agodnej mieszanki mo\u017cna poczu\u0107 natychmiast, przenosz\u0105c si\u0119 w stan b\u0142ogiego odpoczynku. doTERRA SERENITY \u0142\u0105czy w sobie olejki eteryczne b\u0119d\u0105ce w stanie zmniejszy\u0107 uczucie napi\u0119cia i wyciszy\u0107 emocje. Stosuj miejscowo przed po\u0142o\u017ceniem si\u0119 spa\u0107, aby zmniejszy\u0107 niepok\u00f3j i przygotowa\u0107 organizm do spokojnego snu. Olejki eteryczne z drzewa cedrowego, drzewa ho i wetiwerii dodaj\u0105 aromatu, kt\u00f3ry przywraca r\u00f3wnowag\u0119, uspokaja umys\u0142 i koi zmys\u0142y.<\/p>\n<\/div>\n<div class=\"spotlight__head-icons\"><\/div>\n<p>&nbsp;<\/p>\n<\/div>\n","protected":false},"featured_media":9352,"comment_status":"closed","ping_status":"closed","template":"","meta":[],"product_brand":[],"product_cat":[70,122,67,119],"product_tag":[],"class_list":{"0":"post-709","1":"product","2":"type-product","3":"status-publish","4":"has-post-thumbnail","6":"product_cat-doterra-mieszanki-olejkow-eterycznych","7":"product_cat-doterra-miesz-oe","8":"product_cat-produkty-doterra","9":"product_cat-doterra-produkty","11":"first","12":"instock","13":"taxable","14":"shipping-taxable","15":"purchasable","16":"product-type-simple"},"_links":{"self":[{"href":"https:\/\/ziolazycia.com\/nowa\/wp-json\/wp\/v2\/product\/709","targetHints":{"allow":["GET"]}}],"collection":[{"href":"https:\/\/ziolazycia.com\/nowa\/wp-json\/wp\/v2\/product"}],"about":[{"href":"https:\/\/ziolazycia.com\/nowa\/wp-json\/wp\/v2\/types\/product"}],"replies":[{"embeddable":true,"href":"https:\/\/ziolazycia.com\/nowa\/wp-json\/wp\/v2\/comments?post=709"}],"wp:featuredmedia":[{"embeddable":true,"href":"https:\/\/ziolazycia.com\/nowa\/wp-json\/wp\/v2\/media\/9352"}],"wp:attachment":[{"href":"https:\/\/ziolazycia.com\/nowa\/wp-json\/wp\/v2\/media?parent=709"}],"wp:term":[{"taxonomy":"product_brand","embeddable":true,"href":"https:\/\/ziolazycia.com\/nowa\/wp-json\/wp\/v2\/product_brand?post=709"},{"taxonomy":"product_cat","embeddable":true,"href":"https:\/\/ziolazycia.com\/nowa\/wp-json\/wp\/v2\/product_cat?post=709"},{"taxonomy":"product_tag","embeddable":true,"href":"https:\/\/ziolazycia.com\/nowa\/wp-json\/wp\/v2\/product_tag?post=709"}],"curies":[{"name":"wp","href":"https:\/\/api.w.org\/{rel}","templated":true}]}}