{"id":707,"date":"2022-11-25T08:13:07","date_gmt":"2022-11-25T07:13:07","guid":{"rendered":"https:\/\/ziolazycia.com\/nowa\/?post_type=product&#038;p=707"},"modified":"2025-11-26T15:58:12","modified_gmt":"2025-11-26T14:58:12","slug":"olejek-eteryczny-doterra-eucalyptus-eukaliptus-15-ml","status":"publish","type":"product","link":"https:\/\/ziolazycia.com\/nowa\/product\/olejek-eteryczny-doterra-eucalyptus-eukaliptus-15-ml\/","title":{"rendered":"doTERRA Olejek eteryczny EUCALYPTUS (Olejek Eukaliptusowy) 15 ml \u00a0"},"content":{"rendered":"<div class=\"_5pbx userContent _3576\" data-testid=\"post_message\" data-ft=\"{&quot;tn&quot;:&quot;K&quot;}\">\n<div class=\"text_exposed_root text_exposed\">\n<h2>W\u0142a\u015bciwo\u015bci olejku eterycznego doTERRA Eucalyptus:<strong><br \/>\n<\/strong><\/h2>\n<ul>\n<li>w\u0142a\u015bciwo\u015bci przeciwzapalne, \u0142agodzi wszelkiego rodzaju infekcje, jest doskona\u0142ym wsparciem przy przezi\u0119bieniu, grypie<\/li>\n<li>w\u0142a\u015bciwo\u015bci antyoksydacyjne,<\/li>\n<li>u\u0142atwia oddychanie, udra\u017cnia nos, dzia\u0142a rozkurczowo na oskrzela, dzia\u0142a wykrztu\u015bnie<\/li>\n<li>pobudza odporno\u015b\u0107<\/li>\n<li>w\u0142a\u015bciwo\u015bci odka\u017caj\u0105ce \u2013 olejek eukaliptusowy dzi\u0119ki sk\u0142adnikowi zwanemu eukaliptolem mo\u017ce niszczy\u0107 niekt\u00f3re szczepy wirus\u00f3w, jest cz\u0119sto stosowany do higieny jamy ustnej<\/li>\n<li>odstrasza owady (komary, pch\u0142y, kleszcze)<\/li>\n<li>ma dzia\u0142anie relaksuj\u0105ce, odpr\u0119\u017caj\u0105ce<\/li>\n<li>zmniejsza opuchlizn\u0119 i sw\u0119dzenie<\/li>\n<li>w\u0142a\u015bciwo\u015bci przeciwdrobnoustrojowe<\/li>\n<\/ul>\n<p><strong>Sk\u0142adniki:\u00a0<\/strong>Olejek z li\u015bci\/\u0142odyg eukaliptusa promienistego (Eucalyptus radiata), olejek z li\u015bci eukaliptusa polybractea (Eucalyptus polybractea), olejek z li\u015bci eukaliptusa kochii (Eucalyptus kochii), olejek z li\u015bci eukaliptusa loxophleba (Eucalyptus loxophleba), olejek z li\u015bci eukaliptusa ga\u0142kowego (Eucalyptus globulus), limonen*, cytral*, linalol*.<br \/>\n* Naturalnie wyst\u0119puj\u0105ce zwi\u0105zki oleju.<\/p>\n<h2>Spos\u00f3b u\u017cycia olejku eterycznego doTERRA Eucalyptus:<strong><br \/>\n<\/strong><\/h2>\n<ul>\n<li>inhalacje dr\u00f3g oddechowych (podczas przezi\u0119bie\u0144, grypy, zapalenia zatok, anginy lub przy uporczywym katarze). Do stosowania w dyfuzorze lub daj\u0105c 2-3 krople na poduszk\u0119 itp.<\/li>\n<li>warto kilka kropel olejku doda\u0107 do k\u0105pieli. Taka k\u0105piel dzia\u0142a rozlu\u017aniaj\u0105co, relaksuj\u0105co, pobudza kr\u0105\u017cenie krwi. Pomaga przy artretyzmie i reumatyzmie.<\/li>\n<li>warto kilka kropel doda\u0107 do masa\u017cu. Taki masa\u017c wspomaga osoby z przewlek\u0142ymi b\u00f3lami, nerwob\u00f3lami etc. Rozgrzewa, rozlu\u017ania, ma dzia\u0142anie terapeutyczne. Masowanie klatki piersiowej olejkiem (rozcie\u0144czonym w oleju bazowym) u\u0142atwia oddychanie.<\/li>\n<li>sauna &#8211; kilka kropli olejku rozpyli\u0107 podczas przebywania w pomieszczeniu sauny.<\/li>\n<\/ul>\n<p><strong>Stosowanie wy\u0142\u0105cznie miejscowe:<\/strong>\u00a0na\u0142\u00f3\u017c jedn\u0105 lub dwie krople na wybrany obszar. Rozcie\u0144czy\u0107 frakcjonowanym olejem kokosowym doTERRA, aby zminimalizowa\u0107 nadwra\u017cliwo\u015b\u0107 sk\u00f3ry.\u00a0<strong>Zastosowanie aromatyczne:<\/strong> u\u017cyj trzech do czterech kropli w wybranym przez siebie dyfuzorze.<strong> Nie stosowa\u0107 wewn\u0119trznie. Olejek eukaliptusowy nie mo\u017ce by\u0107 przedmiotem spo\u017cycia.<\/strong><\/p>\n<h2>Przeciwwskazania do stosowania olejku eterycznego doTERRA Eucalyptus:<strong><br \/>\n<\/strong><\/h2>\n<p>Nie stosowa\u0107 olejku u os\u00f3b chorych na padaczk\u0119 oraz stosuj\u0105cych leki na obni\u017cenie st\u0119\u017cenia glukozy we krwi. Nie zaleca si\u0119 r\u00f3wnie\u017c stosowania tego olejku u dzieci poni\u017cej 5 roku \u017cycia. Mo\u017cliwa wra\u017cliwo\u015b\u0107 sk\u00f3ry. Trzyma\u0107 poza zasi\u0119giem dzieci. Je\u015bli jeste\u015b w ci\u0105\u017cy, karmisz piersi\u0105 lub jeste\u015b pod opiek\u0105 lekarza, skonsultuj si\u0119 z lekarzem. Unikaj kontaktu z oczami, uszami wewn\u0119trznymi i wra\u017cliwymi obszarami. Unikaj promieni s\u0142onecznych lub promieni UV do 12 godzin po na\u0142o\u017ceniu produktu.<\/p>\n<p><strong>Pojemno\u015b\u0107<\/strong>: 15 ml (buteleczka z ciemnego szk\u0142a).<\/p>\n<p><strong>UWAGA:<\/strong><\/p>\n<div id=\"box_description\" class=\"box tab\">\n<div class=\"innerbox\">\n<div class=\"resetcss\">\n<p><span style=\"font-size: 8pt;\">Opis i w\u0142a\u015bciwo\u015bci olejk\u00f3w opisane na stronie maj\u0105 wy\u0142\u0105cznie charakter informacyjny. W razie choroby lub problem\u00f3w ze zdrowiem skontaktuj si\u0119 z lekarzem i zastosuj si\u0119 do jego zalece\u0144 i wskaz\u00f3wek. W \u017cadnym wypadku kuracje olejkami nie zast\u0119puj\u0105 leczenia prowadzonego przez lekarza. Olejki nie s\u0105 lekami, suplementami diety ani \u017cywno\u015bci\u0105 specjalnego przeznaczenia! Zastosowanie produkt\u00f3w, olejk\u00f3w le\u017c\u0105 wy\u0142\u0105cznie w gestii, inwencji kupuj\u0105cego. Olejki doTERRA posiadaj\u0105 certyfikat doTERRA CPTG Certified Pure Tested Grade\u00ae. Olejki te s\u0105 czystymi, naturalnymi aromatycznymi zwi\u0105zkami starannie wyekstrahowanymi z ro\u015blin. Nie zawieraj\u0105 sztucznych sk\u0142adnik\u00f3w ani wype\u0142niaczy, kt\u00f3re os\u0142abi\u0142yby ich czynne w\u0142a\u015bciwo\u015bci oraz nie zawieraj\u0105 zanieczyszcze\u0144 i innych pozosta\u0142o\u015bci chemicznych. Certyfikat ten oznacza, \u017ce olejek zosta\u0142 poddany rygorystycznym procesom testowym, kt\u00f3re oceniaj\u0105 czysto\u015b\u0107 i moc olejk\u00f3w eterycznych. Je\u015bli oleje zostan\u0105 przetestowane w systemie CPTG i oka\u017c\u0105 si\u0119 czyste i mocne, s\u0105 one nast\u0119pnie sprzedawane jako pojedyncze oleje lub stosowane w mieszankach olejk\u00f3w eterycznych, takich jak mieszanka doTERRA Purify.<\/span><\/p>\n<\/div>\n<\/div>\n<\/div>\n<\/div>\n<\/div>\n","protected":false},"excerpt":{"rendered":"<div id=\"js_5ym\" class=\"_5pbx userContent _3576\" data-testid=\"post_message\" data-ft=\"{&quot;tn&quot;:&quot;K&quot;}\">\n<div class=\"spotlight__head-copy\">\n<p>Nazywane czasami drzewami gumowymi, drzewa eukaliptusowe s\u0105 drzewami wiecznie zielonymi, kt\u00f3re osi\u0105gaj\u0105 wysoko\u015b\u0107 do 15 metr\u00f3w wysoko\u015bci. Rosn\u0105 przede wszystkim w klimacie tropikalnym i subtropikalnym i &#8211; co warte jest podkre\u015blenia &#8211; s\u0105 jedynym \u017ar\u00f3d\u0142em po\u017cywienia dla\u00a0 nied\u017awiadk\u00f3w koala.<\/p>\n<p>Dzi\u0119ki g\u0142\u00f3wnym sk\u0142adnikom chemicznym olejku eukaliptusowego, eukaliptolowi i alfaterpineolowi, olejek ten doskonale sprawdza si\u0119 podczas relaksuj\u0105cego masa\u017cu. Olejek eukaliptusowy charakteryzuje si\u0119 \u015bwie\u017cym, intensywnym zapachem. Stosowany na sk\u00f3r\u0119 olejek eteryczny z eukaliptusa zapewnia uczucie odpr\u0119\u017cenia.<\/p>\n<\/div>\n<div class=\"spotlight__head-icons\"><\/div>\n<p>&nbsp;<\/p>\n<\/div>\n","protected":false},"featured_media":9351,"comment_status":"closed","ping_status":"closed","template":"","meta":[],"product_brand":[],"product_cat":[69,125,67,119],"product_tag":[],"class_list":{"0":"post-707","1":"product","2":"type-product","3":"status-publish","4":"has-post-thumbnail","6":"product_cat-doterra-olejki-eteryczne-pojedyncze","7":"product_cat-doterra-oe-poj","8":"product_cat-produkty-doterra","9":"product_cat-doterra-produkty","11":"first","12":"instock","13":"taxable","14":"shipping-taxable","15":"purchasable","16":"product-type-simple"},"_links":{"self":[{"href":"https:\/\/ziolazycia.com\/nowa\/wp-json\/wp\/v2\/product\/707","targetHints":{"allow":["GET"]}}],"collection":[{"href":"https:\/\/ziolazycia.com\/nowa\/wp-json\/wp\/v2\/product"}],"about":[{"href":"https:\/\/ziolazycia.com\/nowa\/wp-json\/wp\/v2\/types\/product"}],"replies":[{"embeddable":true,"href":"https:\/\/ziolazycia.com\/nowa\/wp-json\/wp\/v2\/comments?post=707"}],"wp:featuredmedia":[{"embeddable":true,"href":"https:\/\/ziolazycia.com\/nowa\/wp-json\/wp\/v2\/media\/9351"}],"wp:attachment":[{"href":"https:\/\/ziolazycia.com\/nowa\/wp-json\/wp\/v2\/media?parent=707"}],"wp:term":[{"taxonomy":"product_brand","embeddable":true,"href":"https:\/\/ziolazycia.com\/nowa\/wp-json\/wp\/v2\/product_brand?post=707"},{"taxonomy":"product_cat","embeddable":true,"href":"https:\/\/ziolazycia.com\/nowa\/wp-json\/wp\/v2\/product_cat?post=707"},{"taxonomy":"product_tag","embeddable":true,"href":"https:\/\/ziolazycia.com\/nowa\/wp-json\/wp\/v2\/product_tag?post=707"}],"curies":[{"name":"wp","href":"https:\/\/api.w.org\/{rel}","templated":true}]}}