{"id":701,"date":"2022-11-25T08:04:17","date_gmt":"2022-11-25T07:04:17","guid":{"rendered":"https:\/\/ziolazycia.com\/nowa\/?post_type=product&#038;p=701"},"modified":"2025-11-26T15:58:12","modified_gmt":"2025-11-26T14:58:12","slug":"olejek-eteryczny-doterra-rosemary-rozmaryn-15-ml","status":"publish","type":"product","link":"https:\/\/ziolazycia.com\/nowa\/product\/olejek-eteryczny-doterra-rosemary-rozmaryn-15-ml\/","title":{"rendered":"doTERRA Olejek eteryczny ROSEMARY (Rozmaryn) 15 ml\u00a0"},"content":{"rendered":"<div class=\"_5pbx userContent _3576\" data-testid=\"post_message\" data-ft=\"{&quot;tn&quot;:&quot;K&quot;}\">\n<div class=\"text_exposed_root text_exposed\">\n<p>Rozmaryn nale\u017cy do tej samej rodziny co mi\u0119ta, bazylia, lawenda, sza\u0142wia a tak\u017ce mirt. Olejek eteryczny z rozmarynu ma iglasty zapach ale nie nadmiernie le\u015bny a raczej \u015bwie\u017cy, s\u0142odki i silnie zio\u0142owy, z lekkim odcieniem lekarstwa.<strong>\u00a0Bardzo silnie pobudza.<\/strong><\/p>\n<h2>W\u0142a\u015bciwo\u015bci olejku doTERRA Rosemary:<strong><br \/>\n<\/strong><\/h2>\n<ul>\n<li>Wykazuje dzia\u0142anie antybakteryjne, antywirusowe i antygrzybiczne. Dzi\u0119ki temu wspomaga organizm podczas infekcji i zaka\u017ce\u0144.<\/li>\n<li>Jest stosowany tak\u017ce w leczeniu alergii uk\u0142adu oddechowego, przezi\u0119bieniach, infekcjach zatok oraz grypy, chronicznego bronchitu, astmy.<\/li>\n<li>Skutecznie obni\u017ca poziom cukru we krwi i podnosi poziom insuliny, dlatego te\u017c jest idealny dla diabetyk\u00f3w.<\/li>\n<li>Wp\u0142ywa korzystnie na kondycj\u0119 fizyczn\u0105 i psychiczn\u0105. Przeciwdzia\u0142a z\u0142emu nastrojowi, stanom l\u0119kowym, zwalcza stres i depresj\u0119, polepsza nastr\u00f3j, dodaje si\u0142 witalnych, energii i ch\u0119ci do dzia\u0142ania, zwi\u0119ksza libido, obni\u017ca poziom kortyzolu.<\/li>\n<li>Wspiera prac\u0119 uk\u0142adu pokarmowego: zwalcza b\u00f3le \u017co\u0142\u0105dka, stymuluje i odtruwa w\u0105trob\u0119 oraz chroni i regeneruje tkanki trzustki. Bardzo cz\u0119sto stosowany jest do leczenia niestrawno\u015bci, \u0142agodzenia wzd\u0119\u0107, a tak\u017ce skurcz\u00f3w \u017co\u0142\u0105dka, zapar\u0107, mo\u017ce r\u00f3wnie\u017c podkr\u0119ca\u0107 apetyt. Ma dzia\u0142anie \u017c\u00f3\u0142ciop\u0119dne, wobec czego nale\u017cy go stosowa\u0107 podczas b\u00f3lu \u017co\u0142\u0105dka, w chorobach jelit i p\u0119cherzyka \u017c\u00f3\u0142ciowego. U\u0142atwia trawienie i ogranicza ryzyko wyst\u0105pienia wrzod\u00f3w \u017co\u0142\u0105dka, dba o stan b\u0142ony \u015bluzowej \u017co\u0142\u0105dka i chroni j\u0105 przed podra\u017cniaj\u0105cymi czynnikami.<\/li>\n<li>Wspomaga leczenie egzemy, zapalenia sk\u00f3ry, a tak\u017ce tr\u0105dziku. Przyczynia si\u0119 tak\u017ce do rozja\u015bniania blizn, umo\u017cliwia redukcj\u0119 przebarwie\u0144, \u0142agodzi blizny.<\/li>\n<li>Poniewa\u017c zawiera antyoksydanty zwalczaj\u0105ce wolne rodniki jest doskona\u0142ym \u015brodkiem przeciwdzia\u0142aj\u0105cym procesom starzenia. Umo\u017cliwia w\u0142a\u015bciwe nawil\u017cenie sk\u00f3ry i szybk\u0105 popraw\u0119 jej wygl\u0105du \u2013 sk\u00f3ra staje si\u0119 du\u017co bardziej elastyczna i nab\u0142yszczona. Regularne masowanie olejkiem naturalnie tonizuje sk\u00f3r\u0119 oraz niweluje uczucie sucho\u015bci i szorstko\u015bci. Jego stosowanie zapewnia zdrowy i promienny wygl\u0105d.<\/li>\n<li>Olejek rozmarynowy stosuje si\u0119 wspomagaj\u0105co w czasie leczenia reumatyzmu i zapalenia staw\u00f3w, przy \u017cylakach. Ze wzgl\u0119du na w\u0142a\u015bciwo\u015bci przeciwzapalne wykorzystuje si\u0119 go tak\u017ce do masa\u017cu \u2013 przynosi ulg\u0119 zm\u0119czonym mi\u0119\u015bniom, przyspiesza regeneracj\u0119 uraz\u00f3w. Mo\u017ce by\u0107 nanoszony bezpo\u015brednio na rany i skaleczenia \u2013 odka\u017ca je, chroni przed zaka\u017ceniami bakteryjnymi, przyspiesza proces gojenia, a wraz za tym minimalizuje blizny.<\/li>\n<li>Obecny w nim kwas karnozowy dba r\u00f3wnie\u017c o zdrowie oczu i chroni przed zwyrodnieniami tkanki \u017c\u00f3\u0142tej.<\/li>\n<li>Korzystnie wp\u0142ywa na kondycj\u0119 w\u0142os\u00f3w, a tak\u017ce na such\u0105 i \u0142uszcz\u0105c\u0105 si\u0119 sk\u00f3r\u0119 g\u0142owy. Regularne masowanie sk\u00f3ry olejkiem doskonale nawil\u017ca i skutecznie usuwa \u0142upie\u017c. Jest naturalnym \u015brodkiem dezynfekuj\u0105cym. Dzi\u0119ki regularnemu stosowaniu tego olejku jeste\u015bmy r\u00f3wnie\u017c w stanie op\u00f3\u017ani\u0107 proces wypadania i siwienia w\u0142os\u00f3w, poza tym zyskamy mocniejsze i d\u0142u\u017csze kosmyki oraz pobudzimy cebulki w\u0142os\u00f3w.<\/li>\n<li>Odstrasza owady.<\/li>\n<\/ul>\n<p><strong>Ponadto olejek rozmarynowy mo\u017ce korzystnie wp\u0142ywa\u0107 na:<br \/>\n<\/strong><\/p>\n<ul>\n<li>popraw\u0119 pami\u0119ci, jasno\u015b\u0107 umys\u0142u,<\/li>\n<li>leczenie apatii,<\/li>\n<li>popraw\u0119 potencji i ozi\u0119b\u0142o\u015bci seksualnej (jest naturalnym afrodyzjakiem),<\/li>\n<li>pobudzanie kr\u0105\u017cenia,<\/li>\n<li>stymulowanie pracy serca i regulowanie ci\u015bnienia krwi,<\/li>\n<li>j\u0119drno\u015b\u0107 sk\u00f3ry i zmniejszanie cellulitu,<\/li>\n<\/ul>\n<p><strong>Sposoby stosowania olejku rozmarynowego:<br \/>\n<\/strong><\/p>\n<p>Mo\u017ce by\u0107 stosowany miejscowo na sk\u00f3r\u0119. Jest to jeden z niewielu olejk\u00f3w, kt\u00f3ry jest uwa\u017cany za bezpieczny do stosowania bez rozcie\u0144czania. jednak na wszelki wypadek przez zastosowaniem lepiej jest rozcie\u0144czy\u0107 go w oleju bazowym w proporcji 1:1 (masa\u017c obola\u0142ych miejsc, rany, niskie ci\u015bnienie krwi, apatia seksualna, etc.).<br \/>\nDoskona\u0142y do stosowania w dyfuzorach (infekcje dr\u00f3g oddechowych, niskie ci\u015bnienie krwi, etc.).<br \/>\nRaczej nie powinien by\u0107 stosowany doustnie.<\/p>\n<p><strong>\u015arodki ostro\u017cno\u015bci:<\/strong> U\u017cywa\u0107 tylko po rozcie\u0144czeniu. Za\u017cywa\u0107 nie wi\u0119cej ni\u017c jedn\u0105 kropl\u0119 dziennie. Przechowywa\u0107 poza zasi\u0119giem dzieci. Je\u015bli jeste\u015b w ci\u0105\u017cy lub jeste\u015b pod opiek\u0105 lekarsk\u0105, skonsultuj si\u0119 ze swoim lekarzem. Unika\u0107 kontaktu z oczami, uchem wewn\u0119trznym, twarz\u0105, wra\u017cliwymi obszarami i b\u0142onami \u015bluzowymi.<\/p>\n<\/div>\n<\/div>\n<p><strong>Pojemno\u015b\u0107<\/strong>: 15 ml (buteleczka z ciemnego szk\u0142a).<\/p>\n<p><strong>UWAGA:<\/strong><\/p>\n<p>Opis i w\u0142a\u015bciwo\u015bci olejk\u00f3w opisane na stronie maj\u0105 wy\u0142\u0105cznie charakter informacyjny. W razie choroby lub problem\u00f3w ze zdrowiem skontaktuj si\u0119 z lekarzem i zastosuj si\u0119 do jego zalece\u0144 i wskaz\u00f3wek. W \u017cadnym wypadku kuracje olejkami nie zast\u0119puj\u0105 leczenia prowadzonego przez lekarza. Olejki nie s\u0105 lekami, suplementami diety ani \u017cywno\u015bci\u0105 specjalnego przeznaczenia! Zastosowanie produkt\u00f3w, olejk\u00f3w le\u017c\u0105 wy\u0142\u0105cznie w gestii, inwencji kupuj\u0105cego. Olejki doTERRA posiadaj\u0105 certyfikat doTERRA CPTG Certified Pure Tested Grade\u00ae. Olejki te s\u0105 czystymi, naturalnymi aromatycznymi zwi\u0105zkami starannie wyekstrahowanymi z ro\u015blin. Nie zawieraj\u0105 sztucznych sk\u0142adnik\u00f3w ani wype\u0142niaczy, kt\u00f3re os\u0142abi\u0142yby ich czynne w\u0142a\u015bciwo\u015bci oraz nie zawieraj\u0105 zanieczyszcze\u0144 i innych pozosta\u0142o\u015bci chemicznych. Certyfikat ten oznacza, \u017ce olejek zosta\u0142 poddany rygorystycznym procesom testowym, kt\u00f3re oceniaj\u0105 czysto\u015b\u0107 i moc olejk\u00f3w eterycznych. Je\u015bli oleje zostan\u0105 przetestowane w systemie CPTG i oka\u017c\u0105 si\u0119 czyste i mocne, s\u0105 one nast\u0119pnie sprzedawane jako pojedyncze oleje lub stosowane w mieszankach olejk\u00f3w eterycznych, takich jak mieszanka doTERRA Purify.<\/p>\n<p><strong>Producent<\/strong>: doTERRA.<\/p>\n<p>&nbsp;<\/p>\n<p>&nbsp;<\/p>\n<p>&nbsp;<\/p>\n","protected":false},"excerpt":{"rendered":"<div id=\"js_5ym\" class=\"_5pbx userContent _3576\" data-testid=\"post_message\" data-ft=\"{&quot;tn&quot;:&quot;K&quot;}\">\n<p>Olejek rozmarynowy to wyj\u0105tkowy olejek. Ci\u0105gle jeszcze zbyt ma\u0142o znany i rozpowszechniony. Wykorzystywany przez ludzi od tysi\u0119cy lat. Stosowany w Staro\u017cytnym Egipcie jako lekarstwo i kosmetyk jednocze\u015bnie. Dla Rzymian mia\u0142 wielkie znaczenie w ceremoniach religijnych. Potencja\u0142 rozmarynu oficjalnie udokumentowa\u0142 w XVI wieku lekarz, a zarazem botanik &#8211; Paracelsus. Doceni\u0142 on w\u0142a\u015bciwo\u015bci olejku rozmarynowego pod wzgl\u0119dem jego zdolno\u015bci do regeneracji i kuracji ca\u0142ego organizmu. S\u0142usznie zauwa\u017cy\u0142, \u017ce wspomaga leczenie delikatnych i kluczowych dla \u017cycia narz\u0105d\u00f3w, takich jak w\u0105troba czy m\u00f3zg i serce.<\/p>\n<\/div>\n","protected":false},"featured_media":9350,"comment_status":"closed","ping_status":"closed","template":"","meta":[],"product_brand":[],"product_cat":[69,125,67,119],"product_tag":[],"class_list":{"0":"post-701","1":"product","2":"type-product","3":"status-publish","4":"has-post-thumbnail","6":"product_cat-doterra-olejki-eteryczne-pojedyncze","7":"product_cat-doterra-oe-poj","8":"product_cat-produkty-doterra","9":"product_cat-doterra-produkty","11":"first","12":"instock","13":"sale","14":"taxable","15":"shipping-taxable","16":"purchasable","17":"product-type-simple"},"_links":{"self":[{"href":"https:\/\/ziolazycia.com\/nowa\/wp-json\/wp\/v2\/product\/701","targetHints":{"allow":["GET"]}}],"collection":[{"href":"https:\/\/ziolazycia.com\/nowa\/wp-json\/wp\/v2\/product"}],"about":[{"href":"https:\/\/ziolazycia.com\/nowa\/wp-json\/wp\/v2\/types\/product"}],"replies":[{"embeddable":true,"href":"https:\/\/ziolazycia.com\/nowa\/wp-json\/wp\/v2\/comments?post=701"}],"wp:featuredmedia":[{"embeddable":true,"href":"https:\/\/ziolazycia.com\/nowa\/wp-json\/wp\/v2\/media\/9350"}],"wp:attachment":[{"href":"https:\/\/ziolazycia.com\/nowa\/wp-json\/wp\/v2\/media?parent=701"}],"wp:term":[{"taxonomy":"product_brand","embeddable":true,"href":"https:\/\/ziolazycia.com\/nowa\/wp-json\/wp\/v2\/product_brand?post=701"},{"taxonomy":"product_cat","embeddable":true,"href":"https:\/\/ziolazycia.com\/nowa\/wp-json\/wp\/v2\/product_cat?post=701"},{"taxonomy":"product_tag","embeddable":true,"href":"https:\/\/ziolazycia.com\/nowa\/wp-json\/wp\/v2\/product_tag?post=701"}],"curies":[{"name":"wp","href":"https:\/\/api.w.org\/{rel}","templated":true}]}}