{"id":698,"date":"2022-11-25T07:58:29","date_gmt":"2022-11-25T06:58:29","guid":{"rendered":"https:\/\/ziolazycia.com\/nowa\/?post_type=product&#038;p=698"},"modified":"2025-11-26T15:58:12","modified_gmt":"2025-11-26T14:58:12","slug":"olejek-eteryczny-doterra-wild-orange-dzika-pomarancza-5-ml","status":"publish","type":"product","link":"https:\/\/ziolazycia.com\/nowa\/product\/olejek-eteryczny-doterra-wild-orange-dzika-pomarancza-5-ml\/","title":{"rendered":"doTERRA Olejek eteryczny WILD ORANGE (Dzika Pomara\u0144cza) 15 ml"},"content":{"rendered":"<div class=\"_5pbx userContent _3576\" data-testid=\"post_message\" data-ft=\"{&quot;tn&quot;:&quot;K&quot;}\">\n<div class=\"text_exposed_root text_exposed\">\n<p>Warto wiedzie\u0107, \u017ce Citrus sinensis to wiecznie zielone drzewo, powszechnie okre\u015blane jako drzewo s\u0142odkiej pomara\u0144czy. Jego s\u0142odkie owoce maj\u0105 wiele zastosowa\u0144 &#8211; jako soki, marmolady czy galaretki, a tak\u017ce jako aromat do s\u0142odyczy i wypiek\u00f3w. Olejek doTERRA Wild Orange pozyskuje si\u0119 ze s\u0142odkiej sk\u00f3rki owoc\u00f3w dzikiej pomara\u0144czy w procesie t\u0142oczenia na zimno. To jeden z najpopularniejszych olejk\u00f3w eterycznych. Ma on nieograniczone zastosowania w przepisach kulinarnych i zdrowym stylu \u017cycia. Jest to ponadto jeden z najbezpieczniejszych olejk\u00f3w dla dzieci, w tym niemowl\u0105t.<\/p>\n<h2>Sk\u0142adniki olejku doTERRA Wild Orange:<strong><br \/>\n<\/strong><\/h2>\n<p>Podstawowy sk\u0142adnik chemicznym to limonen (monoterpen), kt\u00f3ry ma w\u0142a\u015bciwo\u015bci oczyszczaj\u0105ce i jest stosowany jako \u015brodek do czyszczenia sk\u00f3ry lub powierzchni. Ponadto doskonale stymuluje i poprawia nastr\u00f3j, gdy jest stosowany w postaci aromatycznej.<\/p>\n<h2>Sposoby stosowania olejku doTERRA Wild Orange:<strong><br \/>\n<\/strong><\/h2>\n<p>&nbsp;<\/p>\n<ul>\n<li>Dodaj 2-3 krople do dyfuzora i delektuj si\u0119 pi\u0119knym aromatem, kt\u00f3ry oczyszcza powietrze i energetyzuje otoczenie, ale te\u017c zwyczajnie tworzy przyjemny zapach w domu. Olejek z dzikiej pomara\u0144czy to doskona\u0142y spos\u00f3b na odstresowanie si\u0119, na przyk\u0142ad w trakcie ci\u0119\u017ckiego dnia pracy lub po pracy.<\/li>\n<li>Poza tym, \u017ce pi\u0119knie pachnie i poprawia samopoczucie, ma te\u017c silne dzia\u0142anie antybakteryjne. Dodaj\u0105c kilka kropli do wody mo\u017cna na przyk\u0142ad umy\u0107 ni\u0105 pod\u0142og\u0119 czy zdezynfekowa\u0107 blat kuchenny. Sprawdzi si\u0119 r\u00f3wnie\u017c do mycia naczy\u0144 czy od\u015bwie\u017cenia toalety.<\/li>\n<li>Olejek z dzikiej pomara\u0144czy ma t\u0119 r\u00f3wnie\u017c niezwyk\u0142\u0105 w\u0142a\u015bciwo\u015b\u0107, \u017ce doskonale dopasowuje si\u0119 do potrzeb organizmu. Z jednej strony uspokaja i relaksuje, a z drugiej potrafi orze\u017awi\u0107 i doda\u0107 energii. Warto wi\u0119c mie\u0107 go w aucie szczeg\u00f3lnie gdy mamy przed sob\u0105 d\u0142ug\u0105 drog\u0119. B\u0119dzie nie tylko doskona\u0142\u0105 alternatyw\u0105 dla chemicznych od\u015bwie\u017caczy samochodowych, ale te\u017c u\u0142atwi walk\u0119 ze znu\u017ceniem i zasypianiem za kierownic\u0105. W ten sam spos\u00f3b &#8211; je\u015bli chcesz poczu\u0107 energi\u0119 od samego rana, dodaj kilka kropli olejku do mycia cia\u0142a, aby uzyska\u0107 orze\u017awiaj\u0105cy prysznic.<\/li>\n<li>W celu wsparcia naszego uk\u0142adu odporno\u015bciowego wystarczy wla\u0107 kropl\u0119 dzikiej pomara\u0144czy do szklanki z wod\u0105 i wypi\u0107. Je\u015bli cz\u0119sto pijesz herbat\u0119, dodaj kilka kropli dzikiej pomara\u0144czy do ulubionej herbaty, znakomicie uchronisz organizm przed jesiennymi wirusami. Mo\u017cesz r\u00f3wnie\u017c zastosowa\u0107 jedn\u0105 krople\u0328 w \u017celowej kapsu\u0142ce wegetarian\u0301skiej lub po\u0142\u0105czy\u0107 z oliwa\u0328 z oliwek i zaaplikowa\u0107 do wewn\u0105trz organizmu &#8211; to te\u017c spos\u00f3b na utrzymanie zdrowego uk\u0142adu odporno\u015bciowego.<\/li>\n<li>Olejek WILD ORANGE jest ponadto bezpieczny dla dzieci i niemowl\u0105t. Zapach rozpylony lub pozostawiony w pokoju maluszka podzia\u0142a na niego koj\u0105co w stanach rozdra\u017cnienia, uspokoi emocje. Olejek mo\u017cna tak\u017ce zastosowa\u0107 do masowania brzuszka w celu usprawnienia trawienia przy kolce. Jednak do stosowania bezpo\u015brednio na sk\u00f3r\u0119 niemowlaka czy ma\u0142ego dziecka trzeba go rozcie\u0144czy\u0107, na przyk\u0142ad olejem kokosowym czy innym olejem ro\u015blinnym.<\/li>\n<li>Dzika pomara\u0144cza mo\u017ce by\u0107 doskona\u0142ym, energetyzuj\u0105cym i odstresowuj\u0105cym dodatkiem do r\u00f3\u017cnych potraw i napoj\u00f3w. Kropla dodana do porannego soku wspomaga trawienie i dzia\u0142a detoksykuj\u0105co. Kropla dodana do kawy lub jogurtu wzbogaci smak i zapach. Dzik\u0105 pomara\u0144cz\u0119 mo\u017cna tak\u017ce z powodzeniem wykorzysta\u0107 do przygotowania pysznych, aromatycznych deser\u00f3w, takich jak na przyk\u0142ad kulki mocy. W po\u0142\u0105czeniu z daktylami, migda\u0142ami i przyprawami korzennymi b\u0119dzie stanowi\u0107 doskona\u0142\u0105 alternatyw\u0119 dla s\u0142odkich ciast.<\/li>\n<\/ul>\n<p>Olejek WILD ORANGE doskonale \u0142\u0105czy si\u0119 z szerok\u0105 gam\u0105 olejk\u00f3w takich jak cho\u0107by: olejek z mi\u0119ty pieprzowej, z kardamonu, rozmarynu, AIR, Ylang Ylang, eukaliptusa.<\/p>\n<p><strong>\u015arodki ostro\u017cno\u015bci<\/strong>: Moz\u0307liwa jest reakcja alergiczna wraz\u0307liwej sko\u0301ry. Najlepiej stosowa\u0107 w rozcie\u0144czonej postaci, na przyk\u0142ad frakcjonowanym olejem kokosowym. Unikaj kontaktu z oczami, uszami i wraz\u0307liwymi obszarami cia\u0142a. Miejsc posmarowanych olejkiem nie powinno si\u0119 ponadto wystawia\u0107 na s\u0142o\u0144ce przez co najmniej 12 godzin.<\/p>\n<p><strong>Pojemno\u015b\u0107<\/strong>: 15 ml (buteleczka z ciemnego szk\u0142a).<\/p>\n<\/div>\n<\/div>\n<p><strong>UWAGA:<\/strong><\/p>\n<div id=\"box_description\" class=\"box tab\">\n<div class=\"innerbox\">\n<div class=\"resetcss\">\n<p><span style=\"font-size: 8pt;\">Opis i w\u0142a\u015bciwo\u015bci olejk\u00f3w opisane na stronie maj\u0105 wy\u0142\u0105cznie charakter informacyjny. W razie choroby lub problem\u00f3w ze zdrowiem skontaktuj si\u0119 z lekarzem i zastosuj si\u0119 do jego zalece\u0144 i wskaz\u00f3wek. W \u017cadnym wypadku kuracje olejkami nie zast\u0119puj\u0105 leczenia prowadzonego przez lekarza. Olejki nie s\u0105 lekami, suplementami diety ani \u017cywno\u015bci\u0105 specjalnego przeznaczenia! Zastosowanie produkt\u00f3w, olejk\u00f3w le\u017c\u0105 wy\u0142\u0105cznie w gestii, inwencji kupuj\u0105cego. Olejki doTERRA posiadaj\u0105 certyfikat doTERRA CPTG Certified Pure Tested Grade\u00ae. Olejki te s\u0105 czystymi, naturalnymi aromatycznymi zwi\u0105zkami starannie wyekstrahowanymi z ro\u015blin. Nie zawieraj\u0105 sztucznych sk\u0142adnik\u00f3w ani wype\u0142niaczy, kt\u00f3re os\u0142abi\u0142yby ich czynne w\u0142a\u015bciwo\u015bci oraz nie zawieraj\u0105 zanieczyszcze\u0144 i innych pozosta\u0142o\u015bci chemicznych. Certyfikat ten oznacza, \u017ce olejek zosta\u0142 poddany rygorystycznym procesom testowym, kt\u00f3re oceniaj\u0105 czysto\u015b\u0107 i moc olejk\u00f3w eterycznych. Je\u015bli oleje zostan\u0105 przetestowane w systemie CPTG i oka\u017c\u0105 si\u0119 czyste i mocne, s\u0105 one nast\u0119pnie sprzedawane jako pojedyncze oleje lub stosowane w mieszankach olejk\u00f3w eterycznych, takich jak mieszanka doTERRA Purify.<\/span><\/p>\n<\/div>\n<\/div>\n<\/div>\n<div id=\"box_productcomments\" class=\"box row tab\">\n<div class=\"boxhead tab-head\"><strong>Producent<\/strong>: doTERRA.<\/div>\n<\/div>\n<div id=\"box_productcomments\" class=\"box row tab\">\n<div class=\"boxhead tab-head\"><\/div>\n<\/div>\n","protected":false},"excerpt":{"rendered":"<div id=\"js_5ym\" class=\"_5pbx userContent _3576\" data-testid=\"post_message\" data-ft=\"{&quot;tn&quot;:&quot;K&quot;}\">\n<p>To wyj\u0105tkowo przyjemny olejek eteryczny, kt\u00f3ry ma wiele zastosowa\u0144 zar\u00f3wno w kosmetologii, jak i w domu np. w kuchni. Jest nazywany zapachem rado\u015bci i obfito\u015bci. Ma bardzo pozytywny wp\u0142yw na nastr\u00f3j, energi\u0119 i rado\u015b\u0107 \u017cycia, relaksuje, rozlu\u017ania, \u0142agodzi stany l\u0119kowe, u\u0142atwia zasypianie. Trzeba doda\u0107, \u017ce nale\u017cy do grona najbardziej lubianych zapach\u00f3w.<\/p>\n<\/div>\n","protected":false},"featured_media":9349,"comment_status":"closed","ping_status":"closed","template":"","meta":[],"product_brand":[],"product_cat":[69,125,67,119],"product_tag":[],"class_list":{"0":"post-698","1":"product","2":"type-product","3":"status-publish","4":"has-post-thumbnail","6":"product_cat-doterra-olejki-eteryczne-pojedyncze","7":"product_cat-doterra-oe-poj","8":"product_cat-produkty-doterra","9":"product_cat-doterra-produkty","11":"first","12":"instock","13":"taxable","14":"shipping-taxable","15":"purchasable","16":"product-type-simple"},"_links":{"self":[{"href":"https:\/\/ziolazycia.com\/nowa\/wp-json\/wp\/v2\/product\/698","targetHints":{"allow":["GET"]}}],"collection":[{"href":"https:\/\/ziolazycia.com\/nowa\/wp-json\/wp\/v2\/product"}],"about":[{"href":"https:\/\/ziolazycia.com\/nowa\/wp-json\/wp\/v2\/types\/product"}],"replies":[{"embeddable":true,"href":"https:\/\/ziolazycia.com\/nowa\/wp-json\/wp\/v2\/comments?post=698"}],"wp:featuredmedia":[{"embeddable":true,"href":"https:\/\/ziolazycia.com\/nowa\/wp-json\/wp\/v2\/media\/9349"}],"wp:attachment":[{"href":"https:\/\/ziolazycia.com\/nowa\/wp-json\/wp\/v2\/media?parent=698"}],"wp:term":[{"taxonomy":"product_brand","embeddable":true,"href":"https:\/\/ziolazycia.com\/nowa\/wp-json\/wp\/v2\/product_brand?post=698"},{"taxonomy":"product_cat","embeddable":true,"href":"https:\/\/ziolazycia.com\/nowa\/wp-json\/wp\/v2\/product_cat?post=698"},{"taxonomy":"product_tag","embeddable":true,"href":"https:\/\/ziolazycia.com\/nowa\/wp-json\/wp\/v2\/product_tag?post=698"}],"curies":[{"name":"wp","href":"https:\/\/api.w.org\/{rel}","templated":true}]}}