{"id":696,"date":"2022-11-25T07:56:12","date_gmt":"2022-11-25T06:56:12","guid":{"rendered":"https:\/\/ziolazycia.com\/nowa\/?post_type=product&#038;p=696"},"modified":"2025-11-26T15:58:12","modified_gmt":"2025-11-26T14:58:12","slug":"olejek-eteryczny-doterra-tea-tree-drzewo-herbaciane-15-ml","status":"publish","type":"product","link":"https:\/\/ziolazycia.com\/nowa\/product\/olejek-eteryczny-doterra-tea-tree-drzewo-herbaciane-15-ml\/","title":{"rendered":"doTERRA Olejek eteryczny TEA TREE (Drzewo Herbaciane) 15 ml"},"content":{"rendered":"<div class=\"_5pbx userContent _3576\" data-testid=\"post_message\" data-ft=\"{&quot;tn&quot;:&quot;K&quot;}\">\n<div class=\"text_exposed_root text_exposed\"><strong>Aromat:<\/strong> zio\u0142owy, lekko wyczuwalna nuta sk\u00f3ry.<\/div>\n<p><strong>Olejek z drzewa<\/strong>\u00a0<strong>herbacianego<\/strong> zawiera ponad 90 r\u00f3\u017cnych zwi\u0105zk\u00f3w a jego zastosowanie jest niemal\u017ce nieograniczone. Li\u015bcie drzewa herbacianego s\u0105 u\u017cywane od wiek\u00f3w m.in przez Aborygen\u00f3w &#8211; w celu sch\u0142odzenia cia\u0142a nak\u0142adaj\u0105 zmia\u017cd\u017cone li\u015bcie bezpo\u015brednio na sk\u00f3r\u0119. Olejek doTERRA pozyskiwany jest metod\u0105 destylacji par\u0105 wodn\u0105 z li\u015bci drzewa herbacianego.<\/p>\n<h2>Spos\u00f3b u\u017cycia olejku doTERRA Tea Tree:<\/h2>\n<ul>\n<li>W przypadku sporadycznego podra\u017cnienia sk\u00f3ry na\u0142o\u017cy\u0107 1 lub 2 krople olejku miejscowo na wybrany obszar cia\u0142a. Rozcie\u0144czy\u0107 olejem no\u015bnym, aby zminimalizowa\u0107 nadwra\u017cliwo\u015b\u0107 sk\u00f3ry.<\/li>\n<li>Do miejscowego stosowania na sk\u00f3r\u0119 po goleniu.<\/li>\n<li>Mo\u017cliwe dodanie 1 lub 2 kropli ze \u015brodkiem do czyszczenia twarzy w celu uzyskania \u0142agodz\u0105cego \u015brodka myj\u0105cego.<\/li>\n<li>Na\u0142o\u017cony na paznokcie oczyszcza i zapewnia zdrowy wygl\u0105d p\u0142ytki.<\/li>\n<li>Mo\u017cliwe dodanie kilku kropli do butelki z wod\u0105 w celu uzyskania naturalnego preparatu wspomagaj\u0105cego odka\u017canie.<\/li>\n<li>Dyfuzja: u\u017cyj od trzech do czterech kropel w wybranym dyfuzor.<\/li>\n<\/ul>\n<\/div>\n<div class=\"_5pbx userContent _3576\" data-testid=\"post_message\" data-ft=\"{&quot;tn&quot;:&quot;K&quot;}\">\n<h2>Korzy\u015bci stosowania olejku doTERRA Tea Tree:<strong><br \/>\n<\/strong><\/h2>\n<ul>\n<li>Wykazuje dzia\u0142anie odka\u017caj\u0105ce i odm\u0142adzaj\u0105ce sk\u00f3r\u0119.<\/li>\n<li>Pomaga w oczyszczaniu powietrza.<\/li>\n<li>\u0141agodzi podra\u017cnion\u0105 sk\u00f3r\u0119.<\/li>\n<li>Pomaga w piel\u0119gnacji sk\u00f3ry tr\u0105dzikowej.<\/li>\n<\/ul>\n<p><strong>Sk\u0142adniki: <\/strong>Olejek z drzewa herbacianego pozyskiwany z li\u015bci metod\u0105 destylacji par\u0105 wodn\u0105: Terpinen-4-ol, \u03b3-terpinene, \u03b1-terpinene.<\/p>\n<p><strong>Pojemno\u015b\u0107:\u00a0 <\/strong>15ml (buteleczka z ciemnego szk\u0142a).<\/p>\n<p><strong>A\u00a0<\/strong>(Aromatherapy)\u00a0&#8211; mo\u017ce by\u0107 u\u017cyty do aromatyzacji<br \/>\n<strong>T<\/strong>\u00a0(Topically)- mo\u017ce by\u0107 u\u017cyty zewn\u0119trznie<br \/>\n<strong>N\u00a0<\/strong>(Neat)\u00a0&#8211; mo\u017ce by\u0107 u\u017cyty nierozcie\u0144czony<\/p>\n<p><strong>\u015arodki ostro\u017cno\u015bci<\/strong>: Nie nadaje si\u0119 do u\u017cytku wewn\u0119trznego. Mo\u017ce powodowa\u0107 podra\u017cnienia sk\u00f3ry. Przechowywa\u0107 poza zasi\u0119giem dzieci. Skonsultuj si\u0119 z lekarzem, je\u015bli jeste\u015b w ci\u0105\u017cy lub trakcie leczenia. Unika\u0107 kontaktu z oczami, wewn\u0119trzn\u0105 cz\u0119\u015bci\u0105 uszu i innymi wra\u017cliwymi obszarami cia\u0142a.<\/p>\n<\/div>\n<p><strong>UWAGA:<\/strong><\/p>\n<div id=\"box_description\" class=\"box tab\">\n<div class=\"innerbox\">\n<div class=\"resetcss\">\n<p><span style=\"font-size: 8pt;\">Opis i w\u0142a\u015bciwo\u015bci olejk\u00f3w opisane na stronie maj\u0105 wy\u0142\u0105cznie charakter informacyjny. W razie choroby lub problem\u00f3w ze zdrowiem skontaktuj si\u0119 z lekarzem i zastosuj si\u0119 do jego zalece\u0144 i wskaz\u00f3wek. W \u017cadnym wypadku kuracje olejkami nie zast\u0119puj\u0105 leczenia prowadzonego przez lekarza. Olejki nie s\u0105 lekami, suplementami diety ani \u017cywno\u015bci\u0105 specjalnego przeznaczenia! Zastosowanie produkt\u00f3w, olejk\u00f3w le\u017c\u0105 wy\u0142\u0105cznie w gestii, inwencji kupuj\u0105cego. Olejki doTERRA posiadaj\u0105 certyfikat doTERRA CPTG Certified Pure Tested Grade\u00ae. Olejki te s\u0105 czystymi, naturalnymi aromatycznymi zwi\u0105zkami starannie wyekstrahowanymi z ro\u015blin. Nie zawieraj\u0105 sztucznych sk\u0142adnik\u00f3w ani wype\u0142niaczy, kt\u00f3re os\u0142abi\u0142yby ich czynne w\u0142a\u015bciwo\u015bci oraz nie zawieraj\u0105 zanieczyszcze\u0144 i innych pozosta\u0142o\u015bci chemicznych. Certyfikat ten oznacza, \u017ce olejek zosta\u0142 poddany rygorystycznym procesom testowym, kt\u00f3re oceniaj\u0105 czysto\u015b\u0107 i moc olejk\u00f3w eterycznych. Je\u015bli oleje zostan\u0105 przetestowane w systemie CPTG i oka\u017c\u0105 si\u0119 czyste i mocne, s\u0105 one nast\u0119pnie sprzedawane jako pojedyncze oleje lub stosowane w mieszankach olejk\u00f3w eterycznych, takich jak mieszanka doTERRA Purify.<\/span><\/p>\n<\/div>\n<\/div>\n<\/div>\n<div id=\"box_productcomments\" class=\"box row tab\">\n<div class=\"boxhead tab-head\"><strong>Producent:<\/strong> doTERRA.<\/div>\n<\/div>\n<div id=\"box_productcomments\" class=\"box row tab\">\n<div class=\"boxhead tab-head\"><\/div>\n<\/div>\n","protected":false},"excerpt":{"rendered":"<div id=\"js_5ym\" class=\"_5pbx userContent _3576\" data-testid=\"post_message\" data-ft=\"{&quot;tn&quot;:&quot;K&quot;}\">Drzewo herbaciane jest najbardziej znane ze swoich w\u0142a\u015bciwo\u015bci oczyszczaj\u0105cych. Olejek doTERRA <strong>Tea Tree<\/strong> mo\u017ce by\u0107 stosowany do oczyszczania sk\u00f3ry i paznokci oraz jako pomocnik w trosce o zdrowo wygl\u0105daj\u0105c\u0105 cer\u0119. Ponadto drzewo herbaciane wykazuje w\u0142a\u015bciwo\u015bci przydatne przy kojeniu sk\u00f3ry podczas sporadycznie wyst\u0119puj\u0105cych podra\u017cnie\u0144 a olejek rozpraszany za pomoc\u0105 dyfuzora pomaga oczy\u015bci\u0107 i od\u015bwie\u017cy\u0107 powietrze. Olejek eteryczny z drzewa herbacianego, znany r\u00f3wnie\u017c jako olejek \u201eMelaleuca\u201d, sk\u0142ada si\u0119 z ponad 92 r\u00f3\u017cnych zwi\u0105zk\u00f3w i mo\u017ce by\u0107 stosowany miejscowo na wiele r\u00f3\u017cnych sposob\u00f3w.<\/div>\n","protected":false},"featured_media":9348,"comment_status":"closed","ping_status":"closed","template":"","meta":[],"product_brand":[],"product_cat":[69,125,67,119],"product_tag":[],"class_list":{"0":"post-696","1":"product","2":"type-product","3":"status-publish","4":"has-post-thumbnail","6":"product_cat-doterra-olejki-eteryczne-pojedyncze","7":"product_cat-doterra-oe-poj","8":"product_cat-produkty-doterra","9":"product_cat-doterra-produkty","11":"first","12":"instock","13":"taxable","14":"shipping-taxable","15":"purchasable","16":"product-type-simple"},"_links":{"self":[{"href":"https:\/\/ziolazycia.com\/nowa\/wp-json\/wp\/v2\/product\/696","targetHints":{"allow":["GET"]}}],"collection":[{"href":"https:\/\/ziolazycia.com\/nowa\/wp-json\/wp\/v2\/product"}],"about":[{"href":"https:\/\/ziolazycia.com\/nowa\/wp-json\/wp\/v2\/types\/product"}],"replies":[{"embeddable":true,"href":"https:\/\/ziolazycia.com\/nowa\/wp-json\/wp\/v2\/comments?post=696"}],"wp:featuredmedia":[{"embeddable":true,"href":"https:\/\/ziolazycia.com\/nowa\/wp-json\/wp\/v2\/media\/9348"}],"wp:attachment":[{"href":"https:\/\/ziolazycia.com\/nowa\/wp-json\/wp\/v2\/media?parent=696"}],"wp:term":[{"taxonomy":"product_brand","embeddable":true,"href":"https:\/\/ziolazycia.com\/nowa\/wp-json\/wp\/v2\/product_brand?post=696"},{"taxonomy":"product_cat","embeddable":true,"href":"https:\/\/ziolazycia.com\/nowa\/wp-json\/wp\/v2\/product_cat?post=696"},{"taxonomy":"product_tag","embeddable":true,"href":"https:\/\/ziolazycia.com\/nowa\/wp-json\/wp\/v2\/product_tag?post=696"}],"curies":[{"name":"wp","href":"https:\/\/api.w.org\/{rel}","templated":true}]}}