{"id":6930,"date":"2023-11-30T12:58:41","date_gmt":"2023-11-30T11:58:41","guid":{"rendered":"https:\/\/ziolazycia.com\/nowa\/?post_type=product&#038;p=6930"},"modified":"2025-11-26T15:59:00","modified_gmt":"2025-11-26T14:59:00","slug":"witamina-d3-k2-20ml-dr-jacobs","status":"publish","type":"product","link":"https:\/\/ziolazycia.com\/nowa\/product\/witamina-d3-k2-20ml-dr-jacobs\/","title":{"rendered":"Witamina D3 K2 20 ml"},"content":{"rendered":"<p><strong>Witamina D:<\/strong><\/p>\n<p>&#8211; pomaga w prawid\u0142owym funkcjonowaniu uk\u0142adu odporno\u015bciowego,<\/p>\n<p>&#8211; pomaga w prawid\u0142owym wch\u0142anianiu\/wykorzystywaniu wapnia i fosforu,<\/p>\n<p>&#8211; pomaga w utrzymaniu rozwoju ko\u015b\u0107ca i uz\u0119bienia,<\/p>\n<p>&#8211; pomaga w prawid\u0142owym funkcjonowaniu i regeneracji mi\u0119\u015bni,<\/p>\n<p>&#8211; bierze udzia\u0142 w procesie podzia\u0142u kom\u00f3rek.<\/p>\n<p><strong>Witamina K:<\/strong><\/p>\n<p>&#8211; pomaga w utrzymaniu zdrowych ko\u015bci,<\/p>\n<p>&#8211; przyczynia si\u0119 do prawid\u0142owego krzepni\u0119cia krwi.<\/p>\n<p>\u0179r\u00f3d\u0142a witamin wyst\u0119puj\u0105cych w tym suplemencie:<br \/>\n&#8211; Witamina D3 pozyskiwana jest z lanoliny z we\u0142ny owczej (ekstrahowana za pomoc\u0105 na\u015bwietlania promieniami UV).<br \/>\n&#8211; Witamina K2 jest wyj\u0105tkowa, gdy\u017c pozyskuje si\u0119 j\u0105 z olejk\u00f3w eterycznych w procesie syntezy organicznej co zapewnia najwy\u017csz\u0105 ilo\u015b\u0107 czystego menachinonu-7 (MK-7), jego \u015bwietn\u0105 przyswajalno\u015b\u0107 oraz bioaktywno\u015b\u0107 oraz brak zanieczyszcze\u0144 GMO.<\/p>\n<p><strong>Zawarto\u015b\u0107 opakowania<\/strong>:\u00a020 ml<\/p>\n<p><strong>Dzienne spo\u017cycie:<\/strong>\u00a0do 5 kropli<\/p>\n<p><strong>Sk\u0142adniki aktywne:<\/strong><\/p>\n<table width=\"100%\">\n<thead>\n<tr>\n<td><\/td>\n<td width=\"23%\"><strong>1 kropla<\/strong><\/td>\n<td width=\"1%\"><\/td>\n<\/tr>\n<\/thead>\n<tbody>\n<tr>\n<td>\n<table>\n<tbody>\n<tr>\n<td width=\"398\">Witamina D3<\/td>\n<td width=\"1\"><\/td>\n<\/tr>\n<tr>\n<td width=\"398\"><\/td>\n<td width=\"1\"><\/td>\n<\/tr>\n<\/tbody>\n<\/table>\n<p>Witamina K2 MK7<\/td>\n<td width=\"23%\">800 j.m.<\/p>\n<p>20 \u03bcg.<\/p>\n<p>&nbsp;<\/p>\n<p>&nbsp;<\/td>\n<td width=\"1%\"><\/td>\n<\/tr>\n<\/tbody>\n<\/table>\n<p><strong>Sk\u0142adniki:<\/strong> Olej MCT ( z kokosa, 94%), przeciwutleniacz: mieszanina tokoferoli (naturalna witamina E)*, cholekalcyferol (witamina D3)**, witamina K2 (all-trans menachinon-7).<\/p>\n<h2>Witamina D3 K2 20 ml &#8211; spos\u00f3b u\u017cycia:<\/h2>\n<p>do 5 kropli na \u0142y\u017ceczce lub bezpo\u015brednio do ust dziennie.<\/p>\n<p>Osoby doros\u0142e, w szczeg\u00f3lno\u015bci oty\u0142e (BMI 30+ kg\/m2) &#8211; 4 krople.<\/p>\n<p>Osoby doros\u0142e, a w szczeg\u00f3lno\u015bci: kobiety w ci\u0105\u017cy i karmi\u0105ce, osoby pracuj\u0105ce w nocy, osoby z ciemn\u0105 karnacj\u0105 sk\u00f3ry, oty\u0142e osoby doros\u0142e i oty\u0142e dzieci (BMI pow. 90 percentyla dla lokalnej populacji) &#8211; 2 krople;<\/p>\n<p>Dzieci od 1 do 18 miesi\u0105ca \u017cycia oraz wcze\u015bniaki (po konsultacji z lekarzem) -1 kropla.<\/p>\n<p><strong>Nie przekracza\u0107 zalecanej porcji do spo\u017cycia w ci\u0105gu dnia. Produkt nie mo\u017ce by\u0107 stosowany jako substytut zr\u00f3\u017cnicowanej diety. Wa\u017cne jest stosowanie zr\u00f3\u017cnicowanej i zbilansowanej diety oraz prowadzenie zdrowego trybu \u017cycia.<\/strong><\/p>\n<p><strong>Przechowywanie:<\/strong><\/p>\n<p>Po otwarciu przechowywa\u0107 w suchym i ciemnym miejscu, z dala od ma\u0142ych dzieci.<\/p>\n<p><strong>Producent:<\/strong><\/p>\n<p>Dr. Jacob&#8217;s Medical GmbH, Niemcy.<\/p>\n<p>&nbsp;<\/p>\n","protected":false},"excerpt":{"rendered":"<p><strong>Suplement diety<\/strong><\/p>\n<p>G\u0142\u00f3wnym sk\u0142adnikiem suplementu diety Witamina <strong>D3 K2 20 m<\/strong>l jest zestaw witamin rozpuszczalnych w t\u0142uszczach czyli witaminy D3 i K2.<\/p>\n","protected":false},"featured_media":9741,"comment_status":"closed","ping_status":"closed","template":"","meta":[],"product_brand":[],"product_cat":[72],"product_tag":[],"class_list":{"0":"post-6930","1":"product","2":"type-product","3":"status-publish","4":"has-post-thumbnail","6":"product_cat-suplementy-diety","8":"first","9":"instock","10":"sale","11":"taxable","12":"shipping-taxable","13":"purchasable","14":"product-type-simple"},"_links":{"self":[{"href":"https:\/\/ziolazycia.com\/nowa\/wp-json\/wp\/v2\/product\/6930","targetHints":{"allow":["GET"]}}],"collection":[{"href":"https:\/\/ziolazycia.com\/nowa\/wp-json\/wp\/v2\/product"}],"about":[{"href":"https:\/\/ziolazycia.com\/nowa\/wp-json\/wp\/v2\/types\/product"}],"replies":[{"embeddable":true,"href":"https:\/\/ziolazycia.com\/nowa\/wp-json\/wp\/v2\/comments?post=6930"}],"wp:featuredmedia":[{"embeddable":true,"href":"https:\/\/ziolazycia.com\/nowa\/wp-json\/wp\/v2\/media\/9741"}],"wp:attachment":[{"href":"https:\/\/ziolazycia.com\/nowa\/wp-json\/wp\/v2\/media?parent=6930"}],"wp:term":[{"taxonomy":"product_brand","embeddable":true,"href":"https:\/\/ziolazycia.com\/nowa\/wp-json\/wp\/v2\/product_brand?post=6930"},{"taxonomy":"product_cat","embeddable":true,"href":"https:\/\/ziolazycia.com\/nowa\/wp-json\/wp\/v2\/product_cat?post=6930"},{"taxonomy":"product_tag","embeddable":true,"href":"https:\/\/ziolazycia.com\/nowa\/wp-json\/wp\/v2\/product_tag?post=6930"}],"curies":[{"name":"wp","href":"https:\/\/api.w.org\/{rel}","templated":true}]}}