{"id":6921,"date":"2023-11-30T12:48:05","date_gmt":"2023-11-30T11:48:05","guid":{"rendered":"https:\/\/ziolazycia.com\/nowa\/?post_type=product&#038;p=6921"},"modified":"2025-11-26T15:59:00","modified_gmt":"2025-11-26T14:59:00","slug":"wegiel-aktywny-200g-proherbis","status":"publish","type":"product","link":"https:\/\/ziolazycia.com\/nowa\/product\/wegiel-aktywny-200g-proherbis\/","title":{"rendered":"W\u0119giel Aktywny 200 g"},"content":{"rendered":"<div class=\"innerbox\">\n<div class=\"resetcss\">\n<p><strong>Zastosowanie:<\/strong><br \/>\njako dodatek do \u017cywno\u015bci (np. barwienie lod\u00f3w, krem\u00f3w, s\u0142odyczy itp.)<\/p>\n<p><strong>Spos\u00f3b u\u017cycia<\/strong>: rozpu\u015bci\u0107 ok. 5g w\u0119gla w ok. 100ml p\u0142ynu (np. mleko), a nast\u0119pnie wymiesza\u0107 z docelowym produktem.<\/p>\n<p><strong>Oznaczenie<\/strong>: Nr CAS: 7440-44-0<\/p>\n<p><strong>Przechowywanie<\/strong>:\u00a0 w suchym, ciemnym i ch\u0142odnym miejscu. U\u017cywa\u0107 zgodnie z przeznaczeniem. Chroni\u0107 przed dzie\u0107mi.<\/p>\n<p><strong>Waga:<\/strong> 200 g<\/p>\n<p><strong>Kraj pochodzenia<\/strong>: Sri Lanka<\/p>\n<p><strong>Podmiot odpowiedzialny:<\/strong><br \/>\nProherbis<\/p>\n<\/div>\n<\/div>\n","protected":false},"excerpt":{"rendered":"<h2>W\u0119giel ro\u015blinny E153 (spo\u017cywczy)<\/h2>\n<p><strong>Sk\u0142adnik aktywny<\/strong>: Sproszkowana skorupa orzecha kokosowego.<\/p>\n<p>Odpowiedni dla wegan i wegetarian.<\/p>\n","protected":false},"featured_media":9735,"comment_status":"closed","ping_status":"closed","template":"","meta":[],"product_brand":[],"product_cat":[72],"product_tag":[],"class_list":{"0":"post-6921","1":"product","2":"type-product","3":"status-publish","4":"has-post-thumbnail","6":"product_cat-suplementy-diety","8":"first","9":"instock","10":"sale","11":"taxable","12":"shipping-taxable","13":"purchasable","14":"product-type-simple"},"_links":{"self":[{"href":"https:\/\/ziolazycia.com\/nowa\/wp-json\/wp\/v2\/product\/6921","targetHints":{"allow":["GET"]}}],"collection":[{"href":"https:\/\/ziolazycia.com\/nowa\/wp-json\/wp\/v2\/product"}],"about":[{"href":"https:\/\/ziolazycia.com\/nowa\/wp-json\/wp\/v2\/types\/product"}],"replies":[{"embeddable":true,"href":"https:\/\/ziolazycia.com\/nowa\/wp-json\/wp\/v2\/comments?post=6921"}],"wp:featuredmedia":[{"embeddable":true,"href":"https:\/\/ziolazycia.com\/nowa\/wp-json\/wp\/v2\/media\/9735"}],"wp:attachment":[{"href":"https:\/\/ziolazycia.com\/nowa\/wp-json\/wp\/v2\/media?parent=6921"}],"wp:term":[{"taxonomy":"product_brand","embeddable":true,"href":"https:\/\/ziolazycia.com\/nowa\/wp-json\/wp\/v2\/product_brand?post=6921"},{"taxonomy":"product_cat","embeddable":true,"href":"https:\/\/ziolazycia.com\/nowa\/wp-json\/wp\/v2\/product_cat?post=6921"},{"taxonomy":"product_tag","embeddable":true,"href":"https:\/\/ziolazycia.com\/nowa\/wp-json\/wp\/v2\/product_tag?post=6921"}],"curies":[{"name":"wp","href":"https:\/\/api.w.org\/{rel}","templated":true}]}}