{"id":692,"date":"2022-11-25T07:52:00","date_gmt":"2022-11-25T06:52:00","guid":{"rendered":"https:\/\/ziolazycia.com\/nowa\/?post_type=product&#038;p=692"},"modified":"2025-11-26T15:58:12","modified_gmt":"2025-11-26T14:58:12","slug":"olejek-eteryczny-doterra-oregano-15-ml","status":"publish","type":"product","link":"https:\/\/ziolazycia.com\/nowa\/product\/olejek-eteryczny-doterra-oregano-15-ml\/","title":{"rendered":"doTERRA Olejek eteryczny OREGANO 15 ml"},"content":{"rendered":"<p>Sk\u0142adniki olejku doTERRA Oregano: Carvacrol, Thymol<\/p>\n<p><strong>Korzy\u015bci stosowania olejku doTERRA Oregano:<\/strong><br \/>\nUmie\u015b\u0107 jedn\u0105 kropl\u0119 zamiast suszonego oregano w sosie spaghetti, sosie do pizzy lub do pieczeni.<br \/>\nPo\u0142\u0105cz olejek eteryczny Oregano i olejek mi\u0119towy lub pomara\u0144czowy z olejem no\u015bnym frakcjonowanym, aby rozgrza\u0107 cia\u0142o podczas masa\u017cu &#8211; uwaga olejek oregano bardzo mocny, wypr\u00f3buj na ma\u0142ej powierzchni<br \/>\nStw\u00f3rz w\u0142asne myd\u0142o do r\u0105k, mieszaj\u0105c p\u0142ynne myd\u0142o, lub dodaj do szamponu, je\u017celi jest taka potrzeba.<\/p>\n<h2>Spos\u00f3b u\u017cycia olejku doTERRA Oregano:<\/h2>\n<p>Dyfuzja: u\u017cyj od trzech do czterech kropel w wybranym dyfuzorze.<br \/>\nStosowanie dodatk\u00f3w do \u017cywno\u015bci: Rozcie\u0144czy\u0107 jedn\u0105 kropl\u0119 w 125 ml p\u0142ynu.<br \/>\nZastosowanie miejscowe: Do masa\u017cu wymieszaj 5 kropli z 10 ml olejku no\u015bnikowego. Do k\u0105pieli wymieszaj 5 kropli z 5 ml olejku no\u015bnikowego. Do perfumowania zmieszaj 1 kropl\u0119 z 10 kroplami olejku no\u015bnikowego.<\/p>\n<p>Oregano do wewn\u0105trz tylko w kapsu\u0142ce Vege doTerra (kapsu\u0142ki nie zawieraj\u0105 glutenu, laktozy, mog\u0105 stosowa\u0107 weganie) olejek stosujemy z dodatkiem oleju z oliwek lub innego oleju.<\/p>\n<p><strong>\u015arodki ostro\u017cno\u015bci: <\/strong>Mo\u017cliwa wra\u017cliwo\u015b\u0107 sk\u00f3ry. Trzyma\u0107 poza zasi\u0119giem dzieci. Je\u015bli jeste\u015b w ci\u0105\u017cy, karmisz piersi\u0105 lub jeste\u015b pod opiek\u0105 lekarza, skonsultuj si\u0119 z lekarzem. Unikaj kontaktu z oczami, uszami wewn\u0119trznymi i wra\u017cliwymi obszarami. Olejek bardzo skoncentrowany ! U\u017cywa\u0107 tylko po rozcie\u0144czeniu z olejem no\u015bnikowym (max. 5 kropli na 10 ml oleju no\u015bnikowego).<\/p>\n<p><strong>Olejki doTERRA posiadaj\u0105 certyfikat doTERRA CPTG Certified Pure Tested Grade\u00ae.<\/strong><\/p>\n<p><strong>Pojemno\u015b\u0107:<\/strong> 15 ml (buteleczka z ciemnego szk\u0142a).<\/p>\n<p><strong>UWAGA:<\/strong><\/p>\n<div id=\"box_description\" class=\"box tab\">\n<div class=\"innerbox\">\n<div class=\"resetcss\">\n<p><span style=\"font-size: 8pt;\">Opis i w\u0142a\u015bciwo\u015bci olejk\u00f3w opisane na stronie maj\u0105 wy\u0142\u0105cznie charakter informacyjny. W razie choroby lub problem\u00f3w ze zdrowiem skontaktuj si\u0119 z lekarzem i zastosuj si\u0119 do jego zalece\u0144 i wskaz\u00f3wek. W \u017cadnym wypadku kuracje olejkami nie zast\u0119puj\u0105 leczenia prowadzonego przez lekarza. Olejki nie s\u0105 lekami, suplementami diety ani \u017cywno\u015bci\u0105 specjalnego przeznaczenia! Zastosowanie produkt\u00f3w, olejk\u00f3w le\u017c\u0105 wy\u0142\u0105cznie w gestii, inwencji kupuj\u0105cego. Olejki doTERRA posiadaj\u0105 certyfikat doTERRA CPTG Certified Pure Tested Grade\u00ae. Olejki te s\u0105 czystymi, naturalnymi aromatycznymi zwi\u0105zkami starannie wyekstrahowanymi z ro\u015blin. Nie zawieraj\u0105 sztucznych sk\u0142adnik\u00f3w ani wype\u0142niaczy, kt\u00f3re os\u0142abi\u0142yby ich czynne w\u0142a\u015bciwo\u015bci oraz nie zawieraj\u0105 zanieczyszcze\u0144 i innych pozosta\u0142o\u015bci chemicznych. Certyfikat ten oznacza, \u017ce olejek zosta\u0142 poddany rygorystycznym procesom testowym, kt\u00f3re oceniaj\u0105 czysto\u015b\u0107 i moc olejk\u00f3w eterycznych. Je\u015bli oleje zostan\u0105 przetestowane w systemie CPTG i oka\u017c\u0105 si\u0119 czyste i mocne, s\u0105 one nast\u0119pnie sprzedawane jako pojedyncze oleje lub stosowane w mieszankach olejk\u00f3w eterycznych, takich jak mieszanka doTERRA Purify.<\/span><\/p>\n<\/div>\n<\/div>\n<\/div>\n<div id=\"box_productcomments\" class=\"box row tab\">\n<div class=\"boxhead tab-head\"><\/div>\n<\/div>\n<div id=\"box_productcomments\" class=\"box row tab\">\n<div class=\"boxhead tab-head\"><\/div>\n<\/div>\n","protected":false},"excerpt":{"rendered":"<p>Oregano jest jednym z najsilniejszych olejk\u00f3w eterycznych i od stuleci jest stosowany w tradycyjnych praktykach. Pozyskiwany jest z pachn\u0105cych li\u015bci ro\u015bliny oregano. Origanum vulgare, olejek eteryczny Oregano trafi\u0142 do ksi\u0105\u017cek kucharskich i kuchni na ca\u0142ym \u015bwiecie. Podstawowym sk\u0142adnikiem chemicznym Oregano jest karwakrol b\u0119dacy silnym fenolem, co czyni go jednym z najbardziej wszechstronnych i najsilniejszych olejk\u00f3w eterycznych. Stosowany miejscowo olejek doTERRA Oregano nale\u017cy rozcie\u0144czy\u0107 olejem no\u015bnikowym.<\/p>\n<ul>\n<li>U\u017cywany jako silny \u015brodek czyszcz\u0105cy i oczyszczaj\u0105cy.<\/li>\n<li>Wspiera zdrowy uk\u0142ad odporno\u015bciowy, zdrowe trawienie i funkcje oddechowe.<\/li>\n<\/ul>\n","protected":false},"featured_media":9347,"comment_status":"closed","ping_status":"closed","template":"","meta":[],"product_brand":[],"product_cat":[69,125,67,119],"product_tag":[],"class_list":{"0":"post-692","1":"product","2":"type-product","3":"status-publish","4":"has-post-thumbnail","6":"product_cat-doterra-olejki-eteryczne-pojedyncze","7":"product_cat-doterra-oe-poj","8":"product_cat-produkty-doterra","9":"product_cat-doterra-produkty","11":"first","12":"instock","13":"sale","14":"taxable","15":"shipping-taxable","16":"purchasable","17":"product-type-simple"},"_links":{"self":[{"href":"https:\/\/ziolazycia.com\/nowa\/wp-json\/wp\/v2\/product\/692","targetHints":{"allow":["GET"]}}],"collection":[{"href":"https:\/\/ziolazycia.com\/nowa\/wp-json\/wp\/v2\/product"}],"about":[{"href":"https:\/\/ziolazycia.com\/nowa\/wp-json\/wp\/v2\/types\/product"}],"replies":[{"embeddable":true,"href":"https:\/\/ziolazycia.com\/nowa\/wp-json\/wp\/v2\/comments?post=692"}],"wp:featuredmedia":[{"embeddable":true,"href":"https:\/\/ziolazycia.com\/nowa\/wp-json\/wp\/v2\/media\/9347"}],"wp:attachment":[{"href":"https:\/\/ziolazycia.com\/nowa\/wp-json\/wp\/v2\/media?parent=692"}],"wp:term":[{"taxonomy":"product_brand","embeddable":true,"href":"https:\/\/ziolazycia.com\/nowa\/wp-json\/wp\/v2\/product_brand?post=692"},{"taxonomy":"product_cat","embeddable":true,"href":"https:\/\/ziolazycia.com\/nowa\/wp-json\/wp\/v2\/product_cat?post=692"},{"taxonomy":"product_tag","embeddable":true,"href":"https:\/\/ziolazycia.com\/nowa\/wp-json\/wp\/v2\/product_tag?post=692"}],"curies":[{"name":"wp","href":"https:\/\/api.w.org\/{rel}","templated":true}]}}