{"id":6912,"date":"2023-11-30T12:44:10","date_gmt":"2023-11-30T11:44:10","guid":{"rendered":"https:\/\/ziolazycia.com\/nowa\/?post_type=product&#038;p=6912"},"modified":"2025-11-26T15:59:00","modified_gmt":"2025-11-26T14:59:00","slug":"vata-tea-100g-everest-ayurveda","status":"publish","type":"product","link":"https:\/\/ziolazycia.com\/nowa\/product\/vata-tea-100g-everest-ayurveda\/","title":{"rendered":"Vata Tea (Harmonia cia\u0142a i umys\u0142u) 100g"},"content":{"rendered":"<div id=\"tab-description\" class=\"woocommerce-Tabs-panel woocommerce-Tabs-panel--description panel entry-content wc-tab\" role=\"tabpanel\" aria-labelledby=\"tab-title-description\">\n<h2>Sk\u0142adniki ro\u015blinne zawarte w suplemencie diety Vata Tea to:<\/h2>\n<p><strong>Withania somnifera<\/strong> czyli <strong>Ashwagandha<\/strong> przyczynia si\u0119 do stabilno\u015bci psychicznej, wspomaga uzyskanie poczucia rozlu\u017anienie napi\u0119ciowego. Sprzyja relaksacji psychicznej i zapewnia dobry sen, \u0142agodzi uczucie nerwowo\u015bci, l\u0119ku i strachu.<\/p>\n<p><strong>Valeriana officinalis<\/strong> czyli <strong>Koz\u0142ek lekarsk<\/strong>i wspomaga proces wyciszenia uk\u0142adu nerwowego.<\/p>\n<p><strong>Zingiber officinale<\/strong> czyli <strong>Imbir<\/strong> dodaje energii i pobudza witalno\u015b\u0107 organizmu. Ponadto korzystnie wp\u0142ywa na uk\u0142ad sercowo-naczyniowy.<\/p>\n<p><strong>Elettaria cardamomum<\/strong> czyli <strong>Kardamon malabarsk<\/strong>i korzystnie wp\u0142ywa na trawienie i prac\u0119 \u017co\u0142\u0105dka.<\/p>\n<p><strong>Glycyrrhiza glabra<\/strong> czyli <strong>Lukrecja g\u0142adka<\/strong> wspomaga optymalne dzia\u0142anie pracy jelit.<\/p>\n<p>Je\u015bli jeste\u015b :<\/p>\n<p>&#8211; szczup\u0142ej budowy cia\u0142a<br \/>\n&#8211; jest ci wiecznie zimno<br \/>\n&#8211; masz such\u0105 sk\u00f3r\u0119<br \/>\n&#8211; aktywny, energiczny, zwinny, impulsywny i pe\u0142en \u017cycia<br \/>\n&#8211; m\u00f3wisz szybko i gestykulujesz<br \/>\n&#8211; tw\u00f3rczy i spostrzegawczy , wykazuj\u0105cy si\u0119 dobr\u0105 intuicj\u0105<br \/>\n&#8211; niezdecydowany, nerwowy, niespokojny<br \/>\n&#8211; wykazujesz ma\u0142a stanowczo\u015b\u0107<br \/>\n&#8211; potrafisz wykaza\u0107 si\u0119 siln\u0105 etyk\u0105 pracy<br \/>\n&#8211; nie mo\u017cesz zasn\u0105\u0107 z przepracowania<\/p>\n<p>Vata Tea jest w\u0142a\u015bnie dla Ciebie.<\/p>\n<p>W przywr\u00f3ceniu r\u00f3wnowagi pomaga r\u00f3wnie\u017c: s\u0142o\u0144ce, ciep\u0142o, spok\u00f3j, odpoczynek, ciep\u0142e, syte, ma\u0142o przyprawione i t\u0142uste jedzenie, regularny relaks i terapia aromatyczna. Typ Vata powinien wystrzega\u0107 si\u0119 napi\u0119\u0107 psychicznych, pracy do p\u00f3\u017anych godzin nocnych, zimna i mrozu,\u00a0 nie spo\u017cywa\u0107 surowych\u00a0 potraw i zimnych napoj\u00f3w, alkoholu i nie pali\u0107 papieros\u00f3w. Osoby takie powinny ograniczy\u0107 prac\u0119 przy komputerze, ogl\u0105danie telewizji i nadmierny wysi\u0142ek w pracy.<\/p>\n<p>Mieszanki zio\u0142owe s\u0105 przygotowywane pod \u015bcis\u0142\u0105 kontrol\u0105 nepalskiego lekarza ajurwedyjskiego dr Ka Dev Jha, kt\u00f3ry uko\u0144czy\u0142 studia medycyny ajurwedyjskiej na Uniwersytecie Pa\u0144stwowym w Patne oraz wydzia\u0142 medycyny na Uniwersytecie Benarest. Herbatki posiadaj\u0105 \u015bwiadectwa i atesty do sprzeda\u017cy na terenie Unii Europejskiej.<\/p>\n<h2>Vata Tea 100g \u2013 spos\u00f3b u\u017cycia:<\/h2>\n<p>Zaleca si\u0119 spo\u017cywa\u0107 6 gram produktu dziennie. Jedn\u0105 \u0142y\u017ceczk\u0119 suszu ro\u015blinnego tj.: 2 g zale\u0107 ok. 200 ml wrz\u0105tku i gotowa\u0107 do 3 minut. Tak przygotowan\u0105 herbatk\u0119 spo\u017cywa\u0107 ciep\u0142\u0105 lub gor\u0105c\u0105 trzy razy dziennie, najlepiej przed jedzeniem. W razie potrzeby mo\u017cna s\u0142odzi\u0107 miodem, jednak specyficzny smak zi\u00f3\u0142 jest jednym z element\u00f3w terapeutycznych, zgodnie z ajurwedyjsk\u0105 zasad\u0105 6 smak\u00f3w. Zalecana dawka to 2 -3 fili\u017canki dziennie.<\/p>\n<p>Ponadto zaleca si\u0119 stosowanie maksymalnie dw\u00f3ch rodzaj\u00f3w herbat jednocze\u015bnie. Wi\u0119ksz\u0105 ilo\u015b\u0107 mo\u017cna stosowa\u0107 np. w re\u017cimie tygodniowym, dla normalizacji bie\u017c\u0105cych objaw\u00f3w. Herbat nie nale\u017cy miesza\u0107. Nale\u017cy pi\u0107 je zawsze oddzielnie, w odst\u0119pie przynajmniej godzinnym.<\/p>\n<p><strong>Sk\u0142adniki:<\/strong> withania somnifera, valeriana officinalis, zingiber officinale, glycyrrhiza glabra, elettaria cardamomum, cinnamomum zeylanicum, terminalia chebula, myristica fragrans, ocimum sanctum, cymbopogon citratus, piper nigrum.<\/p>\n<p><strong>Waga<\/strong>:\u00a0100 g<\/p>\n<p>Nie przekracza\u0107 zalecanej porcji do spo\u017cycia w ci\u0105gu dnia. Produkt nie mo\u017ce by\u0107 stosowany jako substytut zr\u00f3\u017cnicowanej diety. Wa\u017cne jest stosowanie zr\u00f3\u017cnicowanej i zbilansowanej diety oraz prowadzenie zdrowego trybu \u017cycia. Nie jest przeznaczony dla dzieci, kobiet w ci\u0105\u017cy i karmi\u0105cych.<\/p>\n<p><strong>Przechowywanie<\/strong>: Przechowywa\u0107 w suchym miejscu, w temperaturze do 25 \u00b0 C.<\/p>\n<p><strong>Kraj pochodzenia<\/strong>: Nepal<\/p>\n<p><strong>Producent:<\/strong> Everest Ayurveda s.r.o.<\/p>\n<\/div>\n","protected":false},"excerpt":{"rendered":"<p>Suplement diety w postaci suszu ro\u015blinnego<\/p>\n<h2>Vata Tea to wsparcie organizmu dla osi\u0105gni\u0119cia harmonii cia\u0142a i umys\u0142u<\/h2>\n<p>Himalajska herbatka ajurwedyjska z dosz\u0105 Vata wspomaga funkcjonowanie cia\u0142a i umys\u0142u, kr\u0105\u017cenie krwi, systemu nerwowego i uk\u0142adu oddechowego. Rozlu\u017ania i relaksuje. Vata Tea, dzi\u0119ki zawartym w niej sk\u0142adnikom, mo\u017ce korzystnie wp\u0142ywa\u0107 na osi\u0105gniecie harmonii cia\u0142a i umys\u0142u.<\/p>\n","protected":false},"featured_media":9731,"comment_status":"closed","ping_status":"closed","template":"","meta":[],"product_brand":[],"product_cat":[79],"product_tag":[],"class_list":{"0":"post-6912","1":"product","2":"type-product","3":"status-publish","4":"has-post-thumbnail","6":"product_cat-ziola-i-herbatki-ziolowe","8":"first","9":"instock","10":"sale","11":"taxable","12":"shipping-taxable","13":"purchasable","14":"product-type-simple"},"_links":{"self":[{"href":"https:\/\/ziolazycia.com\/nowa\/wp-json\/wp\/v2\/product\/6912","targetHints":{"allow":["GET"]}}],"collection":[{"href":"https:\/\/ziolazycia.com\/nowa\/wp-json\/wp\/v2\/product"}],"about":[{"href":"https:\/\/ziolazycia.com\/nowa\/wp-json\/wp\/v2\/types\/product"}],"replies":[{"embeddable":true,"href":"https:\/\/ziolazycia.com\/nowa\/wp-json\/wp\/v2\/comments?post=6912"}],"wp:featuredmedia":[{"embeddable":true,"href":"https:\/\/ziolazycia.com\/nowa\/wp-json\/wp\/v2\/media\/9731"}],"wp:attachment":[{"href":"https:\/\/ziolazycia.com\/nowa\/wp-json\/wp\/v2\/media?parent=6912"}],"wp:term":[{"taxonomy":"product_brand","embeddable":true,"href":"https:\/\/ziolazycia.com\/nowa\/wp-json\/wp\/v2\/product_brand?post=6912"},{"taxonomy":"product_cat","embeddable":true,"href":"https:\/\/ziolazycia.com\/nowa\/wp-json\/wp\/v2\/product_cat?post=6912"},{"taxonomy":"product_tag","embeddable":true,"href":"https:\/\/ziolazycia.com\/nowa\/wp-json\/wp\/v2\/product_tag?post=6912"}],"curies":[{"name":"wp","href":"https:\/\/api.w.org\/{rel}","templated":true}]}}