{"id":6903,"date":"2023-11-30T12:40:10","date_gmt":"2023-11-30T11:40:10","guid":{"rendered":"https:\/\/ziolazycia.com\/nowa\/?post_type=product&#038;p=6903"},"modified":"2025-11-26T15:58:58","modified_gmt":"2025-11-26T14:58:58","slug":"shatawari-tea-100g-everest-ayurveda","status":"publish","type":"product","link":"https:\/\/ziolazycia.com\/nowa\/product\/shatawari-tea-100g-everest-ayurveda\/","title":{"rendered":"Shatawari Tea (Profilaktyka onkologiczna) 100g"},"content":{"rendered":"<h2>Sk\u0142adniki ro\u015blinne zawarte w suplemencie diety Shatawari Tea:<\/h2>\n<p><strong>Withania somnifera<\/strong> czyli <strong>Ashwagandha<\/strong> wzmacnia odporno\u015b\u0107 organizmu Dzia\u0142a jako antyoksydant w ochronie tkanek organizmu.<\/p>\n<p><strong>Ocimum sanctum<\/strong> czyli <strong>\u015awi\u0119ta Bazylia<\/strong>, kt\u00f3ra przyczynia si\u0119 do wzmocnienia odporno\u015bci i zwi\u0119kszenia witalno\u015bci.<\/p>\n<p><strong>Terminalia chebula<\/strong> czyli <strong>Migda\u0142owiec Chebu\u0142owiec<\/strong> ,wykazuj\u0105cy dzia\u0142anie aktywuj\u0105ce prac\u0119 w\u0105troby jak i wspieraj\u0105ce funkcje przemiany materii w organizmie.<\/p>\n<p><strong>Asparagus racemosus<\/strong> czyli <strong>Shatavari,<\/strong> wykazuj\u0105cy dzia\u0142anie wyciszaj\u0105ce i optymalizuj\u0105ce stan psychiczny.<\/p>\n<p><strong>Centella asiatica <\/strong>czyli <strong>W\u0105krotka Azjatycka<\/strong>, wspomaga osi\u0105gni\u0119cie harmonii zdrowia psychicznego.<\/p>\n<p>Mieszanki zio\u0142owe s\u0105 przygotowywane pod \u015bcis\u0142\u0105 kontrol\u0105 nepalskiego lekarza ajurwedyjskiego dr Ka Dev Jha, kt\u00f3ry uko\u0144czy\u0142 studia medycyny ajurwedyjskiej na Uniwersytecie Pa\u0144stwowym w Patne oraz wydzia\u0142 medycyny na Uniwersytecie Benarest. Herbatki posiadaj\u0105 \u015bwiadectwa i atesty do sprzeda\u017cy na terenie Unii Europejskiej.<\/p>\n<h2>Shatawari Tea 100g \u2013 spos\u00f3b u\u017cycia:<\/h2>\n<p>Zaleca si\u0119 spo\u017cywa\u0107 6 gram produktu dziennie. Jedn\u0105 \u0142y\u017ceczk\u0119 suszu ro\u015blinnego tj.: 2 g zale\u0107 ok. 200 ml wrz\u0105tku i gotowa\u0107 do 3 minut. Tak przygotowan\u0105 herbatk\u0119 spo\u017cywa\u0107 ciep\u0142\u0105 lub gor\u0105c\u0105 trzy razy dziennie, najlepiej przed jedzeniem. W razie potrzeby mo\u017cna s\u0142odzi\u0107 miodem, jednak specyficzny smak zi\u00f3\u0142 jest jednym z element\u00f3w terapeutycznych. Zalecana dawka to 2 -3 fili\u017canki dziennie.<\/p>\n<p>Ponadto zaleca si\u0119 stosowanie maksymalnie dw\u00f3ch rodzaj\u00f3w herbat jednocze\u015bnie. Wi\u0119ksz\u0105 ilo\u015b\u0107 mo\u017cna stosowa\u0107 np. w re\u017cimie tygodniowym, dla normalizacji bie\u017c\u0105cych objaw\u00f3w. Herbat nie nale\u017cy miesza\u0107. Nale\u017cy pi\u0107 je zawsze oddzielnie, w odst\u0119pie przynajmniej godzinnym.<\/p>\n<p><strong>Sk\u0142adniki:<\/strong> ocimum sanctum, asparagus racemosus, centella asiatica, withania somnifera, glycyrrhiza glabra, terminalia chebula, terminalia bellirica, andrographis paniculata, plumbago zeylanica.<\/p>\n<p><strong>Waga<\/strong>:\u00a0100 g<\/p>\n<p>Nie przekracza\u0107 zalecanej porcji do spo\u017cycia w ci\u0105gu dnia. Produkt nie mo\u017ce by\u0107 stosowany jako substytut zr\u00f3\u017cnicowanej diety. Wa\u017cne jest stosowanie zr\u00f3\u017cnicowanej i zbilansowanej diety oraz prowadzenie zdrowego trybu \u017cycia. Nie jest przeznaczony dla dzieci, kobiet w ci\u0105\u017cy i karmi\u0105cych.<\/p>\n<p><strong>Przechowywanie:<\/strong> przechowywa\u0107 w suchym miejscu, w temperaturze do 25 \u00b0 C.<\/p>\n<p><strong>Kraj pochodzenia<\/strong>: Nepal<\/p>\n<p><strong>Producent:<\/strong>\u00a0Everest Ayurveda s.r.o.<\/p>\n<p>&nbsp;<\/p>\n","protected":false},"excerpt":{"rendered":"<p>Suplement diety w postaci suszu ro\u015blinnego<br \/>\nWsparcie dla organizmu dla os\u00f3b z problemami onkologicznymi<\/p>\n<h2><strong>Ajurwedyjska mieszanka zio\u0142owa<\/strong> <strong>Shatawari<\/strong> w formie herbatki do zaparzania maj\u0105ca na celu wspom\u00f3c organizm i zdrowie psychiczne przy r\u00f3\u017cnego typu terapiach onkologicznych<\/h2>\n","protected":false},"featured_media":9727,"comment_status":"closed","ping_status":"closed","template":"","meta":[],"product_brand":[],"product_cat":[79],"product_tag":[],"class_list":{"0":"post-6903","1":"product","2":"type-product","3":"status-publish","4":"has-post-thumbnail","6":"product_cat-ziola-i-herbatki-ziolowe","8":"first","9":"instock","10":"sale","11":"taxable","12":"shipping-taxable","13":"purchasable","14":"product-type-simple"},"_links":{"self":[{"href":"https:\/\/ziolazycia.com\/nowa\/wp-json\/wp\/v2\/product\/6903","targetHints":{"allow":["GET"]}}],"collection":[{"href":"https:\/\/ziolazycia.com\/nowa\/wp-json\/wp\/v2\/product"}],"about":[{"href":"https:\/\/ziolazycia.com\/nowa\/wp-json\/wp\/v2\/types\/product"}],"replies":[{"embeddable":true,"href":"https:\/\/ziolazycia.com\/nowa\/wp-json\/wp\/v2\/comments?post=6903"}],"wp:featuredmedia":[{"embeddable":true,"href":"https:\/\/ziolazycia.com\/nowa\/wp-json\/wp\/v2\/media\/9727"}],"wp:attachment":[{"href":"https:\/\/ziolazycia.com\/nowa\/wp-json\/wp\/v2\/media?parent=6903"}],"wp:term":[{"taxonomy":"product_brand","embeddable":true,"href":"https:\/\/ziolazycia.com\/nowa\/wp-json\/wp\/v2\/product_brand?post=6903"},{"taxonomy":"product_cat","embeddable":true,"href":"https:\/\/ziolazycia.com\/nowa\/wp-json\/wp\/v2\/product_cat?post=6903"},{"taxonomy":"product_tag","embeddable":true,"href":"https:\/\/ziolazycia.com\/nowa\/wp-json\/wp\/v2\/product_tag?post=6903"}],"curies":[{"name":"wp","href":"https:\/\/api.w.org\/{rel}","templated":true}]}}