{"id":682,"date":"2022-11-22T20:20:36","date_gmt":"2022-11-22T19:20:36","guid":{"rendered":"https:\/\/ziolazycia.com\/nowa\/?post_type=product&#038;p=682"},"modified":"2025-11-26T15:58:12","modified_gmt":"2025-11-26T14:58:12","slug":"dyfuzor-petal-2-0-nawilzacz-powietrza-doterra","status":"publish","type":"product","link":"https:\/\/ziolazycia.com\/nowa\/product\/dyfuzor-petal-2-0-nawilzacz-powietrza-doterra\/","title":{"rendered":"doTERRA Dyfuzor PETAL 2.0"},"content":{"rendered":"<p>Dyfuzor PETAL ma trzy ustawienia czasowe &#8211; 2 i 6 godzin pracy ci\u0105g\u0142ej oraz 12 godzin pracy z przerwami &#8211; co pozwala dostosowa\u0107 uwalnianie olejk\u00f3w eterycznych do powietrza. Ten wygodny dyfuzor jest stabilny, lekki i \u0142atwy w u\u017cyciu &#8211; idealny do u\u017cytku domowego lub biurowego. Dyfuzor PETAL przenosi wyj\u0105tkowo drobn\u0105, ale znaczn\u0105 ilo\u015b\u0107 mgie\u0142ki do powietrza, uwalniaj\u0105c aromatyczne i terapeutyczne zalety olejk\u00f3w eterycznych doTERRA CPTG\u00ae szybko i bezpiecznie. Ten wysokiej jako\u015bci, niedrogi dyfuzor jest idealny zar\u00f3wno dla pocz\u0105tkuj\u0105cych, jak i do\u015bwiadczonych u\u017cytkownik\u00f3w olejk\u00f3w eterycznych, kt\u00f3rzy chc\u0105 niezawodnego, \u0142atwego w u\u017cyciu dyfuzora.<\/p>\n<p><strong>CECHY PRODUKTU<\/strong><\/p>\n<ul>\n<li>Znaczna mgie\u0142ka pomaga oczy\u015bci\u0107 i nawil\u017cy\u0107 powietrze<\/li>\n<li>2, 6 i 12 godzin ustawienia dyfuzora<\/li>\n<li>Opcjonalne \u015bwiat\u0142o LED<\/li>\n<li>Ultra-drobna mg\u0142a osi\u0105ga do 30 metr\u00f3w kwadratowych<\/li>\n<li>Prosty, 3-cz\u0119\u015bciowy dyfuzor jest \u0142atwy i wygodny w u\u017cyciu<\/li>\n<li>Stabilny i lekki dla wielu przestrzeni w twoim \u017cyciu<\/li>\n<li>Wymiary: 14 x 14 x 14 cm<\/li>\n<li>Waga: 0,8 kg<\/li>\n<\/ul>\n<h2>Spos\u00f3b u\u017cycia dyfuzora PETAL 2.0:<\/h2>\n<p>&#8211; Stosuj czyst\u0105 wod\u0119 z kranu o temperaturze pokojowej. Upewnij si\u0119, \u017ce poziom wody nie przekracza oznaczenia wody.<br \/>\n&#8211; Dodaj 5\u201312 kropli olejk\u00f3w eterycznych d\u014dTERRA. Mo\u017cesz doda\u0107 wi\u0119cej olejku, aby uzyska\u0107 mocniejszy aromat. Eksperymentuj z ilo\u015bci\u0105 u\u017cywanego oleju i znajd\u017a swoj\u0105 optymaln\u0105 proporcj\u0119.<\/p>\n<h2>Jak czy\u015bci\u0107 dyfuzor doTERRA PETAL 2.0?<\/h2>\n<p>Czyszczenie jest niezb\u0119dnym elementem zachowania urz\u0105dzenia w pe\u0142nej sprawno\u015bci, gdy\u017c gromadz\u0105ce si\u0119 w urz\u0105dzeniu resztki oleju uniemo\u017cliwiaj\u0105 normalne dzia\u0142anie. Zadbaj o odpowiednie czyszczenie dyfuzora.<\/p>\n<p>1. Nape\u0142nij dyfuzor do po\u0142owy czyst\u0105 wod\u0105.<br \/>\n2. Dodaj oko\u0142o 10 kropli bia\u0142ego octu.<br \/>\n3. Pozostaw dyfuzor na oko\u0142o 5 minut, aby mieszanka wody z octem rozp\u0142yn\u0119\u0142a si\u0119 po ca\u0142ym urz\u0105dzeniu i oczy\u015bci\u0142a je.<br \/>\n4. Ca\u0142kowicie opr\u00f3\u017cnij dyfuzor.<br \/>\n5. U\u017cywaj\u0105c wacika zanurzonego w occie, oczy\u015b\u0107 ciasne miejsca i naro\u017cniki dyfuzora.<br \/>\n6. Przep\u0142ucz go czyst\u0105 wod\u0105.<br \/>\n7. U\u017cyj suchej szmatki, aby wytrze\u0107 dyfuzor i dok\u0142adnie osuszy\u0107.<\/p>\n<p dir=\"ltr\">Dodatkowe informacje:<br \/>\nW zestawie otrzymujesz zasilacz<br \/>\nW sk\u0142ad zestawu nie wchodz\u0105 olejki eteryczne marki doTERRA.<\/p>\n<p dir=\"ltr\">\n","protected":false},"excerpt":{"rendered":"<p>Dyfuzor doTERRA Petal 2.0 to ma\u0142y, przyjazny dla u\u017cytkownika dyfuzor, kt\u00f3ry zapewnia korzy\u015bci dla zdrowia rodziny i domu. Daje relaksuj\u0105c\u0105 mg\u0142\u0119 i delikatne bia\u0142e \u015bwiat\u0142o, dzi\u0119ki czemu idealnie nadaje si\u0119 do dyfuzji nocnej i mo\u017ce pokry\u0107 do 30 metr\u00f3w kwadratowych.<\/p>\n","protected":false},"featured_media":9344,"comment_status":"closed","ping_status":"closed","template":"","meta":[],"product_brand":[],"product_cat":[68,123],"product_tag":[],"class_list":{"0":"post-682","1":"product","2":"type-product","3":"status-publish","4":"has-post-thumbnail","6":"product_cat-doterra-dyfuzory","7":"product_cat-doterra-dyf","9":"first","10":"instock","11":"taxable","12":"shipping-taxable","13":"purchasable","14":"product-type-simple"},"_links":{"self":[{"href":"https:\/\/ziolazycia.com\/nowa\/wp-json\/wp\/v2\/product\/682","targetHints":{"allow":["GET"]}}],"collection":[{"href":"https:\/\/ziolazycia.com\/nowa\/wp-json\/wp\/v2\/product"}],"about":[{"href":"https:\/\/ziolazycia.com\/nowa\/wp-json\/wp\/v2\/types\/product"}],"replies":[{"embeddable":true,"href":"https:\/\/ziolazycia.com\/nowa\/wp-json\/wp\/v2\/comments?post=682"}],"wp:featuredmedia":[{"embeddable":true,"href":"https:\/\/ziolazycia.com\/nowa\/wp-json\/wp\/v2\/media\/9344"}],"wp:attachment":[{"href":"https:\/\/ziolazycia.com\/nowa\/wp-json\/wp\/v2\/media?parent=682"}],"wp:term":[{"taxonomy":"product_brand","embeddable":true,"href":"https:\/\/ziolazycia.com\/nowa\/wp-json\/wp\/v2\/product_brand?post=682"},{"taxonomy":"product_cat","embeddable":true,"href":"https:\/\/ziolazycia.com\/nowa\/wp-json\/wp\/v2\/product_cat?post=682"},{"taxonomy":"product_tag","embeddable":true,"href":"https:\/\/ziolazycia.com\/nowa\/wp-json\/wp\/v2\/product_tag?post=682"}],"curies":[{"name":"wp","href":"https:\/\/api.w.org\/{rel}","templated":true}]}}