{"id":6770,"date":"2023-11-29T18:03:01","date_gmt":"2023-11-29T17:03:01","guid":{"rendered":"https:\/\/ziolazycia.com\/nowa\/?post_type=product&#038;p=6770"},"modified":"2026-04-29T16:54:11","modified_gmt":"2026-04-29T14:54:11","slug":"noni-450-mg-90-kapsulek-now-foods","status":"publish","type":"product","link":"https:\/\/ziolazycia.com\/nowa\/product\/noni-450-mg-90-kapsulek-now-foods\/","title":{"rendered":"Noni 450 mg 90 kapsu\u0142ek"},"content":{"rendered":"<p>Noni w swoim sk\u0142adzie zawiera unikalne polisacharydy i fitosk\u0142adniki, bioflawonoidy oraz estry kwas\u00f3w t\u0142uszczowych, kt\u00f3re przyczyniaj\u0105 si\u0119 do niwelowania wolnych rodnik\u00f3w. Zwi\u0105zki znajduj\u0105ce si\u0119 w morwie indyjskiej poddano tak\u017ce badaniom pod k\u0105tem wsparcia prawid\u0142owego funkcjonowania uk\u0142adu odporno\u015bciowego.<\/p>\n<p><strong>Zawarto\u015b\u0107 opakowania:<\/strong>\u00a090 kapsu\u0142ek vege<\/p>\n<p><strong>Dzienne spo\u017cycie:<\/strong>\u00a01 kapsu\u0142ka<\/p>\n<p><strong>Sk\u0142adniki aktywne:<\/strong><\/p>\n<table width=\"100%\">\n<thead>\n<tr>\n<td><\/td>\n<td width=\"23%\">1 kapsu\u0142ka<\/td>\n<td width=\"1%\"><\/td>\n<\/tr>\n<\/thead>\n<tbody>\n<tr>\n<td>\n<table>\n<tbody>\n<tr>\n<td width=\"398\">Noni (Morinda citrifolia) owoc<\/td>\n<td width=\"1\"><\/td>\n<\/tr>\n<tr>\n<td width=\"398\"><\/td>\n<td width=\"1\"><\/td>\n<\/tr>\n<\/tbody>\n<\/table>\n<\/td>\n<td width=\"23%\">450 mg<\/p>\n<p>&nbsp;<\/p>\n<p>&nbsp;<\/td>\n<td width=\"1%\"><\/td>\n<\/tr>\n<\/tbody>\n<\/table>\n<p><strong>Sk\u0142adniki:<\/strong> Noni, kapsu\u0142ka: hypromeloza, substancja przeciwzbrylaj\u0105ca: kwas stearynowy (\u017ar\u00f3d\u0142o ro\u015blinne), stearynian magnezu (\u017ar\u00f3d\u0142o ro\u015blinne) i dwutlenek krzemu.<\/p>\n<h2><strong>Noni 450 mg &#8211; spos\u00f3b u\u017cycia: <\/strong><\/h2>\n<p>1 kapsu\u0142a 1 raz dziennie<\/p>\n<p><strong>Nie przekracza\u0107 zalecanej porcji do spo\u017cycia w ci\u0105gu dnia. Produkt nie mo\u017ce by\u0107 stosowany jako substytut zr\u00f3\u017cnicowanej diety. Wa\u017cne jest stosowanie zr\u00f3\u017cnicowanej i zbilansowanej diety oraz prowadzenie zdrowego trybu \u017cycia.<\/strong><\/p>\n<p><strong>Przechowywanie:<\/strong><\/p>\n<p>Po otwarciu przechowywa\u0107 w suchym i ciemnym miejscu, z dala od ma\u0142ych dzieci.<\/p>\n<p><strong>Producent:<\/strong><\/p>\n<p>Now Foods<br \/>\n395 S. Glen Ellyn Road<br \/>\nIL 60108 Bloomingdale, Stany Zjednoczone<\/p>\n<p>&nbsp;<\/p>\n<p>&nbsp;<\/p>\n","protected":false},"excerpt":{"rendered":"<p><strong>Suplement diety<\/strong><\/p>\n<p>G\u0142\u00f3wnym sk\u0142adnikiem zio\u0142owym suplementu diety Noni 450 mg jest owoc morwy indyjskiej inaczej noni (Morinda citrifoli).<\/p>\n","protected":false},"featured_media":9721,"comment_status":"closed","ping_status":"closed","template":"","meta":[],"product_brand":[],"product_cat":[72],"product_tag":[],"class_list":{"0":"post-6770","1":"product","2":"type-product","3":"status-publish","4":"has-post-thumbnail","6":"product_cat-suplementy-diety","8":"first","9":"outofstock","10":"taxable","11":"shipping-taxable","12":"product-type-simple"},"_links":{"self":[{"href":"https:\/\/ziolazycia.com\/nowa\/wp-json\/wp\/v2\/product\/6770","targetHints":{"allow":["GET"]}}],"collection":[{"href":"https:\/\/ziolazycia.com\/nowa\/wp-json\/wp\/v2\/product"}],"about":[{"href":"https:\/\/ziolazycia.com\/nowa\/wp-json\/wp\/v2\/types\/product"}],"replies":[{"embeddable":true,"href":"https:\/\/ziolazycia.com\/nowa\/wp-json\/wp\/v2\/comments?post=6770"}],"wp:featuredmedia":[{"embeddable":true,"href":"https:\/\/ziolazycia.com\/nowa\/wp-json\/wp\/v2\/media\/9721"}],"wp:attachment":[{"href":"https:\/\/ziolazycia.com\/nowa\/wp-json\/wp\/v2\/media?parent=6770"}],"wp:term":[{"taxonomy":"product_brand","embeddable":true,"href":"https:\/\/ziolazycia.com\/nowa\/wp-json\/wp\/v2\/product_brand?post=6770"},{"taxonomy":"product_cat","embeddable":true,"href":"https:\/\/ziolazycia.com\/nowa\/wp-json\/wp\/v2\/product_cat?post=6770"},{"taxonomy":"product_tag","embeddable":true,"href":"https:\/\/ziolazycia.com\/nowa\/wp-json\/wp\/v2\/product_tag?post=6770"}],"curies":[{"name":"wp","href":"https:\/\/api.w.org\/{rel}","templated":true}]}}