{"id":675,"date":"2022-11-22T20:18:01","date_gmt":"2022-11-22T19:18:01","guid":{"rendered":"https:\/\/ziolazycia.com\/nowa\/?post_type=product&#038;p=675"},"modified":"2025-11-26T15:58:11","modified_gmt":"2025-11-26T14:58:11","slug":"dyfuzor-pilot-nawilzacz-powietrza-doterra","status":"publish","type":"product","link":"https:\/\/ziolazycia.com\/nowa\/product\/dyfuzor-pilot-nawilzacz-powietrza-doterra\/","title":{"rendered":"doTERRA Dyfuzor PILOT"},"content":{"rendered":"<h2>Spos\u00f3b u\u017cycia dyfuzora PILOT:<\/h2>\n<p>&#8211; Mo\u017cliwo\u015b\u0107 \u0142adowania, wi\u0119c nie musisz si\u0119 martwi\u0107 o znalezienie pobliskiej wtyczki<br \/>\n&#8211; Ci\u0105g\u0142e cztery godziny; do o\u015bmiu godzin przerywanego rozpraszania, wi\u0119c jest gotowy do pomocy w najd\u0142u\u017cszych dniach lub w nocy<\/p>\n<p>Stworzone odpowiedzialnie, z wykorzystaniem materia\u0142\u00f3w przyjaznych dla \u015brodowiska. Dwuportowy adapter samochodowy USB 2A i futera\u0142 do przenoszenia; kup wtyczk\u0119 \u015bcienn\u0105 2 A do u\u017cytku w standardowym gniazdku.<\/p>\n<p>&#8211; Stosuj czyst\u0105 wod\u0119 z kranu o temperaturze pokojowej. Upewnij si\u0119, \u017ce poziom wody nie przekracza oznaczenia wody.<br \/>\n&#8211; Dodaj 5\u201312 kropli olejk\u00f3w eterycznych d\u014dTERRA. Mo\u017cesz doda\u0107 wi\u0119cej olejku, aby uzyska\u0107 mocniejszy aromat. Eksperymentuj z ilo\u015bci\u0105 u\u017cywanego oleju i znajd\u017a swoj\u0105 optymaln\u0105 proporcj\u0119.<\/p>\n<h2>Jak czy\u015bci\u0107 dyfuzor\u00a0 doTerra PILOT ?<\/h2>\n<p>Czyszczenie jest niezb\u0119dnym elementem zachowania urz\u0105dzenia w pe\u0142nej sprawno\u015bci, gdy\u017c gromadz\u0105ce si\u0119 w urz\u0105dzeniu resztki oleju uniemo\u017cliwiaj\u0105 normalne dzia\u0142anie. Zadbaj o odpowiednie czyszczenie dyfuzora.<\/p>\n<p>1. Nape\u0142nij dyfuzor do po\u0142owy czyst\u0105 wod\u0105.<br \/>\n2. Dodaj oko\u0142o 10 kropli bia\u0142ego octu.<br \/>\n3. Pozostaw dyfuzor na oko\u0142o 5 minut, aby mieszanka wody z octem rozp\u0142yn\u0119\u0142a si\u0119 po ca\u0142ym urz\u0105dzeniu i oczy\u015bci\u0142a je.<br \/>\n4. Ca\u0142kowicie opr\u00f3\u017cnij dyfuzor.<br \/>\n5. U\u017cywaj\u0105c wacika zanurzonego w occie, oczy\u015b\u0107 ciasne miejsca i naro\u017cniki dyfuzora.<br \/>\n6. Przep\u0142ucz go czyst\u0105 wod\u0105.<br \/>\n7. U\u017cyj suchej szmatki, aby wytrze\u0107 dyfuzor i dok\u0142adnie osuszy\u0107.<\/p>\n<p dir=\"ltr\"><strong>Dodatkowe informacje:<br \/>\n<\/strong>Wymiary: 6 cm x 6 cm x 15 cm<strong><br \/>\n<\/strong>Waga: 0,6 kg<strong><br \/>\n<\/strong>W zestawie otrzymujesz zasilacz.<strong><br \/>\nW sk\u0142ad zestawu nie wchodz\u0105 olejki eteryczne marki doTERRA.<\/strong><\/p>\n<p><strong>Producent: <\/strong>doTerra<\/p>\n","protected":false},"excerpt":{"rendered":"<p>Poznaj dyfuzor doTerra o nazwie PILOT. Jest to przeno\u015bny dyfuzor, kt\u00f3ry mo\u017cna zabra\u0107 ze sob\u0105 wsz\u0119dzie &#8211; do samochodu, do pracy lub z pokoju do pokoju. Gdziekolwiek si\u0119 wybierasz, PILOT stoi w pobli\u017cu, gotowy do rozpylenia twoich ulubionych olejk\u00f3w eterycznych. Dodatkowo jest wykonany z materia\u0142\u00f3w przyjaznych dla \u015brodowiska!<\/p>\n","protected":false},"featured_media":9343,"comment_status":"closed","ping_status":"closed","template":"","meta":[],"product_brand":[],"product_cat":[68,123],"product_tag":[],"class_list":{"0":"post-675","1":"product","2":"type-product","3":"status-publish","4":"has-post-thumbnail","6":"product_cat-doterra-dyfuzory","7":"product_cat-doterra-dyf","9":"first","10":"outofstock","11":"taxable","12":"shipping-taxable","13":"purchasable","14":"product-type-simple"},"_links":{"self":[{"href":"https:\/\/ziolazycia.com\/nowa\/wp-json\/wp\/v2\/product\/675","targetHints":{"allow":["GET"]}}],"collection":[{"href":"https:\/\/ziolazycia.com\/nowa\/wp-json\/wp\/v2\/product"}],"about":[{"href":"https:\/\/ziolazycia.com\/nowa\/wp-json\/wp\/v2\/types\/product"}],"replies":[{"embeddable":true,"href":"https:\/\/ziolazycia.com\/nowa\/wp-json\/wp\/v2\/comments?post=675"}],"wp:featuredmedia":[{"embeddable":true,"href":"https:\/\/ziolazycia.com\/nowa\/wp-json\/wp\/v2\/media\/9343"}],"wp:attachment":[{"href":"https:\/\/ziolazycia.com\/nowa\/wp-json\/wp\/v2\/media?parent=675"}],"wp:term":[{"taxonomy":"product_brand","embeddable":true,"href":"https:\/\/ziolazycia.com\/nowa\/wp-json\/wp\/v2\/product_brand?post=675"},{"taxonomy":"product_cat","embeddable":true,"href":"https:\/\/ziolazycia.com\/nowa\/wp-json\/wp\/v2\/product_cat?post=675"},{"taxonomy":"product_tag","embeddable":true,"href":"https:\/\/ziolazycia.com\/nowa\/wp-json\/wp\/v2\/product_tag?post=675"}],"curies":[{"name":"wp","href":"https:\/\/api.w.org\/{rel}","templated":true}]}}