{"id":6734,"date":"2023-11-29T16:52:08","date_gmt":"2023-11-29T15:52:08","guid":{"rendered":"https:\/\/ziolazycia.com\/nowa\/?post_type=product&#038;p=6734"},"modified":"2025-11-26T15:58:57","modified_gmt":"2025-11-26T14:58:57","slug":"chlorophyll-lucerna-chlorofil-100mg-90-kapsulek-now-foods","status":"publish","type":"product","link":"https:\/\/ziolazycia.com\/nowa\/product\/chlorophyll-lucerna-chlorofil-100mg-90-kapsulek-now-foods\/","title":{"rendered":"Chlorophyll (Lucerna chlorofil) 100 mg 90 kapsu\u0142ek"},"content":{"rendered":"<p>Struktura chemiczna chlorofiliny jest bardzo podobna do cz\u0105steczki hemoglobiny, a podstawowa r\u00f3\u017cnica to centrum cz\u0105steczki. W przypadku hemoglobiny jest nim \u017celazo, natomiast w przypadku chlorofiliny &#8211; to mied\u017a. Orze\u017awiaj\u0105cy mi\u0119towy smak chlorofil zawdzi\u0119cza dodatkowi olejku mi\u0119towego pozyskanego z mi\u0119ty pieprzowej.<\/p>\n<p>Chlorofil to zielony barwnik wyst\u0119puj\u0105cy w ro\u015blinach. Bierze on udzia\u0142 w procesie fotosyntezy, podczas kt\u00f3rego \u015bwiat\u0142o s\u0142oneczne jest przekszta\u0142cane w energi\u0119 chemiczn\u0105. Chlorofil mo\u017ce mie\u0107 pozytywny wp\u0142yw na organizm cz\u0142owieka poniewa\u017c jest on znanym zwi\u0105zkiem, cenionym ze wzgl\u0119du w\u0142a\u015bciwo\u015bci oczyszczaj\u0105ce. Ponadto mo\u017ce tak\u017ce mie\u0107 pozytywny wp\u0142yw na zwi\u0119kszenie witalno\u015bci, przyspieszanie rekonwalescencji, popraw\u0119 jako\u015bci krwi.<\/p>\n<p>Suplement diety\u00a0 przeznaczony jest dla os\u00f3b doros\u0142ych.<\/p>\n<p><strong>Zawarto\u015b\u0107 opakowania<\/strong>:\u00a090 kapsu\u0142ek<\/p>\n<p><strong>Dzienne spo\u017cycie: <\/strong>do 3 kapsu\u0142ek<\/p>\n<p><strong>Sk\u0142adniki aktywne:<\/strong><\/p>\n<table width=\"100%\">\n<thead>\n<tr>\n<td><\/td>\n<td width=\"23%\"><strong>1 kapsu\u0142ka<\/strong><\/td>\n<td width=\"1%\"><\/td>\n<\/tr>\n<\/thead>\n<tbody>\n<tr>\n<td>Chlorofil (chlorofilina sodowo-miedziowa)<\/td>\n<td width=\"23%\">100 mg<\/td>\n<td width=\"1%\"><\/td>\n<\/tr>\n<\/tbody>\n<\/table>\n<p><strong>Sk\u0142adniki:<\/strong> sproszkowana lucerna siewna (li\u015b\u0107 Medicago sativa), chlorofil (chlorofilina sodowo-miedziowa), kapsu\u0142ka: hypromeloza, substancja przeciwzbrylaj\u0105ca: sole magnezowe kwas\u00f3w t\u0142uszczowych (ro\u015blinne).<\/p>\n<h2>Chlorophyll 100 mg &#8211; spos\u00f3b u\u017cycia:<\/h2>\n<p>1 kapsu\u0142ka 1 do 3 razy dziennie.<\/p>\n<p>Nie przekracza\u0107 zalecanej porcji do spo\u017cycia w ci\u0105gu dnia. Produkt nie mo\u017ce by\u0107 stosowany jako substytut zr\u00f3\u017cnicowanej diety. Wa\u017cne jest stosowanie zr\u00f3\u017cnicowanej i zbilansowanej diety oraz prowadzenie zdrowego trybu \u017cycia.<\/p>\n<p><strong>Przechowywanie<\/strong><\/p>\n<p>Po otwarciu przechowywa\u0107 w suchym i ciemnym miejscu, z dala od ma\u0142ych dzieci.<\/p>\n<p><strong>Producent:<\/strong><\/p>\n<p>Now Foods<br \/>\n395 S. Glen Ellyn Road<br \/>\nIL 60108 Bloomingdale, Stany Zjednoczone<\/p>\n<p>&nbsp;<\/p>\n<p>&nbsp;<\/p>\n<p>&nbsp;<\/p>\n","protected":false},"excerpt":{"rendered":"<p><strong>Suplement diety<\/strong><\/p>\n<h2>Chlorofil- zielone \u017ar\u00f3d\u0142o \u017cycia (Super Green)<\/h2>\n<p>Chlorophyll 100 mg jest suplementem diety w postaci kapsu\u0142ek. Jego g\u0142\u00f3wnym sk\u0142adnikiem jest chlorofilina sodowo-miedziana pozyskana z lucerny siewnej.<\/p>\n<p>&nbsp;<\/p>\n","protected":false},"featured_media":9718,"comment_status":"closed","ping_status":"closed","template":"","meta":[],"product_brand":[],"product_cat":[72],"product_tag":[],"class_list":{"0":"post-6734","1":"product","2":"type-product","3":"status-publish","4":"has-post-thumbnail","6":"product_cat-suplementy-diety","8":"first","9":"outofstock","10":"taxable","11":"shipping-taxable","12":"purchasable","13":"product-type-simple"},"_links":{"self":[{"href":"https:\/\/ziolazycia.com\/nowa\/wp-json\/wp\/v2\/product\/6734","targetHints":{"allow":["GET"]}}],"collection":[{"href":"https:\/\/ziolazycia.com\/nowa\/wp-json\/wp\/v2\/product"}],"about":[{"href":"https:\/\/ziolazycia.com\/nowa\/wp-json\/wp\/v2\/types\/product"}],"replies":[{"embeddable":true,"href":"https:\/\/ziolazycia.com\/nowa\/wp-json\/wp\/v2\/comments?post=6734"}],"wp:featuredmedia":[{"embeddable":true,"href":"https:\/\/ziolazycia.com\/nowa\/wp-json\/wp\/v2\/media\/9718"}],"wp:attachment":[{"href":"https:\/\/ziolazycia.com\/nowa\/wp-json\/wp\/v2\/media?parent=6734"}],"wp:term":[{"taxonomy":"product_brand","embeddable":true,"href":"https:\/\/ziolazycia.com\/nowa\/wp-json\/wp\/v2\/product_brand?post=6734"},{"taxonomy":"product_cat","embeddable":true,"href":"https:\/\/ziolazycia.com\/nowa\/wp-json\/wp\/v2\/product_cat?post=6734"},{"taxonomy":"product_tag","embeddable":true,"href":"https:\/\/ziolazycia.com\/nowa\/wp-json\/wp\/v2\/product_tag?post=6734"}],"curies":[{"name":"wp","href":"https:\/\/api.w.org\/{rel}","templated":true}]}}