{"id":6730,"date":"2023-11-29T16:50:14","date_gmt":"2023-11-29T15:50:14","guid":{"rendered":"https:\/\/ziolazycia.com\/nowa\/?post_type=product&#038;p=6730"},"modified":"2025-11-26T15:58:57","modified_gmt":"2025-11-26T14:58:57","slug":"chlorella-1000mg-120-tabletek-now-foods","status":"publish","type":"product","link":"https:\/\/ziolazycia.com\/nowa\/product\/chlorella-1000mg-120-tabletek-now-foods\/","title":{"rendered":"Chlorella 1000 mg 120 tabletek"},"content":{"rendered":"<p>Chlorella w naturalny spos\u00f3b mo\u017ce wspomaga\u0107 oczyszczanie organizmu z toksyn, dzi\u0119ki czemu mo\u017ce by\u0107 pomocna w utrzymaniu zdrowia i witalno\u015bci. Ponadto jest bogatym \u017ar\u00f3d\u0142em bia\u0142ka, witamin (w szczeg\u00f3lno\u015bci witaminy B12), minera\u0142\u00f3w (w tym \u017celaza i magnezu) oraz antyoksydant\u00f3w.<\/p>\n<p><strong>Zawarto\u015b\u0107 opakowania<\/strong>:\u00a0120 tabletek<\/p>\n<p><strong>Dzienne spo\u017cycie<\/strong>:\u00a03 tabletki<\/p>\n<p><strong>Sk\u0142adniki aktywne:<\/strong><\/p>\n<table width=\"100%\">\n<thead>\n<tr>\n<td><\/td>\n<td width=\"23%\">3 tabletki<\/td>\n<td width=\"1%\"><\/td>\n<\/tr>\n<\/thead>\n<tbody>\n<tr>\n<td>Chlorella (zielone mikroalgi)<\/td>\n<td width=\"23%\">3000 mg<\/td>\n<td width=\"1%\"><\/td>\n<\/tr>\n<\/tbody>\n<\/table>\n<p><strong>Sk\u0142adniki<\/strong>: Chlorella (mikroalgi z rozerwan\u0105 \u015bcian\u0105 kom\u00f3rkow\u0105) substancje przeciwzbrylaj\u0105ce (celuloza, dwutlenek krzemu, sole magnezowe kwas\u00f3w t\u0142uszczowych ro\u015blinne).<\/p>\n<h2>Chlorella 1000 mg &#8211; spos\u00f3b u\u017cycia:<\/h2>\n<p>3 kapsu\u0142ki dziennie, podczas posi\u0142ku ,popijaj\u0105c pe\u0142n\u0105 szklank\u0105 wody.<\/p>\n<p>Nie przekracza\u0107 zalecanej porcji do spo\u017cycia w ci\u0105gu dnia. Produkt nie mo\u017ce by\u0107 stosowany jako substytut zr\u00f3\u017cnicowanej diety. Wa\u017cne jest stosowanie zr\u00f3\u017cnicowanej i zbilansowanej diety oraz prowadzenie zdrowego trybu \u017cycia.<\/p>\n<p><strong>Przechowywanie:<\/strong><\/p>\n<p>Przechowywa\u0107 w temperaturze pokojowej w suchym i ciemnym miejscu, z dala od ma\u0142ych dzieci.<\/p>\n<p><strong>Producent:<\/strong><\/p>\n<p>Now Foods<br \/>\n395 S. Glen Ellyn Road<br \/>\nIL 60108 Bloomingdale, Stany Zjednoczone<\/p>\n<p>&nbsp;<\/p>\n","protected":false},"excerpt":{"rendered":"<h2>Suplement diety Superfood<\/h2>\n<p>Suplement diety, kt\u00f3rego g\u0142\u00f3wnym sk\u0142adnikiem jest Chlorella czyli zielone jednokom\u00f3rkowe mikroalgi zawieraj\u0105ce naturalnie wyst\u0119puj\u0105cy chlorofil, beta-karoten, mieszane karotenoidy, witamin\u0119 C, \u017celazo i bia\u0142ko. \u015aciana chlorelli wyst\u0119puj\u0105cej w tym suplemencie diety zosta\u0142a rozbita mechanicznie, aby u\u0142atwi\u0107 jej\u00a0 trawienie.<\/p>\n","protected":false},"featured_media":9715,"comment_status":"closed","ping_status":"closed","template":"","meta":[],"product_brand":[],"product_cat":[72],"product_tag":[],"class_list":{"0":"post-6730","1":"product","2":"type-product","3":"status-publish","4":"has-post-thumbnail","6":"product_cat-suplementy-diety","8":"first","9":"instock","10":"sale","11":"taxable","12":"shipping-taxable","13":"purchasable","14":"product-type-simple"},"_links":{"self":[{"href":"https:\/\/ziolazycia.com\/nowa\/wp-json\/wp\/v2\/product\/6730","targetHints":{"allow":["GET"]}}],"collection":[{"href":"https:\/\/ziolazycia.com\/nowa\/wp-json\/wp\/v2\/product"}],"about":[{"href":"https:\/\/ziolazycia.com\/nowa\/wp-json\/wp\/v2\/types\/product"}],"replies":[{"embeddable":true,"href":"https:\/\/ziolazycia.com\/nowa\/wp-json\/wp\/v2\/comments?post=6730"}],"wp:featuredmedia":[{"embeddable":true,"href":"https:\/\/ziolazycia.com\/nowa\/wp-json\/wp\/v2\/media\/9715"}],"wp:attachment":[{"href":"https:\/\/ziolazycia.com\/nowa\/wp-json\/wp\/v2\/media?parent=6730"}],"wp:term":[{"taxonomy":"product_brand","embeddable":true,"href":"https:\/\/ziolazycia.com\/nowa\/wp-json\/wp\/v2\/product_brand?post=6730"},{"taxonomy":"product_cat","embeddable":true,"href":"https:\/\/ziolazycia.com\/nowa\/wp-json\/wp\/v2\/product_cat?post=6730"},{"taxonomy":"product_tag","embeddable":true,"href":"https:\/\/ziolazycia.com\/nowa\/wp-json\/wp\/v2\/product_tag?post=6730"}],"curies":[{"name":"wp","href":"https:\/\/api.w.org\/{rel}","templated":true}]}}