{"id":673,"date":"2022-11-22T20:05:21","date_gmt":"2022-11-22T19:05:21","guid":{"rendered":"https:\/\/ziolazycia.com\/nowa\/?post_type=product&#038;p=673"},"modified":"2025-11-26T15:58:11","modified_gmt":"2025-11-26T14:58:11","slug":"dyfuzor-onyx-volo-nawilzacz-powietrza-doterra","status":"publish","type":"product","link":"https:\/\/ziolazycia.com\/nowa\/product\/dyfuzor-onyx-volo-nawilzacz-powietrza-doterra\/","title":{"rendered":"doTERRA Dyfuzor VOLO ONYX"},"content":{"rendered":"<p id=\"user_tw-target-text\" class=\"tw-data-text tw-text-large XcVN5d tw-ta\" dir=\"ltr\"><span lang=\"pl\" xml:lang=\"pl\">Przepi\u0119kny dyfuzor ultrad\u017awi\u0119kowy doTERRA VOLO jest dost\u0119pny z onyksowym i marmurowym wyko\u0144czeniem, idealnym do ka\u017cdego pomieszczenia w domu lub biurze. Volo ma r\u0119cznie wykonany blat z \u017cywicy poliestrowej z niestandardowym wzorem w romby i oferuje opcjonalne ustawienia \u015bwiat\u0142a: bez \u015bwiat\u0142a, ciep\u0142e i jasne bursztynowe ustawienia \u015bwiat\u0142a otoczenia. Ten wyj\u0105tkowy dyfuzor ma konfigurowaln\u0105 moc wyj\u015bciow\u0105 z wieloma ustawieniami czasu &#8211; jedn\u0105, trzy, sze\u015b\u0107 godzin lub w spos\u00f3b ci\u0105g\u0142y do 14 godzin &#8211; co pozwala na dostosowanie uwalniania olejk\u00f3w eterycznych CPTG Certified Pure Therapeutical Grade\u00ae do powietrza.<\/span><\/p>\n<p>Przeczytaj dok\u0142adnie instrukcj\u0119 dyfuzora!<\/p>\n<p>Cechy produktu:<\/p>\n<p>&#8211; Ustawienia: jednej, trzech i sze\u015bciu godzin z najwy\u017csz\u0105 wydajno\u015bci\u0105 mg\u0142y<br \/>\n&#8211; Dzia\u0142anie a\u017c do 14 godzin przy najni\u017cszej wydajno\u015bci mg\u0142y<br \/>\n&#8211; Osi\u0105ga do 300 st\u00f3p kwadratowych<br \/>\n&#8211; Posiada automatyczne przyciemnianie \u015bwiat\u0142a timera<br \/>\n&#8211; Opcjonalne ustawienia \u015bwiat\u0142a: wolne od \u015bwiat\u0142a, ciep\u0142e lub jasne \u015bwiat\u0142o otoczenia<br \/>\n&#8211; Waga: 1 kg<\/p>\n<p>Jak go u\u017cywa\u0107?<\/p>\n<p>&#8211; Wlej wod\u0119 z kranu\u00a0 o temperaturze pokojowej. Upewnij si\u0119, \u017ce poziom wody nie przekracza oznaczenia widocznego na dyfuzorze.<br \/>\n&#8211; Dodaj od 5 do12 kropli olejk\u00f3w eterycznych d\u014dTERRA. Mo\u017cesz doda\u0107 wi\u0119cej olejku, aby uzyska\u0107 mocniejszy aromat.<\/p>\n<h2>Jak czy\u015bci\u0107 dyfuzor doTERRA VOLO ONYX?<\/h2>\n<p>Czyszczenie jest niezb\u0119dnym elementem zachowania urz\u0105dzenia w pe\u0142nej sprawno\u015bci, gdy\u017c gromadz\u0105ce si\u0119 w urz\u0105dzeniu resztki oleju uniemo\u017cliwiaj\u0105 normalne dzia\u0142anie. Zadbaj o odpowiednie czyszczenie dyfuzora.<\/p>\n<p>1. Nape\u0142nij dyfuzor do po\u0142owy czyst\u0105 wod\u0105.<br \/>\n2. Dodaj oko\u0142o 10 kropli bia\u0142ego octu.<br \/>\n3. Pozostaw dyfuzor na oko\u0142o 5 minut, aby mieszanka wody z octem rozp\u0142yn\u0119\u0142a si\u0119 po ca\u0142ym urz\u0105dzeniu i oczy\u015bci\u0142a je.<br \/>\n4. Ca\u0142kowicie opr\u00f3\u017cnij dyfuzor.<br \/>\n5. U\u017cywaj\u0105c wacika zanurzonego w occie, oczy\u015b\u0107 ciasne miejsca i naro\u017cniki dyfuzora.<br \/>\n6. Przep\u0142ucz go czyst\u0105 wod\u0105.<br \/>\n7. U\u017cyj suchej szmatki, aby wytrze\u0107 dyfuzor i dok\u0142adnie osuszy\u0107.<\/p>\n<p dir=\"ltr\"><strong>Dodatkowe informacje:<\/strong><br \/>\nW zestawie otrzymujesz zasilacz.<br \/>\nW sk\u0142ad zestawu nie wchodz\u0105 olejki eteryczne markI doTERRA.<\/p>\n<p dir=\"ltr\"><strong>Producent<\/strong>: doTERRA<\/p>\n<p dir=\"ltr\">\n","protected":false},"excerpt":{"rendered":"<p><span lang=\"pl\" xml:lang=\"pl\"><strong>Marmurowy dyfuzor\u00a0 Onyx Volo firmy doTERRA<br \/>\n<\/strong><br \/>\n<\/span><span lang=\"pl\" xml:lang=\"pl\">Pi\u0119kny dyfuzor Volo jest idealnym dodatkiem do ka\u017cdego \u015brodowiska dzi\u0119ki aromatycznym w\u0142a\u015bciwo\u015bciom olejk\u00f3w eterycznych CPTG\u00ae. Dzi\u0119ki dw\u00f3m unikatowym opcjom, Volo Marble i Volo Onyx pasuj\u0105 do ka\u017cdego wystroju domu lub biura.<\/span><\/p>\n","protected":false},"featured_media":9342,"comment_status":"closed","ping_status":"closed","template":"","meta":[],"product_brand":[],"product_cat":[68,123],"product_tag":[],"class_list":{"0":"post-673","1":"product","2":"type-product","3":"status-publish","4":"has-post-thumbnail","6":"product_cat-doterra-dyfuzory","7":"product_cat-doterra-dyf","9":"first","10":"outofstock","11":"taxable","12":"shipping-taxable","13":"purchasable","14":"product-type-simple"},"_links":{"self":[{"href":"https:\/\/ziolazycia.com\/nowa\/wp-json\/wp\/v2\/product\/673","targetHints":{"allow":["GET"]}}],"collection":[{"href":"https:\/\/ziolazycia.com\/nowa\/wp-json\/wp\/v2\/product"}],"about":[{"href":"https:\/\/ziolazycia.com\/nowa\/wp-json\/wp\/v2\/types\/product"}],"replies":[{"embeddable":true,"href":"https:\/\/ziolazycia.com\/nowa\/wp-json\/wp\/v2\/comments?post=673"}],"wp:featuredmedia":[{"embeddable":true,"href":"https:\/\/ziolazycia.com\/nowa\/wp-json\/wp\/v2\/media\/9342"}],"wp:attachment":[{"href":"https:\/\/ziolazycia.com\/nowa\/wp-json\/wp\/v2\/media?parent=673"}],"wp:term":[{"taxonomy":"product_brand","embeddable":true,"href":"https:\/\/ziolazycia.com\/nowa\/wp-json\/wp\/v2\/product_brand?post=673"},{"taxonomy":"product_cat","embeddable":true,"href":"https:\/\/ziolazycia.com\/nowa\/wp-json\/wp\/v2\/product_cat?post=673"},{"taxonomy":"product_tag","embeddable":true,"href":"https:\/\/ziolazycia.com\/nowa\/wp-json\/wp\/v2\/product_tag?post=673"}],"curies":[{"name":"wp","href":"https:\/\/api.w.org\/{rel}","templated":true}]}}