{"id":672,"date":"2022-11-22T19:48:31","date_gmt":"2022-11-22T18:48:31","guid":{"rendered":"https:\/\/ziolazycia.com\/nowa\/?post_type=product&#038;p=672"},"modified":"2025-11-26T15:58:11","modified_gmt":"2025-11-26T14:58:11","slug":"woda-utleniona-nieumyvakin-ivan","status":"publish","type":"product","link":"https:\/\/ziolazycia.com\/nowa\/product\/woda-utleniona-nieumyvakin-ivan\/","title":{"rendered":"Woda utleniona Autor: Nieumyvakin Ivan"},"content":{"rendered":"<p class=\"p1\">Przyst\u0119pnie, lecz zarazem fachowo wyja\u015bniono w niej zwi\u0105zane z gospodark\u0105 tlenow\u0105 mechanizmy fizjologiczne organizmu, wysoce negatywne skutki niedotlenienia tkanek, a tak\u017ce destrukcyjn\u0105 rol\u0119 wolnych rodnik\u00f3w. Iwan Niumywakin podaje r\u00f3wnie\u017c mn\u00f3stwo informacji o roli wody (ju\u017c tej normalnej) w organizmie, o roli soli kuchennej (uwa\u017ca jej niewielkie dawki za niezb\u0119dne dla organizmu). Ksi\u0105\u017cka porusza r\u00f3wnie\u017c temat pionierskich, autorskich metod medycznych, takich jak napromieniowywanie krwi UV i podawanie do\u017cylne (kropl\u00f3wka) nadtlenku wodoru w przetestowanym st\u0119\u017ceniu.<\/p>\n<p class=\"p1\"><strong>Wydawnictwo:<\/strong> Hartigrama<br \/>\n<strong>Rok wydania:<\/strong>2008<br \/>\n<strong>Liczba stron:<\/strong><br \/>\n<strong>Oprawa<\/strong>: Mi\u0119kka<br \/>\n<strong>Format [mm]:<\/strong> 138\u00d7200<\/p>\n","protected":false},"excerpt":{"rendered":"<p>Ksi\u0105\u017cka zawiera mn\u00f3stwo informacji o tym, jak w praktyce stosowa\u0107 nadtlenek wodoru. Podaje optymalne dawkowania, zawiera relacje o odczuciach pacjent\u00f3w i wyniki kuracji. Wyja\u015bnia r\u00f3wnie\u017c rol\u0119 H2O2, kt\u00f3rego produkcja (odbywaj\u0105ca si\u0119 w organizmie z udzia\u0142em wyspecjalizowanych kom\u00f3rek uk\u0142adu odporno\u015bciowego) jest jednym z mechanizm\u00f3w usuwania patogennej mikroflory \u2013 grzyb\u00f3w, bakterii i wirus\u00f3w.<\/p>\n<p>W niniejszej pozycji autor wprowadza w arkana zupe\u0142nie nowego tematu. Chodzi o zastosowania wewn\u0119trzne H2O2.<\/p>\n","protected":false},"featured_media":9340,"comment_status":"closed","ping_status":"closed","template":"","meta":[],"product_brand":[],"product_cat":[66],"product_tag":[],"class_list":{"0":"post-672","1":"product","2":"type-product","3":"status-publish","4":"has-post-thumbnail","6":"product_cat-ksiazki","8":"first","9":"outofstock","10":"taxable","11":"shipping-taxable","12":"purchasable","13":"product-type-simple"},"_links":{"self":[{"href":"https:\/\/ziolazycia.com\/nowa\/wp-json\/wp\/v2\/product\/672","targetHints":{"allow":["GET"]}}],"collection":[{"href":"https:\/\/ziolazycia.com\/nowa\/wp-json\/wp\/v2\/product"}],"about":[{"href":"https:\/\/ziolazycia.com\/nowa\/wp-json\/wp\/v2\/types\/product"}],"replies":[{"embeddable":true,"href":"https:\/\/ziolazycia.com\/nowa\/wp-json\/wp\/v2\/comments?post=672"}],"wp:featuredmedia":[{"embeddable":true,"href":"https:\/\/ziolazycia.com\/nowa\/wp-json\/wp\/v2\/media\/9340"}],"wp:attachment":[{"href":"https:\/\/ziolazycia.com\/nowa\/wp-json\/wp\/v2\/media?parent=672"}],"wp:term":[{"taxonomy":"product_brand","embeddable":true,"href":"https:\/\/ziolazycia.com\/nowa\/wp-json\/wp\/v2\/product_brand?post=672"},{"taxonomy":"product_cat","embeddable":true,"href":"https:\/\/ziolazycia.com\/nowa\/wp-json\/wp\/v2\/product_cat?post=672"},{"taxonomy":"product_tag","embeddable":true,"href":"https:\/\/ziolazycia.com\/nowa\/wp-json\/wp\/v2\/product_tag?post=672"}],"curies":[{"name":"wp","href":"https:\/\/api.w.org\/{rel}","templated":true}]}}