{"id":6699,"date":"2023-11-29T16:17:28","date_gmt":"2023-11-29T15:17:28","guid":{"rendered":"https:\/\/ziolazycia.com\/nowa\/?post_type=product&#038;p=6699"},"modified":"2025-11-26T15:58:57","modified_gmt":"2025-11-26T14:58:57","slug":"adam-multiwitamina-dla-niego-60-tabletek-now-foods","status":"publish","type":"product","link":"https:\/\/ziolazycia.com\/nowa\/product\/adam-multiwitamina-dla-niego-60-tabletek-now-foods\/","title":{"rendered":"ADAM\u2122 Multiwitamina dla Niego 60 tabletek"},"content":{"rendered":"<p><strong>Zawarto\u015b\u0107 opakowania<\/strong>:\u00a060 tabletek<\/p>\n<p><strong>Dzienne spo\u017cycie:<\/strong> 1 tabletka<\/p>\n<table width=\"98%\">\n<thead>\n<tr>\n<td width=\"57%\">&nbsp;<\/p>\n<p><strong>Sk\u0142adniki aktywne:<\/strong><\/td>\n<td colspan=\"2\" width=\"40%\">&nbsp;<\/p>\n<p><strong>Zawarto\u015b\u0107 w 1 tabletce<\/strong><\/td>\n<td colspan=\"2\" width=\"1%\"><\/td>\n<\/tr>\n<tr>\n<td width=\"57%\"><\/td>\n<td colspan=\"2\" width=\"40%\"><\/td>\n<td colspan=\"2\" width=\"1%\"><\/td>\n<\/tr>\n<\/thead>\n<tbody>\n<tr>\n<td colspan=\"2\" width=\"77%\">Witamina A\u00a0(jako: 100% beta karoten)<\/td>\n<td colspan=\"2\">1500 \u03bcg<\/td>\n<td colspan=\"2\"><\/td>\n<\/tr>\n<tr>\n<td colspan=\"2\" width=\"77%\">Witamina C\u00a0(jako askorbinian wapnia)<\/td>\n<td colspan=\"2\">125 mg<\/td>\n<td colspan=\"2\"><\/td>\n<\/tr>\n<tr>\n<td colspan=\"2\" width=\"77%\">Witamina D\u00a0(jako ergokalcyferol)<\/td>\n<td colspan=\"2\">12,5 \u03bcg<\/td>\n<td colspan=\"2\"><\/td>\n<\/tr>\n<tr>\n<td colspan=\"2\" width=\"77%\">Witamina E\u00a0(jako bursztynian d-alfa tokoferol)<\/td>\n<td colspan=\"2\">50,3 mg<\/td>\n<td colspan=\"2\"><\/td>\n<\/tr>\n<tr>\n<td colspan=\"2\" width=\"77%\">Witamina K\u00a0(jako metachinion oraz filochinon)<\/td>\n<td colspan=\"2\">40 \u03bcg<\/td>\n<td colspan=\"2\"><\/td>\n<\/tr>\n<tr>\n<td colspan=\"2\" width=\"77%\">Witamina B1\u00a0(tiamina &#8211; jako tiamina HCL)<\/td>\n<td colspan=\"2\">12,5 mg<\/td>\n<td colspan=\"2\"><\/td>\n<\/tr>\n<tr>\n<td colspan=\"2\" width=\"77%\">Witamina B2\u00a0(ryboflawina)<\/td>\n<td colspan=\"2\">12,5 mg<\/td>\n<td colspan=\"2\"><\/td>\n<\/tr>\n<tr>\n<td colspan=\"2\" width=\"77%\">Niacyna\u00a0(jako niacynamid)<\/td>\n<td colspan=\"2\">17,5 mg<\/td>\n<td colspan=\"2\"><\/td>\n<\/tr>\n<tr>\n<td colspan=\"2\" width=\"77%\">Witamina B6\u00a0(pirydoksyna &#8211; jako pirydoksyna HCL i fosforan (5)pirydoksynowy)<\/td>\n<td colspan=\"2\">12,5 mg<\/td>\n<td colspan=\"2\"><\/td>\n<\/tr>\n<tr>\n<td colspan=\"2\" width=\"77%\">Kwas foliowy\u00a0(folian)<\/td>\n<td colspan=\"2\">200 \u00b5g<\/td>\n<td colspan=\"2\"><\/td>\n<\/tr>\n<tr>\n<td colspan=\"2\" width=\"77%\">Witamina B12\u00a0(jako cyjanokobalamina i metylokobalamina)<\/td>\n<td colspan=\"2\">125 \u00b5g<\/td>\n<td colspan=\"2\"><\/td>\n<\/tr>\n<tr>\n<td colspan=\"2\" width=\"77%\">Biotyna<\/td>\n<td colspan=\"2\">125 \u00b5g<\/td>\n<td colspan=\"2\"><\/td>\n<\/tr>\n<tr>\n<td colspan=\"2\" width=\"77%\">Kwas Pantotenowy\u00a0(Witamina B-5 jako d-pantotenian wapnia)<\/td>\n<td colspan=\"2\">25 mg<\/td>\n<td colspan=\"2\"><\/td>\n<\/tr>\n<tr>\n<td colspan=\"2\" width=\"77%\">Wap\u0144\u00a0(jako askorbinian wapnia i cytrynian wapnia)<\/td>\n<td colspan=\"2\">25 mg<\/td>\n<td colspan=\"2\"><\/td>\n<\/tr>\n<tr>\n<td colspan=\"2\" width=\"77%\">Jod\u00a0(jako jodek potasu)<\/td>\n<td colspan=\"2\">75 \u03bcg<\/td>\n<td colspan=\"2\"><\/td>\n<\/tr>\n<tr>\n<td colspan=\"2\" width=\"77%\">Magnez\u00a0(jako cytrynian magnezu)<\/td>\n<td colspan=\"2\">12,5 mg<\/td>\n<td colspan=\"2\"><\/td>\n<\/tr>\n<tr>\n<td colspan=\"2\" width=\"77%\">Cynk\u00a0(pochodz\u0105cy z bisglicynianu cynku, TRAACS)<\/td>\n<td colspan=\"2\">15 mg<\/td>\n<td colspan=\"2\"><\/td>\n<\/tr>\n<tr>\n<td colspan=\"2\" width=\"77%\">Selen\u00a0(jako selenometionina)<\/td>\n<td colspan=\"2\">100 \u03bcg<\/td>\n<td colspan=\"2\"><\/td>\n<\/tr>\n<tr>\n<td colspan=\"2\" width=\"77%\">Mied\u017a\u00a0(pochodz\u0105ca z bisglicynianu miedzi, TRAACS)<\/td>\n<td colspan=\"2\">250 \u03bcg<\/td>\n<td colspan=\"2\"><\/td>\n<\/tr>\n<tr>\n<td colspan=\"2\" width=\"77%\">Mangan\u00a0(pochodz\u0105cy z bisglicynianu manganu, TRAACS)<\/td>\n<td colspan=\"2\">1 mg<\/td>\n<td colspan=\"2\"><\/td>\n<\/tr>\n<tr>\n<td colspan=\"2\" width=\"77%\">Chrom\u00a0(pochodz\u0105cy z pikolinianu chromu)<\/td>\n<td colspan=\"2\">100 \u03bcg<\/td>\n<td colspan=\"2\"><\/td>\n<\/tr>\n<tr>\n<td colspan=\"2\" width=\"77%\">Molibden\u00a0(pochodz\u0105cy z molibdenianu sodu)<\/td>\n<td colspan=\"2\">37,5 \u03bcg<\/td>\n<td colspan=\"2\"><\/td>\n<\/tr>\n<tr>\n<td colspan=\"2\" width=\"77%\">Potas\u00a0(jako chlorek potasu)<\/td>\n<td colspan=\"2\">12,5 mg<\/td>\n<td colspan=\"2\"><\/td>\n<\/tr>\n<tr>\n<td colspan=\"2\" width=\"77%\">Ekstrakt z Palmy Saba\u0142owej\u00a0(Serenoa repens)<\/td>\n<td colspan=\"2\">80 mg<\/td>\n<td colspan=\"2\"><\/td>\n<\/tr>\n<tr>\n<td colspan=\"2\" width=\"77%\">Kwas alfa\u2013liponowy (ALA)<\/td>\n<td colspan=\"2\">25 mg<\/td>\n<td colspan=\"2\"><\/td>\n<\/tr>\n<tr>\n<td colspan=\"2\" width=\"77%\">Ekstrakt z nasion owoc\u00f3w winoro\u015bli (Vitis vinifera)(stand. dla zaw. polifenoli)<\/td>\n<td colspan=\"2\">12,5 mg<\/td>\n<td colspan=\"2\"><\/td>\n<\/tr>\n<tr>\n<td colspan=\"2\" width=\"77%\">Cholina\u00a0(jako biwinian choliny)<\/td>\n<td colspan=\"2\">12,5 mg<\/td>\n<td colspan=\"2\"><\/td>\n<\/tr>\n<tr>\n<td colspan=\"2\" width=\"77%\">Inozytol<\/td>\n<td colspan=\"2\">12,5 mg<\/td>\n<td colspan=\"2\"><\/td>\n<\/tr>\n<tr>\n<td colspan=\"2\" width=\"77%\">Koenzym Q10\u00a0(jako ubichinon)<\/td>\n<td colspan=\"2\">7,5 mg<\/td>\n<td colspan=\"2\"><\/td>\n<\/tr>\n<tr>\n<td colspan=\"2\" width=\"77%\">Likopen\u00a0(pochodz\u0105cy z naturalnego ekstraktu z pomidor\u00f3w)<\/td>\n<td colspan=\"2\">1,5 mg<\/td>\n<td colspan=\"2\"><\/td>\n<\/tr>\n<tr>\n<td colspan=\"2\" width=\"77%\">Luteina\u00a0(pochodz\u0105ca z kwiat\u00f3w nagietka lekarskiego)<\/td>\n<td colspan=\"2\">250 \u03bcg<\/td>\n<td colspan=\"2\"><\/td>\n<\/tr>\n<tr>\n<td width=\"399\"><\/td>\n<td width=\"139\"><\/td>\n<td width=\"139\"><\/td>\n<td width=\"6\"><\/td>\n<td width=\"6\"><\/td>\n<td width=\"5\"><\/td>\n<\/tr>\n<\/tbody>\n<\/table>\n<p><strong>Sk\u0142adniki: <\/strong>Askorbinian wapnia; owoc palmy saba\u0142owej (Serenoa repens) proszek; bursztynian D-alfa-tokoferylu; D-pantotenian wapnia; cytrynian wapnia; kwas alfa-liponowy; sok aloesu zwyczajnego (Aloe vera Succus) proszek; amid kwasu nikotynowego &#8211; hexanikotynian inozytolu; chlorowodorek tiaminy; ryboflawina; chlorowodorek pirydoksyny, fosforan-5- pirydoksalu; cytrynian magnezu; chlorek potasu; dwuwinian choliny; nasiona owoc\u00f3w winoro\u015bli (Vitis vinifera Semen) &#8211; ekstrakt (DER 12:1; 95% polifenoli); L-pidolan cynku; koenzym Q10 (ubichinon); korze\u0144 rdestowca ostroko\u0144czystego (Polygonum cuspidatum Radix) &#8211; ekstrakt (DER 190:1, 95% trans-resveratrolu); ekstrakt koncentratu pomidora (Lycopersicon esculentum) (DER 1053:1, 10% likopenu); beta karoten, palmitynian retinolu; diglicynian manganu; kwiat nagietka lekarskiego (Calendula officinalis Flos) ekstrakt (DER 2265:1, 80% luteiny); diglicynian miedzi; kwas pteroilomonoglutaminowy; D-biotyna; metylokobalamina; pikolinian chromu; L-selenometionina; jodek potasu; witamina K (jako K2 \u2013 menachinon); molibdenian (VI) sodu; ergokalcyferol; subst. wype\u0142niaj\u0105ca: celuloza mikro-krystaliczna; materia\u0142 kapsu\u0142ki: celuloza estryfikowana; no\u015bnik \u2013 kroskarmeloza sodowa; substancja przeciwzbrylaj\u0105ca: kwas stearynowy, krzemionka bezpostaciowa.<\/p>\n<h2>ADAM\u2122 Multiwitamina dla Niego &#8211; spos\u00f3b u\u017cycia:<\/h2>\n<p>1 tabletka dziennie przed posi\u0142kiem popijaj\u0105c obficie wod\u0105<\/p>\n<p>Nie przekracza\u0107 zalecanej porcji do spo\u017cycia w ci\u0105gu dnia. Produkt nie mo\u017ce by\u0107 stosowany jako substytut zr\u00f3\u017cnicowanej diety. Wa\u017cne jest stosowanie zr\u00f3\u017cnicowanej i zbilansowanej diety oraz prowadzenie zdrowego trybu \u017cycia.<\/p>\n<p><strong>Przechowywanie:<\/strong><\/p>\n<p>Przechowywa\u0107 w temperaturze pokojowej, w spos\u00f3b niedost\u0119pny dla ma\u0142ych dzieci.<\/p>\n<p><strong>Producent:<\/strong><\/p>\n<p>Now Foods<br \/>\n395 S. Glen Ellyn Road<br \/>\nIL 60108 Bloomingdale, Stany Zjednoczone<\/p>\n<p>&nbsp;<\/p>\n","protected":false},"excerpt":{"rendered":"<p><strong>Suplement diety<\/strong><\/p>\n<p>Zestaw minera\u0142\u00f3w i witamin dedykowanych m\u0119\u017cczyznom wzbogacony o jagody palmy saba\u0142owej (Saw Palmetto), likopeny, kwas liponowy, koncentrat z li\u015bci aloesu, ekstrakt z pestek winogron (OPC), resveratrol, cholin\u0119, koenzym Q10.<\/p>\n","protected":false},"featured_media":9712,"comment_status":"closed","ping_status":"closed","template":"","meta":[],"product_brand":[],"product_cat":[72],"product_tag":[],"class_list":{"0":"post-6699","1":"product","2":"type-product","3":"status-publish","4":"has-post-thumbnail","6":"product_cat-suplementy-diety","8":"first","9":"instock","10":"sale","11":"taxable","12":"shipping-taxable","13":"purchasable","14":"product-type-simple"},"_links":{"self":[{"href":"https:\/\/ziolazycia.com\/nowa\/wp-json\/wp\/v2\/product\/6699","targetHints":{"allow":["GET"]}}],"collection":[{"href":"https:\/\/ziolazycia.com\/nowa\/wp-json\/wp\/v2\/product"}],"about":[{"href":"https:\/\/ziolazycia.com\/nowa\/wp-json\/wp\/v2\/types\/product"}],"replies":[{"embeddable":true,"href":"https:\/\/ziolazycia.com\/nowa\/wp-json\/wp\/v2\/comments?post=6699"}],"wp:featuredmedia":[{"embeddable":true,"href":"https:\/\/ziolazycia.com\/nowa\/wp-json\/wp\/v2\/media\/9712"}],"wp:attachment":[{"href":"https:\/\/ziolazycia.com\/nowa\/wp-json\/wp\/v2\/media?parent=6699"}],"wp:term":[{"taxonomy":"product_brand","embeddable":true,"href":"https:\/\/ziolazycia.com\/nowa\/wp-json\/wp\/v2\/product_brand?post=6699"},{"taxonomy":"product_cat","embeddable":true,"href":"https:\/\/ziolazycia.com\/nowa\/wp-json\/wp\/v2\/product_cat?post=6699"},{"taxonomy":"product_tag","embeddable":true,"href":"https:\/\/ziolazycia.com\/nowa\/wp-json\/wp\/v2\/product_tag?post=6699"}],"curies":[{"name":"wp","href":"https:\/\/api.w.org\/{rel}","templated":true}]}}