{"id":6684,"date":"2023-11-28T19:49:41","date_gmt":"2023-11-28T18:49:41","guid":{"rendered":"https:\/\/ziolazycia.com\/nowa\/?post_type=product&#038;p=6684"},"modified":"2025-11-26T15:58:57","modified_gmt":"2025-11-26T14:58:57","slug":"rozmowy-z-bogiem-ksiega-ii-donald-neale-walsch","status":"publish","type":"product","link":"https:\/\/ziolazycia.com\/nowa\/product\/rozmowy-z-bogiem-ksiega-ii-donald-neale-walsch\/","title":{"rendered":"Rozmowy z Bogiem. Ksi\u0119ga II Autor: Neale Donald Walsch"},"content":{"rendered":"<p>W drugim tomie Donald Neale Walsch ponownie podejmuje dialog z Bogiem, koncentruj\u0105c si\u0119 tym razem na og\u00f3lniejszych tematach w stosunku do kwestii natury osobistej i jednostkowej, poruszanych w pierwszym tomie. Przeczytamy o tajemnicach czasu i przestrzeni, o polityce, a nawet o pikantnym seksie, jednak ksi\u0105\u017cka ta nie ma na celu szokowa\u0107.<\/p>\n<p>Jest to szczere spojrzenie na pewne fundamentalne sprawy, istotne dla nas wszystkich na naszej planecie, a tak\u017ce obraz tego, jak m\u00f3g\u0142by wygl\u0105da\u0107 nasz \u015bwiat, gdyby\u015bmy byli sk\u0142onni do wi\u0119kszej otwarto\u015bci umys\u0142u oraz samodzielnego prowadzenia dialogu z Bogiem.<\/p>\n<p><strong>Wydawnictwo<\/strong>: Ravi<br \/>\n<strong>Rok wydania<\/strong>: 2020<br \/>\n<strong>Liczba stron<\/strong>: 328<br \/>\n<strong>Oprawa<\/strong>: Mi\u0119kka<br \/>\n<strong>Format [mm]:<\/strong> 125&#215;195<\/p>\n","protected":false},"excerpt":{"rendered":"<p>W drugim tomie Donald Neale Walsch ponownie podejmuje dialog z Bogiem, koncentruj\u0105c si\u0119 tym razem na og\u00f3lniejszych tematach w stosunku do kwestii natury osobistej i jednostkowej, poruszanych w pierwszym tomie. Przeczytamy o tajemnicach czasu i przestrzeni, o polityce, a nawet o pikantnym seksie, jednak ksi\u0105\u017cka ta nie ma na celu szokowa\u0107.<\/p>\n","protected":false},"featured_media":9710,"comment_status":"closed","ping_status":"closed","template":"","meta":[],"product_brand":[],"product_cat":[66],"product_tag":[],"class_list":{"0":"post-6684","1":"product","2":"type-product","3":"status-publish","4":"has-post-thumbnail","6":"product_cat-ksiazki","8":"first","9":"instock","10":"taxable","11":"shipping-taxable","12":"purchasable","13":"product-type-simple"},"_links":{"self":[{"href":"https:\/\/ziolazycia.com\/nowa\/wp-json\/wp\/v2\/product\/6684","targetHints":{"allow":["GET"]}}],"collection":[{"href":"https:\/\/ziolazycia.com\/nowa\/wp-json\/wp\/v2\/product"}],"about":[{"href":"https:\/\/ziolazycia.com\/nowa\/wp-json\/wp\/v2\/types\/product"}],"replies":[{"embeddable":true,"href":"https:\/\/ziolazycia.com\/nowa\/wp-json\/wp\/v2\/comments?post=6684"}],"wp:featuredmedia":[{"embeddable":true,"href":"https:\/\/ziolazycia.com\/nowa\/wp-json\/wp\/v2\/media\/9710"}],"wp:attachment":[{"href":"https:\/\/ziolazycia.com\/nowa\/wp-json\/wp\/v2\/media?parent=6684"}],"wp:term":[{"taxonomy":"product_brand","embeddable":true,"href":"https:\/\/ziolazycia.com\/nowa\/wp-json\/wp\/v2\/product_brand?post=6684"},{"taxonomy":"product_cat","embeddable":true,"href":"https:\/\/ziolazycia.com\/nowa\/wp-json\/wp\/v2\/product_cat?post=6684"},{"taxonomy":"product_tag","embeddable":true,"href":"https:\/\/ziolazycia.com\/nowa\/wp-json\/wp\/v2\/product_tag?post=6684"}],"curies":[{"name":"wp","href":"https:\/\/api.w.org\/{rel}","templated":true}]}}