{"id":6681,"date":"2023-11-28T19:47:06","date_gmt":"2023-11-28T18:47:06","guid":{"rendered":"https:\/\/ziolazycia.com\/nowa\/?post_type=product&#038;p=6681"},"modified":"2025-11-26T15:58:57","modified_gmt":"2025-11-26T14:58:57","slug":"rozmowy-z-bogiem-ksiega-i-donald-neale-walsch","status":"publish","type":"product","link":"https:\/\/ziolazycia.com\/nowa\/product\/rozmowy-z-bogiem-ksiega-i-donald-neale-walsch\/","title":{"rendered":"Rozmowy z Bogiem. Ksi\u0119ga I Autor: Neale Donald Walsch"},"content":{"rendered":"<p>Autor tej prowokuj\u0105co zatytu\u0142owanej serii ksi\u0105\u017cek nie obwo\u0142uje si\u0119 Mesjaszem jakiej\u015b nowej religii. Sfrustrowany dotychczasowym \u017cyciem, usiad\u0142 pewnego dnia z d\u0142ugopisem w r\u0119ku i gar\u015bci\u0105 trudnych pyta\u0144 w sercu.<\/p>\n<p>W miar\u0119 jak spisywa\u0142 te pytania do Boga, u\u015bwiadomi\u0142 sobie, \u017ce B\u00f3g mu na nie odpowiada\u2026 od razu\u2026 na kartce, na kt\u00f3rej kre\u015bli swoje s\u0142owa.<\/p>\n<p>Efekt tego zapisu \u2013 daleki od apokaliptycznych wizji czy sekciarskich ekscentryzm\u00f3w, jakich mo\u017cna by spodziewa\u0107 si\u0119 w takich okoliczno\u015bciach \u2013 to tekst pe\u0142en zdroworozs\u0105dkowej m\u0105dro\u015bci o tym, jak wie\u015b\u0107 skuteczne \u017cycie, pozostaj\u0105c wiernym sobie samemu i swojej duchowo\u015bci.<\/p>\n<p><strong>Wydawnictwo<\/strong>: Ravi<br \/>\n<strong>Rok wydania<\/strong>: 2012<br \/>\n<strong>Liczba stron<\/strong>: 272<br \/>\n<strong>Oprawa<\/strong>: Mi\u0119kka<br \/>\n<strong>Format [mm]<\/strong>: 127&#215;201<\/p>\n","protected":false},"excerpt":{"rendered":"<p>Autor tej prowokuj\u0105co zatytu\u0142owanej serii ksi\u0105\u017cek nie obwo\u0142uje si\u0119 Mesjaszem jakiej\u015b nowej religii. Sfrustrowany dotychczasowym \u017cyciem, usiad\u0142 pewnego dnia z d\u0142ugopisem w r\u0119ku i gar\u015bci\u0105 trudnych pyta\u0144 w sercu.<\/p>\n","protected":false},"featured_media":9708,"comment_status":"closed","ping_status":"closed","template":"","meta":[],"product_brand":[],"product_cat":[66],"product_tag":[],"class_list":{"0":"post-6681","1":"product","2":"type-product","3":"status-publish","4":"has-post-thumbnail","6":"product_cat-ksiazki","8":"first","9":"instock","10":"taxable","11":"shipping-taxable","12":"purchasable","13":"product-type-simple"},"_links":{"self":[{"href":"https:\/\/ziolazycia.com\/nowa\/wp-json\/wp\/v2\/product\/6681","targetHints":{"allow":["GET"]}}],"collection":[{"href":"https:\/\/ziolazycia.com\/nowa\/wp-json\/wp\/v2\/product"}],"about":[{"href":"https:\/\/ziolazycia.com\/nowa\/wp-json\/wp\/v2\/types\/product"}],"replies":[{"embeddable":true,"href":"https:\/\/ziolazycia.com\/nowa\/wp-json\/wp\/v2\/comments?post=6681"}],"wp:featuredmedia":[{"embeddable":true,"href":"https:\/\/ziolazycia.com\/nowa\/wp-json\/wp\/v2\/media\/9708"}],"wp:attachment":[{"href":"https:\/\/ziolazycia.com\/nowa\/wp-json\/wp\/v2\/media?parent=6681"}],"wp:term":[{"taxonomy":"product_brand","embeddable":true,"href":"https:\/\/ziolazycia.com\/nowa\/wp-json\/wp\/v2\/product_brand?post=6681"},{"taxonomy":"product_cat","embeddable":true,"href":"https:\/\/ziolazycia.com\/nowa\/wp-json\/wp\/v2\/product_cat?post=6681"},{"taxonomy":"product_tag","embeddable":true,"href":"https:\/\/ziolazycia.com\/nowa\/wp-json\/wp\/v2\/product_tag?post=6681"}],"curies":[{"name":"wp","href":"https:\/\/api.w.org\/{rel}","templated":true}]}}