{"id":665,"date":"2022-11-22T19:30:03","date_gmt":"2022-11-22T18:30:03","guid":{"rendered":"https:\/\/ziolazycia.com\/nowa\/?post_type=product&#038;p=665"},"modified":"2025-11-26T15:58:10","modified_gmt":"2025-11-26T14:58:10","slug":"naturalne-leczenie-boreliozy-wolf-dieter-storl","status":"publish","type":"product","link":"https:\/\/ziolazycia.com\/nowa\/product\/naturalne-leczenie-boreliozy-wolf-dieter-storl\/","title":{"rendered":"Naturalne leczenie boreliozy Autor: Wolf-Dieter Storl"},"content":{"rendered":"<p class=\"p2\">Borelioza jest mistrzem kamufla\u017cu, gdy\u017c potrafi na\u015bladowa\u0107 niemal ka\u017cd\u0105 chorob\u0119. Mo\u017ce wywo\u0142a\u0107 w\u0119druj\u0105ce b\u00f3le staw\u00f3w, mi\u0119\u015bni, \u015bci\u0119gien, szumy w uszach, b\u00f3le g\u0142owy, problemy z oczami, dr\u0119twienie ko\u0144czyn, zm\u0119czenie, zaburzenia rytmu serca, parali\u017c mi\u0119\u015bni twarzy, sztywnienie karku, b\u00f3le \u017co\u0142\u0105dka, jelit, dr\u017cenie ko\u0144czyn. Mo\u017ce r\u00f3wnie\u017c doj\u015b\u0107 do za\u0142amania nerwowego, niekontrolowanej agresji, l\u0119k\u00f3w czy zaburze\u0144 pami\u0119ci. Jak lekarz mo\u017ce poradzi\u0107 sobie z tak\u0105 wielo\u015bci\u0105 mo\u017cliwych objaw\u00f3w? Mylne diagnozy mog\u0105 prowadzi\u0107 do b\u0142\u0119dnego leczenia.<\/p>\n<p class=\"p2\">Kr\u0119tki boreliozy to przyczyna ca\u0142ego zamieszania. Borelie to drobne mikroorganizmy przenoszone przez kleszcze na ludzi i ssaki. W\u0119\u017cowata bakteria to kr\u0119tek spokrewniony z kr\u0119tkiem bladym, wywo\u0142uj\u0105cym ki\u0142\u0119. Jego nazwa gatunkowa Borrelia pochodzi od strasburskiego bakteriologa Amedee Borella, kt\u00f3ry odkry\u0142 go w roku 1905.<\/p>\n<p class=\"p2\">Borelie, tworz\u0105ce na ca\u0142ym \u015bwiecie oko\u0142o trzysta szczep\u00f3w, stanowi\u0105 biologiczny cud. Oto kilka zaskakuj\u0105cych, typowych dla nich cech:<\/p>\n<ul class=\"ul1\">\n<li class=\"li1\">W \u015aCIANIE KOM\u00d3RKOWEJ KR\u0118TKI ZNAJDUJE SI\u0118 21 PLAZMID\u00d3W POTRAFI\u0104CYCH PRZEKAZA\u0106 BAKTERII\u00a0<b>INFORMACJE O UK\u0141ADZIE ODPORNO\u015aCIOWYM<\/b>\u00a0\u017bYWICIELA. TAK DU\u017bEJ ILO\u015aCI PLAZMID\u00d3W NIE ZNAJDZIEMY W \u017bADNEJ INNEJ BAKTERII.<\/li>\n<li class=\"li1\">BAKTERIE WYWO\u0141UJ\u0104CE BORELIOZ\u0118 S\u0104 WYSOKO WYSPECJALIZOWANE , W ZASADZIE NIE DA SI\u0118 ICH WYHODOWA\u0106 W WARUNKACH LABORATORYJNYCH, DLATEGO TAK <b>TRUDNO JE ZBADA\u0106<\/b>.<\/li>\n<li class=\"li1\">MAJ\u0104 TRZY POW\u0141OKI, PRZY CZYM ZEWN\u0118TRZNA \u015aCIANA KOM\u00d3RKOWA, PODOBNIE JAK U INNYCH GATUNK\u00d3W BAKTERII, SK\u0141ADA SI\u0118 ZE \u015aLUZOWATEJ WARSTWY BIA\u0141EK POWIERZCHNIOWYCH. TEN \u015aLUZOWATY P\u0141ASZCZ CHRONI JE PRZED LIMFOCYTAMI UK\u0141ADU ODPORNO\u015aCIOWEGO. P\u0141ASZCZ SPE\u0141NIA ROL\u0118 CZAPKI NIEWIDKI:\u00a0<b>PRZECIWCIA\u0141A I FAGOCYTY NIE ROZPOZNAJ\u0104 ICH JAKO CIA\u0141A OBCEGO<\/b>\u00a0(ANTYGENU).<\/li>\n<li class=\"li1\">ZALE\u017bNIE OD WARUNK\u00d3W OTOCZENIA KR\u0118TKI WYWO\u0141UJ\u0104CE BORELIOZ\u0118 MOG\u0104 PRZYBIERA\u0106 R\u00d3\u017bNE KSZTA\u0141TY, CO POWODUJE, I\u017b\u00a0<b>TRAC\u0104 CECHY ROZPOZNAWCZE<\/b>. POTRAFI\u0104 TE\u017b W CI\u0104GU JEDNEJ MINUTY\u00a0<b>OTORBI\u0106 SI\u0118<\/b>. W POSTACI TAKIEJ TORBIELI MOG\u0104 PRZETRWA\u0106 DO CO NAJMNIEJ DZIESI\u0118CIU MIESI\u0118CY I CZEKA\u0106 NA BARDZIEJ SPRZYJAJ\u0104CE WARUNKI.<\/li>\n<li class=\"li1\">BAKTERIE WYWO\u0141UJ\u0104CE BORELIOZ\u0118 MOG\u0104 PRZYCZEPI\u0106 SI\u0118 DO KOM\u00d3REK CIA\u0141A, A TAK\u017bE DO KOM\u00d3REK ODPORNO\u015aCIOWYCH I W TEN SPOS\u00d3B\u00a0<b>ZOSTA\u0106 NIEROZPOZNAWALNYMI<\/b>.<\/li>\n<li class=\"li1\"><b>STERUJ\u0104 I MANIPULUJ\u0104<\/b>\u00a0SWOIM \u017bYWICIELEM, WYDZIELAJ\u0104 PEPTYDY ORAZ PRODUKTY PRZEMIANY MATERII TWORZ\u0104C KORZYSTNE DLA SIEBIE \u015aRODOWISKO.<\/li>\n<li class=\"li1\">KR\u0118TKI POWODUJ\u0104CE BORELIOZ\u0104 S\u0104\u00a0<b>BARDZO RUCHLIWE<\/b>. W CI\u0104GU KILKU DNI POTRAFI\u0104 PRZEW\u0118DROWA\u0106 PRZEZ CA\u0141E CIA\u0141O I WNIKN\u0104\u0106 DO G\u0141\u0118BIEJ PO\u0141O\u017bONYCH TKANEK, GDZIE NIE DOTR\u0104 DO NICH ANTYBIOTYKI.<\/li>\n<li class=\"li1\">W PRZECIWIE\u0143STWIE DO WI\u0118KSZO\u015aCI INNYCH BAKTERII, TAKICH JAK BAKTERIE GRONKOWCA CZY PACIORKOWCA, KT\u00d3RE DZIEL\u0104 SI\u0118 RAZ NA 20 MINUT. BORELIE\u00a0<b>ROZMNA\u017bAJ\u0104 SI\u0118 NIEZWYKLE POWOLI<\/b>\u00a0, DZIEL\u0104 SI\u0118 RAZ NA 12-14 GODZIN. DZI\u0118KI TEMU S\u0104 MNIEJ PODATNE NA ANTYBIOTYKI, PONIEWA\u017b WI\u0118KSZO\u015a\u0106 ANTYBIOTYK\u00d3W ATAKUJE TWORZ\u0104CE SI\u0118 \u015aCIANY KOM\u00d3RKOWE W TRAKCIE FAZY DZIELENIA I NAMNA\u017bANIA. JE\u017bELI \u015aRODOWISKO IM NIE SPRZYJA BAKTERIE BORELIOZY POTRAFI\u0104 PRZETRWA\u0106 D\u0141U\u017bSZY CZAS W STANIE SPOCZYNKU NIE DZIEL\u0104C SI\u0118.<\/li>\n<li class=\"li1\">LECZENIE BORELIOZY ANTYBIOTYKAMI JEST TAK\u017bE UTRUDNIONE Z POWODU ZDOLNO\u015aCI KR\u0118TEK DO BARDZO\u00a0<b>SZYBKIEGO WYDALANIA TOKSYN<\/b>\u00a0ANTYBIOTYKOWYCH ZE SWEGO ORGANIZMU.<\/li>\n<li class=\"li1\">KR\u0118TKI BORELIOZY WYST\u0118PUJ\u0104 NAWET W OCEANIE ARKTYCZNYM I ZARA\u017bAJ\u0104 TAM \u017bYJ\u0104CE SSAKI. MOG\u0104 PRZETRWA\u0106 W TEMPERATURZE\u00a0<b>DO \u2013 5 STOPNI CELSJUSZA<\/b>.!<\/li>\n<\/ul>\n<p class=\"p2\">Autor ksi\u0105\u017cki,z zawodu etnobotanik, b\u0119d\u0105c uczulonym na antybiotyki spr\u00f3bowa\u0142 p\u00f3j\u015b\u0107 inn\u0105 drog\u0105 w procesie leczenia boreliozy, na kt\u00f3r\u0105 sam zachorowa\u0142. Zacz\u0105\u0142 poszukiwa\u0107 metod skutecznego leczenia boreliozy w zio\u0142olecznictwie, medycynie chi\u0144skiej.<\/p>\n<p class=\"p2\">Wolf-Dieter Storl opar\u0142 sw\u0105 metod\u0119 samoLeczenia na szczeci sukienniczej i terapii przegrzaniem.<\/p>\n<h2 class=\"p2\">Szcze\u0107 sukiennicza pomocna w leczeniu boreliozy.<\/h2>\n<p class=\"p2\">Korze\u0144 szczeci wyst\u0119puje na gruzowiskach, nasypach kolejowych, na skraju dr\u00f3g, na \u0142\u0105kach, gliniastych glebach i w nas\u0142onecznionych zaro\u015blach jako ro\u015blina ruderalna, mimo swych kolc\u00f3w nie nale\u017cy do ost\u00f3w. Korze\u0144 ma dzia\u0142anie\u00a0moczop\u0119dne\u00a0i\u00a0napotne, pobudza\u00a0produkcje \u017c\u00f3\u0142ci, dzia\u0142a\u00a0oczyszczaj\u0105co\u00a0i pobudza\u00a0trawienie. Jest stosowany tradycyjnie w leczeniu artretyzmu, reumatyzmu, puchliny, \u017c\u00f3\u0142taczki, schorze\u0144 p\u0119cherza \u017c\u00f3\u0142ciowego, a ostatnio tak\u017ce boreliozy. Stosuje si\u0119 go tak\u017ce w przypadku chor\u00f3b sk\u00f3ry : dermatoza, czyraczno\u015b\u0107, tr\u0105dzik. Zewn\u0119trznie stosuje si\u0119 szcze\u0107 na przetoki, liszaje, brodawki, i szczeliny oko\u0142o odbytnicze.<\/p>\n<p class=\"p2\">Autor podaje dok\u0142adna receptur\u0119 na przyrz\u0105dzenie nalewki z korzenia szczeci sukienniczej.<\/p>\n<h2 class=\"p2\">Terapia przegrzaniem a leczenie boreliozy.<\/h2>\n<p class=\"p2\">W przypadku leczenia boreliozy polecana jest terapia przegrzaniem gdy\u017c kr\u0119tki\u00a0gin\u0105\u00a0w temperaturze ponad\u00a042 stopni Celsjusza.<\/p>\n<p class=\"p2\">U wielu chorych na borelioz\u0119 dobre efekty przynios\u0142o samo picie nalewki ze szczeci lub naparu. Znacznie lepiej jest jednak po\u0142\u0105czy\u0107 kuracje szczeci\u0105 z terapia przegrzaniem. Jak dzia\u0142a sztuczna terapia przegrzewaj\u0105ca? Polega ona na na\u015bladowaniu naturalnej gor\u0105czki, istotnej reakcji obronnej organizmu.<\/p>\n<p class=\"p2\">Jej podstawowe aspekty to:<\/p>\n<ul class=\"ul1\">\n<li class=\"li1\">PRZEGRZANIE DZIA\u0141A\u00a0<b>NAPOTNIE<\/b>. OTWIERAJ\u0104 SI\u0118 PORY I TOKSYCZNE PRODUKTY PRZEMIANY MATERII WYDOSTAJ\u0104 SI\u0118 NA ZEWN\u0104TRZ.<\/li>\n<li class=\"li1\">PRZEGRZANIE POPRAWIA\u00a0<b>UKRWIENIE<\/b><\/li>\n<li class=\"li1\">PRZEGRZANIE WP\u0141YWA NA ODPORNO\u015a\u0106. BAKTERIE, GRZYBY, WIRUSY, PRZEDE WSZYSTKIM WIRUSY BAKTERII GRYPY\u00a0<b>NIE S\u0104 ODPORNE NA CIEP\u0141O<\/b>.<\/li>\n<\/ul>\n<p class=\"p2\">UWAGA!<\/p>\n<p class=\"p2\">Sztuczna terapia przegrzaniem nie jest polecana dla os\u00f3b z problemami sercowymi i uk\u0142adu kr\u0105\u017cenia (zakrzepica, mia\u017cd\u017cyca, wysokie ci\u015bnienie ) a tak\u017ce gru\u017alica, epilepsja i cukrzyca.<\/p>\n<p class=\"p2\">Fragment przedmowy autora do wydania drugiego niemieckiego:<\/p>\n<p class=\"p2\">Dzie\u0142o to zebra\u0142o nie tylko pochwa\u0142y, lecz tak\u017ce krytyk\u0119:\u201d nieostro\u017cno\u015bci\u0105 jest utrzymywa\u0107, \u017ce antybiotyki nie pomagaj\u0105 na boreloioz\u0119, a dotkni\u0119ci ni\u0105 ludzie, id\u0105c za tymi radami wystawiaj\u0105 si\u0119 na ryzyko kalectwa\u201d<\/p>\n<p class=\"p2\">Nie m\u00f3wi\u0119, \u017ce antybiotyki nie pomagaj\u0105, lecz \u017ce cz\u0119sto nie pomagaj\u0105 w leczeniu boreliozy.<\/p>\n<p class=\"p2\">Napisa\u0142em t\u0119 ksi\u0105\u017ck\u0119 mi\u0119dzy innymi dlatego, \u017ce otrzyma\u0142em kilkaset list\u00f3w i e-maili od chorych, kt\u00f3rzy mimo leczenia antybiotykami nie wyzdrowieli, a s\u0142yszeli, \u017ce s\u0105 inne mo\u017cliwo\u015bci.<\/p>\n<p class=\"p2\">W pocz\u0105tkowym stadium zatrzymanie infekcji za pomoc\u0105 antybiotyk\u00f3w jest bardziej prawdopodobne. Ale czasem mijaj\u0105 trzy albo sze\u015b\u0107 tygodni, nim po zaka\u017ceniu wytworz\u0105 si\u0119 przeciwcia\u0142a, kt\u00f3re mo\u017cna wykry\u0107 w badaniu krwi, cz\u0119sto zaka\u017ceni nawet nie wiedz\u0105, \u017ce zostali uk\u0105szeni przez kleszcza. Tak\u017ce rumie\u0144 w\u0119druj\u0105cy, jeden z pierwszych widocznych objaw\u00f3w, wyst\u0119puje tylko u oko\u0142o po\u0142owy zaka\u017conych. W tej fazie jest za p\u00f3\u017ano na doksycyklin\u0119, poniewa\u017c bakterie boreliozy zd\u0105\u017cy\u0142y si\u0119 ju\u017c rozprzestrzeni\u0107 w organizmie i skry\u0107 w s\u0142abo ukrwionych tkankach. Poza tym je\u015bli znajduj\u0105 si\u0119 w sprzyjaj\u0105cym \u015brodowisku, mog\u0105 si\u0119 otorbi\u0107 na okres nawet dziesi\u0119ciu miesi\u0119cy i dopiero p\u00f3\u017aniej uaktywni\u0107.<\/p>\n<p class=\"p2\">Ze wzgl\u0119du na wszystkie trudno\u015bci w leczeniu boreliozy zasadne wyda\u0142o mi si\u0119 uwzgl\u0119dnienie etnomedycznych inspiracji spoza zachodniego kr\u0119gu kulturowego oraz medycyny ludowej od wiek\u00f3w przekazywanej z pokolenia na pokolenie. Na w\u0142asnej sk\u00f3rze przekona\u0142em si\u0119, \u017ce wybitnie pomog\u0142a mi w mojej boreliozie.<\/p>\n<p class=\"p2\"><strong>Wydawnictwo:<\/strong> Purana<br \/>\n<strong>Rok wydania:<\/strong> I wydanie 2012<br \/>\n<strong>Format [mm]:<\/strong> 135\u00d7210<br \/>\n<strong>Liczba stron:<\/strong><br \/>\n<strong>Oprawa<\/strong>: Mi\u0119kka<\/p>\n","protected":false},"excerpt":{"rendered":"<p class=\"p2\">W ksi\u0105\u017cce \u201eNaturalne leczenie boreliozy\u201d jest mowa o nowej endemicznej chorobie, kt\u00f3ra stopniowo przybiera rozmiary epidemii: o boreliozie. Choroba ta budzi wiele obaw poniewa\u017c jest nie do ko\u0144ca zbadana i ma charakter wielouk\u0142adowy. Autorem ksi\u0105\u017cki jest niemiecki etnobotanik, kt\u00f3ry wyleczy\u0142 si\u0119 za pomoc\u0105 zi\u00f3\u0142, z tej uci\u0105\u017cliwej i niezbadanej jeszcze choroby.<\/p>\n","protected":false},"featured_media":9337,"comment_status":"closed","ping_status":"closed","template":"","meta":[],"product_brand":[],"product_cat":[66],"product_tag":[],"class_list":{"0":"post-665","1":"product","2":"type-product","3":"status-publish","4":"has-post-thumbnail","6":"product_cat-ksiazki","8":"first","9":"instock","10":"taxable","11":"shipping-taxable","12":"purchasable","13":"product-type-simple"},"_links":{"self":[{"href":"https:\/\/ziolazycia.com\/nowa\/wp-json\/wp\/v2\/product\/665","targetHints":{"allow":["GET"]}}],"collection":[{"href":"https:\/\/ziolazycia.com\/nowa\/wp-json\/wp\/v2\/product"}],"about":[{"href":"https:\/\/ziolazycia.com\/nowa\/wp-json\/wp\/v2\/types\/product"}],"replies":[{"embeddable":true,"href":"https:\/\/ziolazycia.com\/nowa\/wp-json\/wp\/v2\/comments?post=665"}],"wp:featuredmedia":[{"embeddable":true,"href":"https:\/\/ziolazycia.com\/nowa\/wp-json\/wp\/v2\/media\/9337"}],"wp:attachment":[{"href":"https:\/\/ziolazycia.com\/nowa\/wp-json\/wp\/v2\/media?parent=665"}],"wp:term":[{"taxonomy":"product_brand","embeddable":true,"href":"https:\/\/ziolazycia.com\/nowa\/wp-json\/wp\/v2\/product_brand?post=665"},{"taxonomy":"product_cat","embeddable":true,"href":"https:\/\/ziolazycia.com\/nowa\/wp-json\/wp\/v2\/product_cat?post=665"},{"taxonomy":"product_tag","embeddable":true,"href":"https:\/\/ziolazycia.com\/nowa\/wp-json\/wp\/v2\/product_tag?post=665"}],"curies":[{"name":"wp","href":"https:\/\/api.w.org\/{rel}","templated":true}]}}