{"id":6636,"date":"2023-01-09T12:06:36","date_gmt":"2023-01-09T11:06:36","guid":{"rendered":"https:\/\/ziolazycia.com\/nowa\/?post_type=product&#038;p=6636"},"modified":"2025-11-26T15:58:56","modified_gmt":"2025-11-26T14:58:56","slug":"konsultacje-telefoniczne-11-szybki-termin","status":"publish","type":"product","link":"https:\/\/ziolazycia.com\/nowa\/product\/konsultacje-telefoniczne-11-szybki-termin\/","title":{"rendered":"Konsultacja 1:1 &#8211; szybki termin"},"content":{"rendered":"<p>Wsp\u00f3lnie znajdziemy najlepszy dla Ciebie termin.<br \/>\n\ud83e\udd57\ud83c\udf3f Na konsultacji wyja\u015bniam jakie suplementy i zio\u0142a przyjmowa\u0107 i omawiam szczeg\u00f3\u0142y Twojej diety.<br \/>\nPomagam odzyska\u0107 zdrowie fizyczne, a tak\u017ce psychiczne.<\/p>\n<p>\ud83d\ude4b\u200d\u2640\ufe0fJe\u017celi Czujesz, \u017ce chcesz si\u0119 ze mn\u0105 spotka\u0107 na konsultacji indywidualnej zakup produkt, a my ustalimy wsp\u00f3lnie dogodny termin konsultacji.<\/p>\n<p>Czas oczekiwania do 10\u00a0 dni.<\/p>\n<p>\u2618\ufe0fJe\u017celi potrzebujesz <strong>tylko kupi\u0107 suplementy i wiesz czego potrzebujesz<\/strong> &#8211; napisz do mnie sms +48509171373<\/p>\n<p>Tw\u00f3j Psycholog i Dietetyk \ud83e\udde1<\/p>\n<p>&nbsp;<\/p>\n","protected":false},"excerpt":{"rendered":"<h5>Prowadz\u0119 konsultacje stacjonarnie w \u0141odzi, telefoniczne oraz na whatsApp.<\/h5>\n<h5><strong>Je\u017celi chcesz:<\/strong><\/h5>\n<p>\ud83d\udc49 Skorzysta\u0107 z mojego 25 letniego do\u015bwiadczenia i certyfikowanej wiedzy<br \/>\n\ud83d\udc49 Porad dopasowanych indywidualnie do Ciebie<br \/>\n\ud83d\udc49 Cieszy\u0107 si\u0119 zdrowiem ka\u017cdego dnia<br \/>\n\ud83d\udc49 Zadba\u0107 o swoje zdrowie i samopoczucie naturalnymi sposobami<\/p>\n<h6><strong>I zale\u017cy Ci na szybkim terminie, to jest odpowiednia opcja dla Ciebie.<\/strong><\/h6>\n<p>\ud83d\udc49 Konsultacj\u0119 indywidualn\u0105 prowadz\u0119 stacjonarnie, telefonicznie lub na WhatsApp<br \/>\n\ud83d\udc49 Konsultacja trwa 30 minut.<\/p>\n<p><strong>WA\u017bNE:<\/strong><br \/>\n<strong>\ud83d\udc49 \u015aredni czas oczekiwania na konsultacje do 10dni.<\/strong><\/p>\n<p><strong>\ud83d\udc49Po zakupie skontaktuj si\u0119 ze mn\u0105, by wybra\u0107 najwygodniejsz\u0105 dla Ciebie form\u0119 konsultacji oraz dogodny termin.<\/strong><\/p>\n<h5><strong>Um\u00f3w si\u0119 ju\u017c dzi\u015b!<\/strong><\/h5>\n","protected":false},"featured_media":9707,"comment_status":"closed","ping_status":"closed","template":"","meta":[],"product_brand":[],"product_cat":[75],"product_tag":[],"class_list":{"0":"post-6636","1":"product","2":"type-product","3":"status-publish","4":"has-post-thumbnail","6":"product_cat-konsultacje","8":"first","9":"instock","10":"featured","11":"virtual","12":"taxable","13":"purchasable","14":"product-type-simple"},"_links":{"self":[{"href":"https:\/\/ziolazycia.com\/nowa\/wp-json\/wp\/v2\/product\/6636","targetHints":{"allow":["GET"]}}],"collection":[{"href":"https:\/\/ziolazycia.com\/nowa\/wp-json\/wp\/v2\/product"}],"about":[{"href":"https:\/\/ziolazycia.com\/nowa\/wp-json\/wp\/v2\/types\/product"}],"replies":[{"embeddable":true,"href":"https:\/\/ziolazycia.com\/nowa\/wp-json\/wp\/v2\/comments?post=6636"}],"wp:featuredmedia":[{"embeddable":true,"href":"https:\/\/ziolazycia.com\/nowa\/wp-json\/wp\/v2\/media\/9707"}],"wp:attachment":[{"href":"https:\/\/ziolazycia.com\/nowa\/wp-json\/wp\/v2\/media?parent=6636"}],"wp:term":[{"taxonomy":"product_brand","embeddable":true,"href":"https:\/\/ziolazycia.com\/nowa\/wp-json\/wp\/v2\/product_brand?post=6636"},{"taxonomy":"product_cat","embeddable":true,"href":"https:\/\/ziolazycia.com\/nowa\/wp-json\/wp\/v2\/product_cat?post=6636"},{"taxonomy":"product_tag","embeddable":true,"href":"https:\/\/ziolazycia.com\/nowa\/wp-json\/wp\/v2\/product_tag?post=6636"}],"curies":[{"name":"wp","href":"https:\/\/api.w.org\/{rel}","templated":true}]}}