{"id":663,"date":"2022-11-22T19:17:21","date_gmt":"2022-11-22T18:17:21","guid":{"rendered":"https:\/\/ziolazycia.com\/nowa\/?post_type=product&#038;p=663"},"modified":"2025-11-26T15:58:09","modified_gmt":"2025-11-26T14:58:09","slug":"pranajama-uzdrawiajaca-moc-oddechu-dr-ralph-skuban","status":"publish","type":"product","link":"https:\/\/ziolazycia.com\/nowa\/product\/pranajama-uzdrawiajaca-moc-oddechu-dr-ralph-skuban\/","title":{"rendered":"Pranajama uzdrawiaj\u0105ca moc oddechu. Autor: dr Ralph Skuban"},"content":{"rendered":"<p class=\"p1\">Autor za\u0142o\u017cy\u0142 wraz z \u017con\u0105 Akademi\u0119 Pranajamy i prowadzi szkolenia w tym kierunku.<\/p>\n<p class=\"p1\">Dzi\u0119ki tej praktyce nasze \u017cycie mo\u017ce nabra\u0107 innych wymiar\u00f3w, nauczymy si\u0119 sztuki dystansu, dbania o higien\u0119 naszych my\u015bli, a co najwa\u017cniejsze otworzymy nasze serce.<\/p>\n<p><strong>Wydawnictwo:<\/strong> Studio Astropsychologii<br \/>\n<strong>Rok wydania:<\/strong> 2019<br \/>\n<strong>Liczba stron<\/strong>: 365<br \/>\n<strong>Oprawa<\/strong>: Mi\u0119kka<br \/>\n<strong>Format [mm]:<\/strong> 145\u00d7210<\/p>\n","protected":false},"excerpt":{"rendered":"<p>Pozb\u0105d\u017a si\u0119 b\u00f3lu i odpr\u0119\u017c si\u0119, poczuj lekki umys\u0142! Nauka o uregulowaniu prany poprzez oddech nazywa si\u0119 <strong>Pranajam\u0105.<\/strong> Prana to wiatr mieszkaj\u0105cy w ciele a ajama to powstrzymanie tego wiatru. Proces pranajogi stanowi serce jogi.<\/p>\n","protected":false},"featured_media":9333,"comment_status":"closed","ping_status":"closed","template":"","meta":[],"product_brand":[],"product_cat":[66],"product_tag":[],"class_list":{"0":"post-663","1":"product","2":"type-product","3":"status-publish","4":"has-post-thumbnail","6":"product_cat-ksiazki","8":"first","9":"instock","10":"taxable","11":"shipping-taxable","12":"purchasable","13":"product-type-simple"},"_links":{"self":[{"href":"https:\/\/ziolazycia.com\/nowa\/wp-json\/wp\/v2\/product\/663","targetHints":{"allow":["GET"]}}],"collection":[{"href":"https:\/\/ziolazycia.com\/nowa\/wp-json\/wp\/v2\/product"}],"about":[{"href":"https:\/\/ziolazycia.com\/nowa\/wp-json\/wp\/v2\/types\/product"}],"replies":[{"embeddable":true,"href":"https:\/\/ziolazycia.com\/nowa\/wp-json\/wp\/v2\/comments?post=663"}],"wp:featuredmedia":[{"embeddable":true,"href":"https:\/\/ziolazycia.com\/nowa\/wp-json\/wp\/v2\/media\/9333"}],"wp:attachment":[{"href":"https:\/\/ziolazycia.com\/nowa\/wp-json\/wp\/v2\/media?parent=663"}],"wp:term":[{"taxonomy":"product_brand","embeddable":true,"href":"https:\/\/ziolazycia.com\/nowa\/wp-json\/wp\/v2\/product_brand?post=663"},{"taxonomy":"product_cat","embeddable":true,"href":"https:\/\/ziolazycia.com\/nowa\/wp-json\/wp\/v2\/product_cat?post=663"},{"taxonomy":"product_tag","embeddable":true,"href":"https:\/\/ziolazycia.com\/nowa\/wp-json\/wp\/v2\/product_tag?post=663"}],"curies":[{"name":"wp","href":"https:\/\/api.w.org\/{rel}","templated":true}]}}