{"id":6618,"date":"2022-11-25T08:20:12","date_gmt":"2022-11-25T07:20:12","guid":{"rendered":"https:\/\/ziolazycia.com\/nowa\/?post_type=product&#038;p=6618"},"modified":"2025-11-26T15:58:56","modified_gmt":"2025-11-26T14:58:56","slug":"olejek-eteryczny-doterra-niaouil-15-ml","status":"publish","type":"product","link":"https:\/\/ziolazycia.com\/nowa\/product\/olejek-eteryczny-doterra-niaouil-15-ml\/","title":{"rendered":"doTERRA Olejek eteryczny NIAOULI 15 ml \u00a0"},"content":{"rendered":"<div class=\"_5pbx userContent _3576\" data-testid=\"post_message\" data-ft=\"{&quot;tn&quot;:&quot;K&quot;}\">\n<div class=\"text_exposed_root text_exposed\">\n<div class=\"text_exposed_root text_exposed\"><strong>Aromat:<\/strong> s\u0142odki, drzewny.<\/div>\n<div><\/div>\n<p><strong>Niaouli<\/strong> (<em>Melaleuca viridiflora<\/em>) to du\u017ce, wiecznie zielone drzewo pochodz\u0105ce z Australii. Drzewa maj\u0105 du\u017ce, ponad 10-cio centymetrowe li\u015bcie i bia\u0142o-\u017c\u00f3\u0142te kwiaty, kt\u00f3re kwitn\u0105 w ciasnych kolcach na ko\u0144cach ga\u0142\u0119zi. Powi\u0105zany z drzewem herbacianym, <strong>Niaouli <\/strong>ma s\u0142odszy ale drzewny aromat. Ze wzgl\u0119du na zawarto\u015b\u0107 eukaliptolu i kompozycj\u0119 monoterpen\u00f3w jest stymuluj\u0105cym olejkiem eterycznym.<\/p>\n<h2>Spos\u00f3b u\u017cycia olejku doTERRA Niaouli:<strong><br \/>\n<\/strong><\/h2>\n<ul>\n<li>Dodaj jedn\u0105 kropl\u0119 do p\u0142ynu do mycia twarzy.<\/li>\n<li>W\u0142\u0105cz jako element koj\u0105cego masa\u017cu.<\/li>\n<li>Po\u0142\u0105cz z olejkami eterycznymi z\u00a0<strong>eukaliptusa<\/strong>,\u00a0<strong>bergamotki<\/strong>\u00a0lub\u00a0<strong>lawendy<\/strong>, aby uzyska\u0107 stymuluj\u0105c\u0105 kombinacj\u0119.<\/li>\n<li>U\u017cyj po d\u0142ugim dniu w celu orze\u017awienia.<\/li>\n<li><strong>Aromaterapia:<\/strong>\u00a0u\u017cyj od trzech do czterech kropli w wybranym dyfuzorze.<\/li>\n<li>I<strong>nhalacje: <\/strong>3-5 kropli wkropi\u0107 na gor\u0105c\u0105 wod\u0119 i wdycha\u0107 opary przy trudno\u015bciach z oddychaniem w trakcie infekcji.<\/li>\n<li><strong>Zastosowanie miejscowe:<\/strong>\u00a0rozcie\u0144czy\u0107 jedn\u0105 kropl\u0119 olejku eterycznego do dziesi\u0119ciu kropli oleju no\u015bnikowego.<\/li>\n<\/ul>\n<h2>Korzy\u015bci stosowania olejku doTERRA Niaouli:<strong><br \/>\n<\/strong><\/h2>\n<ul>\n<li>Wykazuje\u00a0oczyszczaj\u0105ce i odm\u0142adzaj\u0105ce dzia\u0142anie na sk\u00f3r\u0119<\/li>\n<li>Pomaga\u00a0zachowa\u0107 zdrowy wygl\u0105d sk\u00f3ry, jednocze\u015bnie zmniejszaj\u0105c widoczno\u015b\u0107\u00a0niedoskona\u0142o\u015bci<\/li>\n<li>Uznawany jest za olejek stymuluj\u0105cy ze wzgl\u0119du na zawarto\u015b\u0107 eukaliptolu i kompozycj\u0119 monoterpen\u00f3w<\/li>\n<\/ul>\n<p><strong>A\u00a0<\/strong>(Aromatherapy)\u00a0&#8211; mo\u017ce by\u0107 u\u017cyty do aromatyzacji<br \/>\n<strong>T<\/strong>\u00a0(Topically)- mo\u017ce by\u0107 u\u017cyty zewn\u0119trznie<\/p>\n<p><strong>Produkt nie jest przeznaczony do leczenia ani zapobiegania jakiejkolwiek chorobie<\/strong><\/p>\n<p><strong>\u015arodki ostro\u017cno\u015bci: <\/strong> Mo\u017ce powodowa\u0107 podra\u017cnienia sk\u00f3ry. Przechowywa\u0107 poza zasi\u0119giem dzieci. Je\u015bli jeste\u015b w ci\u0105\u017cy, karmisz piersi\u0105 lub znajdujesz si\u0119 pod opiek\u0105 lekarsk\u0105, skonsultuj si\u0119 ze swoim lekarzem. Unika\u0107 kontaktu z oczami, wewn\u0119trzn\u0105 cz\u0119\u015bci\u0105 uszu i innymi wra\u017cliwymi obszarami. Nie stosowa\u0107 u dzieci poni\u017cej 4 roku \u017cycia ani w ich otoczeniu.<\/p>\n<p><strong>Pojemno\u015b\u0107: <\/strong>15ml\u00a0 (buteleczka z ciemnego szk\u0142a).<\/p>\n<p><strong>UWAGA:<\/strong><\/p>\n<div id=\"box_description\" class=\"box tab\">\n<div class=\"innerbox\">\n<div class=\"resetcss\">\n<p><span style=\"font-size: 8pt;\">Opis i w\u0142a\u015bciwo\u015bci olejk\u00f3w opisane na stronie maj\u0105 wy\u0142\u0105cznie charakter informacyjny. W razie choroby lub problem\u00f3w ze zdrowiem skontaktuj si\u0119 z lekarzem i zastosuj si\u0119 do jego zalece\u0144 i wskaz\u00f3wek. W \u017cadnym wypadku kuracje olejkami nie zast\u0119puj\u0105 leczenia prowadzonego przez lekarza. Olejki nie s\u0105 lekami, suplementami diety ani \u017cywno\u015bci\u0105 specjalnego przeznaczenia! Zastosowanie produkt\u00f3w, olejk\u00f3w le\u017c\u0105 wy\u0142\u0105cznie w gestii, inwencji kupuj\u0105cego. Olejki doTERRA posiadaj\u0105 certyfikat doTERRA CPTG Certified Pure Tested Grade\u00ae. Olejki te s\u0105 czystymi, naturalnymi aromatycznymi zwi\u0105zkami starannie wyekstrahowanymi z ro\u015blin. Nie zawieraj\u0105 sztucznych sk\u0142adnik\u00f3w ani wype\u0142niaczy, kt\u00f3re os\u0142abi\u0142yby ich czynne w\u0142a\u015bciwo\u015bci oraz nie zawieraj\u0105 zanieczyszcze\u0144 i innych pozosta\u0142o\u015bci chemicznych. Certyfikat ten oznacza, \u017ce olejek zosta\u0142 poddany rygorystycznym procesom testowym, kt\u00f3re oceniaj\u0105 czysto\u015b\u0107 i moc olejk\u00f3w eterycznych. Je\u015bli oleje zostan\u0105 przetestowane w systemie CPTG i oka\u017c\u0105 si\u0119 czyste i mocne, s\u0105 one nast\u0119pnie sprzedawane jako pojedyncze oleje lub stosowane w mieszankach olejk\u00f3w eterycznych, takich jak mieszanka doTERRA Purify.<\/span><\/p>\n<p><strong>Producent:<\/strong> doTERRA<\/p>\n<\/div>\n<\/div>\n<\/div>\n<\/div>\n<\/div>\n","protected":false},"excerpt":{"rendered":"<div id=\"js_5ym\" class=\"_5pbx userContent _3576\" data-testid=\"post_message\" data-ft=\"{&quot;tn&quot;:&quot;K&quot;}\">\n<div id=\"id_5d3c579dcca249362386394\" class=\"text_exposed_root text_exposed\">Olejek\u00a0<strong>Niaouli<\/strong> jest powszechnie stosowany w r\u00f3\u017cnych kosmetykach, takich jak balsamy, kremy i myd\u0142a, pomaga zachowa\u0107 <strong>zdrowy i czysty wygl\u0105d sk\u00f3ry<\/strong>. Dodatkowo wp\u0142ywa rozlu\u017aniaj\u0105co na wybrane obszary cia\u0142a, gdy jest stosowany podczas masa\u017cu.<\/div>\n<p>&nbsp;<\/p>\n<\/div>\n","protected":false},"featured_media":9706,"comment_status":"closed","ping_status":"closed","template":"","meta":[],"product_brand":[],"product_cat":[69,125,67,119],"product_tag":[],"class_list":{"0":"post-6618","1":"product","2":"type-product","3":"status-publish","4":"has-post-thumbnail","6":"product_cat-doterra-olejki-eteryczne-pojedyncze","7":"product_cat-doterra-oe-poj","8":"product_cat-produkty-doterra","9":"product_cat-doterra-produkty","11":"first","12":"outofstock","13":"taxable","14":"shipping-taxable","15":"purchasable","16":"product-type-simple"},"_links":{"self":[{"href":"https:\/\/ziolazycia.com\/nowa\/wp-json\/wp\/v2\/product\/6618","targetHints":{"allow":["GET"]}}],"collection":[{"href":"https:\/\/ziolazycia.com\/nowa\/wp-json\/wp\/v2\/product"}],"about":[{"href":"https:\/\/ziolazycia.com\/nowa\/wp-json\/wp\/v2\/types\/product"}],"replies":[{"embeddable":true,"href":"https:\/\/ziolazycia.com\/nowa\/wp-json\/wp\/v2\/comments?post=6618"}],"wp:featuredmedia":[{"embeddable":true,"href":"https:\/\/ziolazycia.com\/nowa\/wp-json\/wp\/v2\/media\/9706"}],"wp:attachment":[{"href":"https:\/\/ziolazycia.com\/nowa\/wp-json\/wp\/v2\/media?parent=6618"}],"wp:term":[{"taxonomy":"product_brand","embeddable":true,"href":"https:\/\/ziolazycia.com\/nowa\/wp-json\/wp\/v2\/product_brand?post=6618"},{"taxonomy":"product_cat","embeddable":true,"href":"https:\/\/ziolazycia.com\/nowa\/wp-json\/wp\/v2\/product_cat?post=6618"},{"taxonomy":"product_tag","embeddable":true,"href":"https:\/\/ziolazycia.com\/nowa\/wp-json\/wp\/v2\/product_tag?post=6618"}],"curies":[{"name":"wp","href":"https:\/\/api.w.org\/{rel}","templated":true}]}}