{"id":6612,"date":"2022-11-25T08:07:51","date_gmt":"2022-11-25T07:07:51","guid":{"rendered":"https:\/\/ziolazycia.com\/nowa\/?post_type=product&#038;p=6612"},"modified":"2025-11-26T15:58:55","modified_gmt":"2025-11-26T14:58:55","slug":"olejek-eteryczny-doterra-frankincense-kadzidlowiec-15-ml","status":"publish","type":"product","link":"https:\/\/ziolazycia.com\/nowa\/product\/olejek-eteryczny-doterra-frankincense-kadzidlowiec-15-ml\/","title":{"rendered":"doTERRA Olejek eteryczny FRANKINCENSE (Kadzid\u0142owiec) 15 ml \u00a0"},"content":{"rendered":"<div class=\"_5pbx userContent _3576\" data-testid=\"post_message\" data-ft=\"{&quot;tn&quot;:&quot;K&quot;}\">\n<div class=\"text_exposed_root text_exposed\">\n<p>Nazwa \u201efrankincense\u201d pochodzi z j.francuskiego i oznacza \u201eprawdziwe kadzid\u0142o\u201d. W Staro\u017cytnym Egipcie kadzid\u0142o by\u0142o niezb\u0119dnym elementem rytua\u0142\u00f3w religijnych. To z niego sk\u0142adano ofiary bogom. Wed\u0142ug wierze\u0144 kadzid\u0142o mia\u0142o moc wyp\u0119dzania z\u0142ych duch\u00f3w. A wed\u0142ug greckich poda\u0144 ju\u017c 2 700 lat temu kobiety dba\u0142y o cer\u0119 mieszaj\u0105c olejki z kadzid\u0142a, cedru i cyprysu. W staro\u017cytnych Chinach kadzid\u0142a u\u017cywano do leczenia tr\u0105du i ran z zaka\u017ceniem, w Indiach natomiast \u2013 reumatyzmu. Kadzid\u0142o by\u0142o r\u00f3wnie\u017c u\u017cywane podczas ceremonii religijnych do balsam\u00f3w koj\u0105cych sk\u00f3r\u0119 i do sporz\u0105dzania perfum. Perfumy lub aromat, kt\u00f3re emituje Frankincense, wywo\u0142uj\u0105 uczucia satysfakcji, spokoju, relaksu i og\u00f3lnego dobrego samopoczucia, co wyja\u015bnia jego wyj\u0105tkow\u0105 warto\u015b\u0107 w czasach staro\u017cytnych.<\/p>\n<p>Je\u015bli zamierzasz kupi\u0107 olejek z kadzid\u0142owca upewnij si\u0119, \u017ce wybierzesz 100% czysty olejek najwy\u017cszej jako\u015bci. Tylko taki olejek posiada w\u0142a\u015bciwo\u015bci lecznicze, terapeutyczne. Jego spektrum dzia\u0142ania jest niewiarygodnie szerokie, a w\u015br\u00f3d aromaterapeut\u00f3w uwa\u017cany jest za jeden z najwa\u017cniejszych olejk\u00f3w eterycznych wspieraj\u0105cych nasze zdrowie. Olejek firmy doTERRA pozyskiwany jest z trzech rodzaj\u00f3w drzewa Boswellia dla wzmocnienia w\u0142a\u015bciwo\u015bci terapeutycznych i wi\u0119kszej synergii \u2013 Boswellia frereana, Boswellia carteri i Boswellia sacra.<\/p>\n<h2>W\u0142a\u015bciwo\u015bci olejku doTERRA Frankincense:<strong><br \/>\n<\/strong><\/h2>\n<ul>\n<li>antyseptyczne<\/li>\n<li>przeciwzapalne i przeciwb\u00f3lowe \u2013 zapalenie staw\u00f3w, reumatoidalne zapalenie staw\u00f3w (badania przeprowadzone przez naukowc\u00f3w z Cardiff University wykaza\u0142y, \u017ce kadzid\u0142o mo\u017ce hamowa\u0107 produkcj\u0119 cz\u0105steczek zapalnych, pomagaj\u0105c zapobiega\u0107 rozpadowi tkanki chrz\u0119stnej), stany zapalne dzi\u0105se\u0142, zapalenie jelita grubego<\/li>\n<li>tonizuj\u0105ce uk\u0142ad pokarmowy<\/li>\n<li>przy\u015bpieszaj\u0105ce gojenie si\u0119 ran, blizn, owrzodze\u0144, odle\u017cyn, pop\u0119kanej sk\u00f3ry (kompresy)<\/li>\n<li>wspieraj\u0105ce uk\u0142ad oddechowy, wykrztu\u015bne, mo\u017ce \u0142agodzi\u0107 trudno\u015bci w oddychaniu u os\u00f3b cierpi\u0105cych na astm\u0119, gryp\u0119, zapalenie oskrzeli, zapalenie krtani, zatok, kaszel, katar<\/li>\n<li>odm\u0142adzaj\u0105ce sk\u00f3r\u0119, mo\u017ce pom\u00f3c w leczeniu suchej sk\u00f3ry, odwracaniu oznak starzenia oraz zmniejszeniu widoczno\u015bci rozst\u0119p\u00f3w i blizn; doskonale nadaje si\u0119 do piel\u0119gnacji sk\u00f3ry suchej i dojrza\u0142ej, posiada w\u0142a\u015bciwo\u015bci \u015bci\u0105gaj\u0105ce, regeneracyjne<\/li>\n<li>zwi\u0119kszaj\u0105ce odporno\u015b\u0107 organizmu, olejek jest silnym immunostymulatorem, zapewnia zdrow\u0105 regeneracj\u0119 kom\u00f3rek i utrzymuje kom\u00f3rki i tkanki w optymalnym stanie<\/li>\n<li>zwi\u0119kszaj\u0105ce koncentracj\u0119 i energi\u0119, wywiera pozytywny wp\u0142yw na orientacj\u0119 przestrzenn\u0105 i usprawnia zdolno\u015bci poznawcze, czyli pami\u0119\u0107, koncentracj\u0119 i uwag\u0119<\/li>\n<li>moczop\u0119dne<\/li>\n<li>antydepresyjne, uspokajaj\u0105ce, przeciwl\u0119kowe (przy d\u0142u\u017cszym stosowaniu), znany jest ze swoich w\u0142a\u015bciwo\u015bci relaksacyjnych, u\u017cyteczny w wizualizacji, medytacji, do przezwyci\u0119\u017cania stresu, przygn\u0119bienia, niepokoju, z\u0142o\u015bci; wywo\u0142uje uczucie spokoju psychicznego i rozlu\u017anienia, sprzyja rozwojowi duchowemu. Jest to jeden z najbardziej ulubionych olejk\u00f3w w aromaterapii. Znakomicie uspokaja umys\u0142 i pomaga w tworzeniu wewn\u0119trznego spokoju. Poniewa\u017c przekracza barier\u0119 krew-m\u00f3zg stymuluje szyszynk\u0119 i przysadk\u0119 m\u00f3zgow\u0105.<\/li>\n<li>reguluj\u0105ce poziom cukru we krwi, doskona\u0142y dla diabetyk\u00f3w<\/li>\n<li>antynowotworowe, olejek z kadzid\u0142owca jest intensywnie badany w o\u015brodkach naukowych ze wzgl\u0119du na swoje silne antyrakowe dzia\u0142anie, pod k\u0105tem potencja\u0142u olejku w leczeniu raka naukowcy zaobserwowali, \u017ce znajduje si\u0119 w nim czynnik, kt\u00f3ry mo\u017ce w istotny spos\u00f3b pom\u00f3c w powstrzymaniu rozprzestrzeniania si\u0119 raka; np. obni\u017ceniu ryzyka wyst\u0105pienia raka macicy, pomagaj\u0105c hamowa\u0107 rozw\u00f3j guz\u00f3w po menopauzie lub torbieli w macicy.<\/li>\n<li>na poziomie energetycznym &#8211; wg jogin\u00f3w olejek z kadzid\u0142owca dzia\u0142a jak serum prawdy &#8211; ujawnia nasze prawdziwe oblicze i zach\u0119ca nas do odrzucenia negatywnych oraz fa\u0142szywych my\u015bli, pomaga spojrze\u0107 na \u015bwiat z innej perspektywy i dostrzec rzeczy, kt\u00f3rych wcze\u015bniej nie zauwa\u017cali\u015bmy, usuwa bariery z naszego umys\u0142u i serca dzi\u0119ki czemu jeste\u015bmy bardziej otwarci na \u015bwiat i innych, pomaga w duchowym przebudzeniu i sprawia, \u017ce czujemy si\u0119 kochani; ujawnia oszustwa i fa\u0142sze, zaprasza do porzucenia niskich wibracji, k\u0142amstw i negatywno\u015bci, przywo\u0142uje duchowe zrozumienie, m\u0105dro\u015b\u0107 i wiedz\u0119, z kt\u00f3r\u0105 dusza przysz\u0142a na ten \u015bwiat, z wielk\u0105 moc\u0105 oczyszcza duchow\u0105 ciemno\u015b\u0107, oczyszcza bariery umys\u0142u i otwiera serce. Frankincense wspiera tak\u017ce w tworzeniu zdrowego po\u0142\u0105czenia z ojcem. Asystuje w duchowym przebudzeniu i pomaga poczu\u0107 bosk\u0105 mi\u0142o\u015b\u0107, przypomina, \u017ce jest si\u0119 kochanym i chronionym.<\/li>\n<\/ul>\n<p>Pomimo, \u017ce olejek jest niesamowicie mocny, jest jednocze\u015bnie bardzo delikatny, jak kochaj\u0105cy ojciec, kt\u00f3ry piel\u0119gnuje, prowadzi i chroni.<\/p>\n<p>Zabezpiecza cia\u0142o i dusz\u0119 od negatywnych wp\u0142yw\u00f3w i wspiera j\u0105 w duchowej ewolucji. Udoskonala praktykowanie modlitw i medytacji, otwiera duchowe kana\u0142y pozwalaj\u0105ce po\u0142\u0105czy\u0107 si\u0119 z bogiem.<\/p>\n<h2>Sk\u0142adniki olejku doTERRA Frankinsence:<strong><br \/>\n<\/strong><\/h2>\n<ul>\n<li>alkohol ketonowy (olibanol),<\/li>\n<li>substancje \u017cywiczne (30 do 60%),<\/li>\n<li>terpeny takie jak a-i p-pinen, kamfen, dipenten i fellandren, alfa pinen, actanol, octan bornylu, linalool, octan oktylu, incensole i octan incensyl.<\/li>\n<\/ul>\n<p>Monoterpeny i seskwiterpeny s\u0105 najcenniejszymi sk\u0142adnikami olejku &#8211; pomagaj\u0105 zapobiega\u0107 gromadzeniu si\u0119 i usuwaj\u0105 toksyny z w\u0105troby i nerek, maj\u0105 w\u0142a\u015bciwo\u015bci antyseptyczne, przeciwbakteryjne, stymuluj\u0105ce, przeciwb\u00f3lowe (lekko) i wykrztu\u015bne.<\/p>\n<p>Seskwiterpeny natomiast s\u0105 w stanie przekracza\u0107 barier\u0119 krew-m\u00f3zg i stymulowa\u0107 uk\u0142ad limbiczny m\u00f3zgu, a tak\u017ce podwzg\u00f3rze, szyszynk\u0119 i przysadk\u0119 m\u00f3zgow\u0105.<\/p>\n<h2>Stosowanie olejku doTERRA Frankincense:<strong><br \/>\n<\/strong><\/h2>\n<ul>\n<li>Efekty i korzy\u015bci p\u0142yn\u0105ce ze stosowania olejku kadzid\u0142owego mo\u017cna uzyska\u0107, stosuj\u0105c go miejscowo, smaruj\u0105c obola\u0142\u0105 cz\u0119\u015b\u0107 cia\u0142a olejkiem (najlepiej w rozcie\u0144czeniu \u2013 w proporcji 50:50); na stopy i wzd\u0142u\u017c kr\u0119gos\u0142upa przy stanach zapalnych, poniewa\u017c hamuje wytwarzanie mediator\u00f3w prozapalnych lub w celu wspierania odporno\u015bci w sezonie jesienno-zimowym, w okolicach szyi i na nadgarstki przy dolegliwo\u015bciach ze strony uk\u0142adu oddechowego, na brzuch przy problemach z uk\u0142adem pokarmowym (stany zapalne w\u0105troby, jelit), na sk\u00f3r\u0119 twarzy, aby poprawi\u0107 jej wygl\u0105d, wyg\u0142adzi\u0107 zmarszczki, uj\u0119drni\u0107 j\u0105 i zlikwidowa\u0107 niedoskona\u0142o\u015bci i blizny.<\/li>\n<li>Wdychaj\u0105c za pomoc\u0105 dyfuzora lub nawil\u017cacza, w leczeniu przezi\u0119bienia i w udra\u017cnianiu dr\u00f3g oddechowych, w stanach l\u0119kowych czy depresji, og\u00f3lnie dla lepszego samopoczucia i podniesienia wibracji.<\/li>\n<li>Przyjmuj\u0105c doustnie w ma\u0142ych dawkach, najlepiej rozcie\u0144czy\u0107 jedn\u0105 kropl\u0119 w jadalnym oleju no\u015bnikowym lub w \u0142y\u017ceczce miodu, przy problemach z uk\u0142adem pokarmowym b\u0105d\u017a w stanie wzburzenia, zdenerwowania.<\/li>\n<li>W orze\u017awiaj\u0105cej k\u0105pieli.<\/li>\n<\/ul>\n<p>Olejek z kadzid\u0142owca dobrze \u0142\u0105czy si\u0119 z olejkami cytrusowymi, takimi jak limonka , cytryna, dzika pomara\u0144cza, neroli, bergamotka, a tak\u017ce z cyprysem, rumiankiem, czarnym pieprzem, lawend\u0105, geranium, r\u00f3\u017c\u0105, drzewem sanda\u0142owym, rozmarynem, wetiweri\u0105 i ylang ylang.<\/p>\n<p><strong>\u015arodki ostro\u017cno\u015bci:<\/strong> Olejek z kadzid\u0142a jest delikatny, \u0142agodny, dobrze tolerowany przez organizm, og\u00f3lnie uwa\u017cany za bezpieczny, przy wra\u017cliwszej sk\u00f3rze stosowa\u0107 w rozcie\u0144czeniu 50:50. Je\u015bli jeste\u015b w ci\u0105\u017cy, karmisz piersi\u0105 lub jeste\u015b pod opiek\u0105 lekarza, skonsultuj si\u0119 z lekarzem. Unikaj kontaktu z oczami, uszami wewn\u0119trznymi.<\/p>\n<p>Pojemno\u015b\u0107: 15 ml (buteleczka z ciemnego szk\u0142a).<\/p>\n<p><strong>UWAGA:<\/strong><\/p>\n<div id=\"box_description\" class=\"box tab\">\n<div class=\"innerbox\">\n<div class=\"resetcss\">\n<p><span style=\"font-size: 8pt;\">Opis i w\u0142a\u015bciwo\u015bci olejk\u00f3w opisane na stronie maj\u0105 wy\u0142\u0105cznie charakter informacyjny. W razie choroby lub problem\u00f3w ze zdrowiem skontaktuj si\u0119 z lekarzem i zastosuj si\u0119 do jego zalece\u0144 i wskaz\u00f3wek. W \u017cadnym wypadku kuracje olejkami nie zast\u0119puj\u0105 leczenia prowadzonego przez lekarza. Olejki nie s\u0105 lekami, suplementami diety ani \u017cywno\u015bci\u0105 specjalnego przeznaczenia! Zastosowanie produkt\u00f3w, olejk\u00f3w le\u017c\u0105 wy\u0142\u0105cznie w gestii, inwencji kupuj\u0105cego. Olejki doTERRA posiadaj\u0105 certyfikat doTERRA CPTG Certified Pure Tested Grade\u00ae. Olejki te s\u0105 czystymi, naturalnymi aromatycznymi zwi\u0105zkami starannie wyekstrahowanymi z ro\u015blin. Nie zawieraj\u0105 sztucznych sk\u0142adnik\u00f3w ani wype\u0142niaczy, kt\u00f3re os\u0142abi\u0142yby ich czynne w\u0142a\u015bciwo\u015bci oraz nie zawieraj\u0105 zanieczyszcze\u0144 i innych pozosta\u0142o\u015bci chemicznych. Certyfikat ten oznacza, \u017ce olejek zosta\u0142 poddany rygorystycznym procesom testowym, kt\u00f3re oceniaj\u0105 czysto\u015b\u0107 i moc olejk\u00f3w eterycznych. Je\u015bli oleje zostan\u0105 przetestowane w systemie CPTG i oka\u017c\u0105 si\u0119 czyste i mocne, s\u0105 one nast\u0119pnie sprzedawane jako pojedyncze oleje lub stosowane w mieszankach olejk\u00f3w eterycznych, takich jak mieszanka doTERRA Purify&#8230;<\/span><\/p>\n<p><strong>Producent:<\/strong> doTERRA.<\/p>\n<\/div>\n<\/div>\n<\/div>\n<\/div>\n<\/div>\n","protected":false},"excerpt":{"rendered":"<div id=\"js_5ym\" class=\"_5pbx userContent _3576\" data-testid=\"post_message\" data-ft=\"{&quot;tn&quot;:&quot;K&quot;}\">\n<p><strong>Olejek Frankincense czyli Olejek kadzid\u0142owy<\/strong> ze wzgl\u0119du na sw\u00f3j intensywny aromat zaliczany jest do najcenniejszych olejk\u00f3w eterycznych. Cz\u0119sto jest nawet nazywany \u201ekr\u00f3lem\u201d olejk\u00f3w eterycznych. Drzewo Boswellia, z kt\u00f3rego pozyskiwany jest olejek, ro\u015bnie dziko w naturze w okolicach Morza Czerwonego. Jego zastyg\u0142a \u017cywica pospolicie nazywana jest kadzid\u0142em b\u0105d\u017a olibanum. W czasach staro\u017cytnego Rzymu (obok mirry) posiada\u0142a wi\u0119ksz\u0105 warto\u015b\u0107 ni\u017c z\u0142oto. Jej drzewny, pikantny zapach by\u0142 symbolem bosko\u015bci.<\/p>\n<div class=\"spotlight__head-icons\"><\/div>\n<\/div>\n","protected":false},"featured_media":9705,"comment_status":"closed","ping_status":"closed","template":"","meta":[],"product_brand":[],"product_cat":[69,125,67,119],"product_tag":[],"class_list":{"0":"post-6612","1":"product","2":"type-product","3":"status-publish","4":"has-post-thumbnail","6":"product_cat-doterra-olejki-eteryczne-pojedyncze","7":"product_cat-doterra-oe-poj","8":"product_cat-produkty-doterra","9":"product_cat-doterra-produkty","11":"first","12":"instock","13":"taxable","14":"shipping-taxable","15":"purchasable","16":"product-type-simple"},"_links":{"self":[{"href":"https:\/\/ziolazycia.com\/nowa\/wp-json\/wp\/v2\/product\/6612","targetHints":{"allow":["GET"]}}],"collection":[{"href":"https:\/\/ziolazycia.com\/nowa\/wp-json\/wp\/v2\/product"}],"about":[{"href":"https:\/\/ziolazycia.com\/nowa\/wp-json\/wp\/v2\/types\/product"}],"replies":[{"embeddable":true,"href":"https:\/\/ziolazycia.com\/nowa\/wp-json\/wp\/v2\/comments?post=6612"}],"wp:featuredmedia":[{"embeddable":true,"href":"https:\/\/ziolazycia.com\/nowa\/wp-json\/wp\/v2\/media\/9705"}],"wp:attachment":[{"href":"https:\/\/ziolazycia.com\/nowa\/wp-json\/wp\/v2\/media?parent=6612"}],"wp:term":[{"taxonomy":"product_brand","embeddable":true,"href":"https:\/\/ziolazycia.com\/nowa\/wp-json\/wp\/v2\/product_brand?post=6612"},{"taxonomy":"product_cat","embeddable":true,"href":"https:\/\/ziolazycia.com\/nowa\/wp-json\/wp\/v2\/product_cat?post=6612"},{"taxonomy":"product_tag","embeddable":true,"href":"https:\/\/ziolazycia.com\/nowa\/wp-json\/wp\/v2\/product_tag?post=6612"}],"curies":[{"name":"wp","href":"https:\/\/api.w.org\/{rel}","templated":true}]}}