{"id":6604,"date":"2022-11-25T07:47:14","date_gmt":"2022-11-25T06:47:14","guid":{"rendered":"https:\/\/ziolazycia.com\/nowa\/?post_type=product&#038;p=6604"},"modified":"2025-11-26T15:58:55","modified_gmt":"2025-11-26T14:58:55","slug":"olejek-eteryczny-doterra-lavender-lawenda-15-ml","status":"publish","type":"product","link":"https:\/\/ziolazycia.com\/nowa\/product\/olejek-eteryczny-doterra-lavender-lawenda-15-ml\/","title":{"rendered":"doTERRA Olejek eteryczny LAVENDER (Olejek Lawendowy) 15 ml"},"content":{"rendered":"<p><strong>Sk\u0142adniki olejku doTERRA Lavender: <\/strong>Linanol, Linalyl acetate, Ocimene.<\/p>\n<p><strong>Aromat:<\/strong> delikatny, s\u0142odkawy, kwiatowy, lawendowy.<\/p>\n<h2>Korzy\u015bci stosowania olejku doTERRA Lavender:<strong><br \/>\n<\/strong><\/h2>\n<ul>\n<li>\u0141agodzi podra\u017cnienia sk\u00f3ry<\/li>\n<li>Zmniejsza niepok\u00f3j i promuje spokojny sen<\/li>\n<li>Pomaga z\u0142agodzi\u0107 uczucie napi\u0119cia<\/li>\n<\/ul>\n<p><strong>Spos\u00f3b u\u017cycia olejku lawendowego doTERRA:<\/strong><br \/>\nNa sk\u00f3r\u0119: Zastosuj wed\u0142ug potrzeby. Zobacz dodatkowe \u015brodki ostro\u017cno\u015bci poni\u017cej.<\/p>\n<p>&#8211; Przed snem wetrzyj olejek w spody st\u00f3p, zrelaksuj si\u0119 i \u015bpij spokojniej, mo\u017cesz te\u017c zastosowa\u0107 do dyfuzora.<br \/>\n&#8211; Je\u017celi masz problem ze sk\u00f3r\u0105, trudno goj\u0105ce rany lub inne zmiany na sk\u00f3rze kt\u00f3re Ci dokuczaj\u0105 np zmiany na paznokciach wcieraj kilka razy dziennie. Wcieraj w sk\u00f3r\u0119 g\u0142owy je\u017celi chcesz zwi\u0119kszy\u0107 ich przyrost.<br \/>\n&#8211; Dodaj kilka kropli olejku z lawendy, aby zapewni\u0107 sobie uczucie spokoju i odpr\u0119\u017cenia.<br \/>\n&#8211; Dodaj kropl\u0119 do kosmetyk\u00f3w stosowanych na co dzie\u0144, aby zadba\u0107 o zdrow\u0105 sk\u00f3r\u0119.<br \/>\n&#8211; Aby pozby\u0107 si\u0119 trosk, dodaj do k\u0105pieli lub wcieraj w skronie i kark.<br \/>\n&#8211; Wylej kilka kropli olejku z lawendy na poduszk\u0119 lub po\u015bciel, aby zapewni\u0107 sobie uczucie relaksu.<\/p>\n<p><strong>\u015arodki ostro\u017cno\u015bci: <\/strong>Mo\u017cliwa reakcja wra\u017cliwo\u015bci sk\u00f3ry. Trzyma\u0107 poza zasi\u0119giem dzieci. W okresie ci\u0105\u017cy, laktacji lub pod opiek\u0105 lekarsk\u0105, skontaktuj si\u0119 z lekarzem. Unikaj kontaktu z oczami, uszami i wra\u017cliwymi obszarami cia\u0142a.<\/p>\n<p><strong>Pojemno\u015b\u0107:<\/strong> 15 ml\u00a0 (buteleczka z ciemnego szk\u0142a).<\/p>\n<p><strong>UWAGA:<\/strong><\/p>\n<div id=\"box_description\" class=\"box tab\">\n<div class=\"innerbox\">\n<div class=\"resetcss\">\n<p><span style=\"font-size: 8pt;\">Opis i w\u0142a\u015bciwo\u015bci olejk\u00f3w opisane na stronie maj\u0105 wy\u0142\u0105cznie charakter informacyjny. W razie choroby lub problem\u00f3w ze zdrowiem skontaktuj si\u0119 z lekarzem i zastosuj si\u0119 do jego zalece\u0144 i wskaz\u00f3wek. W \u017cadnym wypadku kuracje olejkami nie zast\u0119puj\u0105 leczenia prowadzonego przez lekarza. Olejki nie s\u0105 lekami, suplementami diety ani \u017cywno\u015bci\u0105 specjalnego przeznaczenia! Zastosowanie produkt\u00f3w, olejk\u00f3w le\u017c\u0105 wy\u0142\u0105cznie w gestii, inwencji kupuj\u0105cego. Olejki doTERRA posiadaj\u0105 certyfikat doTERRA CPTG Certified Pure Tested Grade\u00ae. Olejki te s\u0105 czystymi, naturalnymi aromatycznymi zwi\u0105zkami starannie wyekstrahowanymi z ro\u015blin. Nie zawieraj\u0105 sztucznych sk\u0142adnik\u00f3w ani wype\u0142niaczy, kt\u00f3re os\u0142abi\u0142yby ich czynne w\u0142a\u015bciwo\u015bci oraz nie zawieraj\u0105 zanieczyszcze\u0144 i innych pozosta\u0142o\u015bci chemicznych. Certyfikat ten oznacza, \u017ce olejek zosta\u0142 poddany rygorystycznym procesom testowym, kt\u00f3re oceniaj\u0105 czysto\u015b\u0107 i moc olejk\u00f3w eterycznych. Je\u015bli oleje zostan\u0105 przetestowane w systemie CPTG i oka\u017c\u0105 si\u0119 czyste i mocne, s\u0105 one nast\u0119pnie sprzedawane jako pojedyncze oleje lub stosowane w mieszankach olejk\u00f3w eterycznych, takich jak mieszanka doTERRA Purify.<\/span><\/p>\n<\/div>\n<\/div>\n<\/div>\n<div id=\"box_productcomments\" class=\"box row tab\">\n<div class=\"boxhead tab-head\"><strong>Producent<\/strong>: doTERRA.<\/div>\n<\/div>\n","protected":false},"excerpt":{"rendered":"<p>Lawenda jest powszechnie znana ze swoich uspokajaj\u0105cych i relaksuj\u0105cych w\u0142a\u015bciwo\u015bci oraz zdolno\u015bci do \u0142agodzenia podra\u017cnie\u0144 sk\u00f3ry. Oljek d\u014dTERRA Lavender mo\u017cna nak\u0142ada\u0107 na skronie, kark, nadgarstki, spody st\u00f3p oraz na punkty pulsacyjne, aby do\u015bwiadczy\u0107 jej uspakajaj\u0105cego i relaksuj\u0105cego dzia\u0142ania.<\/p>\n","protected":false},"featured_media":9703,"comment_status":"closed","ping_status":"closed","template":"","meta":[],"product_brand":[],"product_cat":[69,125,67,119],"product_tag":[],"class_list":{"0":"post-6604","1":"product","2":"type-product","3":"status-publish","4":"has-post-thumbnail","6":"product_cat-doterra-olejki-eteryczne-pojedyncze","7":"product_cat-doterra-oe-poj","8":"product_cat-produkty-doterra","9":"product_cat-doterra-produkty","11":"first","12":"instock","13":"taxable","14":"shipping-taxable","15":"purchasable","16":"product-type-simple"},"_links":{"self":[{"href":"https:\/\/ziolazycia.com\/nowa\/wp-json\/wp\/v2\/product\/6604","targetHints":{"allow":["GET"]}}],"collection":[{"href":"https:\/\/ziolazycia.com\/nowa\/wp-json\/wp\/v2\/product"}],"about":[{"href":"https:\/\/ziolazycia.com\/nowa\/wp-json\/wp\/v2\/types\/product"}],"replies":[{"embeddable":true,"href":"https:\/\/ziolazycia.com\/nowa\/wp-json\/wp\/v2\/comments?post=6604"}],"wp:featuredmedia":[{"embeddable":true,"href":"https:\/\/ziolazycia.com\/nowa\/wp-json\/wp\/v2\/media\/9703"}],"wp:attachment":[{"href":"https:\/\/ziolazycia.com\/nowa\/wp-json\/wp\/v2\/media?parent=6604"}],"wp:term":[{"taxonomy":"product_brand","embeddable":true,"href":"https:\/\/ziolazycia.com\/nowa\/wp-json\/wp\/v2\/product_brand?post=6604"},{"taxonomy":"product_cat","embeddable":true,"href":"https:\/\/ziolazycia.com\/nowa\/wp-json\/wp\/v2\/product_cat?post=6604"},{"taxonomy":"product_tag","embeddable":true,"href":"https:\/\/ziolazycia.com\/nowa\/wp-json\/wp\/v2\/product_tag?post=6604"}],"curies":[{"name":"wp","href":"https:\/\/api.w.org\/{rel}","templated":true}]}}