{"id":658,"date":"2022-11-22T19:04:03","date_gmt":"2022-11-22T18:04:03","guid":{"rendered":"https:\/\/ziolazycia.com\/nowa\/?post_type=product&#038;p=658"},"modified":"2025-11-26T15:58:08","modified_gmt":"2025-11-26T14:58:08","slug":"joga-i-ajurweda-samouzdrawianie-i-samowieczywistnienie-david-frawley","status":"publish","type":"product","link":"https:\/\/ziolazycia.com\/nowa\/product\/joga-i-ajurweda-samouzdrawianie-i-samowieczywistnienie-david-frawley\/","title":{"rendered":"Joga i ajurweda &#8211; samouzdrawianie i samourzeczywistnienie Autor: David Frawley"},"content":{"rendered":"<h2 data-sourcepos=\"7:1-7:20\">Ksi\u0105\u017cka autorstwa Davida Frawleya zawiera:<\/h2>\n<ul data-sourcepos=\"9:1-13:0\">\n<li data-sourcepos=\"9:1-9:77\">Szczeg\u00f3\u0142owy opis filozoficznych i praktycznych aspekt\u00f3w jogi i ajurwedy<\/li>\n<li data-sourcepos=\"10:1-10:58\">Wyja\u015bnienie powi\u0105za\u0144 mi\u0119dzy cia\u0142em, umys\u0142em i duchem<\/li>\n<li data-sourcepos=\"11:1-11:82\">Praktyczne wskaz\u00f3wki dotycz\u0105ce stosowania jogi i ajurwedy w codziennym \u017cyciu<\/li>\n<li data-sourcepos=\"12:1-13:0\">Informacje na temat diety, stylu \u017cycia i zio\u0142olecznictwa<\/li>\n<\/ul>\n<p data-sourcepos=\"14:1-14:34\">Ksi\u0105\u017cka jest przeznaczona dla:<\/p>\n<ul data-sourcepos=\"16:1-19:0\">\n<li data-sourcepos=\"16:1-16:62\">Os\u00f3b, kt\u00f3re chc\u0105 pog\u0142\u0119bi\u0107 swoj\u0105 praktyk\u0119 jogi i ajurwedy<\/li>\n<li data-sourcepos=\"17:1-17:60\">Os\u00f3b, kt\u00f3re chc\u0105 poprawi\u0107 swoje zdrowie i samopoczucie<\/li>\n<li data-sourcepos=\"18:1-19:0\">Terapeut\u00f3w i os\u00f3b pracuj\u0105cych z cia\u0142em<\/li>\n<\/ul>\n<p data-sourcepos=\"20:1-20:57\">Poznaj korzy\u015bci p\u0142yn\u0105ce z po\u0142\u0105czenia jogi i ajurwedy:<\/p>\n<ul data-sourcepos=\"22:1-27:0\">\n<li data-sourcepos=\"22:1-22:131\">Poprawa zdrowia fizycznego: Joga i ajurweda mog\u0105 pom\u00f3c w regulacji ci\u015bnienia krwi, trawienia, snu i innych funkcji organizmu.<\/li>\n<li data-sourcepos=\"23:1-23:118\">Zwi\u0119kszenie poziomu energii: Joga i ajurweda mog\u0105 pom\u00f3c w zwalczeniu zm\u0119czenia i zwi\u0119kszeniu poziomu witalno\u015bci.<\/li>\n<li data-sourcepos=\"24:1-24:104\">Osi\u0105gni\u0119cie r\u00f3wnowagi emocjonalnej: Joga i ajurweda mog\u0105 pom\u00f3c w redukcji stresu, l\u0119ku i napi\u0119cia.<\/li>\n<li data-sourcepos=\"25:1-25:113\">Wzrost koncentracji i jasno\u015bci umys\u0142u: Joga i ajurweda mog\u0105 pom\u00f3c w poprawie pami\u0119ci i funkcji poznawczych.<\/li>\n<li data-sourcepos=\"26:1-27:0\">Rozw\u00f3j duchowy: Joga i ajurweda mog\u0105 pom\u00f3c w pog\u0142\u0119bieniu samo\u015bwiadomo\u015bci i po\u0142\u0105czeniu z wewn\u0119trzn\u0105 m\u0105dro\u015bci\u0105.<\/li>\n<\/ul>\n<p data-sourcepos=\"28:1-28:204\">Ksi\u0105\u017cka &#8222;Joga i ajurweda. Samouzdrawianie i samourzeczywistnienie&#8221; to cenne \u017ar\u00f3d\u0142o wiedzy i inspiracji dla wszystkich, kt\u00f3rzy chc\u0105 odkry\u0107 moc jogi i ajurwedy i wykorzysta\u0107 je do poprawy swojego \u017cycia.<\/p>\n<p><strong>Wydawnictwo:<\/strong> A-ajurweda<br \/>\n<strong>Rok wydania:<\/strong> 2020<br \/>\n<strong>Liczba stron:<\/strong> 288<br \/>\n<strong>Oprawa<\/strong>: Mi\u0119kka<br \/>\n<strong>Format [mm]:<\/strong> 168\u00d7230<\/p>\n","protected":false},"excerpt":{"rendered":"<p><strong>Ksi\u0105\u017cka &#8222;Joga i ajurweda. Samouzdrawianie i samourzeczywistnienie&#8221; autorstwa Davida Frawleya to obszerne dzie\u0142o \u0142\u0105cz\u0105ce dwa staro\u017cytne systemy wiedzy \u2013 jog\u0119 i ajurwed\u0119.<\/strong> Autor prezentuje je jako wzajemnie uzupe\u0142niaj\u0105ce si\u0119 \u015bcie\u017cki do osi\u0105gni\u0119cia pe\u0142nego zdrowia, witalno\u015bci i harmonii.<\/p>\n","protected":false},"featured_media":9327,"comment_status":"closed","ping_status":"closed","template":"","meta":[],"product_brand":[],"product_cat":[66],"product_tag":[],"class_list":{"0":"post-658","1":"product","2":"type-product","3":"status-publish","4":"has-post-thumbnail","6":"product_cat-ksiazki","8":"first","9":"instock","10":"taxable","11":"shipping-taxable","12":"purchasable","13":"product-type-simple"},"_links":{"self":[{"href":"https:\/\/ziolazycia.com\/nowa\/wp-json\/wp\/v2\/product\/658","targetHints":{"allow":["GET"]}}],"collection":[{"href":"https:\/\/ziolazycia.com\/nowa\/wp-json\/wp\/v2\/product"}],"about":[{"href":"https:\/\/ziolazycia.com\/nowa\/wp-json\/wp\/v2\/types\/product"}],"replies":[{"embeddable":true,"href":"https:\/\/ziolazycia.com\/nowa\/wp-json\/wp\/v2\/comments?post=658"}],"wp:featuredmedia":[{"embeddable":true,"href":"https:\/\/ziolazycia.com\/nowa\/wp-json\/wp\/v2\/media\/9327"}],"wp:attachment":[{"href":"https:\/\/ziolazycia.com\/nowa\/wp-json\/wp\/v2\/media?parent=658"}],"wp:term":[{"taxonomy":"product_brand","embeddable":true,"href":"https:\/\/ziolazycia.com\/nowa\/wp-json\/wp\/v2\/product_brand?post=658"},{"taxonomy":"product_cat","embeddable":true,"href":"https:\/\/ziolazycia.com\/nowa\/wp-json\/wp\/v2\/product_cat?post=658"},{"taxonomy":"product_tag","embeddable":true,"href":"https:\/\/ziolazycia.com\/nowa\/wp-json\/wp\/v2\/product_tag?post=658"}],"curies":[{"name":"wp","href":"https:\/\/api.w.org\/{rel}","templated":true}]}}