{"id":651,"date":"2022-11-22T18:30:29","date_gmt":"2022-11-22T17:30:29","guid":{"rendered":"https:\/\/ziolazycia.com\/nowa\/?post_type=product&#038;p=651"},"modified":"2025-11-26T15:58:08","modified_gmt":"2025-11-26T14:58:08","slug":"kuchnia-ajurwedyjska-wedlug-czterech-por-roku-m-durst-d-iding-j-wafler","status":"publish","type":"product","link":"https:\/\/ziolazycia.com\/nowa\/product\/kuchnia-ajurwedyjska-wedlug-czterech-por-roku-m-durst-d-iding-j-wafler\/","title":{"rendered":"Kuchnia ajurwedyjska wed\u0142ug czterech p\u00f3r roku Autorzy: M.Durst, D.Iding, J.Wafler"},"content":{"rendered":"<p class=\"p1\">Harmonijne, niezak\u0142\u00f3cone oddzia\u0142ywanie trzech dosz mo\u017ce zosta\u0107 osi\u0105gni\u0119te jedynie poprzez zr\u00f3wnowa\u017cony, odpowiedni do typu organizmu tryb \u017cycia oraz zdrowe od\u017cywianie wed\u0142ug zasad ajurwedy. Wszystko czego cz\u0142owiek do\u015bwiadcza, co spo\u017cywa i czyni wp\u0142ywa na kszta\u0142towanie si\u0119 jego dosz.<\/p>\n<p class=\"p1\">Kuchnia ajurwedyjska zawiera dok\u0142adn\u0105 charakterystyk\u0119 trzech dosz wraz z opisem potraw polecanych dla poszczeg\u00f3lnych konstytucji cia\u0142a. Spo\u017cywanie pokarm\u00f3w dostosowanych do typu osobowo\u015bci wprowadza cz\u0142owieka w stan r\u00f3wnowagi, zapewnia organizmowi dobr\u0105 przemian\u0119 materii i pomaga oczy\u015bci\u0107 organizm. Ponadto znajdziemy tutaj dok\u0142adny opis przypraw, kt\u00f3re w kuchni wegetaria\u0144skiej odgrywaj\u0105 istotn\u0105 rol\u0119, a co najwa\u017cniejsze dowiemy si\u0119 z tej praktycznej wegetaria\u0144skiej ksi\u0105\u017cki jakie potrawy spo\u017cywa\u0107 w jakich porach roku.<\/p>\n<p class=\"p1\">Kuchnia ajurwedyjska to nie tylko egzotyczna kuchnia indyjska. R\u00f3wnie\u017c europejskie artyku\u0142y spo\u017cywcze, rosn\u0105ce u nas zio\u0142a, warzywa i owoce, mo\u017cna przyrz\u0105dza\u0107 zgodnie z zasadami ajurwedy. Potrawy odpowiadaj\u0105 porom roku, s\u0105 proste w przygotowaniu, a mimo to wyrafinowane w smaku.<\/p>\n<p class=\"p1\"><strong>Wydawnictwo:<\/strong> Purana<br \/>\n<strong>Rok wydania:<\/strong> 2011<br \/>\n<strong>Format [mm]:<\/strong> 195\u00d7265<br \/>\n<strong>Liczba stron:<\/strong> 144<br \/>\n<strong>Oprawa:<\/strong> Twarda<\/p>\n","protected":false},"excerpt":{"rendered":"<p class=\"p1\">Proponujemy wspania\u0142\u0105 kulinarn\u0105 przygod\u0119 z ajurwedyjskim systemem od\u017cywiania. Gotujmy wed\u0142ug ajurwedy i delektujmy si\u0119 potrawami z krajowych warzyw, owoc\u00f3w i zi\u00f3\u0142.<\/p>\n<p class=\"p1\">S\u0142owo \u201eajurweda\u201d pochodzi z sanskrytu, sk\u0142ada si\u0119 z dw\u00f3ch cz\u0142on\u00f3w ayus (\u017cycie) i vid (wiedza), najcz\u0119\u015bciej t\u0142umaczone jest jako wiedza o d\u0142ugowieczno\u015bci. W ajurwedzie g\u0142\u00f3wn\u0105 rol\u0119 odgrywaj\u0105 trzy dosze: wata, pitta, kapha. Cia\u0142o, umys\u0142 i dusza s\u0105 ze sob\u0105 nierozerwalnie po\u0142\u0105czone, dlatego dosze reguluj\u0105 zar\u00f3wno cielesne, jak i umys\u0142owe i duchowe funkcje ludzkiego organizmu.<\/p>\n","protected":false},"featured_media":9325,"comment_status":"closed","ping_status":"closed","template":"","meta":[],"product_brand":[],"product_cat":[66],"product_tag":[],"class_list":{"0":"post-651","1":"product","2":"type-product","3":"status-publish","4":"has-post-thumbnail","6":"product_cat-ksiazki","8":"first","9":"outofstock","10":"taxable","11":"shipping-taxable","12":"purchasable","13":"product-type-simple"},"_links":{"self":[{"href":"https:\/\/ziolazycia.com\/nowa\/wp-json\/wp\/v2\/product\/651","targetHints":{"allow":["GET"]}}],"collection":[{"href":"https:\/\/ziolazycia.com\/nowa\/wp-json\/wp\/v2\/product"}],"about":[{"href":"https:\/\/ziolazycia.com\/nowa\/wp-json\/wp\/v2\/types\/product"}],"replies":[{"embeddable":true,"href":"https:\/\/ziolazycia.com\/nowa\/wp-json\/wp\/v2\/comments?post=651"}],"wp:featuredmedia":[{"embeddable":true,"href":"https:\/\/ziolazycia.com\/nowa\/wp-json\/wp\/v2\/media\/9325"}],"wp:attachment":[{"href":"https:\/\/ziolazycia.com\/nowa\/wp-json\/wp\/v2\/media?parent=651"}],"wp:term":[{"taxonomy":"product_brand","embeddable":true,"href":"https:\/\/ziolazycia.com\/nowa\/wp-json\/wp\/v2\/product_brand?post=651"},{"taxonomy":"product_cat","embeddable":true,"href":"https:\/\/ziolazycia.com\/nowa\/wp-json\/wp\/v2\/product_cat?post=651"},{"taxonomy":"product_tag","embeddable":true,"href":"https:\/\/ziolazycia.com\/nowa\/wp-json\/wp\/v2\/product_tag?post=651"}],"curies":[{"name":"wp","href":"https:\/\/api.w.org\/{rel}","templated":true}]}}