{"id":613,"date":"2022-11-22T17:30:07","date_gmt":"2022-11-22T16:30:07","guid":{"rendered":"https:\/\/ziolazycia.com\/nowa\/?post_type=product&#038;p=613"},"modified":"2025-11-26T15:58:08","modified_gmt":"2025-11-26T14:58:08","slug":"dieta-ajurwedyjska-laura-plumb","status":"publish","type":"product","link":"https:\/\/ziolazycia.com\/nowa\/product\/dieta-ajurwedyjska-laura-plumb\/","title":{"rendered":"Dieta ajurwedyjska. Autor: Laura Plumb"},"content":{"rendered":"<p class=\"p1\">Ajurweda \u2013 wiedza o uzdrawianiu cia\u0142a i umys\u0142u dzi\u0119ki wykorzystaniu mocy natury. Pomaga utrzyma\u0107 zdrowie i dobre samopoczucie, mi\u0119dzy innymi dzi\u0119ki dobrze dobranej diecie\u00a0 zgodnej z indywidualn\u0105 natur\u0105.<\/p>\n<p class=\"p1\">Dzi\u0119ki tej ksi\u0105\u017cce:<\/p>\n<ul class=\"ul1\">\n<li class=\"li2\">OKRE\u015aLISZ SWOJ\u0104 DOSZ\u0118,<\/li>\n<li class=\"li2\">NAUCZYSZ SI\u0118 STOSOWA\u0106 DIET\u0118 AJURWEDYJSK\u0104 ZE ZBAWIENNYM WP\u0141YWEM NA TWOJE ZDROWIE<\/li>\n<li class=\"li2\">ZWI\u0118KSZYSZ SWOJ\u0104 ODPORNO\u015a\u0106,<\/li>\n<li class=\"li2\">OCZY\u015aCISZ UMYS\u0141 I ZWI\u0118KSZYSZ JEGO SPRAWNO\u015a\u0106,<\/li>\n<li class=\"li2\">UWOLNISZ ORGANIZM Z TOKSYN,<\/li>\n<li class=\"li2\">POZNASZ PI\u0118\u0106 KROK\u00d3W DO AJURWEDYJSKIEGO OD\u017bYWIANIA SI\u0118,<\/li>\n<li class=\"li2\">OTRZYMASZ PRZEPISY NA SMACZNE, \u0141ATWE W PRZYRZ\u0104DZENIU POTRAWY REGENERUJ\u0104CE ORGANIZM: TONIZUJ\u0104CE HERBATKI, PYSZNE \u015aNIADANIA, SYC\u0104CE, PROSTE OBIADY, KOJ\u0104CE, LEKKIE KOLACJE ORAZ PRZEPYSZNE, ZDROWE S\u0141ODYCZ<\/li>\n<li class=\"li2\">OTRZYMASZ LIST\u0118 PRODUKT\u00d3W SEZONOWYCH I R\u00d3WNOWA\u017b\u0104CYCH DOSZE,<\/li>\n<li class=\"li2\">DOWIESZ SI\u0118 O BRUDNEJ DWUNASTCE I CZYSTEJ PI\u0118TNASTCEJedz w zgodzie z natur\u0105 i obud\u017a moc samoleczenia!<\/li>\n<\/ul>\n<p class=\"p1\"><strong>Wydawnictwo:<\/strong> Vital<br \/>\n<strong>Rok wydania:<\/strong> I wydanie 2021<br \/>\n<strong>Format [mm]:<\/strong> 170\u00d7240<br \/>\n<strong>Liczba stron:<\/strong> 227<br \/>\n<strong>Oprawa<\/strong>: Mi\u0119kka<\/p>\n","protected":false},"excerpt":{"rendered":"<p class=\"p1\">5-etapowy program zdrowego od\u017cywiania, kt\u00f3ry pobudzi naturalne zdolno\u015bci regeneracyjne organizmu i zapewni psychiczn\u0105 r\u00f3wnowag\u0119. Laura Plumb to ceniona nauczycielka i ekspertka ajurwedy i jogi, tw\u00f3rczyni bloga kulinarnego Food: A Love Story oraz prowadz\u0105ca program telewizyjny Veda Cleanse, czy Divina Yoga. Absolwentka Ameryka\u0144skiego Instytutu Studi\u00f3w Wedyjskich i Akademii Ajurwedy w Kerali.<\/p>\n","protected":false},"featured_media":9321,"comment_status":"closed","ping_status":"closed","template":"","meta":[],"product_brand":[],"product_cat":[66],"product_tag":[],"class_list":{"0":"post-613","1":"product","2":"type-product","3":"status-publish","4":"has-post-thumbnail","6":"product_cat-ksiazki","8":"first","9":"instock","10":"taxable","11":"shipping-taxable","12":"purchasable","13":"product-type-simple"},"_links":{"self":[{"href":"https:\/\/ziolazycia.com\/nowa\/wp-json\/wp\/v2\/product\/613","targetHints":{"allow":["GET"]}}],"collection":[{"href":"https:\/\/ziolazycia.com\/nowa\/wp-json\/wp\/v2\/product"}],"about":[{"href":"https:\/\/ziolazycia.com\/nowa\/wp-json\/wp\/v2\/types\/product"}],"replies":[{"embeddable":true,"href":"https:\/\/ziolazycia.com\/nowa\/wp-json\/wp\/v2\/comments?post=613"}],"wp:featuredmedia":[{"embeddable":true,"href":"https:\/\/ziolazycia.com\/nowa\/wp-json\/wp\/v2\/media\/9321"}],"wp:attachment":[{"href":"https:\/\/ziolazycia.com\/nowa\/wp-json\/wp\/v2\/media?parent=613"}],"wp:term":[{"taxonomy":"product_brand","embeddable":true,"href":"https:\/\/ziolazycia.com\/nowa\/wp-json\/wp\/v2\/product_brand?post=613"},{"taxonomy":"product_cat","embeddable":true,"href":"https:\/\/ziolazycia.com\/nowa\/wp-json\/wp\/v2\/product_cat?post=613"},{"taxonomy":"product_tag","embeddable":true,"href":"https:\/\/ziolazycia.com\/nowa\/wp-json\/wp\/v2\/product_tag?post=613"}],"curies":[{"name":"wp","href":"https:\/\/api.w.org\/{rel}","templated":true}]}}