{"id":611,"date":"2022-11-22T17:24:18","date_gmt":"2022-11-22T16:24:18","guid":{"rendered":"https:\/\/ziolazycia.com\/nowa\/?post_type=product&#038;p=611"},"modified":"2025-11-26T15:58:06","modified_gmt":"2025-11-26T14:58:06","slug":"wspomnienia-z-wedrowki-dusz-dr-michael-newton","status":"publish","type":"product","link":"https:\/\/ziolazycia.com\/nowa\/product\/wspomnienia-z-wedrowki-dusz-dr-michael-newton\/","title":{"rendered":"Wspomnienia z w\u0119dr\u00f3wki dusz. Autor: dr Michael Newton"},"content":{"rendered":"<p class=\"p1\">W tym zbiorze relacji zebranych i opisanych przez hipnoterapeut\u00f3w pracuj\u0105cych w Instytucie Newtona, ze wst\u0119pem i komentarzami dr. Newtona, poznajemy kolejne dowody na g\u0142\u0119boki wp\u0142yw duchowej regresji na codzienne ludzkie \u017cycie.<\/p>\n<p class=\"p1\">W trakcie sesji pacjenci wyruszyli w duchowe podr\u00f3\u017ce, kt\u00f3re na zawsze odmieni\u0142y ich \u017cycie. Dzi\u0119ki temu zrozumieli sens przeciwno\u015bci losu, uzdrowili emocje i dostrzegli prawdziwy sens istnienia.<\/p>\n<p class=\"p1\"><strong>Wydawnictwo:<\/strong> Illuminatio<br \/>\n<strong>Rok wydania:<\/strong> 2020<br \/>\n<strong>Format [mm] :<\/strong> 150\u00d7220<br \/>\n<strong>Liczba stron:<\/strong><br \/>\n<strong>Oprawa<\/strong>: Mi\u0119kka<\/p>\n","protected":false},"excerpt":{"rendered":"<p class=\"p1\">Co by by\u0142o, gdyby\u015bmy mogli pami\u0119ta\u0107 prawdziwy cel naszej duszy? Dr Michael Newton \u2014 autor bestseller\u00f3w W\u0119dr\u00f3wka dusz, Przeznaczenie dusz i \u017bycie mi\u0119dzy wcieleniami \u2013 powraca z ksi\u0105\u017ck\u0105 b\u0119d\u0105c\u0105 zwie\u0144czeniem serii po\u015bwi\u0119conej tematyce \u017cycia po \u017cyciu.<\/p>\n","protected":false},"featured_media":9317,"comment_status":"closed","ping_status":"closed","template":"","meta":[],"product_brand":[],"product_cat":[66],"product_tag":[],"class_list":{"0":"post-611","1":"product","2":"type-product","3":"status-publish","4":"has-post-thumbnail","6":"product_cat-ksiazki","8":"first","9":"instock","10":"taxable","11":"shipping-taxable","12":"purchasable","13":"product-type-simple"},"_links":{"self":[{"href":"https:\/\/ziolazycia.com\/nowa\/wp-json\/wp\/v2\/product\/611","targetHints":{"allow":["GET"]}}],"collection":[{"href":"https:\/\/ziolazycia.com\/nowa\/wp-json\/wp\/v2\/product"}],"about":[{"href":"https:\/\/ziolazycia.com\/nowa\/wp-json\/wp\/v2\/types\/product"}],"replies":[{"embeddable":true,"href":"https:\/\/ziolazycia.com\/nowa\/wp-json\/wp\/v2\/comments?post=611"}],"wp:featuredmedia":[{"embeddable":true,"href":"https:\/\/ziolazycia.com\/nowa\/wp-json\/wp\/v2\/media\/9317"}],"wp:attachment":[{"href":"https:\/\/ziolazycia.com\/nowa\/wp-json\/wp\/v2\/media?parent=611"}],"wp:term":[{"taxonomy":"product_brand","embeddable":true,"href":"https:\/\/ziolazycia.com\/nowa\/wp-json\/wp\/v2\/product_brand?post=611"},{"taxonomy":"product_cat","embeddable":true,"href":"https:\/\/ziolazycia.com\/nowa\/wp-json\/wp\/v2\/product_cat?post=611"},{"taxonomy":"product_tag","embeddable":true,"href":"https:\/\/ziolazycia.com\/nowa\/wp-json\/wp\/v2\/product_tag?post=611"}],"curies":[{"name":"wp","href":"https:\/\/api.w.org\/{rel}","templated":true}]}}