{"id":609,"date":"2022-11-22T17:17:39","date_gmt":"2022-11-22T16:17:39","guid":{"rendered":"https:\/\/ziolazycia.com\/nowa\/?post_type=product&#038;p=609"},"modified":"2025-11-26T15:58:06","modified_gmt":"2025-11-26T14:58:06","slug":"rak-to-nie-choroba-a-mechanizm-uzdrawiania-andreas-moritz","status":"publish","type":"product","link":"https:\/\/ziolazycia.com\/nowa\/product\/rak-to-nie-choroba-a-mechanizm-uzdrawiania-andreas-moritz\/","title":{"rendered":"Rak to nie choroba a mechanizm uzdrawiania. Autor: Andreas Moritz"},"content":{"rendered":"<p class=\"p1\">Andreas Moritz propaguje wiedz\u0119 na temat samoregulacji i samoleczenia organizmu ludzkiego. Ksi\u0105\u017cka ta przedstawia czytelnikowi zupe\u0142nie nowe i radykalnie odmienne rozumienie raka, w \u015bwietle kt\u00f3rego dotychczasowe pogl\u0105dy na temat tej dolegliwo\u015bci trac\u0105 aktualno\u015b\u0107. Pokazuje, dlaczego tradycyjne metody leczenia raka okazuj\u0105 si\u0119 cz\u0119sto \u015bmiertelne w skutkach, co tak naprawd\u0119 powoduje raka i jak mo\u017cna usun\u0105\u0107 przeszkody, kt\u00f3re uniemo\u017cliwiaj\u0105 Twojemu cia\u0142u samouleczenie.<\/p>\n<p class=\"p1\"><strong>Wydawnictwo:<\/strong> Vital<br \/>\n<strong>Rok wydania:<\/strong> 2018<br \/>\n<strong>Format [mm]:<\/strong> 150\u00d7240<br \/>\n<strong>Liczba stron:<\/strong><br \/>\n<strong>Oprawa<\/strong>: Mi\u0119kka<\/p>\n","protected":false},"excerpt":{"rendered":"<p class=\"p1\">Ksi\u0105\u017cka ta ukaza\u0142a si\u0119 w Stanach Zjednoczonych z podtytu\u0142em: \u201ePoznaj ukryty cel raka, usu\u0144 przyczyny jego powstawania i b\u0105d\u017a zdrowszy ni\u017c kiedykolwiek\u201e. Jest to ca\u0142kowicie zrozumia\u0142e \u2013 wydaje si\u0119, \u017ce najpilniej tej lektury potrzebuj\u0105 ci, u kt\u00f3rych stwierdzono nowotw\u00f3r (oraz ich bliscy).<\/p>\n","protected":false},"featured_media":9313,"comment_status":"closed","ping_status":"closed","template":"","meta":[],"product_brand":[],"product_cat":[66],"product_tag":[],"class_list":{"0":"post-609","1":"product","2":"type-product","3":"status-publish","4":"has-post-thumbnail","6":"product_cat-ksiazki","8":"first","9":"instock","10":"taxable","11":"shipping-taxable","12":"purchasable","13":"product-type-simple"},"_links":{"self":[{"href":"https:\/\/ziolazycia.com\/nowa\/wp-json\/wp\/v2\/product\/609","targetHints":{"allow":["GET"]}}],"collection":[{"href":"https:\/\/ziolazycia.com\/nowa\/wp-json\/wp\/v2\/product"}],"about":[{"href":"https:\/\/ziolazycia.com\/nowa\/wp-json\/wp\/v2\/types\/product"}],"replies":[{"embeddable":true,"href":"https:\/\/ziolazycia.com\/nowa\/wp-json\/wp\/v2\/comments?post=609"}],"wp:featuredmedia":[{"embeddable":true,"href":"https:\/\/ziolazycia.com\/nowa\/wp-json\/wp\/v2\/media\/9313"}],"wp:attachment":[{"href":"https:\/\/ziolazycia.com\/nowa\/wp-json\/wp\/v2\/media?parent=609"}],"wp:term":[{"taxonomy":"product_brand","embeddable":true,"href":"https:\/\/ziolazycia.com\/nowa\/wp-json\/wp\/v2\/product_brand?post=609"},{"taxonomy":"product_cat","embeddable":true,"href":"https:\/\/ziolazycia.com\/nowa\/wp-json\/wp\/v2\/product_cat?post=609"},{"taxonomy":"product_tag","embeddable":true,"href":"https:\/\/ziolazycia.com\/nowa\/wp-json\/wp\/v2\/product_tag?post=609"}],"curies":[{"name":"wp","href":"https:\/\/api.w.org\/{rel}","templated":true}]}}