{"id":606,"date":"2022-11-22T16:55:50","date_gmt":"2022-11-22T15:55:50","guid":{"rendered":"https:\/\/ziolazycia.com\/nowa\/?post_type=product&#038;p=606"},"modified":"2025-11-26T15:58:05","modified_gmt":"2025-11-26T14:58:05","slug":"ajurweda-acharya-shunya-kompletna-recepta-na-optymalizacje-zdrowia-zapobieganie-chorobom-i-zycie-z-radoscia-i-witalnoscia","status":"publish","type":"product","link":"https:\/\/ziolazycia.com\/nowa\/product\/ajurweda-acharya-shunya-kompletna-recepta-na-optymalizacje-zdrowia-zapobieganie-chorobom-i-zycie-z-radoscia-i-witalnoscia\/","title":{"rendered":"Ajurweda &#8211; kompletna recepta na optymalizacj\u0119 zdrowia, zapobieganie chorobom i \u017cycie z rado\u015bci\u0105 i witalno\u015bci\u0105 Autor: Acharya Shunya"},"content":{"rendered":"<p class=\"p1\">Odkryjesz uzdrawiaj\u0105ce korzy\u015bci rytua\u0142\u00f3w urody: masa\u017cy ciep\u0142ym olejem, k\u0105pieli zio\u0142owych czy naturalnych maseczek i nauczysz si\u0119 je samodzielnie przygotowywa\u0107. Op\u00f3\u017anisz tym samym procesy starzenia i obni\u017cysz ci\u015bnienie krwi. Dzi\u0119ki temu zyskasz te\u017c wi\u0119ksz\u0105 si\u0142\u0119 witaln\u0105, rado\u015b\u0107 \u017cycia i poprawisz samopoczucie. Skorzystasz z rad Autorki i zaczniesz praktykowa\u0107 jog\u0119 i medytacj\u0119, co zredukuje codzienny stres. Poznaj korzy\u015bci p\u0142yn\u0105ce z ajurwedy!<\/p>\n<p class=\"p1\"><b>Powy\u017cszy opis pochodzi od wydawcy.<br \/>\n<\/b><\/p>\n<p class=\"p1\"><b>Wydawnictwo:<\/b> Vital<br \/>\n<b>Rok wydania:<\/b> 2021<br \/>\n<b>Ok\u0142adka:<\/b> mi\u0119kka<br \/>\n<b>Format:<\/b> 165\u00d7240<br \/>\n<b>Ilo\u015b\u0107 stron:<\/b> 472<\/p>\n","protected":false},"excerpt":{"rendered":"<p>Pragniesz czu\u0107 si\u0119 dobrze zar\u00f3wno na poziomie cia\u0142a, jak i ducha? Takie optymalne rozwi\u0105zanie oferuje Ci Ajurweda \u2013 indyjska \u017cyciowa m\u0105dro\u015b\u0107, dzi\u0119ki kt\u00f3rej zadbasz o swoje zdrowie, pozb\u0119dziesz si\u0119 chor\u00f3b, a tak\u017ce zaczniesz od\u017cywia\u0107 si\u0119 zgodnie z typem swojej doszy.<\/p>\n","protected":false},"featured_media":9312,"comment_status":"closed","ping_status":"closed","template":"","meta":[],"product_brand":[],"product_cat":[66],"product_tag":[],"class_list":{"0":"post-606","1":"product","2":"type-product","3":"status-publish","4":"has-post-thumbnail","6":"product_cat-ksiazki","8":"first","9":"outofstock","10":"taxable","11":"shipping-taxable","12":"purchasable","13":"product-type-simple"},"_links":{"self":[{"href":"https:\/\/ziolazycia.com\/nowa\/wp-json\/wp\/v2\/product\/606","targetHints":{"allow":["GET"]}}],"collection":[{"href":"https:\/\/ziolazycia.com\/nowa\/wp-json\/wp\/v2\/product"}],"about":[{"href":"https:\/\/ziolazycia.com\/nowa\/wp-json\/wp\/v2\/types\/product"}],"replies":[{"embeddable":true,"href":"https:\/\/ziolazycia.com\/nowa\/wp-json\/wp\/v2\/comments?post=606"}],"wp:featuredmedia":[{"embeddable":true,"href":"https:\/\/ziolazycia.com\/nowa\/wp-json\/wp\/v2\/media\/9312"}],"wp:attachment":[{"href":"https:\/\/ziolazycia.com\/nowa\/wp-json\/wp\/v2\/media?parent=606"}],"wp:term":[{"taxonomy":"product_brand","embeddable":true,"href":"https:\/\/ziolazycia.com\/nowa\/wp-json\/wp\/v2\/product_brand?post=606"},{"taxonomy":"product_cat","embeddable":true,"href":"https:\/\/ziolazycia.com\/nowa\/wp-json\/wp\/v2\/product_cat?post=606"},{"taxonomy":"product_tag","embeddable":true,"href":"https:\/\/ziolazycia.com\/nowa\/wp-json\/wp\/v2\/product_tag?post=606"}],"curies":[{"name":"wp","href":"https:\/\/api.w.org\/{rel}","templated":true}]}}