{"id":605,"date":"2022-11-22T16:53:23","date_gmt":"2022-11-22T15:53:23","guid":{"rendered":"https:\/\/ziolazycia.com\/nowa\/?post_type=product&#038;p=605"},"modified":"2025-11-26T15:58:05","modified_gmt":"2025-11-26T14:58:05","slug":"wrocmy-do-ziol-leczniczych-o-andrzej-klimuszko","status":"publish","type":"product","link":"https:\/\/ziolazycia.com\/nowa\/product\/wrocmy-do-ziol-leczniczych-o-andrzej-klimuszko\/","title":{"rendered":"Wr\u00f3\u0107my do zi\u00f3\u0142 leczniczych O. Andrzej Klimuszko"},"content":{"rendered":"<p>Ojciec Klimuszko by\u0142 ogromnym zwolennikiem powrotu do natury i z szacunkiem wykorzystania jej zasob\u00f3w leczniczych. Jego skuteczno\u015b\u0107 w leczeniu zio\u0142ami tysi\u0105ca ludzi, przesz\u0142a wszelkie oczekiwania.<\/p>\n<p>Ksi\u0105\u017cka zawiera wiele informacji zwi\u0105zanych z prawid\u0142owym \u017cywieniem, podane s\u0105 tu gotowe receptury polecane w przypadku naprawy szk\u00f3d po antybiotykach. Ojciec Klimuszko porusza tak\u017ce kwestie alergii, chor\u00f3b sk\u00f3rnych i innych cz\u0119sto wyst\u0119puj\u0105cych schorze\u0144.<\/p>\n<p><strong>Wydawnictwo:<\/strong> Rytm<br \/>\n<strong>Rok wydania:<\/strong> 2019<br \/>\n<strong>Liczba stron:<\/strong> 184<br \/>\n<strong>Oprawa<\/strong>: Mi\u0119kka<br \/>\n<strong>Format [mm]:<\/strong> 150\u00d7220<\/p>\n<p>Opis: Ksi\u0119garnia Purana<\/p>\n","protected":false},"excerpt":{"rendered":"<p>Nasze dalsze istnienie zagro\u017cone jest wsp\u00f3\u0142czesn\u0105 cywilizacj\u0105. Jest ono bowiem najwy\u017csz\u0105 spo\u015br\u00f3d\u00a0 wszystkich kultur i cywilizacji, jakie istnia\u0142y w dziejach ludzko\u015bci, ale zarazem najs\u0142absz\u0105 i najgro\u017aniejsz\u0105. Opiera si\u0119 bowiem na chwiejnych pe\u0142nych sprzeczno\u015bci podstawach.<\/p>\n","protected":false},"featured_media":9310,"comment_status":"closed","ping_status":"closed","template":"","meta":[],"product_brand":[],"product_cat":[66],"product_tag":[],"class_list":{"0":"post-605","1":"product","2":"type-product","3":"status-publish","4":"has-post-thumbnail","6":"product_cat-ksiazki","8":"first","9":"instock","10":"sale","11":"taxable","12":"shipping-taxable","13":"purchasable","14":"product-type-simple"},"_links":{"self":[{"href":"https:\/\/ziolazycia.com\/nowa\/wp-json\/wp\/v2\/product\/605","targetHints":{"allow":["GET"]}}],"collection":[{"href":"https:\/\/ziolazycia.com\/nowa\/wp-json\/wp\/v2\/product"}],"about":[{"href":"https:\/\/ziolazycia.com\/nowa\/wp-json\/wp\/v2\/types\/product"}],"replies":[{"embeddable":true,"href":"https:\/\/ziolazycia.com\/nowa\/wp-json\/wp\/v2\/comments?post=605"}],"wp:featuredmedia":[{"embeddable":true,"href":"https:\/\/ziolazycia.com\/nowa\/wp-json\/wp\/v2\/media\/9310"}],"wp:attachment":[{"href":"https:\/\/ziolazycia.com\/nowa\/wp-json\/wp\/v2\/media?parent=605"}],"wp:term":[{"taxonomy":"product_brand","embeddable":true,"href":"https:\/\/ziolazycia.com\/nowa\/wp-json\/wp\/v2\/product_brand?post=605"},{"taxonomy":"product_cat","embeddable":true,"href":"https:\/\/ziolazycia.com\/nowa\/wp-json\/wp\/v2\/product_cat?post=605"},{"taxonomy":"product_tag","embeddable":true,"href":"https:\/\/ziolazycia.com\/nowa\/wp-json\/wp\/v2\/product_tag?post=605"}],"curies":[{"name":"wp","href":"https:\/\/api.w.org\/{rel}","templated":true}]}}